{"id":5553,"date":"2024-02-16T21:10:38","date_gmt":"2024-02-16T19:10:38","guid":{"rendered":"https:\/\/timberrest.com\/produktas\/medine-pirtis-is-sienoju-su-vitrininiu-langu-pirties-bei-poilsio-zonose-340220-748-m2\/"},"modified":"2024-11-06T11:30:21","modified_gmt":"2024-11-06T09:30:21","slug":"wooden-sauna-made-of-panels-with-a-glass-window-in-the-sauna-and-relaxation-areas-340220-748-m2","status":"publish","type":"product","link":"https:\/\/timberrest.com\/en\/produktas\/wooden-sauna-made-of-panels-with-a-glass-window-in-the-sauna-and-relaxation-areas-340220-748-m2\/","title":{"rendered":"Wooden sauna made of panels with a glass window in the sauna and relaxation areas 340220 \/ 7,48 m2"},"content":{"rendered":"","protected":false},"excerpt":{"rendered":"<p><strong>Exterior:<\/strong><\/p>\n<p>Corrugated metal roof<br \/>\nLight gray aluminum frame, 6mm tempered glass window size 200 x 150 cm.<br \/>\nLight gray aluminum frame, 6mm tempered glass window size 200 x 100 cm.<br \/>\nLight gray aluminum frame, 6mm tempered glass window size 70 x 50 cm.<br \/>\nExterior walls made of horizontally laid boards<\/p>\n<p><strong>Sauna area:<\/strong><br \/>\nDouble bunk bed made of black alder, accommodating up to 3 people comfortably<br \/>\nElectric or wood-burning stove (according to your preference)<br \/>\nVentilation above the beds<br \/>\nWater trap under the beds<\/p>\n<p><strong>Sauna dimensions:<\/strong><\/p>\n<p><strong>External dimensions:<\/strong><\/p>\n<p>length 340 cm<br \/>\nwidth 220 cm<br \/>\nheight 250 cm (highest point)<br \/>\nheight 220 cm (lowest point)<br \/>\ntotal area: 7.5 m2<\/p>\n<p><strong>Internal dimensions:<\/strong><\/p>\n<p>height 225 cm (highest point)<br \/>\nheight 195 cm (lowest point)<\/p>\n<p>sauna area length 200 cm<br \/>\nsauna area width 210 cm<\/p>\n<p>relaxation area length 125 cm<br \/>\nrelaxation area width 210 cm<\/p>\n","protected":false},"featured_media":5519,"template":"","meta":{"_acf_changed":false},"product_cat":[120,173],"product_tag":[],"class_list":{"0":"post-5553","1":"product","2":"type-product","3":"status-publish","4":"has-post-thumbnail","6":"product_cat-saunas","7":"product_cat-from-the-logs","8":"pa_krosnele-electric-stove","9":"pa_krosnele-wood-burning-stove","10":"pa_mediena-45-mm-thick-spruce-logs","12":"first","13":"instock","14":"sold-individually","15":"shipping-taxable","16":"purchasable","17":"product-type-simple"},"acf":[],"yoast_head":"<!-- This site is optimized with the Yoast SEO plugin v22.0 - https:\/\/yoast.com\/wordpress\/plugins\/seo\/ -->\n<title>Wooden sauna made of panels with a glass window in the sauna and relaxation areas 340220 \/ 7,48 m2 - Timberrest.com - didelis pir\u010di\u0173 ir karkasini\u0173 medini\u0173 nam\u0173 pasirinkimas<\/title>\n<meta name=\"robots\" content=\"index, follow, max-snippet:-1, max-image-preview:large, max-video-preview:-1\" \/>\n<link rel=\"canonical\" href=\"https:\/\/timberrest.com\/en\/produktas\/wooden-sauna-made-of-panels-with-a-glass-window-in-the-sauna-and-relaxation-areas-340220-748-m2\/\" \/>\n<meta property=\"og:locale\" content=\"en_US\" \/>\n<meta property=\"og:type\" content=\"article\" \/>\n<meta property=\"og:title\" content=\"Wooden sauna made of panels with a glass window in the sauna and relaxation areas 340220 \/ 7,48 m2 - Timberrest.com - didelis pir\u010di\u0173 ir karkasini\u0173 medini\u0173 nam\u0173 pasirinkimas\" \/>\n<meta property=\"og:description\" content=\"Exterior: Corrugated metal roof Light gray aluminum frame, 6mm tempered glass window size 200 x 150 cm. Light gray aluminum frame, 6mm tempered glass window size 200 x 100 cm. Light gray aluminum frame, 6mm tempered glass window size 70 x 50 cm. Exterior walls made of horizontally laid boards Sauna area: Double bunk bed made of black alder, accommodating up to 3 people comfortably Electric or wood-burning stove (according to your preference) Ventilation above the beds Water trap under the beds Sauna dimensions: External dimensions: length 340 cm width 220 cm height 250 cm (highest point) height 220 cm (lowest point) total area: 7.5 m2 Internal dimensions: height 225 cm (highest point) height 195 cm (lowest point) sauna area length 200 cm sauna area width 210 cm relaxation area length 125 cm relaxation area width 210 cm\" \/>\n<meta property=\"og:url\" content=\"https:\/\/timberrest.com\/en\/produktas\/wooden-sauna-made-of-panels-with-a-glass-window-in-the-sauna-and-relaxation-areas-340220-748-m2\/\" \/>\n<meta property=\"og:site_name\" content=\"Timberrest.com - didelis pir\u010di\u0173 ir karkasini\u0173 medini\u0173 nam\u0173 pasirinkimas\" \/>\n<meta property=\"article:modified_time\" content=\"2024-11-06T09:30:21+00:00\" \/>\n<meta property=\"og:image\" content=\"https:\/\/timberrest.com\/wp-content\/uploads\/2024\/02\/Medine-pirtis-is-sienoju-su-vitrininiu-langu-pirties-bei-poilsio-zonose-340220-748-m2-002.jpg\" \/>\n\t<meta property=\"og:image:width\" content=\"1920\" \/>\n\t<meta property=\"og:image:height\" content=\"1080\" \/>\n\t<meta property=\"og:image:type\" content=\"image\/jpeg\" \/>\n<meta name=\"twitter:card\" content=\"summary_large_image\" \/>\n<meta name=\"twitter:label1\" content=\"Est. reading time\" \/>\n\t<meta name=\"twitter:data1\" content=\"1 minute\" \/>\n<script type=\"application\/ld+json\" class=\"yoast-schema-graph\">{\"@context\":\"https:\/\/schema.org\",\"@graph\":[{\"@type\":\"WebPage\",\"@id\":\"https:\/\/timberrest.com\/en\/produktas\/wooden-sauna-made-of-panels-with-a-glass-window-in-the-sauna-and-relaxation-areas-340220-748-m2\/\",\"url\":\"https:\/\/timberrest.com\/en\/produktas\/wooden-sauna-made-of-panels-with-a-glass-window-in-the-sauna-and-relaxation-areas-340220-748-m2\/\",\"name\":\"Wooden sauna made of panels with a glass window in the sauna and relaxation areas 340220 \/ 7,48 m2 - Timberrest.com - didelis pir\u010di\u0173 ir karkasini\u0173 medini\u0173 nam\u0173 pasirinkimas\",\"isPartOf\":{\"@id\":\"https:\/\/timberrest.com\/en\/#website\"},\"datePublished\":\"2024-02-16T19:10:38+00:00\",\"dateModified\":\"2024-11-06T09:30:21+00:00\",\"breadcrumb\":{\"@id\":\"https:\/\/timberrest.com\/en\/produktas\/wooden-sauna-made-of-panels-with-a-glass-window-in-the-sauna-and-relaxation-areas-340220-748-m2\/#breadcrumb\"},\"inLanguage\":\"en-US\",\"potentialAction\":[{\"@type\":\"ReadAction\",\"target\":[\"https:\/\/timberrest.com\/en\/produktas\/wooden-sauna-made-of-panels-with-a-glass-window-in-the-sauna-and-relaxation-areas-340220-748-m2\/\"]}]},{\"@type\":\"BreadcrumbList\",\"@id\":\"https:\/\/timberrest.com\/en\/produktas\/wooden-sauna-made-of-panels-with-a-glass-window-in-the-sauna-and-relaxation-areas-340220-748-m2\/#breadcrumb\",\"itemListElement\":[{\"@type\":\"ListItem\",\"position\":1,\"name\":\"Homepage\",\"item\":\"https:\/\/timberrest.com\/en\/\"},{\"@type\":\"ListItem\",\"position\":2,\"name\":\"Catalogue\",\"item\":\"https:\/\/timberrest.com\/en\/shop\/\"},{\"@type\":\"ListItem\",\"position\":3,\"name\":\"Saunas\",\"item\":\"https:\/\/timberrest.com\/en\/produkto-kategorija\/saunas\/\"},{\"@type\":\"ListItem\",\"position\":4,\"name\":\"Wooden sauna made of panels with a glass window in the sauna and relaxation areas 340220 \/ 7,48 m2\"}]},{\"@type\":\"WebSite\",\"@id\":\"https:\/\/timberrest.com\/en\/#website\",\"url\":\"https:\/\/timberrest.com\/en\/\",\"name\":\"Timberrest.com - didelis pir\u010di\u0173 ir karkasini\u0173 medini\u0173 nam\u0173 pasirinkimas\",\"description\":\"We gather a majority of sauna and cabin manufacturers in one place, so you will always find the best price\",\"potentialAction\":[{\"@type\":\"SearchAction\",\"target\":{\"@type\":\"EntryPoint\",\"urlTemplate\":\"https:\/\/timberrest.com\/en\/?s={search_term_string}\"},\"query-input\":\"required name=search_term_string\"}],\"inLanguage\":\"en-US\"}]}<\/script>\n<!-- \/ Yoast SEO plugin. -->","yoast_head_json":{"title":"Wooden sauna made of panels with a glass window in the sauna and relaxation areas 340220 \/ 7,48 m2 - Timberrest.com - didelis pir\u010di\u0173 ir karkasini\u0173 medini\u0173 nam\u0173 pasirinkimas","robots":{"index":"index","follow":"follow","max-snippet":"max-snippet:-1","max-image-preview":"max-image-preview:large","max-video-preview":"max-video-preview:-1"},"canonical":"https:\/\/timberrest.com\/en\/produktas\/wooden-sauna-made-of-panels-with-a-glass-window-in-the-sauna-and-relaxation-areas-340220-748-m2\/","og_locale":"en_US","og_type":"article","og_title":"Wooden sauna made of panels with a glass window in the sauna and relaxation areas 340220 \/ 7,48 m2 - Timberrest.com - didelis pir\u010di\u0173 ir karkasini\u0173 medini\u0173 nam\u0173 pasirinkimas","og_description":"Exterior: Corrugated metal roof Light gray aluminum frame, 6mm tempered glass window size 200 x 150 cm. Light gray aluminum frame, 6mm tempered glass window size 200 x 100 cm. Light gray aluminum frame, 6mm tempered glass window size 70 x 50 cm. Exterior walls made of horizontally laid boards Sauna area: Double bunk bed made of black alder, accommodating up to 3 people comfortably Electric or wood-burning stove (according to your preference) Ventilation above the beds Water trap under the beds Sauna dimensions: External dimensions: length 340 cm width 220 cm height 250 cm (highest point) height 220 cm (lowest point) total area: 7.5 m2 Internal dimensions: height 225 cm (highest point) height 195 cm (lowest point) sauna area length 200 cm sauna area width 210 cm relaxation area length 125 cm relaxation area width 210 cm","og_url":"https:\/\/timberrest.com\/en\/produktas\/wooden-sauna-made-of-panels-with-a-glass-window-in-the-sauna-and-relaxation-areas-340220-748-m2\/","og_site_name":"Timberrest.com - didelis pir\u010di\u0173 ir karkasini\u0173 medini\u0173 nam\u0173 pasirinkimas","article_modified_time":"2024-11-06T09:30:21+00:00","og_image":[{"width":1920,"height":1080,"url":"https:\/\/timberrest.com\/wp-content\/uploads\/2024\/02\/Medine-pirtis-is-sienoju-su-vitrininiu-langu-pirties-bei-poilsio-zonose-340220-748-m2-002.jpg","type":"image\/jpeg"}],"twitter_card":"summary_large_image","twitter_misc":{"Est. reading time":"1 minute"},"schema":{"@context":"https:\/\/schema.org","@graph":[{"@type":"WebPage","@id":"https:\/\/timberrest.com\/en\/produktas\/wooden-sauna-made-of-panels-with-a-glass-window-in-the-sauna-and-relaxation-areas-340220-748-m2\/","url":"https:\/\/timberrest.com\/en\/produktas\/wooden-sauna-made-of-panels-with-a-glass-window-in-the-sauna-and-relaxation-areas-340220-748-m2\/","name":"Wooden sauna made of panels with a glass window in the sauna and relaxation areas 340220 \/ 7,48 m2 - Timberrest.com - didelis pir\u010di\u0173 ir karkasini\u0173 medini\u0173 nam\u0173 pasirinkimas","isPartOf":{"@id":"https:\/\/timberrest.com\/en\/#website"},"datePublished":"2024-02-16T19:10:38+00:00","dateModified":"2024-11-06T09:30:21+00:00","breadcrumb":{"@id":"https:\/\/timberrest.com\/en\/produktas\/wooden-sauna-made-of-panels-with-a-glass-window-in-the-sauna-and-relaxation-areas-340220-748-m2\/#breadcrumb"},"inLanguage":"en-US","potentialAction":[{"@type":"ReadAction","target":["https:\/\/timberrest.com\/en\/produktas\/wooden-sauna-made-of-panels-with-a-glass-window-in-the-sauna-and-relaxation-areas-340220-748-m2\/"]}]},{"@type":"BreadcrumbList","@id":"https:\/\/timberrest.com\/en\/produktas\/wooden-sauna-made-of-panels-with-a-glass-window-in-the-sauna-and-relaxation-areas-340220-748-m2\/#breadcrumb","itemListElement":[{"@type":"ListItem","position":1,"name":"Homepage","item":"https:\/\/timberrest.com\/en\/"},{"@type":"ListItem","position":2,"name":"Catalogue","item":"https:\/\/timberrest.com\/en\/shop\/"},{"@type":"ListItem","position":3,"name":"Saunas","item":"https:\/\/timberrest.com\/en\/produkto-kategorija\/saunas\/"},{"@type":"ListItem","position":4,"name":"Wooden sauna made of panels with a glass window in the sauna and relaxation areas 340220 \/ 7,48 m2"}]},{"@type":"WebSite","@id":"https:\/\/timberrest.com\/en\/#website","url":"https:\/\/timberrest.com\/en\/","name":"Timberrest.com - didelis pir\u010di\u0173 ir karkasini\u0173 medini\u0173 nam\u0173 pasirinkimas","description":"We gather a majority of sauna and cabin manufacturers in one place, so you will always find the best price","potentialAction":[{"@type":"SearchAction","target":{"@type":"EntryPoint","urlTemplate":"https:\/\/timberrest.com\/en\/?s={search_term_string}"},"query-input":"required name=search_term_string"}],"inLanguage":"en-US"}]}},"_links":{"self":[{"href":"https:\/\/timberrest.com\/en\/wp-json\/wp\/v2\/product\/5553","targetHints":{"allow":["GET"]}}],"collection":[{"href":"https:\/\/timberrest.com\/en\/wp-json\/wp\/v2\/product"}],"about":[{"href":"https:\/\/timberrest.com\/en\/wp-json\/wp\/v2\/types\/product"}],"wp:featuredmedia":[{"embeddable":true,"href":"https:\/\/timberrest.com\/en\/wp-json\/wp\/v2\/media\/5519"}],"wp:attachment":[{"href":"https:\/\/timberrest.com\/en\/wp-json\/wp\/v2\/media?parent=5553"}],"wp:term":[{"taxonomy":"product_cat","embeddable":true,"href":"https:\/\/timberrest.com\/en\/wp-json\/wp\/v2\/product_cat?post=5553"},{"taxonomy":"product_tag","embeddable":true,"href":"https:\/\/timberrest.com\/en\/wp-json\/wp\/v2\/product_tag?post=5553"}],"curies":[{"name":"wp","href":"https:\/\/api.w.org\/{rel}","templated":true}]}}