{"id":5513,"date":"2024-02-16T15:53:26","date_gmt":"2024-02-16T13:53:26","guid":{"rendered":"https:\/\/timberrest.com\/produktas\/medine-karkasine-pirtis-su-pasleptu-nuozulniu-stogu-nedidele-terasa-ir-vitrininiu-langu-pirties-zonoje-500300-15m2\/"},"modified":"2024-11-06T12:00:33","modified_gmt":"2024-11-06T10:00:33","slug":"wooden-frame-sauna-with-a-hidden-pitched-roof-a-small-terrace-and-a-big-window-in-the-sauna-area-500300-15m2","status":"publish","type":"product","link":"https:\/\/timberrest.com\/en\/produktas\/wooden-frame-sauna-with-a-hidden-pitched-roof-a-small-terrace-and-a-big-window-in-the-sauna-area-500300-15m2\/","title":{"rendered":"Wooden frame sauna with a hidden pitched roof, a small terrace, and a big window in the sauna area 500300 \/ 15m2"},"content":{"rendered":"","protected":false},"excerpt":{"rendered":"<p><strong>Exterior:<\/strong><br \/>\nMetal sheet roof<br \/>\nGray-framed, tempered glass window sized 180 x 200 cm into the sauna area<br \/>\nGray-framed, tempered glass window sized 40 x 40 cm into the sauna area<br \/>\nVertical and horizontal screw-mounted boards used for exterior wall construction<br \/>\nBoards in gray color, oiled twice in gray color<br \/>\nEntire product \u201cwrapped\u201d with a wind and moisture impermeable membrane<br \/>\nFour lights installed in the terrace ceiling<\/p>\n<p><strong>Rest area:<\/strong><br \/>\nConiferous boards used for walls, ceilings, and floors<br \/>\nTwo lights installed in the ceiling<br \/>\nTwo double sockets<br \/>\nElectrical switchboard (cables led outside, where you can easily connect electricity)<br \/>\nAdditional membrane insulation for walls and ceilings<\/p>\n<p><strong>Sauna area:<\/strong><br \/>\nBlack alder boards used for walls and ceilings<br \/>\nDouble-decker bed made of black alder, comfortable for up to 5 people<br \/>\nElectric or wood-burning stove (according to your preference)<br \/>\nWalls and ceilings additionally insulated with a heat-resistant membrane<br \/>\nVentilation above the bed<br \/>\nDrainage for water under the beds<\/p>\n<p><strong>Sauna dimensions:<\/strong><\/p>\n<p><strong>External dimensions:<\/strong><\/p>\n<p>length 500 cm<br \/>\nwidth 300 cm<br \/>\nheight 255 cm<br \/>\ntotal area: 15 m2<\/p>\n<p><strong>Internal dimensions:<\/strong><\/p>\n<p>height 225 cm (at the highest point)<br \/>\nheight 190 cm (at the lowest point)<\/p>\n<p>sauna area length 305 cm<br \/>\nsauna area width 220 cm<\/p>\n<p>rest area length 150 cm<br \/>\nrest area width 220 cm<\/p>\n<p>terrace length 470 cm<br \/>\nterrace width 50 cm<\/p>\n","protected":false},"featured_media":5487,"template":"","meta":{"_acf_changed":false},"product_cat":[120,124],"product_tag":[],"class_list":{"0":"post-5513","1":"product","2":"type-product","3":"status-publish","4":"has-post-thumbnail","6":"product_cat-saunas","7":"product_cat-frame-saunas","8":"pa_apsiltinimas-floors","9":"pa_apsiltinimas-roof","10":"pa_apsiltinimas-walls","11":"pa_krosnele-electric-stove","12":"pa_krosnele-wood-burning-stove","13":"pa_mediena-coniferous-wood","14":"pa_mediena-larch","15":"pa_mediena-red-cedar","16":"pa_mediena-thermowood","18":"first","19":"instock","20":"sold-individually","21":"shipping-taxable","22":"purchasable","23":"product-type-simple"},"acf":[],"yoast_head":"<!-- This site is optimized with the Yoast SEO plugin v22.0 - https:\/\/yoast.com\/wordpress\/plugins\/seo\/ -->\n<title>Wooden frame sauna with a hidden pitched roof, a small terrace, and a big window in the sauna area 500300 \/ 15m2 - Timberrest.com - didelis pir\u010di\u0173 ir karkasini\u0173 medini\u0173 nam\u0173 pasirinkimas<\/title>\n<meta name=\"robots\" content=\"index, follow, max-snippet:-1, max-image-preview:large, max-video-preview:-1\" \/>\n<link rel=\"canonical\" href=\"https:\/\/timberrest.com\/en\/produktas\/wooden-frame-sauna-with-a-hidden-pitched-roof-a-small-terrace-and-a-big-window-in-the-sauna-area-500300-15m2\/\" \/>\n<meta property=\"og:locale\" content=\"en_US\" \/>\n<meta property=\"og:type\" content=\"article\" \/>\n<meta property=\"og:title\" content=\"Wooden frame sauna with a hidden pitched roof, a small terrace, and a big window in the sauna area 500300 \/ 15m2 - Timberrest.com - didelis pir\u010di\u0173 ir karkasini\u0173 medini\u0173 nam\u0173 pasirinkimas\" \/>\n<meta property=\"og:description\" content=\"Exterior: Metal sheet roof Gray-framed, tempered glass window sized 180 x 200 cm into the sauna area Gray-framed, tempered glass window sized 40 x 40 cm into the sauna area Vertical and horizontal screw-mounted boards used for exterior wall construction Boards in gray color, oiled twice in gray color Entire product \u201cwrapped\u201d with a wind and moisture impermeable membrane Four lights installed in the terrace ceiling Rest area: Coniferous boards used for walls, ceilings, and floors Two lights installed in the ceiling Two double sockets Electrical switchboard (cables led outside, where you can easily connect electricity) Additional membrane insulation for walls and ceilings Sauna area: Black alder boards used for walls and ceilings Double-decker bed made of black alder, comfortable for up to 5 people Electric or wood-burning stove (according to your preference) Walls and ceilings additionally insulated with a heat-resistant membrane Ventilation above the bed Drainage for water under the beds Sauna dimensions: External dimensions: length 500 cm width 300 cm height 255 cm total area: 15 m2 Internal dimensions: height 225 cm (at the highest point) height 190 cm (at the lowest point) sauna area length 305 cm sauna area width 220 cm rest area length 150 cm rest area width 220 cm terrace length 470 cm terrace width 50 cm\" \/>\n<meta property=\"og:url\" content=\"https:\/\/timberrest.com\/en\/produktas\/wooden-frame-sauna-with-a-hidden-pitched-roof-a-small-terrace-and-a-big-window-in-the-sauna-area-500300-15m2\/\" \/>\n<meta property=\"og:site_name\" content=\"Timberrest.com - didelis pir\u010di\u0173 ir karkasini\u0173 medini\u0173 nam\u0173 pasirinkimas\" \/>\n<meta property=\"article:modified_time\" content=\"2024-11-06T10:00:33+00:00\" \/>\n<meta property=\"og:image\" content=\"https:\/\/timberrest.com\/wp-content\/uploads\/2024\/02\/Medine-karkasine-pirtis-su-pasleptu-nuozulniu-stogu-nedidele-terasa-ir-vitrininiu-langu-pirties-zonoje-500300-15m2-007.jpg\" \/>\n\t<meta property=\"og:image:width\" content=\"1920\" \/>\n\t<meta property=\"og:image:height\" content=\"1080\" \/>\n\t<meta property=\"og:image:type\" content=\"image\/jpeg\" \/>\n<meta name=\"twitter:card\" content=\"summary_large_image\" \/>\n<meta name=\"twitter:label1\" content=\"Est. reading time\" \/>\n\t<meta name=\"twitter:data1\" content=\"1 minute\" \/>\n<script type=\"application\/ld+json\" class=\"yoast-schema-graph\">{\"@context\":\"https:\/\/schema.org\",\"@graph\":[{\"@type\":\"WebPage\",\"@id\":\"https:\/\/timberrest.com\/en\/produktas\/wooden-frame-sauna-with-a-hidden-pitched-roof-a-small-terrace-and-a-big-window-in-the-sauna-area-500300-15m2\/\",\"url\":\"https:\/\/timberrest.com\/en\/produktas\/wooden-frame-sauna-with-a-hidden-pitched-roof-a-small-terrace-and-a-big-window-in-the-sauna-area-500300-15m2\/\",\"name\":\"Wooden frame sauna with a hidden pitched roof, a small terrace, and a big window in the sauna area 500300 \/ 15m2 - Timberrest.com - didelis pir\u010di\u0173 ir karkasini\u0173 medini\u0173 nam\u0173 pasirinkimas\",\"isPartOf\":{\"@id\":\"https:\/\/timberrest.com\/en\/#website\"},\"datePublished\":\"2024-02-16T13:53:26+00:00\",\"dateModified\":\"2024-11-06T10:00:33+00:00\",\"breadcrumb\":{\"@id\":\"https:\/\/timberrest.com\/en\/produktas\/wooden-frame-sauna-with-a-hidden-pitched-roof-a-small-terrace-and-a-big-window-in-the-sauna-area-500300-15m2\/#breadcrumb\"},\"inLanguage\":\"en-US\",\"potentialAction\":[{\"@type\":\"ReadAction\",\"target\":[\"https:\/\/timberrest.com\/en\/produktas\/wooden-frame-sauna-with-a-hidden-pitched-roof-a-small-terrace-and-a-big-window-in-the-sauna-area-500300-15m2\/\"]}]},{\"@type\":\"BreadcrumbList\",\"@id\":\"https:\/\/timberrest.com\/en\/produktas\/wooden-frame-sauna-with-a-hidden-pitched-roof-a-small-terrace-and-a-big-window-in-the-sauna-area-500300-15m2\/#breadcrumb\",\"itemListElement\":[{\"@type\":\"ListItem\",\"position\":1,\"name\":\"Homepage\",\"item\":\"https:\/\/timberrest.com\/en\/\"},{\"@type\":\"ListItem\",\"position\":2,\"name\":\"Catalogue\",\"item\":\"https:\/\/timberrest.com\/en\/shop\/\"},{\"@type\":\"ListItem\",\"position\":3,\"name\":\"Saunas\",\"item\":\"https:\/\/timberrest.com\/en\/produkto-kategorija\/saunas\/\"},{\"@type\":\"ListItem\",\"position\":4,\"name\":\"Wooden frame sauna with a hidden pitched roof, a small terrace, and a big window in the sauna area 500300 \/ 15m2\"}]},{\"@type\":\"WebSite\",\"@id\":\"https:\/\/timberrest.com\/en\/#website\",\"url\":\"https:\/\/timberrest.com\/en\/\",\"name\":\"Timberrest.com - didelis pir\u010di\u0173 ir karkasini\u0173 medini\u0173 nam\u0173 pasirinkimas\",\"description\":\"We gather a majority of sauna and cabin manufacturers in one place, so you will always find the best price\",\"potentialAction\":[{\"@type\":\"SearchAction\",\"target\":{\"@type\":\"EntryPoint\",\"urlTemplate\":\"https:\/\/timberrest.com\/en\/?s={search_term_string}\"},\"query-input\":\"required name=search_term_string\"}],\"inLanguage\":\"en-US\"}]}<\/script>\n<!-- \/ Yoast SEO plugin. -->","yoast_head_json":{"title":"Wooden frame sauna with a hidden pitched roof, a small terrace, and a big window in the sauna area 500300 \/ 15m2 - Timberrest.com - didelis pir\u010di\u0173 ir karkasini\u0173 medini\u0173 nam\u0173 pasirinkimas","robots":{"index":"index","follow":"follow","max-snippet":"max-snippet:-1","max-image-preview":"max-image-preview:large","max-video-preview":"max-video-preview:-1"},"canonical":"https:\/\/timberrest.com\/en\/produktas\/wooden-frame-sauna-with-a-hidden-pitched-roof-a-small-terrace-and-a-big-window-in-the-sauna-area-500300-15m2\/","og_locale":"en_US","og_type":"article","og_title":"Wooden frame sauna with a hidden pitched roof, a small terrace, and a big window in the sauna area 500300 \/ 15m2 - Timberrest.com - didelis pir\u010di\u0173 ir karkasini\u0173 medini\u0173 nam\u0173 pasirinkimas","og_description":"Exterior: Metal sheet roof Gray-framed, tempered glass window sized 180 x 200 cm into the sauna area Gray-framed, tempered glass window sized 40 x 40 cm into the sauna area Vertical and horizontal screw-mounted boards used for exterior wall construction Boards in gray color, oiled twice in gray color Entire product \u201cwrapped\u201d with a wind and moisture impermeable membrane Four lights installed in the terrace ceiling Rest area: Coniferous boards used for walls, ceilings, and floors Two lights installed in the ceiling Two double sockets Electrical switchboard (cables led outside, where you can easily connect electricity) Additional membrane insulation for walls and ceilings Sauna area: Black alder boards used for walls and ceilings Double-decker bed made of black alder, comfortable for up to 5 people Electric or wood-burning stove (according to your preference) Walls and ceilings additionally insulated with a heat-resistant membrane Ventilation above the bed Drainage for water under the beds Sauna dimensions: External dimensions: length 500 cm width 300 cm height 255 cm total area: 15 m2 Internal dimensions: height 225 cm (at the highest point) height 190 cm (at the lowest point) sauna area length 305 cm sauna area width 220 cm rest area length 150 cm rest area width 220 cm terrace length 470 cm terrace width 50 cm","og_url":"https:\/\/timberrest.com\/en\/produktas\/wooden-frame-sauna-with-a-hidden-pitched-roof-a-small-terrace-and-a-big-window-in-the-sauna-area-500300-15m2\/","og_site_name":"Timberrest.com - didelis pir\u010di\u0173 ir karkasini\u0173 medini\u0173 nam\u0173 pasirinkimas","article_modified_time":"2024-11-06T10:00:33+00:00","og_image":[{"width":1920,"height":1080,"url":"https:\/\/timberrest.com\/wp-content\/uploads\/2024\/02\/Medine-karkasine-pirtis-su-pasleptu-nuozulniu-stogu-nedidele-terasa-ir-vitrininiu-langu-pirties-zonoje-500300-15m2-007.jpg","type":"image\/jpeg"}],"twitter_card":"summary_large_image","twitter_misc":{"Est. reading time":"1 minute"},"schema":{"@context":"https:\/\/schema.org","@graph":[{"@type":"WebPage","@id":"https:\/\/timberrest.com\/en\/produktas\/wooden-frame-sauna-with-a-hidden-pitched-roof-a-small-terrace-and-a-big-window-in-the-sauna-area-500300-15m2\/","url":"https:\/\/timberrest.com\/en\/produktas\/wooden-frame-sauna-with-a-hidden-pitched-roof-a-small-terrace-and-a-big-window-in-the-sauna-area-500300-15m2\/","name":"Wooden frame sauna with a hidden pitched roof, a small terrace, and a big window in the sauna area 500300 \/ 15m2 - Timberrest.com - didelis pir\u010di\u0173 ir karkasini\u0173 medini\u0173 nam\u0173 pasirinkimas","isPartOf":{"@id":"https:\/\/timberrest.com\/en\/#website"},"datePublished":"2024-02-16T13:53:26+00:00","dateModified":"2024-11-06T10:00:33+00:00","breadcrumb":{"@id":"https:\/\/timberrest.com\/en\/produktas\/wooden-frame-sauna-with-a-hidden-pitched-roof-a-small-terrace-and-a-big-window-in-the-sauna-area-500300-15m2\/#breadcrumb"},"inLanguage":"en-US","potentialAction":[{"@type":"ReadAction","target":["https:\/\/timberrest.com\/en\/produktas\/wooden-frame-sauna-with-a-hidden-pitched-roof-a-small-terrace-and-a-big-window-in-the-sauna-area-500300-15m2\/"]}]},{"@type":"BreadcrumbList","@id":"https:\/\/timberrest.com\/en\/produktas\/wooden-frame-sauna-with-a-hidden-pitched-roof-a-small-terrace-and-a-big-window-in-the-sauna-area-500300-15m2\/#breadcrumb","itemListElement":[{"@type":"ListItem","position":1,"name":"Homepage","item":"https:\/\/timberrest.com\/en\/"},{"@type":"ListItem","position":2,"name":"Catalogue","item":"https:\/\/timberrest.com\/en\/shop\/"},{"@type":"ListItem","position":3,"name":"Saunas","item":"https:\/\/timberrest.com\/en\/produkto-kategorija\/saunas\/"},{"@type":"ListItem","position":4,"name":"Wooden frame sauna with a hidden pitched roof, a small terrace, and a big window in the sauna area 500300 \/ 15m2"}]},{"@type":"WebSite","@id":"https:\/\/timberrest.com\/en\/#website","url":"https:\/\/timberrest.com\/en\/","name":"Timberrest.com - didelis pir\u010di\u0173 ir karkasini\u0173 medini\u0173 nam\u0173 pasirinkimas","description":"We gather a majority of sauna and cabin manufacturers in one place, so you will always find the best price","potentialAction":[{"@type":"SearchAction","target":{"@type":"EntryPoint","urlTemplate":"https:\/\/timberrest.com\/en\/?s={search_term_string}"},"query-input":"required name=search_term_string"}],"inLanguage":"en-US"}]}},"_links":{"self":[{"href":"https:\/\/timberrest.com\/en\/wp-json\/wp\/v2\/product\/5513","targetHints":{"allow":["GET"]}}],"collection":[{"href":"https:\/\/timberrest.com\/en\/wp-json\/wp\/v2\/product"}],"about":[{"href":"https:\/\/timberrest.com\/en\/wp-json\/wp\/v2\/types\/product"}],"wp:featuredmedia":[{"embeddable":true,"href":"https:\/\/timberrest.com\/en\/wp-json\/wp\/v2\/media\/5487"}],"wp:attachment":[{"href":"https:\/\/timberrest.com\/en\/wp-json\/wp\/v2\/media?parent=5513"}],"wp:term":[{"taxonomy":"product_cat","embeddable":true,"href":"https:\/\/timberrest.com\/en\/wp-json\/wp\/v2\/product_cat?post=5513"},{"taxonomy":"product_tag","embeddable":true,"href":"https:\/\/timberrest.com\/en\/wp-json\/wp\/v2\/product_tag?post=5513"}],"curies":[{"name":"wp","href":"https:\/\/api.w.org\/{rel}","templated":true}]}}