{"id":5470,"date":"2024-02-10T19:12:44","date_gmt":"2024-02-10T17:12:44","guid":{"rendered":"https:\/\/timberrest.com\/produktas\/prabangi-staciakampe-pirtis-su-vitrininiu-uztamsintu-langu-ir-led-lubose-270230-62-m2\/"},"modified":"2024-11-06T12:01:26","modified_gmt":"2024-11-06T10:01:26","slug":"luxury-rectangular-sauna-with-a-tinted-glass-window-and-led-lighting-in-the-ceiling-270230-6-2-m2","status":"publish","type":"product","link":"https:\/\/timberrest.com\/en\/produktas\/luxury-rectangular-sauna-with-a-tinted-glass-window-and-led-lighting-in-the-ceiling-270230-6-2-m2\/","title":{"rendered":"Luxury rectangular sauna with a tinted glass window and LED lighting in the ceiling 270230 \/ 6.2 m2"},"content":{"rendered":"","protected":false},"excerpt":{"rendered":"<p><strong>Exterior:<\/strong><\/p>\n<p>Corrugated metal roof<br \/>\nBlack-framed, tempered double glass, tinted black window sized 210 x 200 cm<br \/>\nBlack-framed, black-tinted glass exterior door<br \/>\nHorizontal screw-mounted boards used for exterior wall construction<br \/>\nExterior boards coated twice with black-colored oil<br \/>\nEntire structure wrapped with a wind and moisture impermeable membrane<br \/>\nElectrical panel<br \/>\nDownspout<br \/>\nTwo lamps by the door<\/p>\n<p><strong>Sauna area:<\/strong><\/p>\n<p>Black alder panels used for walls and ceiling<br \/>\nDouble-decker bed made of black alder, comfortably accommodating up to 4 people<br \/>\nLED lighting under the beds<br \/>\nLED lighting on the bed headrests<br \/>\nLED lighting on the ceiling<br \/>\nTiled flooring<br \/>\nBuilt-in speakers on the ceiling<br \/>\nWalls and ceiling additionally insulated with a heat-insulating membrane<br \/>\nVentilation at the top above the beds<br \/>\nDrainage system underneath the beds<\/p>\n<p><strong>Sauna dimensions:<\/strong><\/p>\n<p><strong>External dimensions:<\/strong><\/p>\n<p>Length: 270 cm<br \/>\nWidth: 235 cm<br \/>\nHeight: 240 cm<br \/>\nTotal area: 6.2 m2<\/p>\n<p><strong>Internal dimensions:<\/strong><\/p>\n<p>Height: 210 cm<br \/>\nLength: 250 cm<br \/>\nWidth: 200 cm<\/p>\n","protected":false},"featured_media":5446,"template":"","meta":{"_acf_changed":false},"product_cat":[120,124],"product_tag":[],"class_list":{"0":"post-5470","1":"product","2":"type-product","3":"status-publish","4":"has-post-thumbnail","6":"product_cat-saunas","7":"product_cat-frame-saunas","8":"pa_apsiltinimas-floors","9":"pa_apsiltinimas-roof","10":"pa_apsiltinimas-walls","11":"pa_krosnele-electric-stove","12":"pa_krosnele-wood-burning-stove","13":"pa_mediena-coniferous-wood","14":"pa_mediena-larch","15":"pa_mediena-red-cedar","16":"pa_mediena-thermowood","18":"first","19":"instock","20":"sold-individually","21":"shipping-taxable","22":"purchasable","23":"product-type-simple"},"acf":[],"yoast_head":"<!-- This site is optimized with the Yoast SEO plugin v22.0 - https:\/\/yoast.com\/wordpress\/plugins\/seo\/ -->\n<title>Luxury rectangular sauna with a tinted glass window and LED lighting in the ceiling 270230 \/ 6.2 m2 - Timberrest.com - didelis pir\u010di\u0173 ir karkasini\u0173 medini\u0173 nam\u0173 pasirinkimas<\/title>\n<meta name=\"robots\" content=\"index, follow, max-snippet:-1, max-image-preview:large, max-video-preview:-1\" \/>\n<link rel=\"canonical\" href=\"https:\/\/timberrest.com\/en\/produktas\/luxury-rectangular-sauna-with-a-tinted-glass-window-and-led-lighting-in-the-ceiling-270230-6-2-m2\/\" \/>\n<meta property=\"og:locale\" content=\"en_US\" \/>\n<meta property=\"og:type\" content=\"article\" \/>\n<meta property=\"og:title\" content=\"Luxury rectangular sauna with a tinted glass window and LED lighting in the ceiling 270230 \/ 6.2 m2 - Timberrest.com - didelis pir\u010di\u0173 ir karkasini\u0173 medini\u0173 nam\u0173 pasirinkimas\" \/>\n<meta property=\"og:description\" content=\"Exterior: Corrugated metal roof Black-framed, tempered double glass, tinted black window sized 210 x 200 cm Black-framed, black-tinted glass exterior door Horizontal screw-mounted boards used for exterior wall construction Exterior boards coated twice with black-colored oil Entire structure wrapped with a wind and moisture impermeable membrane Electrical panel Downspout Two lamps by the door Sauna area: Black alder panels used for walls and ceiling Double-decker bed made of black alder, comfortably accommodating up to 4 people LED lighting under the beds LED lighting on the bed headrests LED lighting on the ceiling Tiled flooring Built-in speakers on the ceiling Walls and ceiling additionally insulated with a heat-insulating membrane Ventilation at the top above the beds Drainage system underneath the beds Sauna dimensions: External dimensions: Length: 270 cm Width: 235 cm Height: 240 cm Total area: 6.2 m2 Internal dimensions: Height: 210 cm Length: 250 cm Width: 200 cm\" \/>\n<meta property=\"og:url\" content=\"https:\/\/timberrest.com\/en\/produktas\/luxury-rectangular-sauna-with-a-tinted-glass-window-and-led-lighting-in-the-ceiling-270230-6-2-m2\/\" \/>\n<meta property=\"og:site_name\" content=\"Timberrest.com - didelis pir\u010di\u0173 ir karkasini\u0173 medini\u0173 nam\u0173 pasirinkimas\" \/>\n<meta property=\"article:modified_time\" content=\"2024-11-06T10:01:26+00:00\" \/>\n<meta property=\"og:image\" content=\"https:\/\/timberrest.com\/wp-content\/uploads\/2024\/02\/Prabangi-staciakampe-pirtis-su-vitrininiu-uztamsintu-langu-ir-LED-lubose-270230-62-m2-002.jpg\" \/>\n\t<meta property=\"og:image:width\" content=\"1920\" \/>\n\t<meta property=\"og:image:height\" content=\"1080\" \/>\n\t<meta property=\"og:image:type\" content=\"image\/jpeg\" \/>\n<meta name=\"twitter:card\" content=\"summary_large_image\" \/>\n<meta name=\"twitter:label1\" content=\"Est. reading time\" \/>\n\t<meta name=\"twitter:data1\" content=\"1 minute\" \/>\n<script type=\"application\/ld+json\" class=\"yoast-schema-graph\">{\"@context\":\"https:\/\/schema.org\",\"@graph\":[{\"@type\":\"WebPage\",\"@id\":\"https:\/\/timberrest.com\/en\/produktas\/luxury-rectangular-sauna-with-a-tinted-glass-window-and-led-lighting-in-the-ceiling-270230-6-2-m2\/\",\"url\":\"https:\/\/timberrest.com\/en\/produktas\/luxury-rectangular-sauna-with-a-tinted-glass-window-and-led-lighting-in-the-ceiling-270230-6-2-m2\/\",\"name\":\"Luxury rectangular sauna with a tinted glass window and LED lighting in the ceiling 270230 \/ 6.2 m2 - Timberrest.com - didelis pir\u010di\u0173 ir karkasini\u0173 medini\u0173 nam\u0173 pasirinkimas\",\"isPartOf\":{\"@id\":\"https:\/\/timberrest.com\/en\/#website\"},\"datePublished\":\"2024-02-10T17:12:44+00:00\",\"dateModified\":\"2024-11-06T10:01:26+00:00\",\"breadcrumb\":{\"@id\":\"https:\/\/timberrest.com\/en\/produktas\/luxury-rectangular-sauna-with-a-tinted-glass-window-and-led-lighting-in-the-ceiling-270230-6-2-m2\/#breadcrumb\"},\"inLanguage\":\"en-US\",\"potentialAction\":[{\"@type\":\"ReadAction\",\"target\":[\"https:\/\/timberrest.com\/en\/produktas\/luxury-rectangular-sauna-with-a-tinted-glass-window-and-led-lighting-in-the-ceiling-270230-6-2-m2\/\"]}]},{\"@type\":\"BreadcrumbList\",\"@id\":\"https:\/\/timberrest.com\/en\/produktas\/luxury-rectangular-sauna-with-a-tinted-glass-window-and-led-lighting-in-the-ceiling-270230-6-2-m2\/#breadcrumb\",\"itemListElement\":[{\"@type\":\"ListItem\",\"position\":1,\"name\":\"Homepage\",\"item\":\"https:\/\/timberrest.com\/en\/\"},{\"@type\":\"ListItem\",\"position\":2,\"name\":\"Catalogue\",\"item\":\"https:\/\/timberrest.com\/en\/shop\/\"},{\"@type\":\"ListItem\",\"position\":3,\"name\":\"Saunas\",\"item\":\"https:\/\/timberrest.com\/en\/produkto-kategorija\/saunas\/\"},{\"@type\":\"ListItem\",\"position\":4,\"name\":\"Luxury rectangular sauna with a tinted glass window and LED lighting in the ceiling 270230 \/ 6.2 m2\"}]},{\"@type\":\"WebSite\",\"@id\":\"https:\/\/timberrest.com\/en\/#website\",\"url\":\"https:\/\/timberrest.com\/en\/\",\"name\":\"Timberrest.com - didelis pir\u010di\u0173 ir karkasini\u0173 medini\u0173 nam\u0173 pasirinkimas\",\"description\":\"We gather a majority of sauna and cabin manufacturers in one place, so you will always find the best price\",\"potentialAction\":[{\"@type\":\"SearchAction\",\"target\":{\"@type\":\"EntryPoint\",\"urlTemplate\":\"https:\/\/timberrest.com\/en\/?s={search_term_string}\"},\"query-input\":\"required name=search_term_string\"}],\"inLanguage\":\"en-US\"}]}<\/script>\n<!-- \/ Yoast SEO plugin. -->","yoast_head_json":{"title":"Luxury rectangular sauna with a tinted glass window and LED lighting in the ceiling 270230 \/ 6.2 m2 - Timberrest.com - didelis pir\u010di\u0173 ir karkasini\u0173 medini\u0173 nam\u0173 pasirinkimas","robots":{"index":"index","follow":"follow","max-snippet":"max-snippet:-1","max-image-preview":"max-image-preview:large","max-video-preview":"max-video-preview:-1"},"canonical":"https:\/\/timberrest.com\/en\/produktas\/luxury-rectangular-sauna-with-a-tinted-glass-window-and-led-lighting-in-the-ceiling-270230-6-2-m2\/","og_locale":"en_US","og_type":"article","og_title":"Luxury rectangular sauna with a tinted glass window and LED lighting in the ceiling 270230 \/ 6.2 m2 - Timberrest.com - didelis pir\u010di\u0173 ir karkasini\u0173 medini\u0173 nam\u0173 pasirinkimas","og_description":"Exterior: Corrugated metal roof Black-framed, tempered double glass, tinted black window sized 210 x 200 cm Black-framed, black-tinted glass exterior door Horizontal screw-mounted boards used for exterior wall construction Exterior boards coated twice with black-colored oil Entire structure wrapped with a wind and moisture impermeable membrane Electrical panel Downspout Two lamps by the door Sauna area: Black alder panels used for walls and ceiling Double-decker bed made of black alder, comfortably accommodating up to 4 people LED lighting under the beds LED lighting on the bed headrests LED lighting on the ceiling Tiled flooring Built-in speakers on the ceiling Walls and ceiling additionally insulated with a heat-insulating membrane Ventilation at the top above the beds Drainage system underneath the beds Sauna dimensions: External dimensions: Length: 270 cm Width: 235 cm Height: 240 cm Total area: 6.2 m2 Internal dimensions: Height: 210 cm Length: 250 cm Width: 200 cm","og_url":"https:\/\/timberrest.com\/en\/produktas\/luxury-rectangular-sauna-with-a-tinted-glass-window-and-led-lighting-in-the-ceiling-270230-6-2-m2\/","og_site_name":"Timberrest.com - didelis pir\u010di\u0173 ir karkasini\u0173 medini\u0173 nam\u0173 pasirinkimas","article_modified_time":"2024-11-06T10:01:26+00:00","og_image":[{"width":1920,"height":1080,"url":"https:\/\/timberrest.com\/wp-content\/uploads\/2024\/02\/Prabangi-staciakampe-pirtis-su-vitrininiu-uztamsintu-langu-ir-LED-lubose-270230-62-m2-002.jpg","type":"image\/jpeg"}],"twitter_card":"summary_large_image","twitter_misc":{"Est. reading time":"1 minute"},"schema":{"@context":"https:\/\/schema.org","@graph":[{"@type":"WebPage","@id":"https:\/\/timberrest.com\/en\/produktas\/luxury-rectangular-sauna-with-a-tinted-glass-window-and-led-lighting-in-the-ceiling-270230-6-2-m2\/","url":"https:\/\/timberrest.com\/en\/produktas\/luxury-rectangular-sauna-with-a-tinted-glass-window-and-led-lighting-in-the-ceiling-270230-6-2-m2\/","name":"Luxury rectangular sauna with a tinted glass window and LED lighting in the ceiling 270230 \/ 6.2 m2 - Timberrest.com - didelis pir\u010di\u0173 ir karkasini\u0173 medini\u0173 nam\u0173 pasirinkimas","isPartOf":{"@id":"https:\/\/timberrest.com\/en\/#website"},"datePublished":"2024-02-10T17:12:44+00:00","dateModified":"2024-11-06T10:01:26+00:00","breadcrumb":{"@id":"https:\/\/timberrest.com\/en\/produktas\/luxury-rectangular-sauna-with-a-tinted-glass-window-and-led-lighting-in-the-ceiling-270230-6-2-m2\/#breadcrumb"},"inLanguage":"en-US","potentialAction":[{"@type":"ReadAction","target":["https:\/\/timberrest.com\/en\/produktas\/luxury-rectangular-sauna-with-a-tinted-glass-window-and-led-lighting-in-the-ceiling-270230-6-2-m2\/"]}]},{"@type":"BreadcrumbList","@id":"https:\/\/timberrest.com\/en\/produktas\/luxury-rectangular-sauna-with-a-tinted-glass-window-and-led-lighting-in-the-ceiling-270230-6-2-m2\/#breadcrumb","itemListElement":[{"@type":"ListItem","position":1,"name":"Homepage","item":"https:\/\/timberrest.com\/en\/"},{"@type":"ListItem","position":2,"name":"Catalogue","item":"https:\/\/timberrest.com\/en\/shop\/"},{"@type":"ListItem","position":3,"name":"Saunas","item":"https:\/\/timberrest.com\/en\/produkto-kategorija\/saunas\/"},{"@type":"ListItem","position":4,"name":"Luxury rectangular sauna with a tinted glass window and LED lighting in the ceiling 270230 \/ 6.2 m2"}]},{"@type":"WebSite","@id":"https:\/\/timberrest.com\/en\/#website","url":"https:\/\/timberrest.com\/en\/","name":"Timberrest.com - didelis pir\u010di\u0173 ir karkasini\u0173 medini\u0173 nam\u0173 pasirinkimas","description":"We gather a majority of sauna and cabin manufacturers in one place, so you will always find the best price","potentialAction":[{"@type":"SearchAction","target":{"@type":"EntryPoint","urlTemplate":"https:\/\/timberrest.com\/en\/?s={search_term_string}"},"query-input":"required name=search_term_string"}],"inLanguage":"en-US"}]}},"_links":{"self":[{"href":"https:\/\/timberrest.com\/en\/wp-json\/wp\/v2\/product\/5470","targetHints":{"allow":["GET"]}}],"collection":[{"href":"https:\/\/timberrest.com\/en\/wp-json\/wp\/v2\/product"}],"about":[{"href":"https:\/\/timberrest.com\/en\/wp-json\/wp\/v2\/types\/product"}],"wp:featuredmedia":[{"embeddable":true,"href":"https:\/\/timberrest.com\/en\/wp-json\/wp\/v2\/media\/5446"}],"wp:attachment":[{"href":"https:\/\/timberrest.com\/en\/wp-json\/wp\/v2\/media?parent=5470"}],"wp:term":[{"taxonomy":"product_cat","embeddable":true,"href":"https:\/\/timberrest.com\/en\/wp-json\/wp\/v2\/product_cat?post=5470"},{"taxonomy":"product_tag","embeddable":true,"href":"https:\/\/timberrest.com\/en\/wp-json\/wp\/v2\/product_tag?post=5470"}],"curies":[{"name":"wp","href":"https:\/\/api.w.org\/{rel}","templated":true}]}}