{"id":5440,"date":"2024-02-10T17:43:03","date_gmt":"2024-02-10T15:43:03","guid":{"rendered":"https:\/\/timberrest.com\/produktas\/skandinavisko-dizaino-mobili-pirtis-su-vitrinine-siena-bei-nedideliu-langu-pirtyje-450200-9m2\/"},"modified":"2024-11-06T12:02:13","modified_gmt":"2024-11-06T10:02:13","slug":"scandinavian-design-mobile-sauna-with-a-glass-wall-and-small-window-in-the-sauna-room-450200-9m2","status":"publish","type":"product","link":"https:\/\/timberrest.com\/en\/produktas\/scandinavian-design-mobile-sauna-with-a-glass-wall-and-small-window-in-the-sauna-room-450200-9m2\/","title":{"rendered":"Scandinavian design mobile sauna with a glass wall and small window in the sauna room 450200 \/ 9m2"},"content":{"rendered":"","protected":false},"excerpt":{"rendered":"<p><strong>Exterior:<\/strong><br \/>\nCorrugated metal roof<br \/>\nBlack-framed plastic windows and doors at the front<br \/>\nSingle 6mm tempered glass window in the sauna area, framed with black aluminum profile, sized 50 x 100 cm<br \/>\nVertical screw-fastened oil-treated planks used for the production of external walls, double-coated with black color<br \/>\nEntire unit &#8220;wrapped&#8221; with a wind and moisture impermeable film<\/p>\n<p><strong>Rest area:<\/strong><br \/>\nSpruce boards used for walls, ceilings, and floors<br \/>\nFour embedded lamps in the ceiling<br \/>\nTwo double sockets<br \/>\nElectrical panel (cables routed outside, where you can easily connect electricity)<br \/>\nAdditional insulation film applied to walls and ceilings<\/p>\n<p><strong>Sauna area:<\/strong><br \/>\nBlack alder boards used for walls and ceilings<br \/>\nBunk bed made of black alder, accommodating up to 4 people comfortably<br \/>\nLED lighting installed behind the bed against the wall<br \/>\nElectric or wood-fired stove (according to your choice)<br \/>\nWalls and ceilings additionally insulated with a heat-impermeable film<br \/>\nVentilation installed above the bunk bed<br \/>\nDrainage tray for water runoff<\/p>\n<p><strong>Sauna dimensions:<\/strong><\/p>\n<p><strong>External dimensions:<\/strong><\/p>\n<p>length 450 cm<br \/>\nwidth 200 cm<br \/>\nheight 255 cm (at the highest point)<br \/>\nheight 195 cm (at the lowest point)<br \/>\ntotal area: 9 m2<\/p>\n<p><strong>Internal dimensions:<\/strong><\/p>\n<p>length 430 cm<br \/>\nwidth 170 cm<br \/>\nheight 220 cm (at the highest point)<br \/>\nheight 170 cm (at the lowest point)<\/p>\n<p>sauna area length 200 cm<br \/>\nsauna area width 170 cm<\/p>\n<p>rest area length 215 cm<br \/>\nrest area width 170 cm<\/p>\n","protected":false},"featured_media":5438,"template":"","meta":{"_acf_changed":false},"product_cat":[120,126],"product_tag":[],"class_list":{"0":"post-5440","1":"product","2":"type-product","3":"status-publish","4":"has-post-thumbnail","6":"product_cat-saunas","7":"product_cat-mobile","8":"pa_apsiltinimas-floors","9":"pa_apsiltinimas-roof","10":"pa_apsiltinimas-walls","11":"pa_krosnele-electric-stove","12":"pa_krosnele-wood-burning-stove","13":"pa_mediena-coniferous-wood","14":"pa_mediena-larch","15":"pa_mediena-thermowood","16":"pa_priekaba-tauras-eu-standard-registered-throughout-the-eu","18":"first","19":"instock","20":"sold-individually","21":"shipping-taxable","22":"purchasable","23":"product-type-simple"},"acf":[],"yoast_head":"<!-- This site is optimized with the Yoast SEO plugin v22.0 - https:\/\/yoast.com\/wordpress\/plugins\/seo\/ -->\n<title>Scandinavian design mobile sauna with a glass wall and small window in the sauna room 450200 \/ 9m2 - Timberrest.com - didelis pir\u010di\u0173 ir karkasini\u0173 medini\u0173 nam\u0173 pasirinkimas<\/title>\n<meta name=\"robots\" content=\"index, follow, max-snippet:-1, max-image-preview:large, max-video-preview:-1\" \/>\n<link rel=\"canonical\" href=\"https:\/\/timberrest.com\/en\/produktas\/scandinavian-design-mobile-sauna-with-a-glass-wall-and-small-window-in-the-sauna-room-450200-9m2\/\" \/>\n<meta property=\"og:locale\" content=\"en_US\" \/>\n<meta property=\"og:type\" content=\"article\" \/>\n<meta property=\"og:title\" content=\"Scandinavian design mobile sauna with a glass wall and small window in the sauna room 450200 \/ 9m2 - Timberrest.com - didelis pir\u010di\u0173 ir karkasini\u0173 medini\u0173 nam\u0173 pasirinkimas\" \/>\n<meta property=\"og:description\" content=\"Exterior: Corrugated metal roof Black-framed plastic windows and doors at the front Single 6mm tempered glass window in the sauna area, framed with black aluminum profile, sized 50 x 100 cm Vertical screw-fastened oil-treated planks used for the production of external walls, double-coated with black color Entire unit &quot;wrapped&quot; with a wind and moisture impermeable film Rest area: Spruce boards used for walls, ceilings, and floors Four embedded lamps in the ceiling Two double sockets Electrical panel (cables routed outside, where you can easily connect electricity) Additional insulation film applied to walls and ceilings Sauna area: Black alder boards used for walls and ceilings Bunk bed made of black alder, accommodating up to 4 people comfortably LED lighting installed behind the bed against the wall Electric or wood-fired stove (according to your choice) Walls and ceilings additionally insulated with a heat-impermeable film Ventilation installed above the bunk bed Drainage tray for water runoff Sauna dimensions: External dimensions: length 450 cm width 200 cm height 255 cm (at the highest point) height 195 cm (at the lowest point) total area: 9 m2 Internal dimensions: length 430 cm width 170 cm height 220 cm (at the highest point) height 170 cm (at the lowest point) sauna area length 200 cm sauna area width 170 cm rest area length 215 cm rest area width 170 cm\" \/>\n<meta property=\"og:url\" content=\"https:\/\/timberrest.com\/en\/produktas\/scandinavian-design-mobile-sauna-with-a-glass-wall-and-small-window-in-the-sauna-room-450200-9m2\/\" \/>\n<meta property=\"og:site_name\" content=\"Timberrest.com - didelis pir\u010di\u0173 ir karkasini\u0173 medini\u0173 nam\u0173 pasirinkimas\" \/>\n<meta property=\"article:modified_time\" content=\"2024-11-06T10:02:13+00:00\" \/>\n<meta property=\"og:image\" content=\"https:\/\/timberrest.com\/wp-content\/uploads\/2024\/02\/Skandinavisko-dizaino-mobili-pirtis-su-vitrinine-siena-bei-nedideliu-langu-pirtyje-450200-9m2-019-1.jpg\" \/>\n\t<meta property=\"og:image:width\" content=\"1920\" \/>\n\t<meta property=\"og:image:height\" content=\"1080\" \/>\n\t<meta property=\"og:image:type\" content=\"image\/jpeg\" \/>\n<meta name=\"twitter:card\" content=\"summary_large_image\" \/>\n<meta name=\"twitter:label1\" content=\"Est. reading time\" \/>\n\t<meta name=\"twitter:data1\" content=\"1 minute\" \/>\n<script type=\"application\/ld+json\" class=\"yoast-schema-graph\">{\"@context\":\"https:\/\/schema.org\",\"@graph\":[{\"@type\":\"WebPage\",\"@id\":\"https:\/\/timberrest.com\/en\/produktas\/scandinavian-design-mobile-sauna-with-a-glass-wall-and-small-window-in-the-sauna-room-450200-9m2\/\",\"url\":\"https:\/\/timberrest.com\/en\/produktas\/scandinavian-design-mobile-sauna-with-a-glass-wall-and-small-window-in-the-sauna-room-450200-9m2\/\",\"name\":\"Scandinavian design mobile sauna with a glass wall and small window in the sauna room 450200 \/ 9m2 - Timberrest.com - didelis pir\u010di\u0173 ir karkasini\u0173 medini\u0173 nam\u0173 pasirinkimas\",\"isPartOf\":{\"@id\":\"https:\/\/timberrest.com\/en\/#website\"},\"datePublished\":\"2024-02-10T15:43:03+00:00\",\"dateModified\":\"2024-11-06T10:02:13+00:00\",\"breadcrumb\":{\"@id\":\"https:\/\/timberrest.com\/en\/produktas\/scandinavian-design-mobile-sauna-with-a-glass-wall-and-small-window-in-the-sauna-room-450200-9m2\/#breadcrumb\"},\"inLanguage\":\"en-US\",\"potentialAction\":[{\"@type\":\"ReadAction\",\"target\":[\"https:\/\/timberrest.com\/en\/produktas\/scandinavian-design-mobile-sauna-with-a-glass-wall-and-small-window-in-the-sauna-room-450200-9m2\/\"]}]},{\"@type\":\"BreadcrumbList\",\"@id\":\"https:\/\/timberrest.com\/en\/produktas\/scandinavian-design-mobile-sauna-with-a-glass-wall-and-small-window-in-the-sauna-room-450200-9m2\/#breadcrumb\",\"itemListElement\":[{\"@type\":\"ListItem\",\"position\":1,\"name\":\"Homepage\",\"item\":\"https:\/\/timberrest.com\/en\/\"},{\"@type\":\"ListItem\",\"position\":2,\"name\":\"Catalogue\",\"item\":\"https:\/\/timberrest.com\/en\/shop\/\"},{\"@type\":\"ListItem\",\"position\":3,\"name\":\"Saunas\",\"item\":\"https:\/\/timberrest.com\/en\/produkto-kategorija\/saunas\/\"},{\"@type\":\"ListItem\",\"position\":4,\"name\":\"Scandinavian design mobile sauna with a glass wall and small window in the sauna room 450200 \/ 9m2\"}]},{\"@type\":\"WebSite\",\"@id\":\"https:\/\/timberrest.com\/en\/#website\",\"url\":\"https:\/\/timberrest.com\/en\/\",\"name\":\"Timberrest.com - didelis pir\u010di\u0173 ir karkasini\u0173 medini\u0173 nam\u0173 pasirinkimas\",\"description\":\"We gather a majority of sauna and cabin manufacturers in one place, so you will always find the best price\",\"potentialAction\":[{\"@type\":\"SearchAction\",\"target\":{\"@type\":\"EntryPoint\",\"urlTemplate\":\"https:\/\/timberrest.com\/en\/?s={search_term_string}\"},\"query-input\":\"required name=search_term_string\"}],\"inLanguage\":\"en-US\"}]}<\/script>\n<!-- \/ Yoast SEO plugin. -->","yoast_head_json":{"title":"Scandinavian design mobile sauna with a glass wall and small window in the sauna room 450200 \/ 9m2 - Timberrest.com - didelis pir\u010di\u0173 ir karkasini\u0173 medini\u0173 nam\u0173 pasirinkimas","robots":{"index":"index","follow":"follow","max-snippet":"max-snippet:-1","max-image-preview":"max-image-preview:large","max-video-preview":"max-video-preview:-1"},"canonical":"https:\/\/timberrest.com\/en\/produktas\/scandinavian-design-mobile-sauna-with-a-glass-wall-and-small-window-in-the-sauna-room-450200-9m2\/","og_locale":"en_US","og_type":"article","og_title":"Scandinavian design mobile sauna with a glass wall and small window in the sauna room 450200 \/ 9m2 - Timberrest.com - didelis pir\u010di\u0173 ir karkasini\u0173 medini\u0173 nam\u0173 pasirinkimas","og_description":"Exterior: Corrugated metal roof Black-framed plastic windows and doors at the front Single 6mm tempered glass window in the sauna area, framed with black aluminum profile, sized 50 x 100 cm Vertical screw-fastened oil-treated planks used for the production of external walls, double-coated with black color Entire unit \"wrapped\" with a wind and moisture impermeable film Rest area: Spruce boards used for walls, ceilings, and floors Four embedded lamps in the ceiling Two double sockets Electrical panel (cables routed outside, where you can easily connect electricity) Additional insulation film applied to walls and ceilings Sauna area: Black alder boards used for walls and ceilings Bunk bed made of black alder, accommodating up to 4 people comfortably LED lighting installed behind the bed against the wall Electric or wood-fired stove (according to your choice) Walls and ceilings additionally insulated with a heat-impermeable film Ventilation installed above the bunk bed Drainage tray for water runoff Sauna dimensions: External dimensions: length 450 cm width 200 cm height 255 cm (at the highest point) height 195 cm (at the lowest point) total area: 9 m2 Internal dimensions: length 430 cm width 170 cm height 220 cm (at the highest point) height 170 cm (at the lowest point) sauna area length 200 cm sauna area width 170 cm rest area length 215 cm rest area width 170 cm","og_url":"https:\/\/timberrest.com\/en\/produktas\/scandinavian-design-mobile-sauna-with-a-glass-wall-and-small-window-in-the-sauna-room-450200-9m2\/","og_site_name":"Timberrest.com - didelis pir\u010di\u0173 ir karkasini\u0173 medini\u0173 nam\u0173 pasirinkimas","article_modified_time":"2024-11-06T10:02:13+00:00","og_image":[{"width":1920,"height":1080,"url":"https:\/\/timberrest.com\/wp-content\/uploads\/2024\/02\/Skandinavisko-dizaino-mobili-pirtis-su-vitrinine-siena-bei-nedideliu-langu-pirtyje-450200-9m2-019-1.jpg","type":"image\/jpeg"}],"twitter_card":"summary_large_image","twitter_misc":{"Est. reading time":"1 minute"},"schema":{"@context":"https:\/\/schema.org","@graph":[{"@type":"WebPage","@id":"https:\/\/timberrest.com\/en\/produktas\/scandinavian-design-mobile-sauna-with-a-glass-wall-and-small-window-in-the-sauna-room-450200-9m2\/","url":"https:\/\/timberrest.com\/en\/produktas\/scandinavian-design-mobile-sauna-with-a-glass-wall-and-small-window-in-the-sauna-room-450200-9m2\/","name":"Scandinavian design mobile sauna with a glass wall and small window in the sauna room 450200 \/ 9m2 - Timberrest.com - didelis pir\u010di\u0173 ir karkasini\u0173 medini\u0173 nam\u0173 pasirinkimas","isPartOf":{"@id":"https:\/\/timberrest.com\/en\/#website"},"datePublished":"2024-02-10T15:43:03+00:00","dateModified":"2024-11-06T10:02:13+00:00","breadcrumb":{"@id":"https:\/\/timberrest.com\/en\/produktas\/scandinavian-design-mobile-sauna-with-a-glass-wall-and-small-window-in-the-sauna-room-450200-9m2\/#breadcrumb"},"inLanguage":"en-US","potentialAction":[{"@type":"ReadAction","target":["https:\/\/timberrest.com\/en\/produktas\/scandinavian-design-mobile-sauna-with-a-glass-wall-and-small-window-in-the-sauna-room-450200-9m2\/"]}]},{"@type":"BreadcrumbList","@id":"https:\/\/timberrest.com\/en\/produktas\/scandinavian-design-mobile-sauna-with-a-glass-wall-and-small-window-in-the-sauna-room-450200-9m2\/#breadcrumb","itemListElement":[{"@type":"ListItem","position":1,"name":"Homepage","item":"https:\/\/timberrest.com\/en\/"},{"@type":"ListItem","position":2,"name":"Catalogue","item":"https:\/\/timberrest.com\/en\/shop\/"},{"@type":"ListItem","position":3,"name":"Saunas","item":"https:\/\/timberrest.com\/en\/produkto-kategorija\/saunas\/"},{"@type":"ListItem","position":4,"name":"Scandinavian design mobile sauna with a glass wall and small window in the sauna room 450200 \/ 9m2"}]},{"@type":"WebSite","@id":"https:\/\/timberrest.com\/en\/#website","url":"https:\/\/timberrest.com\/en\/","name":"Timberrest.com - didelis pir\u010di\u0173 ir karkasini\u0173 medini\u0173 nam\u0173 pasirinkimas","description":"We gather a majority of sauna and cabin manufacturers in one place, so you will always find the best price","potentialAction":[{"@type":"SearchAction","target":{"@type":"EntryPoint","urlTemplate":"https:\/\/timberrest.com\/en\/?s={search_term_string}"},"query-input":"required name=search_term_string"}],"inLanguage":"en-US"}]}},"_links":{"self":[{"href":"https:\/\/timberrest.com\/en\/wp-json\/wp\/v2\/product\/5440","targetHints":{"allow":["GET"]}}],"collection":[{"href":"https:\/\/timberrest.com\/en\/wp-json\/wp\/v2\/product"}],"about":[{"href":"https:\/\/timberrest.com\/en\/wp-json\/wp\/v2\/types\/product"}],"wp:featuredmedia":[{"embeddable":true,"href":"https:\/\/timberrest.com\/en\/wp-json\/wp\/v2\/media\/5438"}],"wp:attachment":[{"href":"https:\/\/timberrest.com\/en\/wp-json\/wp\/v2\/media?parent=5440"}],"wp:term":[{"taxonomy":"product_cat","embeddable":true,"href":"https:\/\/timberrest.com\/en\/wp-json\/wp\/v2\/product_cat?post=5440"},{"taxonomy":"product_tag","embeddable":true,"href":"https:\/\/timberrest.com\/en\/wp-json\/wp\/v2\/product_tag?post=5440"}],"curies":[{"name":"wp","href":"https:\/\/api.w.org\/{rel}","templated":true}]}}