{"id":5363,"date":"2024-01-15T16:12:59","date_gmt":"2024-01-15T14:12:59","guid":{"rendered":"https:\/\/timberrest.com\/produktas\/medine-karkasine-pirtis-su-nuozulniu-stogu-priespirciu-ir-pirties-zonoje-kampiniais-langais-500240-12m2\/"},"modified":"2024-11-06T12:03:48","modified_gmt":"2024-11-06T10:03:48","slug":"wooden-frame-sauna-with-a-pitched-roof-porch-and-sauna-area-with-corner-windows-500240-12m2","status":"publish","type":"product","link":"https:\/\/timberrest.com\/en\/produktas\/wooden-frame-sauna-with-a-pitched-roof-porch-and-sauna-area-with-corner-windows-500240-12m2\/","title":{"rendered":"Wooden frame sauna with a pitched roof, porch, and sauna area with corner windows 500240 \/ 12m2"},"content":{"rendered":"","protected":false},"excerpt":{"rendered":"<p><strong>Exterior:<\/strong><br \/>\nMetal roof<br \/>\nFront porch with a single 130 x 220 cm. tempered glass window in a black aluminum frame<br \/>\nSauna area with three single 95 x 220 cm. tempered glass windows in black aluminum frames<br \/>\nVertical cladding boards for exterior walls<br \/>\nEntire structure covered with a weather and moisture-resistant membrane<\/p>\n<p><strong>Porch area:<\/strong><br \/>\nWalls, ceilings, and floors made of spruce planks<br \/>\nTwo built-in lights in the ceiling<br \/>\nTwo benches<br \/>\nOne double electrical outlet<br \/>\nElectrical panel (wiring extended to the exterior for easy connection to power)<br \/>\nWalls and ceilings additionally insulated with a moisture-resistant membrane<\/p>\n<p><strong>Sauna area:<\/strong><br \/>\nWalls and ceilings made of alder planks<br \/>\nTwo-level bed made of alder, accommodating up to 5 people comfortably<br \/>\nLED lighting behind the bed backrest<br \/>\nAlder sauna bench<br \/>\nElectric or wood-burning stove (depending on your preference)<br \/>\nWalls and ceilings additionally insulated with a heat-resistant membrane<br \/>\nVentilation above the bed<br \/>\nWater trap beneath the beds<\/p>\n<p><strong>Sauna dimensions:<\/strong><\/p>\n<p><strong>External dimensions:<\/strong><\/p>\n<p>Length: 500 cm<br \/>\nWidth: 240 cm<br \/>\nHeight: 270 cm (highest point)<br \/>\nHeight: 235 cm (lowest point)<br \/>\nTotal area: 12 m2<\/p>\n<p><strong>Internal dimensions:<\/strong><\/p>\n<p>Height: 230 cm (highest point)<br \/>\nHeight: 200 cm (lowest point)<\/p>\n<p>Sauna area length: 260 cm<br \/>\nSauna area width: 205 cm<\/p>\n<p>Rest area length: 190 cm<br \/>\nRest area width: 205 cm<\/p>\n","protected":false},"featured_media":5339,"template":"","meta":{"_acf_changed":false},"product_cat":[120,124],"product_tag":[],"class_list":{"0":"post-5363","1":"product","2":"type-product","3":"status-publish","4":"has-post-thumbnail","6":"product_cat-saunas","7":"product_cat-frame-saunas","8":"pa_apsiltinimas-floors","9":"pa_apsiltinimas-roof","10":"pa_apsiltinimas-walls","11":"pa_krosnele-electric-stove","12":"pa_krosnele-wood-burning-stove","13":"pa_mediena-coniferous-wood","14":"pa_mediena-larch","15":"pa_mediena-red-cedar","16":"pa_mediena-thermowood","18":"first","19":"instock","20":"sold-individually","21":"shipping-taxable","22":"purchasable","23":"product-type-simple"},"acf":[],"yoast_head":"<!-- This site is optimized with the Yoast SEO plugin v22.0 - https:\/\/yoast.com\/wordpress\/plugins\/seo\/ -->\n<title>Wooden frame sauna with a pitched roof, porch, and sauna area with corner windows 500240 \/ 12m2 - Timberrest.com - didelis pir\u010di\u0173 ir karkasini\u0173 medini\u0173 nam\u0173 pasirinkimas<\/title>\n<meta name=\"robots\" content=\"index, follow, max-snippet:-1, max-image-preview:large, max-video-preview:-1\" \/>\n<link rel=\"canonical\" href=\"https:\/\/timberrest.com\/en\/produktas\/wooden-frame-sauna-with-a-pitched-roof-porch-and-sauna-area-with-corner-windows-500240-12m2\/\" \/>\n<meta property=\"og:locale\" content=\"en_US\" \/>\n<meta property=\"og:type\" content=\"article\" \/>\n<meta property=\"og:title\" content=\"Wooden frame sauna with a pitched roof, porch, and sauna area with corner windows 500240 \/ 12m2 - Timberrest.com - didelis pir\u010di\u0173 ir karkasini\u0173 medini\u0173 nam\u0173 pasirinkimas\" \/>\n<meta property=\"og:description\" content=\"Exterior: Metal roof Front porch with a single 130 x 220 cm. tempered glass window in a black aluminum frame Sauna area with three single 95 x 220 cm. tempered glass windows in black aluminum frames Vertical cladding boards for exterior walls Entire structure covered with a weather and moisture-resistant membrane Porch area: Walls, ceilings, and floors made of spruce planks Two built-in lights in the ceiling Two benches One double electrical outlet Electrical panel (wiring extended to the exterior for easy connection to power) Walls and ceilings additionally insulated with a moisture-resistant membrane Sauna area: Walls and ceilings made of alder planks Two-level bed made of alder, accommodating up to 5 people comfortably LED lighting behind the bed backrest Alder sauna bench Electric or wood-burning stove (depending on your preference) Walls and ceilings additionally insulated with a heat-resistant membrane Ventilation above the bed Water trap beneath the beds Sauna dimensions: External dimensions: Length: 500 cm Width: 240 cm Height: 270 cm (highest point) Height: 235 cm (lowest point) Total area: 12 m2 Internal dimensions: Height: 230 cm (highest point) Height: 200 cm (lowest point) Sauna area length: 260 cm Sauna area width: 205 cm Rest area length: 190 cm Rest area width: 205 cm\" \/>\n<meta property=\"og:url\" content=\"https:\/\/timberrest.com\/en\/produktas\/wooden-frame-sauna-with-a-pitched-roof-porch-and-sauna-area-with-corner-windows-500240-12m2\/\" \/>\n<meta property=\"og:site_name\" content=\"Timberrest.com - didelis pir\u010di\u0173 ir karkasini\u0173 medini\u0173 nam\u0173 pasirinkimas\" \/>\n<meta property=\"article:modified_time\" content=\"2024-11-06T10:03:48+00:00\" \/>\n<meta property=\"og:image\" content=\"https:\/\/timberrest.com\/wp-content\/uploads\/2024\/01\/Medine-karkasine-pirtis-su-nuozulniu-stogu-priespirciu-ir-pirties-zonoje-kampiniais-langais-500240-12m2-006.jpg\" \/>\n\t<meta property=\"og:image:width\" content=\"1920\" \/>\n\t<meta property=\"og:image:height\" content=\"1080\" \/>\n\t<meta property=\"og:image:type\" content=\"image\/jpeg\" \/>\n<meta name=\"twitter:card\" content=\"summary_large_image\" \/>\n<meta name=\"twitter:label1\" content=\"Est. reading time\" \/>\n\t<meta name=\"twitter:data1\" content=\"1 minute\" \/>\n<script type=\"application\/ld+json\" class=\"yoast-schema-graph\">{\"@context\":\"https:\/\/schema.org\",\"@graph\":[{\"@type\":\"WebPage\",\"@id\":\"https:\/\/timberrest.com\/en\/produktas\/wooden-frame-sauna-with-a-pitched-roof-porch-and-sauna-area-with-corner-windows-500240-12m2\/\",\"url\":\"https:\/\/timberrest.com\/en\/produktas\/wooden-frame-sauna-with-a-pitched-roof-porch-and-sauna-area-with-corner-windows-500240-12m2\/\",\"name\":\"Wooden frame sauna with a pitched roof, porch, and sauna area with corner windows 500240 \/ 12m2 - Timberrest.com - didelis pir\u010di\u0173 ir karkasini\u0173 medini\u0173 nam\u0173 pasirinkimas\",\"isPartOf\":{\"@id\":\"https:\/\/timberrest.com\/en\/#website\"},\"datePublished\":\"2024-01-15T14:12:59+00:00\",\"dateModified\":\"2024-11-06T10:03:48+00:00\",\"breadcrumb\":{\"@id\":\"https:\/\/timberrest.com\/en\/produktas\/wooden-frame-sauna-with-a-pitched-roof-porch-and-sauna-area-with-corner-windows-500240-12m2\/#breadcrumb\"},\"inLanguage\":\"en-US\",\"potentialAction\":[{\"@type\":\"ReadAction\",\"target\":[\"https:\/\/timberrest.com\/en\/produktas\/wooden-frame-sauna-with-a-pitched-roof-porch-and-sauna-area-with-corner-windows-500240-12m2\/\"]}]},{\"@type\":\"BreadcrumbList\",\"@id\":\"https:\/\/timberrest.com\/en\/produktas\/wooden-frame-sauna-with-a-pitched-roof-porch-and-sauna-area-with-corner-windows-500240-12m2\/#breadcrumb\",\"itemListElement\":[{\"@type\":\"ListItem\",\"position\":1,\"name\":\"Homepage\",\"item\":\"https:\/\/timberrest.com\/en\/\"},{\"@type\":\"ListItem\",\"position\":2,\"name\":\"Catalogue\",\"item\":\"https:\/\/timberrest.com\/en\/shop\/\"},{\"@type\":\"ListItem\",\"position\":3,\"name\":\"Saunas\",\"item\":\"https:\/\/timberrest.com\/en\/produkto-kategorija\/saunas\/\"},{\"@type\":\"ListItem\",\"position\":4,\"name\":\"Wooden frame sauna with a pitched roof, porch, and sauna area with corner windows 500240 \/ 12m2\"}]},{\"@type\":\"WebSite\",\"@id\":\"https:\/\/timberrest.com\/en\/#website\",\"url\":\"https:\/\/timberrest.com\/en\/\",\"name\":\"Timberrest.com - didelis pir\u010di\u0173 ir karkasini\u0173 medini\u0173 nam\u0173 pasirinkimas\",\"description\":\"We gather a majority of sauna and cabin manufacturers in one place, so you will always find the best price\",\"potentialAction\":[{\"@type\":\"SearchAction\",\"target\":{\"@type\":\"EntryPoint\",\"urlTemplate\":\"https:\/\/timberrest.com\/en\/?s={search_term_string}\"},\"query-input\":\"required name=search_term_string\"}],\"inLanguage\":\"en-US\"}]}<\/script>\n<!-- \/ Yoast SEO plugin. -->","yoast_head_json":{"title":"Wooden frame sauna with a pitched roof, porch, and sauna area with corner windows 500240 \/ 12m2 - Timberrest.com - didelis pir\u010di\u0173 ir karkasini\u0173 medini\u0173 nam\u0173 pasirinkimas","robots":{"index":"index","follow":"follow","max-snippet":"max-snippet:-1","max-image-preview":"max-image-preview:large","max-video-preview":"max-video-preview:-1"},"canonical":"https:\/\/timberrest.com\/en\/produktas\/wooden-frame-sauna-with-a-pitched-roof-porch-and-sauna-area-with-corner-windows-500240-12m2\/","og_locale":"en_US","og_type":"article","og_title":"Wooden frame sauna with a pitched roof, porch, and sauna area with corner windows 500240 \/ 12m2 - Timberrest.com - didelis pir\u010di\u0173 ir karkasini\u0173 medini\u0173 nam\u0173 pasirinkimas","og_description":"Exterior: Metal roof Front porch with a single 130 x 220 cm. tempered glass window in a black aluminum frame Sauna area with three single 95 x 220 cm. tempered glass windows in black aluminum frames Vertical cladding boards for exterior walls Entire structure covered with a weather and moisture-resistant membrane Porch area: Walls, ceilings, and floors made of spruce planks Two built-in lights in the ceiling Two benches One double electrical outlet Electrical panel (wiring extended to the exterior for easy connection to power) Walls and ceilings additionally insulated with a moisture-resistant membrane Sauna area: Walls and ceilings made of alder planks Two-level bed made of alder, accommodating up to 5 people comfortably LED lighting behind the bed backrest Alder sauna bench Electric or wood-burning stove (depending on your preference) Walls and ceilings additionally insulated with a heat-resistant membrane Ventilation above the bed Water trap beneath the beds Sauna dimensions: External dimensions: Length: 500 cm Width: 240 cm Height: 270 cm (highest point) Height: 235 cm (lowest point) Total area: 12 m2 Internal dimensions: Height: 230 cm (highest point) Height: 200 cm (lowest point) Sauna area length: 260 cm Sauna area width: 205 cm Rest area length: 190 cm Rest area width: 205 cm","og_url":"https:\/\/timberrest.com\/en\/produktas\/wooden-frame-sauna-with-a-pitched-roof-porch-and-sauna-area-with-corner-windows-500240-12m2\/","og_site_name":"Timberrest.com - didelis pir\u010di\u0173 ir karkasini\u0173 medini\u0173 nam\u0173 pasirinkimas","article_modified_time":"2024-11-06T10:03:48+00:00","og_image":[{"width":1920,"height":1080,"url":"https:\/\/timberrest.com\/wp-content\/uploads\/2024\/01\/Medine-karkasine-pirtis-su-nuozulniu-stogu-priespirciu-ir-pirties-zonoje-kampiniais-langais-500240-12m2-006.jpg","type":"image\/jpeg"}],"twitter_card":"summary_large_image","twitter_misc":{"Est. reading time":"1 minute"},"schema":{"@context":"https:\/\/schema.org","@graph":[{"@type":"WebPage","@id":"https:\/\/timberrest.com\/en\/produktas\/wooden-frame-sauna-with-a-pitched-roof-porch-and-sauna-area-with-corner-windows-500240-12m2\/","url":"https:\/\/timberrest.com\/en\/produktas\/wooden-frame-sauna-with-a-pitched-roof-porch-and-sauna-area-with-corner-windows-500240-12m2\/","name":"Wooden frame sauna with a pitched roof, porch, and sauna area with corner windows 500240 \/ 12m2 - Timberrest.com - didelis pir\u010di\u0173 ir karkasini\u0173 medini\u0173 nam\u0173 pasirinkimas","isPartOf":{"@id":"https:\/\/timberrest.com\/en\/#website"},"datePublished":"2024-01-15T14:12:59+00:00","dateModified":"2024-11-06T10:03:48+00:00","breadcrumb":{"@id":"https:\/\/timberrest.com\/en\/produktas\/wooden-frame-sauna-with-a-pitched-roof-porch-and-sauna-area-with-corner-windows-500240-12m2\/#breadcrumb"},"inLanguage":"en-US","potentialAction":[{"@type":"ReadAction","target":["https:\/\/timberrest.com\/en\/produktas\/wooden-frame-sauna-with-a-pitched-roof-porch-and-sauna-area-with-corner-windows-500240-12m2\/"]}]},{"@type":"BreadcrumbList","@id":"https:\/\/timberrest.com\/en\/produktas\/wooden-frame-sauna-with-a-pitched-roof-porch-and-sauna-area-with-corner-windows-500240-12m2\/#breadcrumb","itemListElement":[{"@type":"ListItem","position":1,"name":"Homepage","item":"https:\/\/timberrest.com\/en\/"},{"@type":"ListItem","position":2,"name":"Catalogue","item":"https:\/\/timberrest.com\/en\/shop\/"},{"@type":"ListItem","position":3,"name":"Saunas","item":"https:\/\/timberrest.com\/en\/produkto-kategorija\/saunas\/"},{"@type":"ListItem","position":4,"name":"Wooden frame sauna with a pitched roof, porch, and sauna area with corner windows 500240 \/ 12m2"}]},{"@type":"WebSite","@id":"https:\/\/timberrest.com\/en\/#website","url":"https:\/\/timberrest.com\/en\/","name":"Timberrest.com - didelis pir\u010di\u0173 ir karkasini\u0173 medini\u0173 nam\u0173 pasirinkimas","description":"We gather a majority of sauna and cabin manufacturers in one place, so you will always find the best price","potentialAction":[{"@type":"SearchAction","target":{"@type":"EntryPoint","urlTemplate":"https:\/\/timberrest.com\/en\/?s={search_term_string}"},"query-input":"required name=search_term_string"}],"inLanguage":"en-US"}]}},"_links":{"self":[{"href":"https:\/\/timberrest.com\/en\/wp-json\/wp\/v2\/product\/5363","targetHints":{"allow":["GET"]}}],"collection":[{"href":"https:\/\/timberrest.com\/en\/wp-json\/wp\/v2\/product"}],"about":[{"href":"https:\/\/timberrest.com\/en\/wp-json\/wp\/v2\/types\/product"}],"wp:featuredmedia":[{"embeddable":true,"href":"https:\/\/timberrest.com\/en\/wp-json\/wp\/v2\/media\/5339"}],"wp:attachment":[{"href":"https:\/\/timberrest.com\/en\/wp-json\/wp\/v2\/media?parent=5363"}],"wp:term":[{"taxonomy":"product_cat","embeddable":true,"href":"https:\/\/timberrest.com\/en\/wp-json\/wp\/v2\/product_cat?post=5363"},{"taxonomy":"product_tag","embeddable":true,"href":"https:\/\/timberrest.com\/en\/wp-json\/wp\/v2\/product_tag?post=5363"}],"curies":[{"name":"wp","href":"https:\/\/api.w.org\/{rel}","templated":true}]}}