{"id":5315,"date":"2023-09-24T13:50:25","date_gmt":"2023-09-24T10:50:25","guid":{"rendered":"https:\/\/timberrest.com\/produktas\/stoveman-13r-malkine-krosnele\/"},"modified":"2024-01-02T17:14:16","modified_gmt":"2024-01-02T15:14:16","slug":"stoveman-13r-wood-stove","status":"publish","type":"product","link":"https:\/\/timberrest.com\/en\/produktas\/stoveman-13r-wood-stove\/","title":{"rendered":"Stoveman 13R wood stove"},"content":{"rendered":"","protected":false},"excerpt":{"rendered":"<p><strong>Technical details:<\/strong><\/p>\n<p>Sauna volume: 6 &#8211; 13 m3<br \/>\nPower: 15.4 kW<br \/>\nStone capacity: 90-110 kg<br \/>\nWeight without stones: 52 kg<br \/>\nStove type: internal<br \/>\nChimney diameter: 115 mm<br \/>\nStove dimensions:<\/p>\n<p>Width: 43 cm<br \/>\nDepth: 54 cm<br \/>\nHeight: 70 cm<br \/>\nManufacturer: Stoveman, Estonia<\/p>\n<p>Stoveman 13R &#8211; cylindrical-shaped stove with a grid, providing plenty of steam, designed for small saunas. With an internal heater, metal or glass doors. Additional convection channels and a cleaning hatch are included.<\/p>\n<p>STOVEMAN stoves are designed to be robust and economical, ensuring quality steam and heat in the sauna. These structural advantages distinguish STOVEMAN stoves for their quality:<\/p>\n<p><strong>Uniform heating and optimal stone quantity<\/strong><br \/>\nSTOVEMAN stove is designed to uniformly heat the stones and the sauna room. It has an optimally balanced size of the heater and proportions of the stone compartment. The stones and the sauna room heat together evenly and relatively quickly. Therefore, the generated heat is well distributed, and nothing is wasted. The higher the quantity of stones, the longer it takes to heat, providing a longer period of sauna room warmth. STOVEMAN stoves have stone quantities ranging from 100 to 190 kg, ensuring sufficient heat accumulation for abundant and gentle steam without sacrificing the dynamic properties of the stove. With STOVEMAN stove, the sauna experience will be enjoyable at both lower and higher temperatures.<\/p>\n<p><strong>Reinforced heater with stability elements<\/strong><br \/>\nStoves loaded with stones on all sides heat up more than other stoves where stones are placed only on top of the heater. This happens because heat is transferred slower from the metal heater to the stones than to the air. Thus, stoves with stone-loaded heaters are not as quickly cooled under high loads.<\/p>\n<p>IMPORTANT: To prevent overheating, deformation, and efficient heat transfer to the sauna, STOVEMAN heater is reinforced with stability elements &#8211; angles and stiffening edges. Angles also serve as cooling channels for the heater since cold air enters their openings from below, and as it moves upward, it heats up, providing faster heating of the sauna room. The entire heater construction is made from 5mm thick sheet metal. Additionally, some heater elements have double walls.<\/p>\n<p><strong>Combustion chamber<\/strong><br \/>\nTo achieve a higher efficiency coefficient, the fire in the combustion chamber follows several turns before entering the chimney. Specially designed baffles and inclined edges allow for a more efficient utilization of heat energy.<\/p>\n<p><strong>Strong, elevated base<\/strong><br \/>\nTo effectively warm the sauna, the base plate has ventilation holes through which air enters the stone compartment. The base is made of sturdy sheet metal, capable of withstanding the weight of the stones without deformation.<\/p>\n<p><strong>Large cleaning hatch<\/strong><br \/>\nThe stove needs to be periodically cleaned from accumulated soot. For this purpose, a large and convenient cleaning hatch is provided at the top of the body. The cover of the cleaning hatch is easily removable, made of double-sheet metal to prevent burning.<\/p>\n<p><strong>Glass doors, convenient ash box<\/strong><br \/>\nAll STOVEMAN stoves come with doors featuring fire-resistant glass. Elegant heater, wide and convenient ash box.<\/p>\n<p><strong>Unique factory number and 24-month warranty<\/strong><br \/>\nEach STOVEMAN stove has its unique number engraved on the heater body. Reliable quality control allows STOVEMAN stoves, used for non-commercial purposes, to be covered by a 24-month factory warranty.<\/p>\n<p><strong>Safe distances:<\/strong><\/p>\n<p>Up to wooden ceilings: 1140 mm<br \/>\nTo flammable surfaces from the side: 190 mm<br \/>\nTo flammable surfaces from behind: 250 mm<br \/>\nTo flammable surfaces from the front: 900 mm<br \/>\nTo masonry wall: 50 mm<\/p>\n","protected":false},"featured_media":2475,"template":"","meta":{"_acf_changed":false},"product_cat":[102,105,103],"product_tag":[],"class_list":{"0":"post-5315","1":"product","2":"type-product","3":"status-publish","4":"has-post-thumbnail","6":"product_cat-materials","7":"product_cat-wood-burning-stoves","8":"product_cat-sauna-stove","9":"product_shipping_class-equipment","11":"first","12":"instock","13":"sold-individually","14":"shipping-taxable","15":"purchasable","16":"product-type-simple"},"acf":[],"yoast_head":"<!-- This site is optimized with the Yoast SEO plugin v22.0 - https:\/\/yoast.com\/wordpress\/plugins\/seo\/ -->\n<title>Stoveman 13R wood stove - Timberrest.com - didelis pir\u010di\u0173 ir karkasini\u0173 medini\u0173 nam\u0173 pasirinkimas<\/title>\n<meta name=\"robots\" content=\"index, follow, max-snippet:-1, max-image-preview:large, max-video-preview:-1\" \/>\n<link rel=\"canonical\" href=\"https:\/\/timberrest.com\/en\/produktas\/stoveman-13r-wood-stove\/\" \/>\n<meta property=\"og:locale\" content=\"en_US\" \/>\n<meta property=\"og:type\" content=\"article\" \/>\n<meta property=\"og:title\" content=\"Stoveman 13R wood stove - Timberrest.com - didelis pir\u010di\u0173 ir karkasini\u0173 medini\u0173 nam\u0173 pasirinkimas\" \/>\n<meta property=\"og:description\" content=\"Technical details: Sauna volume: 6 - 13 m3 Power: 15.4 kW Stone capacity: 90-110 kg Weight without stones: 52 kg Stove type: internal Chimney diameter: 115 mm Stove dimensions: Width: 43 cm Depth: 54 cm Height: 70 cm Manufacturer: Stoveman, Estonia Stoveman 13R - cylindrical-shaped stove with a grid, providing plenty of steam, designed for small saunas. With an internal heater, metal or glass doors. Additional convection channels and a cleaning hatch are included. STOVEMAN stoves are designed to be robust and economical, ensuring quality steam and heat in the sauna. These structural advantages distinguish STOVEMAN stoves for their quality: Uniform heating and optimal stone quantity STOVEMAN stove is designed to uniformly heat the stones and the sauna room. It has an optimally balanced size of the heater and proportions of the stone compartment. The stones and the sauna room heat together evenly and relatively quickly. Therefore, the generated heat is well distributed, and nothing is wasted. The higher the quantity of stones, the longer it takes to heat, providing a longer period of sauna room warmth. STOVEMAN stoves have stone quantities ranging from 100 to 190 kg, ensuring sufficient heat accumulation for abundant and gentle steam without sacrificing the dynamic properties of the stove. With STOVEMAN stove, the sauna experience will be enjoyable at both lower and higher temperatures. Reinforced heater with stability elements Stoves loaded with stones on all sides heat up more than other stoves where stones are placed only on top of the heater. This happens because heat is transferred slower from the metal heater to the stones than to the air. Thus, stoves with stone-loaded heaters are not as quickly cooled under high loads. IMPORTANT: To prevent overheating, deformation, and efficient heat transfer to the sauna, STOVEMAN heater is reinforced with stability elements - angles and stiffening edges. Angles also serve as cooling channels for the heater since cold air enters their openings from below, and as it moves upward, it heats up, providing faster heating of the sauna room. The entire heater construction is made from 5mm thick sheet metal. Additionally, some heater elements have double walls. Combustion chamber To achieve a higher efficiency coefficient, the fire in the combustion chamber follows several turns before entering the chimney. Specially designed baffles and inclined edges allow for a more efficient utilization of heat energy. Strong, elevated base To effectively warm the sauna, the base plate has ventilation holes through which air enters the stone compartment. The base is made of sturdy sheet metal, capable of withstanding the weight of the stones without deformation. Large cleaning hatch The stove needs to be periodically cleaned from accumulated soot. For this purpose, a large and convenient cleaning hatch is provided at the top of the body. The cover of the cleaning hatch is easily removable, made of double-sheet metal to prevent burning. Glass doors, convenient ash box All STOVEMAN stoves come with doors featuring fire-resistant glass. Elegant heater, wide and convenient ash box. Unique factory number and 24-month warranty Each STOVEMAN stove has its unique number engraved on the heater body. Reliable quality control allows STOVEMAN stoves, used for non-commercial purposes, to be covered by a 24-month factory warranty. Safe distances: Up to wooden ceilings: 1140 mm To flammable surfaces from the side: 190 mm To flammable surfaces from behind: 250 mm To flammable surfaces from the front: 900 mm To masonry wall: 50 mm\" \/>\n<meta property=\"og:url\" content=\"https:\/\/timberrest.com\/en\/produktas\/stoveman-13r-wood-stove\/\" \/>\n<meta property=\"og:site_name\" content=\"Timberrest.com - didelis pir\u010di\u0173 ir karkasini\u0173 medini\u0173 nam\u0173 pasirinkimas\" \/>\n<meta property=\"article:modified_time\" content=\"2024-01-02T15:14:16+00:00\" \/>\n<meta property=\"og:image\" content=\"https:\/\/timberrest.com\/wp-content\/uploads\/2023\/09\/1100929ce10c721cac00963df69d3ca3_XL.jpg\" \/>\n\t<meta property=\"og:image:width\" content=\"800\" \/>\n\t<meta property=\"og:image:height\" content=\"800\" \/>\n\t<meta property=\"og:image:type\" content=\"image\/jpeg\" \/>\n<meta name=\"twitter:card\" content=\"summary_large_image\" \/>\n<script type=\"application\/ld+json\" class=\"yoast-schema-graph\">{\"@context\":\"https:\/\/schema.org\",\"@graph\":[{\"@type\":\"WebPage\",\"@id\":\"https:\/\/timberrest.com\/en\/produktas\/stoveman-13r-wood-stove\/\",\"url\":\"https:\/\/timberrest.com\/en\/produktas\/stoveman-13r-wood-stove\/\",\"name\":\"Stoveman 13R wood stove - Timberrest.com - didelis pir\u010di\u0173 ir karkasini\u0173 medini\u0173 nam\u0173 pasirinkimas\",\"isPartOf\":{\"@id\":\"https:\/\/timberrest.com\/en\/#website\"},\"datePublished\":\"2023-09-24T10:50:25+00:00\",\"dateModified\":\"2024-01-02T15:14:16+00:00\",\"breadcrumb\":{\"@id\":\"https:\/\/timberrest.com\/en\/produktas\/stoveman-13r-wood-stove\/#breadcrumb\"},\"inLanguage\":\"en-US\",\"potentialAction\":[{\"@type\":\"ReadAction\",\"target\":[\"https:\/\/timberrest.com\/en\/produktas\/stoveman-13r-wood-stove\/\"]}]},{\"@type\":\"BreadcrumbList\",\"@id\":\"https:\/\/timberrest.com\/en\/produktas\/stoveman-13r-wood-stove\/#breadcrumb\",\"itemListElement\":[{\"@type\":\"ListItem\",\"position\":1,\"name\":\"Homepage\",\"item\":\"https:\/\/timberrest.com\/en\/\"},{\"@type\":\"ListItem\",\"position\":2,\"name\":\"Catalogue\",\"item\":\"https:\/\/timberrest.com\/en\/shop\/\"},{\"@type\":\"ListItem\",\"position\":3,\"name\":\"Materials\",\"item\":\"https:\/\/timberrest.com\/en\/produkto-kategorija\/materials\/\"},{\"@type\":\"ListItem\",\"position\":4,\"name\":\"Stoveman 13R wood stove\"}]},{\"@type\":\"WebSite\",\"@id\":\"https:\/\/timberrest.com\/en\/#website\",\"url\":\"https:\/\/timberrest.com\/en\/\",\"name\":\"Timberrest.com - didelis pir\u010di\u0173 ir karkasini\u0173 medini\u0173 nam\u0173 pasirinkimas\",\"description\":\"We gather a majority of sauna and cabin manufacturers in one place, so you will always find the best price\",\"potentialAction\":[{\"@type\":\"SearchAction\",\"target\":{\"@type\":\"EntryPoint\",\"urlTemplate\":\"https:\/\/timberrest.com\/en\/?s={search_term_string}\"},\"query-input\":\"required name=search_term_string\"}],\"inLanguage\":\"en-US\"}]}<\/script>\n<!-- \/ Yoast SEO plugin. -->","yoast_head_json":{"title":"Stoveman 13R wood stove - Timberrest.com - didelis pir\u010di\u0173 ir karkasini\u0173 medini\u0173 nam\u0173 pasirinkimas","robots":{"index":"index","follow":"follow","max-snippet":"max-snippet:-1","max-image-preview":"max-image-preview:large","max-video-preview":"max-video-preview:-1"},"canonical":"https:\/\/timberrest.com\/en\/produktas\/stoveman-13r-wood-stove\/","og_locale":"en_US","og_type":"article","og_title":"Stoveman 13R wood stove - Timberrest.com - didelis pir\u010di\u0173 ir karkasini\u0173 medini\u0173 nam\u0173 pasirinkimas","og_description":"Technical details: Sauna volume: 6 - 13 m3 Power: 15.4 kW Stone capacity: 90-110 kg Weight without stones: 52 kg Stove type: internal Chimney diameter: 115 mm Stove dimensions: Width: 43 cm Depth: 54 cm Height: 70 cm Manufacturer: Stoveman, Estonia Stoveman 13R - cylindrical-shaped stove with a grid, providing plenty of steam, designed for small saunas. With an internal heater, metal or glass doors. Additional convection channels and a cleaning hatch are included. STOVEMAN stoves are designed to be robust and economical, ensuring quality steam and heat in the sauna. These structural advantages distinguish STOVEMAN stoves for their quality: Uniform heating and optimal stone quantity STOVEMAN stove is designed to uniformly heat the stones and the sauna room. It has an optimally balanced size of the heater and proportions of the stone compartment. The stones and the sauna room heat together evenly and relatively quickly. Therefore, the generated heat is well distributed, and nothing is wasted. The higher the quantity of stones, the longer it takes to heat, providing a longer period of sauna room warmth. STOVEMAN stoves have stone quantities ranging from 100 to 190 kg, ensuring sufficient heat accumulation for abundant and gentle steam without sacrificing the dynamic properties of the stove. With STOVEMAN stove, the sauna experience will be enjoyable at both lower and higher temperatures. Reinforced heater with stability elements Stoves loaded with stones on all sides heat up more than other stoves where stones are placed only on top of the heater. This happens because heat is transferred slower from the metal heater to the stones than to the air. Thus, stoves with stone-loaded heaters are not as quickly cooled under high loads. IMPORTANT: To prevent overheating, deformation, and efficient heat transfer to the sauna, STOVEMAN heater is reinforced with stability elements - angles and stiffening edges. Angles also serve as cooling channels for the heater since cold air enters their openings from below, and as it moves upward, it heats up, providing faster heating of the sauna room. The entire heater construction is made from 5mm thick sheet metal. Additionally, some heater elements have double walls. Combustion chamber To achieve a higher efficiency coefficient, the fire in the combustion chamber follows several turns before entering the chimney. Specially designed baffles and inclined edges allow for a more efficient utilization of heat energy. Strong, elevated base To effectively warm the sauna, the base plate has ventilation holes through which air enters the stone compartment. The base is made of sturdy sheet metal, capable of withstanding the weight of the stones without deformation. Large cleaning hatch The stove needs to be periodically cleaned from accumulated soot. For this purpose, a large and convenient cleaning hatch is provided at the top of the body. The cover of the cleaning hatch is easily removable, made of double-sheet metal to prevent burning. Glass doors, convenient ash box All STOVEMAN stoves come with doors featuring fire-resistant glass. Elegant heater, wide and convenient ash box. Unique factory number and 24-month warranty Each STOVEMAN stove has its unique number engraved on the heater body. Reliable quality control allows STOVEMAN stoves, used for non-commercial purposes, to be covered by a 24-month factory warranty. Safe distances: Up to wooden ceilings: 1140 mm To flammable surfaces from the side: 190 mm To flammable surfaces from behind: 250 mm To flammable surfaces from the front: 900 mm To masonry wall: 50 mm","og_url":"https:\/\/timberrest.com\/en\/produktas\/stoveman-13r-wood-stove\/","og_site_name":"Timberrest.com - didelis pir\u010di\u0173 ir karkasini\u0173 medini\u0173 nam\u0173 pasirinkimas","article_modified_time":"2024-01-02T15:14:16+00:00","og_image":[{"width":800,"height":800,"url":"https:\/\/timberrest.com\/wp-content\/uploads\/2023\/09\/1100929ce10c721cac00963df69d3ca3_XL.jpg","type":"image\/jpeg"}],"twitter_card":"summary_large_image","schema":{"@context":"https:\/\/schema.org","@graph":[{"@type":"WebPage","@id":"https:\/\/timberrest.com\/en\/produktas\/stoveman-13r-wood-stove\/","url":"https:\/\/timberrest.com\/en\/produktas\/stoveman-13r-wood-stove\/","name":"Stoveman 13R wood stove - Timberrest.com - didelis pir\u010di\u0173 ir karkasini\u0173 medini\u0173 nam\u0173 pasirinkimas","isPartOf":{"@id":"https:\/\/timberrest.com\/en\/#website"},"datePublished":"2023-09-24T10:50:25+00:00","dateModified":"2024-01-02T15:14:16+00:00","breadcrumb":{"@id":"https:\/\/timberrest.com\/en\/produktas\/stoveman-13r-wood-stove\/#breadcrumb"},"inLanguage":"en-US","potentialAction":[{"@type":"ReadAction","target":["https:\/\/timberrest.com\/en\/produktas\/stoveman-13r-wood-stove\/"]}]},{"@type":"BreadcrumbList","@id":"https:\/\/timberrest.com\/en\/produktas\/stoveman-13r-wood-stove\/#breadcrumb","itemListElement":[{"@type":"ListItem","position":1,"name":"Homepage","item":"https:\/\/timberrest.com\/en\/"},{"@type":"ListItem","position":2,"name":"Catalogue","item":"https:\/\/timberrest.com\/en\/shop\/"},{"@type":"ListItem","position":3,"name":"Materials","item":"https:\/\/timberrest.com\/en\/produkto-kategorija\/materials\/"},{"@type":"ListItem","position":4,"name":"Stoveman 13R wood stove"}]},{"@type":"WebSite","@id":"https:\/\/timberrest.com\/en\/#website","url":"https:\/\/timberrest.com\/en\/","name":"Timberrest.com - didelis pir\u010di\u0173 ir karkasini\u0173 medini\u0173 nam\u0173 pasirinkimas","description":"We gather a majority of sauna and cabin manufacturers in one place, so you will always find the best price","potentialAction":[{"@type":"SearchAction","target":{"@type":"EntryPoint","urlTemplate":"https:\/\/timberrest.com\/en\/?s={search_term_string}"},"query-input":"required name=search_term_string"}],"inLanguage":"en-US"}]}},"_links":{"self":[{"href":"https:\/\/timberrest.com\/en\/wp-json\/wp\/v2\/product\/5315","targetHints":{"allow":["GET"]}}],"collection":[{"href":"https:\/\/timberrest.com\/en\/wp-json\/wp\/v2\/product"}],"about":[{"href":"https:\/\/timberrest.com\/en\/wp-json\/wp\/v2\/types\/product"}],"wp:featuredmedia":[{"embeddable":true,"href":"https:\/\/timberrest.com\/en\/wp-json\/wp\/v2\/media\/2475"}],"wp:attachment":[{"href":"https:\/\/timberrest.com\/en\/wp-json\/wp\/v2\/media?parent=5315"}],"wp:term":[{"taxonomy":"product_cat","embeddable":true,"href":"https:\/\/timberrest.com\/en\/wp-json\/wp\/v2\/product_cat?post=5315"},{"taxonomy":"product_tag","embeddable":true,"href":"https:\/\/timberrest.com\/en\/wp-json\/wp\/v2\/product_tag?post=5315"}],"curies":[{"name":"wp","href":"https:\/\/api.w.org\/{rel}","templated":true}]}}