{"id":5312,"date":"2023-08-10T15:00:37","date_gmt":"2023-08-10T12:00:37","guid":{"rendered":"https:\/\/timberrest.com\/produktas\/medinis-gyvenamas-karkasinis-namelis-su-daug-langu-wc-ir-virtuve-300600-18m2\/"},"modified":"2024-11-06T11:57:40","modified_gmt":"2024-11-06T09:57:40","slug":"wooden-residential-frame-house-with-many-windows-a-bathroom-and-a-kitchen-300600-18-m2","status":"publish","type":"product","link":"https:\/\/timberrest.com\/en\/produktas\/wooden-residential-frame-house-with-many-windows-a-bathroom-and-a-kitchen-300600-18-m2\/","title":{"rendered":"Wooden residential frame house with many windows, a bathroom, and a kitchen 300600 \/ 18 m2"},"content":{"rendered":"","protected":false},"excerpt":{"rendered":"<p><strong>Exterior:<\/strong><\/p>\n<p>Sheet metal roof<br \/>\nBlack-framed, four plastic windows of size 0.6 x 2.43 m.<br \/>\nBlack-framed, three small width plastic windows on the sides<br \/>\nBlack-framed, two narrow plastic windows on the sides<br \/>\nBlack-framed, two plastic windows of size 0.6 x 1.98 m.<br \/>\nVertical and horizontal screw-fastened boards for external walls<br \/>\nBlack-colored boards oil-treated twice in black<br \/>\nThe entire structure is covered with a membrane resistant to wind and moisture<br \/>\nWall-mounted lamp<\/p>\n<p><strong>Interior:<\/strong><\/p>\n<p>Spruce plank walls<br \/>\nLaminate flooring<br \/>\nTiled walls in the shower room<br \/>\nFive double electrical outlets<br \/>\nElectrical panel with wiring to the rear part of the house where electricity is usually connected<br \/>\n15 built-in lamps in the ceiling<br \/>\nSpace for ventilation in the kitchen and the shower room<br \/>\nPipes brought in for water supply to the shower room and bathroom<\/p>\n<p><strong>External dimensions:<\/strong><\/p>\n<p>Length: 600 cm<br \/>\nWidth: 300 cm<br \/>\nHeight: 290 cm (highest point), 245 cm (lowest point)<br \/>\nTotal area: 18 m\u00b2<\/p>\n<p><strong>Internal dimensions:<\/strong><\/p>\n<p>Height: 240 cm (highest point), 200 cm (lowest point)<br \/>\nLength: 585 cm<br \/>\nWidth: 260 cm<br \/>\nKitchen width: 135 cm.<br \/>\nShower room width: 125 cm.<br \/>\nBedroom width: 283 cm.<\/p>\n","protected":false},"featured_media":1942,"template":"","meta":{"_acf_changed":false},"product_cat":[101],"product_tag":[],"class_list":{"0":"post-5312","1":"product","2":"type-product","3":"status-publish","4":"has-post-thumbnail","6":"product_cat-wooden-cabins","7":"pa_apsiltinimas-floors","8":"pa_apsiltinimas-roof","9":"pa_apsiltinimas-walls","10":"pa_mediena-coniferous-wood","11":"pa_mediena-larch","13":"first","14":"instock","15":"sold-individually","16":"shipping-taxable","17":"purchasable","18":"product-type-simple"},"acf":[],"yoast_head":"<!-- This site is optimized with the Yoast SEO plugin v22.0 - https:\/\/yoast.com\/wordpress\/plugins\/seo\/ -->\n<title>Wooden residential frame house with many windows, a bathroom, and a kitchen 300600 \/ 18 m2 - Timberrest.com - didelis pir\u010di\u0173 ir karkasini\u0173 medini\u0173 nam\u0173 pasirinkimas<\/title>\n<meta name=\"robots\" content=\"index, follow, max-snippet:-1, max-image-preview:large, max-video-preview:-1\" \/>\n<link rel=\"canonical\" href=\"https:\/\/timberrest.com\/en\/produktas\/wooden-residential-frame-house-with-many-windows-a-bathroom-and-a-kitchen-300600-18-m2\/\" \/>\n<meta property=\"og:locale\" content=\"en_US\" \/>\n<meta property=\"og:type\" content=\"article\" \/>\n<meta property=\"og:title\" content=\"Wooden residential frame house with many windows, a bathroom, and a kitchen 300600 \/ 18 m2 - Timberrest.com - didelis pir\u010di\u0173 ir karkasini\u0173 medini\u0173 nam\u0173 pasirinkimas\" \/>\n<meta property=\"og:description\" content=\"Exterior: Sheet metal roof Black-framed, four plastic windows of size 0.6 x 2.43 m. Black-framed, three small width plastic windows on the sides Black-framed, two narrow plastic windows on the sides Black-framed, two plastic windows of size 0.6 x 1.98 m. Vertical and horizontal screw-fastened boards for external walls Black-colored boards oil-treated twice in black The entire structure is covered with a membrane resistant to wind and moisture Wall-mounted lamp Interior: Spruce plank walls Laminate flooring Tiled walls in the shower room Five double electrical outlets Electrical panel with wiring to the rear part of the house where electricity is usually connected 15 built-in lamps in the ceiling Space for ventilation in the kitchen and the shower room Pipes brought in for water supply to the shower room and bathroom External dimensions: Length: 600 cm Width: 300 cm Height: 290 cm (highest point), 245 cm (lowest point) Total area: 18 m\u00b2 Internal dimensions: Height: 240 cm (highest point), 200 cm (lowest point) Length: 585 cm Width: 260 cm Kitchen width: 135 cm. Shower room width: 125 cm. Bedroom width: 283 cm.\" \/>\n<meta property=\"og:url\" content=\"https:\/\/timberrest.com\/en\/produktas\/wooden-residential-frame-house-with-many-windows-a-bathroom-and-a-kitchen-300600-18-m2\/\" \/>\n<meta property=\"og:site_name\" content=\"Timberrest.com - didelis pir\u010di\u0173 ir karkasini\u0173 medini\u0173 nam\u0173 pasirinkimas\" \/>\n<meta property=\"article:modified_time\" content=\"2024-11-06T09:57:40+00:00\" \/>\n<meta property=\"og:image\" content=\"https:\/\/timberrest.com\/wp-content\/uploads\/2023\/08\/Didelis-namelis-su-daug-vitrininiu-langu-dusu-ir-virtuve-001.jpg\" \/>\n\t<meta property=\"og:image:width\" content=\"1920\" \/>\n\t<meta property=\"og:image:height\" content=\"1080\" \/>\n\t<meta property=\"og:image:type\" content=\"image\/jpeg\" \/>\n<meta name=\"twitter:card\" content=\"summary_large_image\" \/>\n<meta name=\"twitter:label1\" content=\"Est. reading time\" \/>\n\t<meta name=\"twitter:data1\" content=\"1 minute\" \/>\n<script type=\"application\/ld+json\" class=\"yoast-schema-graph\">{\"@context\":\"https:\/\/schema.org\",\"@graph\":[{\"@type\":\"WebPage\",\"@id\":\"https:\/\/timberrest.com\/en\/produktas\/wooden-residential-frame-house-with-many-windows-a-bathroom-and-a-kitchen-300600-18-m2\/\",\"url\":\"https:\/\/timberrest.com\/en\/produktas\/wooden-residential-frame-house-with-many-windows-a-bathroom-and-a-kitchen-300600-18-m2\/\",\"name\":\"Wooden residential frame house with many windows, a bathroom, and a kitchen 300600 \/ 18 m2 - Timberrest.com - didelis pir\u010di\u0173 ir karkasini\u0173 medini\u0173 nam\u0173 pasirinkimas\",\"isPartOf\":{\"@id\":\"https:\/\/timberrest.com\/en\/#website\"},\"datePublished\":\"2023-08-10T12:00:37+00:00\",\"dateModified\":\"2024-11-06T09:57:40+00:00\",\"breadcrumb\":{\"@id\":\"https:\/\/timberrest.com\/en\/produktas\/wooden-residential-frame-house-with-many-windows-a-bathroom-and-a-kitchen-300600-18-m2\/#breadcrumb\"},\"inLanguage\":\"en-US\",\"potentialAction\":[{\"@type\":\"ReadAction\",\"target\":[\"https:\/\/timberrest.com\/en\/produktas\/wooden-residential-frame-house-with-many-windows-a-bathroom-and-a-kitchen-300600-18-m2\/\"]}]},{\"@type\":\"BreadcrumbList\",\"@id\":\"https:\/\/timberrest.com\/en\/produktas\/wooden-residential-frame-house-with-many-windows-a-bathroom-and-a-kitchen-300600-18-m2\/#breadcrumb\",\"itemListElement\":[{\"@type\":\"ListItem\",\"position\":1,\"name\":\"Homepage\",\"item\":\"https:\/\/timberrest.com\/en\/\"},{\"@type\":\"ListItem\",\"position\":2,\"name\":\"Catalogue\",\"item\":\"https:\/\/timberrest.com\/en\/shop\/\"},{\"@type\":\"ListItem\",\"position\":3,\"name\":\"Wooden cabins\",\"item\":\"https:\/\/timberrest.com\/en\/produkto-kategorija\/wooden-cabins\/\"},{\"@type\":\"ListItem\",\"position\":4,\"name\":\"Wooden residential frame house with many windows, a bathroom, and a kitchen 300600 \/ 18 m2\"}]},{\"@type\":\"WebSite\",\"@id\":\"https:\/\/timberrest.com\/en\/#website\",\"url\":\"https:\/\/timberrest.com\/en\/\",\"name\":\"Timberrest.com - didelis pir\u010di\u0173 ir karkasini\u0173 medini\u0173 nam\u0173 pasirinkimas\",\"description\":\"We gather a majority of sauna and cabin manufacturers in one place, so you will always find the best price\",\"potentialAction\":[{\"@type\":\"SearchAction\",\"target\":{\"@type\":\"EntryPoint\",\"urlTemplate\":\"https:\/\/timberrest.com\/en\/?s={search_term_string}\"},\"query-input\":\"required name=search_term_string\"}],\"inLanguage\":\"en-US\"}]}<\/script>\n<!-- \/ Yoast SEO plugin. -->","yoast_head_json":{"title":"Wooden residential frame house with many windows, a bathroom, and a kitchen 300600 \/ 18 m2 - Timberrest.com - didelis pir\u010di\u0173 ir karkasini\u0173 medini\u0173 nam\u0173 pasirinkimas","robots":{"index":"index","follow":"follow","max-snippet":"max-snippet:-1","max-image-preview":"max-image-preview:large","max-video-preview":"max-video-preview:-1"},"canonical":"https:\/\/timberrest.com\/en\/produktas\/wooden-residential-frame-house-with-many-windows-a-bathroom-and-a-kitchen-300600-18-m2\/","og_locale":"en_US","og_type":"article","og_title":"Wooden residential frame house with many windows, a bathroom, and a kitchen 300600 \/ 18 m2 - Timberrest.com - didelis pir\u010di\u0173 ir karkasini\u0173 medini\u0173 nam\u0173 pasirinkimas","og_description":"Exterior: Sheet metal roof Black-framed, four plastic windows of size 0.6 x 2.43 m. Black-framed, three small width plastic windows on the sides Black-framed, two narrow plastic windows on the sides Black-framed, two plastic windows of size 0.6 x 1.98 m. Vertical and horizontal screw-fastened boards for external walls Black-colored boards oil-treated twice in black The entire structure is covered with a membrane resistant to wind and moisture Wall-mounted lamp Interior: Spruce plank walls Laminate flooring Tiled walls in the shower room Five double electrical outlets Electrical panel with wiring to the rear part of the house where electricity is usually connected 15 built-in lamps in the ceiling Space for ventilation in the kitchen and the shower room Pipes brought in for water supply to the shower room and bathroom External dimensions: Length: 600 cm Width: 300 cm Height: 290 cm (highest point), 245 cm (lowest point) Total area: 18 m\u00b2 Internal dimensions: Height: 240 cm (highest point), 200 cm (lowest point) Length: 585 cm Width: 260 cm Kitchen width: 135 cm. Shower room width: 125 cm. Bedroom width: 283 cm.","og_url":"https:\/\/timberrest.com\/en\/produktas\/wooden-residential-frame-house-with-many-windows-a-bathroom-and-a-kitchen-300600-18-m2\/","og_site_name":"Timberrest.com - didelis pir\u010di\u0173 ir karkasini\u0173 medini\u0173 nam\u0173 pasirinkimas","article_modified_time":"2024-11-06T09:57:40+00:00","og_image":[{"width":1920,"height":1080,"url":"https:\/\/timberrest.com\/wp-content\/uploads\/2023\/08\/Didelis-namelis-su-daug-vitrininiu-langu-dusu-ir-virtuve-001.jpg","type":"image\/jpeg"}],"twitter_card":"summary_large_image","twitter_misc":{"Est. reading time":"1 minute"},"schema":{"@context":"https:\/\/schema.org","@graph":[{"@type":"WebPage","@id":"https:\/\/timberrest.com\/en\/produktas\/wooden-residential-frame-house-with-many-windows-a-bathroom-and-a-kitchen-300600-18-m2\/","url":"https:\/\/timberrest.com\/en\/produktas\/wooden-residential-frame-house-with-many-windows-a-bathroom-and-a-kitchen-300600-18-m2\/","name":"Wooden residential frame house with many windows, a bathroom, and a kitchen 300600 \/ 18 m2 - Timberrest.com - didelis pir\u010di\u0173 ir karkasini\u0173 medini\u0173 nam\u0173 pasirinkimas","isPartOf":{"@id":"https:\/\/timberrest.com\/en\/#website"},"datePublished":"2023-08-10T12:00:37+00:00","dateModified":"2024-11-06T09:57:40+00:00","breadcrumb":{"@id":"https:\/\/timberrest.com\/en\/produktas\/wooden-residential-frame-house-with-many-windows-a-bathroom-and-a-kitchen-300600-18-m2\/#breadcrumb"},"inLanguage":"en-US","potentialAction":[{"@type":"ReadAction","target":["https:\/\/timberrest.com\/en\/produktas\/wooden-residential-frame-house-with-many-windows-a-bathroom-and-a-kitchen-300600-18-m2\/"]}]},{"@type":"BreadcrumbList","@id":"https:\/\/timberrest.com\/en\/produktas\/wooden-residential-frame-house-with-many-windows-a-bathroom-and-a-kitchen-300600-18-m2\/#breadcrumb","itemListElement":[{"@type":"ListItem","position":1,"name":"Homepage","item":"https:\/\/timberrest.com\/en\/"},{"@type":"ListItem","position":2,"name":"Catalogue","item":"https:\/\/timberrest.com\/en\/shop\/"},{"@type":"ListItem","position":3,"name":"Wooden cabins","item":"https:\/\/timberrest.com\/en\/produkto-kategorija\/wooden-cabins\/"},{"@type":"ListItem","position":4,"name":"Wooden residential frame house with many windows, a bathroom, and a kitchen 300600 \/ 18 m2"}]},{"@type":"WebSite","@id":"https:\/\/timberrest.com\/en\/#website","url":"https:\/\/timberrest.com\/en\/","name":"Timberrest.com - didelis pir\u010di\u0173 ir karkasini\u0173 medini\u0173 nam\u0173 pasirinkimas","description":"We gather a majority of sauna and cabin manufacturers in one place, so you will always find the best price","potentialAction":[{"@type":"SearchAction","target":{"@type":"EntryPoint","urlTemplate":"https:\/\/timberrest.com\/en\/?s={search_term_string}"},"query-input":"required name=search_term_string"}],"inLanguage":"en-US"}]}},"_links":{"self":[{"href":"https:\/\/timberrest.com\/en\/wp-json\/wp\/v2\/product\/5312","targetHints":{"allow":["GET"]}}],"collection":[{"href":"https:\/\/timberrest.com\/en\/wp-json\/wp\/v2\/product"}],"about":[{"href":"https:\/\/timberrest.com\/en\/wp-json\/wp\/v2\/types\/product"}],"wp:featuredmedia":[{"embeddable":true,"href":"https:\/\/timberrest.com\/en\/wp-json\/wp\/v2\/media\/1942"}],"wp:attachment":[{"href":"https:\/\/timberrest.com\/en\/wp-json\/wp\/v2\/media?parent=5312"}],"wp:term":[{"taxonomy":"product_cat","embeddable":true,"href":"https:\/\/timberrest.com\/en\/wp-json\/wp\/v2\/product_cat?post=5312"},{"taxonomy":"product_tag","embeddable":true,"href":"https:\/\/timberrest.com\/en\/wp-json\/wp\/v2\/product_tag?post=5312"}],"curies":[{"name":"wp","href":"https:\/\/api.w.org\/{rel}","templated":true}]}}