{"id":5288,"date":"2023-09-24T14:49:35","date_gmt":"2023-09-24T11:49:35","guid":{"rendered":"https:\/\/timberrest.com\/produktas\/medine-karkasine-raudonai-baltai-dazyta-pirtis-su-terasa-priespirciu-ir-dusu-600300-18-m2\/"},"modified":"2024-11-06T12:18:57","modified_gmt":"2024-11-06T10:18:57","slug":"wooden-frame-sauna-painted-in-red-and-white-with-a-terrace-porch-and-shower-600300-18-m2","status":"publish","type":"product","link":"https:\/\/timberrest.com\/en\/produktas\/wooden-frame-sauna-painted-in-red-and-white-with-a-terrace-porch-and-shower-600300-18-m2\/","title":{"rendered":"Wooden frame sauna, painted in red and white, with a terrace, porch, and shower 600300 \/ 18 m2"},"content":{"rendered":"","protected":false},"excerpt":{"rendered":"<p><strong>Exterior:<\/strong><\/p>\n<ul>\n<li>Tin roof<\/li>\n<li>Double glazed window with tempered glass, gray frame, 180 x 200 cm, facing the sauna area<\/li>\n<li>Sliding three-part door, 250 x 200 cm<\/li>\n<li>Exterior walls made from boards attached vertically and horizontally<\/li>\n<li>Red and white painted boards<\/li>\n<li>Entire structure wrapped in a wind- and moisture-resistant membrane<\/li>\n<\/ul>\n<p><strong>Entrance Zone:<\/strong><\/p>\n<ul>\n<li>Softwood boards used for walls, ceiling, and floor<\/li>\n<li>Three ceiling-mounted lights<\/li>\n<li>Three double sockets<\/li>\n<li>Electrical panel (with an outdoor cable for easy power connection)<\/li>\n<li>Walls and ceiling insulated with an additional membrane<\/li>\n<\/ul>\n<p><strong>Sauna Area:<\/strong><\/p>\n<ul>\n<li>Alder wood boards for walls and ceiling<\/li>\n<li>Two-level alder bench that comfortably seats up to five people<\/li>\n<li>Electric or wood-burning stove (your choice)<\/li>\n<li>Walls and ceiling insulated with a heat-resistant membrane<\/li>\n<li>Ventilation above the benches<\/li>\n<li>Water drain under the benches<\/li>\n<\/ul>\n<p><strong>Terrace Area:<\/strong><\/p>\n<ul>\n<li>Five ceiling-mounted lights<\/li>\n<\/ul>\n<p>&nbsp;<\/p>\n<p><strong>Sauna Dimensions:<\/strong><\/p>\n<p><strong>Exterior Dimensions:<\/strong><\/p>\n<ul>\n<li>Length: 600 cm<\/li>\n<li>Width: 300 cm<\/li>\n<li>Height: 255 cm<\/li>\n<li>Total area: 18 m\u00b2<\/li>\n<\/ul>\n<p><strong>Interior Dimensions:<\/strong><\/p>\n<ul>\n<li>Height: 225 cm (highest point)<\/li>\n<li>Height: 190 cm (lowest point)<\/li>\n<\/ul>\n<p><strong>Sauna Zone:<\/strong><\/p>\n<ul>\n<li>Length: 200 cm<\/li>\n<li>Width: 220 cm<\/li>\n<\/ul>\n<p><strong>Rest Zone:<\/strong><\/p>\n<ul>\n<li>Length: 370 cm<\/li>\n<li>Width: 220 cm<\/li>\n<\/ul>\n<p><strong>Shower Zone:<\/strong><\/p>\n<ul>\n<li>Length: 80 cm<\/li>\n<li>Width: 70 cm<\/li>\n<\/ul>\n<p><strong>Terrace:<\/strong><\/p>\n<ul>\n<li>Length: 570 cm<\/li>\n<li>Width: 50 cm<\/li>\n<\/ul>\n","protected":false},"featured_media":2552,"template":"","meta":{"_acf_changed":false},"product_cat":[120,124],"product_tag":[],"class_list":{"0":"post-5288","1":"product","2":"type-product","3":"status-publish","4":"has-post-thumbnail","6":"product_cat-saunas","7":"product_cat-frame-saunas","8":"pa_apsiltinimas-floors","9":"pa_apsiltinimas-roof","10":"pa_apsiltinimas-walls","11":"pa_krosnele-electric-stove","12":"pa_krosnele-wood-burning-stove","13":"pa_mediena-coniferous-wood","14":"pa_mediena-larch","15":"pa_mediena-red-cedar","16":"pa_mediena-thermowood","18":"first","19":"instock","20":"sold-individually","21":"shipping-taxable","22":"purchasable","23":"product-type-simple"},"acf":[],"yoast_head":"<!-- This site is optimized with the Yoast SEO plugin v22.0 - https:\/\/yoast.com\/wordpress\/plugins\/seo\/ -->\n<title>Wooden frame sauna, painted in red and white, with a terrace, porch, and shower 600300 \/ 18 m2 - Timberrest.com - didelis pir\u010di\u0173 ir karkasini\u0173 medini\u0173 nam\u0173 pasirinkimas<\/title>\n<meta name=\"robots\" content=\"index, follow, max-snippet:-1, max-image-preview:large, max-video-preview:-1\" \/>\n<link rel=\"canonical\" href=\"https:\/\/timberrest.com\/en\/produktas\/wooden-frame-sauna-painted-in-red-and-white-with-a-terrace-porch-and-shower-600300-18-m2\/\" \/>\n<meta property=\"og:locale\" content=\"en_US\" \/>\n<meta property=\"og:type\" content=\"article\" \/>\n<meta property=\"og:title\" content=\"Wooden frame sauna, painted in red and white, with a terrace, porch, and shower 600300 \/ 18 m2 - Timberrest.com - didelis pir\u010di\u0173 ir karkasini\u0173 medini\u0173 nam\u0173 pasirinkimas\" \/>\n<meta property=\"og:description\" content=\"Exterior:   Tin roof  Double glazed window with tempered glass, gray frame, 180 x 200 cm, facing the sauna area  Sliding three-part door, 250 x 200 cm  Exterior walls made from boards attached vertically and horizontally  Red and white painted boards  Entire structure wrapped in a wind- and moisture-resistant membrane  Entrance Zone:   Softwood boards used for walls, ceiling, and floor  Three ceiling-mounted lights  Three double sockets  Electrical panel (with an outdoor cable for easy power connection)  Walls and ceiling insulated with an additional membrane  Sauna Area:   Alder wood boards for walls and ceiling  Two-level alder bench that comfortably seats up to five people  Electric or wood-burning stove (your choice)  Walls and ceiling insulated with a heat-resistant membrane  Ventilation above the benches  Water drain under the benches  Terrace Area:   Five ceiling-mounted lights  &nbsp; Sauna Dimensions: Exterior Dimensions:   Length: 600 cm  Width: 300 cm  Height: 255 cm  Total area: 18 m\u00b2  Interior Dimensions:   Height: 225 cm (highest point)  Height: 190 cm (lowest point)  Sauna Zone:   Length: 200 cm  Width: 220 cm  Rest Zone:   Length: 370 cm  Width: 220 cm  Shower Zone:   Length: 80 cm  Width: 70 cm  Terrace:   Length: 570 cm  Width: 50 cm\" \/>\n<meta property=\"og:url\" content=\"https:\/\/timberrest.com\/en\/produktas\/wooden-frame-sauna-painted-in-red-and-white-with-a-terrace-porch-and-shower-600300-18-m2\/\" \/>\n<meta property=\"og:site_name\" content=\"Timberrest.com - didelis pir\u010di\u0173 ir karkasini\u0173 medini\u0173 nam\u0173 pasirinkimas\" \/>\n<meta property=\"article:modified_time\" content=\"2024-11-06T10:18:57+00:00\" \/>\n<meta property=\"og:image\" content=\"https:\/\/timberrest.com\/wp-content\/uploads\/2023\/09\/Medine-karkasine-pirtis-raudonai-baltai-dazyta-su-terasa-priespirciu-dusu-600300-18m2-001.jpg\" \/>\n\t<meta property=\"og:image:width\" content=\"1920\" \/>\n\t<meta property=\"og:image:height\" content=\"1080\" \/>\n\t<meta property=\"og:image:type\" content=\"image\/jpeg\" \/>\n<meta name=\"twitter:card\" content=\"summary_large_image\" \/>\n<meta name=\"twitter:label1\" content=\"Est. reading time\" \/>\n\t<meta name=\"twitter:data1\" content=\"1 minute\" \/>\n<script type=\"application\/ld+json\" class=\"yoast-schema-graph\">{\"@context\":\"https:\/\/schema.org\",\"@graph\":[{\"@type\":\"WebPage\",\"@id\":\"https:\/\/timberrest.com\/en\/produktas\/wooden-frame-sauna-painted-in-red-and-white-with-a-terrace-porch-and-shower-600300-18-m2\/\",\"url\":\"https:\/\/timberrest.com\/en\/produktas\/wooden-frame-sauna-painted-in-red-and-white-with-a-terrace-porch-and-shower-600300-18-m2\/\",\"name\":\"Wooden frame sauna, painted in red and white, with a terrace, porch, and shower 600300 \/ 18 m2 - Timberrest.com - didelis pir\u010di\u0173 ir karkasini\u0173 medini\u0173 nam\u0173 pasirinkimas\",\"isPartOf\":{\"@id\":\"https:\/\/timberrest.com\/en\/#website\"},\"datePublished\":\"2023-09-24T11:49:35+00:00\",\"dateModified\":\"2024-11-06T10:18:57+00:00\",\"breadcrumb\":{\"@id\":\"https:\/\/timberrest.com\/en\/produktas\/wooden-frame-sauna-painted-in-red-and-white-with-a-terrace-porch-and-shower-600300-18-m2\/#breadcrumb\"},\"inLanguage\":\"en-US\",\"potentialAction\":[{\"@type\":\"ReadAction\",\"target\":[\"https:\/\/timberrest.com\/en\/produktas\/wooden-frame-sauna-painted-in-red-and-white-with-a-terrace-porch-and-shower-600300-18-m2\/\"]}]},{\"@type\":\"BreadcrumbList\",\"@id\":\"https:\/\/timberrest.com\/en\/produktas\/wooden-frame-sauna-painted-in-red-and-white-with-a-terrace-porch-and-shower-600300-18-m2\/#breadcrumb\",\"itemListElement\":[{\"@type\":\"ListItem\",\"position\":1,\"name\":\"Homepage\",\"item\":\"https:\/\/timberrest.com\/en\/\"},{\"@type\":\"ListItem\",\"position\":2,\"name\":\"Catalogue\",\"item\":\"https:\/\/timberrest.com\/en\/shop\/\"},{\"@type\":\"ListItem\",\"position\":3,\"name\":\"Saunas\",\"item\":\"https:\/\/timberrest.com\/en\/produkto-kategorija\/saunas\/\"},{\"@type\":\"ListItem\",\"position\":4,\"name\":\"Wooden frame sauna, painted in red and white, with a terrace, porch, and shower 600300 \/ 18 m2\"}]},{\"@type\":\"WebSite\",\"@id\":\"https:\/\/timberrest.com\/en\/#website\",\"url\":\"https:\/\/timberrest.com\/en\/\",\"name\":\"Timberrest.com - didelis pir\u010di\u0173 ir karkasini\u0173 medini\u0173 nam\u0173 pasirinkimas\",\"description\":\"We gather a majority of sauna and cabin manufacturers in one place, so you will always find the best price\",\"potentialAction\":[{\"@type\":\"SearchAction\",\"target\":{\"@type\":\"EntryPoint\",\"urlTemplate\":\"https:\/\/timberrest.com\/en\/?s={search_term_string}\"},\"query-input\":\"required name=search_term_string\"}],\"inLanguage\":\"en-US\"}]}<\/script>\n<!-- \/ Yoast SEO plugin. -->","yoast_head_json":{"title":"Wooden frame sauna, painted in red and white, with a terrace, porch, and shower 600300 \/ 18 m2 - Timberrest.com - didelis pir\u010di\u0173 ir karkasini\u0173 medini\u0173 nam\u0173 pasirinkimas","robots":{"index":"index","follow":"follow","max-snippet":"max-snippet:-1","max-image-preview":"max-image-preview:large","max-video-preview":"max-video-preview:-1"},"canonical":"https:\/\/timberrest.com\/en\/produktas\/wooden-frame-sauna-painted-in-red-and-white-with-a-terrace-porch-and-shower-600300-18-m2\/","og_locale":"en_US","og_type":"article","og_title":"Wooden frame sauna, painted in red and white, with a terrace, porch, and shower 600300 \/ 18 m2 - Timberrest.com - didelis pir\u010di\u0173 ir karkasini\u0173 medini\u0173 nam\u0173 pasirinkimas","og_description":"Exterior:   Tin roof  Double glazed window with tempered glass, gray frame, 180 x 200 cm, facing the sauna area  Sliding three-part door, 250 x 200 cm  Exterior walls made from boards attached vertically and horizontally  Red and white painted boards  Entire structure wrapped in a wind- and moisture-resistant membrane  Entrance Zone:   Softwood boards used for walls, ceiling, and floor  Three ceiling-mounted lights  Three double sockets  Electrical panel (with an outdoor cable for easy power connection)  Walls and ceiling insulated with an additional membrane  Sauna Area:   Alder wood boards for walls and ceiling  Two-level alder bench that comfortably seats up to five people  Electric or wood-burning stove (your choice)  Walls and ceiling insulated with a heat-resistant membrane  Ventilation above the benches  Water drain under the benches  Terrace Area:   Five ceiling-mounted lights  &nbsp; Sauna Dimensions: Exterior Dimensions:   Length: 600 cm  Width: 300 cm  Height: 255 cm  Total area: 18 m\u00b2  Interior Dimensions:   Height: 225 cm (highest point)  Height: 190 cm (lowest point)  Sauna Zone:   Length: 200 cm  Width: 220 cm  Rest Zone:   Length: 370 cm  Width: 220 cm  Shower Zone:   Length: 80 cm  Width: 70 cm  Terrace:   Length: 570 cm  Width: 50 cm","og_url":"https:\/\/timberrest.com\/en\/produktas\/wooden-frame-sauna-painted-in-red-and-white-with-a-terrace-porch-and-shower-600300-18-m2\/","og_site_name":"Timberrest.com - didelis pir\u010di\u0173 ir karkasini\u0173 medini\u0173 nam\u0173 pasirinkimas","article_modified_time":"2024-11-06T10:18:57+00:00","og_image":[{"width":1920,"height":1080,"url":"https:\/\/timberrest.com\/wp-content\/uploads\/2023\/09\/Medine-karkasine-pirtis-raudonai-baltai-dazyta-su-terasa-priespirciu-dusu-600300-18m2-001.jpg","type":"image\/jpeg"}],"twitter_card":"summary_large_image","twitter_misc":{"Est. reading time":"1 minute"},"schema":{"@context":"https:\/\/schema.org","@graph":[{"@type":"WebPage","@id":"https:\/\/timberrest.com\/en\/produktas\/wooden-frame-sauna-painted-in-red-and-white-with-a-terrace-porch-and-shower-600300-18-m2\/","url":"https:\/\/timberrest.com\/en\/produktas\/wooden-frame-sauna-painted-in-red-and-white-with-a-terrace-porch-and-shower-600300-18-m2\/","name":"Wooden frame sauna, painted in red and white, with a terrace, porch, and shower 600300 \/ 18 m2 - Timberrest.com - didelis pir\u010di\u0173 ir karkasini\u0173 medini\u0173 nam\u0173 pasirinkimas","isPartOf":{"@id":"https:\/\/timberrest.com\/en\/#website"},"datePublished":"2023-09-24T11:49:35+00:00","dateModified":"2024-11-06T10:18:57+00:00","breadcrumb":{"@id":"https:\/\/timberrest.com\/en\/produktas\/wooden-frame-sauna-painted-in-red-and-white-with-a-terrace-porch-and-shower-600300-18-m2\/#breadcrumb"},"inLanguage":"en-US","potentialAction":[{"@type":"ReadAction","target":["https:\/\/timberrest.com\/en\/produktas\/wooden-frame-sauna-painted-in-red-and-white-with-a-terrace-porch-and-shower-600300-18-m2\/"]}]},{"@type":"BreadcrumbList","@id":"https:\/\/timberrest.com\/en\/produktas\/wooden-frame-sauna-painted-in-red-and-white-with-a-terrace-porch-and-shower-600300-18-m2\/#breadcrumb","itemListElement":[{"@type":"ListItem","position":1,"name":"Homepage","item":"https:\/\/timberrest.com\/en\/"},{"@type":"ListItem","position":2,"name":"Catalogue","item":"https:\/\/timberrest.com\/en\/shop\/"},{"@type":"ListItem","position":3,"name":"Saunas","item":"https:\/\/timberrest.com\/en\/produkto-kategorija\/saunas\/"},{"@type":"ListItem","position":4,"name":"Wooden frame sauna, painted in red and white, with a terrace, porch, and shower 600300 \/ 18 m2"}]},{"@type":"WebSite","@id":"https:\/\/timberrest.com\/en\/#website","url":"https:\/\/timberrest.com\/en\/","name":"Timberrest.com - didelis pir\u010di\u0173 ir karkasini\u0173 medini\u0173 nam\u0173 pasirinkimas","description":"We gather a majority of sauna and cabin manufacturers in one place, so you will always find the best price","potentialAction":[{"@type":"SearchAction","target":{"@type":"EntryPoint","urlTemplate":"https:\/\/timberrest.com\/en\/?s={search_term_string}"},"query-input":"required name=search_term_string"}],"inLanguage":"en-US"}]}},"_links":{"self":[{"href":"https:\/\/timberrest.com\/en\/wp-json\/wp\/v2\/product\/5288","targetHints":{"allow":["GET"]}}],"collection":[{"href":"https:\/\/timberrest.com\/en\/wp-json\/wp\/v2\/product"}],"about":[{"href":"https:\/\/timberrest.com\/en\/wp-json\/wp\/v2\/types\/product"}],"wp:featuredmedia":[{"embeddable":true,"href":"https:\/\/timberrest.com\/en\/wp-json\/wp\/v2\/media\/2552"}],"wp:attachment":[{"href":"https:\/\/timberrest.com\/en\/wp-json\/wp\/v2\/media?parent=5288"}],"wp:term":[{"taxonomy":"product_cat","embeddable":true,"href":"https:\/\/timberrest.com\/en\/wp-json\/wp\/v2\/product_cat?post=5288"},{"taxonomy":"product_tag","embeddable":true,"href":"https:\/\/timberrest.com\/en\/wp-json\/wp\/v2\/product_tag?post=5288"}],"curies":[{"name":"wp","href":"https:\/\/api.w.org\/{rel}","templated":true}]}}