{"id":5285,"date":"2023-09-23T21:18:58","date_gmt":"2023-09-23T18:18:58","guid":{"rendered":"https:\/\/timberrest.com\/produktas\/medine-karkasine-pirtis-su-juodomis-detales-terasa-slankiojanciomis-triju-daliu-durimis-ir-pasleptu-nuozulniu-stogu-500300-15-m2\/"},"modified":"2024-11-06T12:19:44","modified_gmt":"2024-11-06T10:19:44","slug":"wooden-frame-sauna-with-black-details-terrace-sliding-three-part-doors-and-a-concealed-sloping-roof-500300-15-m2","status":"publish","type":"product","link":"https:\/\/timberrest.com\/en\/produktas\/wooden-frame-sauna-with-black-details-terrace-sliding-three-part-doors-and-a-concealed-sloping-roof-500300-15-m2\/","title":{"rendered":"Wooden frame sauna with black details, terrace, sliding three-part doors, and a concealed sloping roof 500300 \/ 15 m2."},"content":{"rendered":"","protected":false},"excerpt":{"rendered":"<p><strong>Exterior:<\/strong><\/p>\n<p>Metal roof<br \/>\nGray-framed, toughened glass double window sized 180 x 200 cm into the sauna area<br \/>\nSliding three-part doors sized 215 x 200 cm<br \/>\nExterior walls made of vertically and horizontally screwed boards<br \/>\nGray-colored boards oiled twice in gray color<br \/>\nThe entire structure is &#8220;wrapped&#8221; with a wind and moisture-resistant membrane<\/p>\n<p><strong>Porch Area:<\/strong><\/p>\n<p>Spruce boards for walls, ceiling, and floor<br \/>\nTwo lamps installed in the ceiling<br \/>\nTwo double sockets<br \/>\nElectrical panel (wiring led outside, where you can easily connect electricity)<br \/>\nWalls and ceiling insulated with additional membrane<\/p>\n<p><strong>Sauna Area:<\/strong><\/p>\n<p>Black alder panels for walls and ceiling<br \/>\nA two-tier bed made of black alder, comfortably accommodating up to 5 people<br \/>\nElectric or wood-burning stove (according to your choice)<br \/>\nWalls and ceilings additionally insulated with a heat-resistant membrane<br \/>\nVentilation above the beds<br \/>\nWater trap under the beds<\/p>\n<p><strong>Terrace Area:<\/strong><\/p>\n<p>Four lamps installed in the ceiling<\/p>\n<p><strong>Sauna Dimensions:<\/strong><\/p>\n<p><strong>External dimensions:<\/strong><\/p>\n<p>length 500 cm<br \/>\nwidth 300 cm<br \/>\nheight 255 cm<br \/>\ntotal area: 15 m2<\/p>\n<p><strong>Internal dimensions:<\/strong><\/p>\n<p>height 225 cm (at the highest point)<br \/>\nheight 190 cm (at the lowest point)<\/p>\n<p>sauna area length 200 cm<br \/>\nsauna area width 225 cm<\/p>\n<p>rest area length 255 cm<br \/>\nrest area width 220 cm<\/p>\n<p>terrace length 470 cm<br \/>\nterrace width 50 cm<\/p>\n","protected":false},"featured_media":2374,"template":"","meta":{"_acf_changed":false},"product_cat":[120,124],"product_tag":[],"class_list":{"0":"post-5285","1":"product","2":"type-product","3":"status-publish","4":"has-post-thumbnail","6":"product_cat-saunas","7":"product_cat-frame-saunas","8":"pa_apsiltinimas-floors","9":"pa_apsiltinimas-roof","10":"pa_apsiltinimas-walls","11":"pa_krosnele-electric-stove","12":"pa_krosnele-wood-burning-stove","13":"pa_mediena-coniferous-wood","14":"pa_mediena-larch","15":"pa_mediena-red-cedar","16":"pa_mediena-thermowood","18":"first","19":"instock","20":"sold-individually","21":"shipping-taxable","22":"purchasable","23":"product-type-simple"},"acf":[],"yoast_head":"<!-- This site is optimized with the Yoast SEO plugin v22.0 - https:\/\/yoast.com\/wordpress\/plugins\/seo\/ -->\n<title>Wooden frame sauna with black details, terrace, sliding three-part doors, and a concealed sloping roof 500300 \/ 15 m2. - Timberrest.com - didelis pir\u010di\u0173 ir karkasini\u0173 medini\u0173 nam\u0173 pasirinkimas<\/title>\n<meta name=\"robots\" content=\"index, follow, max-snippet:-1, max-image-preview:large, max-video-preview:-1\" \/>\n<link rel=\"canonical\" href=\"https:\/\/timberrest.com\/en\/produktas\/wooden-frame-sauna-with-black-details-terrace-sliding-three-part-doors-and-a-concealed-sloping-roof-500300-15-m2\/\" \/>\n<meta property=\"og:locale\" content=\"en_US\" \/>\n<meta property=\"og:type\" content=\"article\" \/>\n<meta property=\"og:title\" content=\"Wooden frame sauna with black details, terrace, sliding three-part doors, and a concealed sloping roof 500300 \/ 15 m2. - Timberrest.com - didelis pir\u010di\u0173 ir karkasini\u0173 medini\u0173 nam\u0173 pasirinkimas\" \/>\n<meta property=\"og:description\" content=\"Exterior: Metal roof Gray-framed, toughened glass double window sized 180 x 200 cm into the sauna area Sliding three-part doors sized 215 x 200 cm Exterior walls made of vertically and horizontally screwed boards Gray-colored boards oiled twice in gray color The entire structure is &quot;wrapped&quot; with a wind and moisture-resistant membrane Porch Area: Spruce boards for walls, ceiling, and floor Two lamps installed in the ceiling Two double sockets Electrical panel (wiring led outside, where you can easily connect electricity) Walls and ceiling insulated with additional membrane Sauna Area: Black alder panels for walls and ceiling A two-tier bed made of black alder, comfortably accommodating up to 5 people Electric or wood-burning stove (according to your choice) Walls and ceilings additionally insulated with a heat-resistant membrane Ventilation above the beds Water trap under the beds Terrace Area: Four lamps installed in the ceiling Sauna Dimensions: External dimensions: length 500 cm width 300 cm height 255 cm total area: 15 m2 Internal dimensions: height 225 cm (at the highest point) height 190 cm (at the lowest point) sauna area length 200 cm sauna area width 225 cm rest area length 255 cm rest area width 220 cm terrace length 470 cm terrace width 50 cm\" \/>\n<meta property=\"og:url\" content=\"https:\/\/timberrest.com\/en\/produktas\/wooden-frame-sauna-with-black-details-terrace-sliding-three-part-doors-and-a-concealed-sloping-roof-500300-15-m2\/\" \/>\n<meta property=\"og:site_name\" content=\"Timberrest.com - didelis pir\u010di\u0173 ir karkasini\u0173 medini\u0173 nam\u0173 pasirinkimas\" \/>\n<meta property=\"article:modified_time\" content=\"2024-11-06T10:19:44+00:00\" \/>\n<meta property=\"og:image\" content=\"https:\/\/timberrest.com\/wp-content\/uploads\/2023\/09\/Medine-Karkasine-pirtis-su-terasa-priespirciu-ir-pasleptu-nuozulniu-stogu-002.jpg\" \/>\n\t<meta property=\"og:image:width\" content=\"1920\" \/>\n\t<meta property=\"og:image:height\" content=\"1080\" \/>\n\t<meta property=\"og:image:type\" content=\"image\/jpeg\" \/>\n<meta name=\"twitter:card\" content=\"summary_large_image\" \/>\n<meta name=\"twitter:label1\" content=\"Est. reading time\" \/>\n\t<meta name=\"twitter:data1\" content=\"1 minute\" \/>\n<script type=\"application\/ld+json\" class=\"yoast-schema-graph\">{\"@context\":\"https:\/\/schema.org\",\"@graph\":[{\"@type\":\"WebPage\",\"@id\":\"https:\/\/timberrest.com\/en\/produktas\/wooden-frame-sauna-with-black-details-terrace-sliding-three-part-doors-and-a-concealed-sloping-roof-500300-15-m2\/\",\"url\":\"https:\/\/timberrest.com\/en\/produktas\/wooden-frame-sauna-with-black-details-terrace-sliding-three-part-doors-and-a-concealed-sloping-roof-500300-15-m2\/\",\"name\":\"Wooden frame sauna with black details, terrace, sliding three-part doors, and a concealed sloping roof 500300 \/ 15 m2. - Timberrest.com - didelis pir\u010di\u0173 ir karkasini\u0173 medini\u0173 nam\u0173 pasirinkimas\",\"isPartOf\":{\"@id\":\"https:\/\/timberrest.com\/en\/#website\"},\"datePublished\":\"2023-09-23T18:18:58+00:00\",\"dateModified\":\"2024-11-06T10:19:44+00:00\",\"breadcrumb\":{\"@id\":\"https:\/\/timberrest.com\/en\/produktas\/wooden-frame-sauna-with-black-details-terrace-sliding-three-part-doors-and-a-concealed-sloping-roof-500300-15-m2\/#breadcrumb\"},\"inLanguage\":\"en-US\",\"potentialAction\":[{\"@type\":\"ReadAction\",\"target\":[\"https:\/\/timberrest.com\/en\/produktas\/wooden-frame-sauna-with-black-details-terrace-sliding-three-part-doors-and-a-concealed-sloping-roof-500300-15-m2\/\"]}]},{\"@type\":\"BreadcrumbList\",\"@id\":\"https:\/\/timberrest.com\/en\/produktas\/wooden-frame-sauna-with-black-details-terrace-sliding-three-part-doors-and-a-concealed-sloping-roof-500300-15-m2\/#breadcrumb\",\"itemListElement\":[{\"@type\":\"ListItem\",\"position\":1,\"name\":\"Homepage\",\"item\":\"https:\/\/timberrest.com\/en\/\"},{\"@type\":\"ListItem\",\"position\":2,\"name\":\"Catalogue\",\"item\":\"https:\/\/timberrest.com\/en\/shop\/\"},{\"@type\":\"ListItem\",\"position\":3,\"name\":\"Saunas\",\"item\":\"https:\/\/timberrest.com\/en\/produkto-kategorija\/saunas\/\"},{\"@type\":\"ListItem\",\"position\":4,\"name\":\"Wooden frame sauna with black details, terrace, sliding three-part doors, and a concealed sloping roof 500300 \/ 15 m2.\"}]},{\"@type\":\"WebSite\",\"@id\":\"https:\/\/timberrest.com\/en\/#website\",\"url\":\"https:\/\/timberrest.com\/en\/\",\"name\":\"Timberrest.com - didelis pir\u010di\u0173 ir karkasini\u0173 medini\u0173 nam\u0173 pasirinkimas\",\"description\":\"We gather a majority of sauna and cabin manufacturers in one place, so you will always find the best price\",\"potentialAction\":[{\"@type\":\"SearchAction\",\"target\":{\"@type\":\"EntryPoint\",\"urlTemplate\":\"https:\/\/timberrest.com\/en\/?s={search_term_string}\"},\"query-input\":\"required name=search_term_string\"}],\"inLanguage\":\"en-US\"}]}<\/script>\n<!-- \/ Yoast SEO plugin. -->","yoast_head_json":{"title":"Wooden frame sauna with black details, terrace, sliding three-part doors, and a concealed sloping roof 500300 \/ 15 m2. - Timberrest.com - didelis pir\u010di\u0173 ir karkasini\u0173 medini\u0173 nam\u0173 pasirinkimas","robots":{"index":"index","follow":"follow","max-snippet":"max-snippet:-1","max-image-preview":"max-image-preview:large","max-video-preview":"max-video-preview:-1"},"canonical":"https:\/\/timberrest.com\/en\/produktas\/wooden-frame-sauna-with-black-details-terrace-sliding-three-part-doors-and-a-concealed-sloping-roof-500300-15-m2\/","og_locale":"en_US","og_type":"article","og_title":"Wooden frame sauna with black details, terrace, sliding three-part doors, and a concealed sloping roof 500300 \/ 15 m2. - Timberrest.com - didelis pir\u010di\u0173 ir karkasini\u0173 medini\u0173 nam\u0173 pasirinkimas","og_description":"Exterior: Metal roof Gray-framed, toughened glass double window sized 180 x 200 cm into the sauna area Sliding three-part doors sized 215 x 200 cm Exterior walls made of vertically and horizontally screwed boards Gray-colored boards oiled twice in gray color The entire structure is \"wrapped\" with a wind and moisture-resistant membrane Porch Area: Spruce boards for walls, ceiling, and floor Two lamps installed in the ceiling Two double sockets Electrical panel (wiring led outside, where you can easily connect electricity) Walls and ceiling insulated with additional membrane Sauna Area: Black alder panels for walls and ceiling A two-tier bed made of black alder, comfortably accommodating up to 5 people Electric or wood-burning stove (according to your choice) Walls and ceilings additionally insulated with a heat-resistant membrane Ventilation above the beds Water trap under the beds Terrace Area: Four lamps installed in the ceiling Sauna Dimensions: External dimensions: length 500 cm width 300 cm height 255 cm total area: 15 m2 Internal dimensions: height 225 cm (at the highest point) height 190 cm (at the lowest point) sauna area length 200 cm sauna area width 225 cm rest area length 255 cm rest area width 220 cm terrace length 470 cm terrace width 50 cm","og_url":"https:\/\/timberrest.com\/en\/produktas\/wooden-frame-sauna-with-black-details-terrace-sliding-three-part-doors-and-a-concealed-sloping-roof-500300-15-m2\/","og_site_name":"Timberrest.com - didelis pir\u010di\u0173 ir karkasini\u0173 medini\u0173 nam\u0173 pasirinkimas","article_modified_time":"2024-11-06T10:19:44+00:00","og_image":[{"width":1920,"height":1080,"url":"https:\/\/timberrest.com\/wp-content\/uploads\/2023\/09\/Medine-Karkasine-pirtis-su-terasa-priespirciu-ir-pasleptu-nuozulniu-stogu-002.jpg","type":"image\/jpeg"}],"twitter_card":"summary_large_image","twitter_misc":{"Est. reading time":"1 minute"},"schema":{"@context":"https:\/\/schema.org","@graph":[{"@type":"WebPage","@id":"https:\/\/timberrest.com\/en\/produktas\/wooden-frame-sauna-with-black-details-terrace-sliding-three-part-doors-and-a-concealed-sloping-roof-500300-15-m2\/","url":"https:\/\/timberrest.com\/en\/produktas\/wooden-frame-sauna-with-black-details-terrace-sliding-three-part-doors-and-a-concealed-sloping-roof-500300-15-m2\/","name":"Wooden frame sauna with black details, terrace, sliding three-part doors, and a concealed sloping roof 500300 \/ 15 m2. - Timberrest.com - didelis pir\u010di\u0173 ir karkasini\u0173 medini\u0173 nam\u0173 pasirinkimas","isPartOf":{"@id":"https:\/\/timberrest.com\/en\/#website"},"datePublished":"2023-09-23T18:18:58+00:00","dateModified":"2024-11-06T10:19:44+00:00","breadcrumb":{"@id":"https:\/\/timberrest.com\/en\/produktas\/wooden-frame-sauna-with-black-details-terrace-sliding-three-part-doors-and-a-concealed-sloping-roof-500300-15-m2\/#breadcrumb"},"inLanguage":"en-US","potentialAction":[{"@type":"ReadAction","target":["https:\/\/timberrest.com\/en\/produktas\/wooden-frame-sauna-with-black-details-terrace-sliding-three-part-doors-and-a-concealed-sloping-roof-500300-15-m2\/"]}]},{"@type":"BreadcrumbList","@id":"https:\/\/timberrest.com\/en\/produktas\/wooden-frame-sauna-with-black-details-terrace-sliding-three-part-doors-and-a-concealed-sloping-roof-500300-15-m2\/#breadcrumb","itemListElement":[{"@type":"ListItem","position":1,"name":"Homepage","item":"https:\/\/timberrest.com\/en\/"},{"@type":"ListItem","position":2,"name":"Catalogue","item":"https:\/\/timberrest.com\/en\/shop\/"},{"@type":"ListItem","position":3,"name":"Saunas","item":"https:\/\/timberrest.com\/en\/produkto-kategorija\/saunas\/"},{"@type":"ListItem","position":4,"name":"Wooden frame sauna with black details, terrace, sliding three-part doors, and a concealed sloping roof 500300 \/ 15 m2."}]},{"@type":"WebSite","@id":"https:\/\/timberrest.com\/en\/#website","url":"https:\/\/timberrest.com\/en\/","name":"Timberrest.com - didelis pir\u010di\u0173 ir karkasini\u0173 medini\u0173 nam\u0173 pasirinkimas","description":"We gather a majority of sauna and cabin manufacturers in one place, so you will always find the best price","potentialAction":[{"@type":"SearchAction","target":{"@type":"EntryPoint","urlTemplate":"https:\/\/timberrest.com\/en\/?s={search_term_string}"},"query-input":"required name=search_term_string"}],"inLanguage":"en-US"}]}},"_links":{"self":[{"href":"https:\/\/timberrest.com\/en\/wp-json\/wp\/v2\/product\/5285","targetHints":{"allow":["GET"]}}],"collection":[{"href":"https:\/\/timberrest.com\/en\/wp-json\/wp\/v2\/product"}],"about":[{"href":"https:\/\/timberrest.com\/en\/wp-json\/wp\/v2\/types\/product"}],"wp:featuredmedia":[{"embeddable":true,"href":"https:\/\/timberrest.com\/en\/wp-json\/wp\/v2\/media\/2374"}],"wp:attachment":[{"href":"https:\/\/timberrest.com\/en\/wp-json\/wp\/v2\/media?parent=5285"}],"wp:term":[{"taxonomy":"product_cat","embeddable":true,"href":"https:\/\/timberrest.com\/en\/wp-json\/wp\/v2\/product_cat?post=5285"},{"taxonomy":"product_tag","embeddable":true,"href":"https:\/\/timberrest.com\/en\/wp-json\/wp\/v2\/product_tag?post=5285"}],"curies":[{"name":"wp","href":"https:\/\/api.w.org\/{rel}","templated":true}]}}