{"id":5282,"date":"2023-09-13T11:43:00","date_gmt":"2023-09-13T08:43:00","guid":{"rendered":"https:\/\/timberrest.com\/produktas\/medine-xl-dydzio-karkasine-pirtis-su-nedidele-terasa-priespirciu-bei-daug-langu-620260-1612-m2\/"},"modified":"2024-11-06T12:20:33","modified_gmt":"2024-11-06T10:20:33","slug":"xl-sized-wooden-frame-sauna-with-a-small-terrace-a-porch-and-many-windows-620260-16-12-m2","status":"publish","type":"product","link":"https:\/\/timberrest.com\/en\/produktas\/xl-sized-wooden-frame-sauna-with-a-small-terrace-a-porch-and-many-windows-620260-16-12-m2\/","title":{"rendered":"XL-sized wooden frame sauna with a small terrace, a porch, and many windows 620260 \/ 16.12 m2"},"content":{"rendered":"","protected":false},"excerpt":{"rendered":"<p><strong>Exterior:<\/strong><\/p>\n<p>Metal roof<br \/>\nOn the side, in the porch area, one black-framed plastic window sized 180 x 80 cm<br \/>\nOn the side, in the sauna area, two black-framed toughened glass windows sized 180 x 80 cm<br \/>\nAt the front, large plastic windows with doors in a black frame<br \/>\nExterior walls made of vertically and horizontally screwed boards<br \/>\nThe entire structure is &#8220;wrapped&#8221; with a wind and moisture-resistant membrane<br \/>\nHorizontal boards oiled in gray color \/ Vertical boards oiled in black color<br \/>\nFour lamps hung on the wall<\/p>\n<p><strong>Sauna Area:<\/strong><\/p>\n<p>Black alder panels for walls and ceiling<br \/>\nA two-tier bed made of black alder, comfortably accommodating up to 5 people<br \/>\nLED lighting installed on the wall, behind the beds<br \/>\nLED lighting installed under the beds<br \/>\nElectric or wood-burning stove (according to your choice)<br \/>\nWalls and ceilings additionally insulated with a heat-resistant membrane<br \/>\nWaterproof tarp under the beds<br \/>\nVentilation above the beds<\/p>\n<p><strong>Porch Area:<\/strong><\/p>\n<p>Spruce boards for walls, ceiling, and floor<br \/>\nFour lamps installed in the ceiling<br \/>\n3 double sockets<br \/>\nElectrical panel (wiring led outside, where you can easily connect electricity)<br \/>\nWalls and ceiling insulated with additional membrane<\/p>\n<p><strong>Terrace:<\/strong><\/p>\n<p>Two lamps installed in the ceiling<\/p>\n<p><strong>Sauna Dimensions:<\/strong><\/p>\n<p><strong>External dimensions:<\/strong><\/p>\n<p>length 620 cm<br \/>\nwidth 260 cm<br \/>\nheight 265 cm (at the highest point)<br \/>\nheight 215 cm (at the lowest point)<br \/>\ntotal area: 16.12 m2<\/p>\n<p><strong>Internal dimensions:<\/strong><\/p>\n<p>height 220 cm (at the highest point)<br \/>\nheight 180 cm (at the lowest point)<\/p>\n<p>sauna area length 340 cm<br \/>\nsauna area width 220 cm<\/p>\n<p>rest area length 200 cm<br \/>\nrest area width 220 cm<\/p>\n<p>terrace width 40 cm<\/p>\n","protected":false},"featured_media":2126,"template":"","meta":{"_acf_changed":false},"product_cat":[120,124],"product_tag":[],"class_list":{"0":"post-5282","1":"product","2":"type-product","3":"status-publish","4":"has-post-thumbnail","6":"product_cat-saunas","7":"product_cat-frame-saunas","8":"pa_apsiltinimas-floors","9":"pa_apsiltinimas-roof","10":"pa_apsiltinimas-walls","11":"pa_krosnele-electric-stove","12":"pa_krosnele-wood-burning-stove","13":"pa_mediena-coniferous-wood","14":"pa_mediena-larch","15":"pa_mediena-red-cedar","16":"pa_mediena-thermowood","18":"first","19":"instock","20":"sold-individually","21":"shipping-taxable","22":"purchasable","23":"product-type-simple"},"acf":[],"yoast_head":"<!-- This site is optimized with the Yoast SEO plugin v22.0 - https:\/\/yoast.com\/wordpress\/plugins\/seo\/ -->\n<title>XL-sized wooden frame sauna with a small terrace, a porch, and many windows 620260 \/ 16.12 m2 - Timberrest.com - didelis pir\u010di\u0173 ir karkasini\u0173 medini\u0173 nam\u0173 pasirinkimas<\/title>\n<meta name=\"robots\" content=\"index, follow, max-snippet:-1, max-image-preview:large, max-video-preview:-1\" \/>\n<link rel=\"canonical\" href=\"https:\/\/timberrest.com\/en\/produktas\/xl-sized-wooden-frame-sauna-with-a-small-terrace-a-porch-and-many-windows-620260-16-12-m2\/\" \/>\n<meta property=\"og:locale\" content=\"en_US\" \/>\n<meta property=\"og:type\" content=\"article\" \/>\n<meta property=\"og:title\" content=\"XL-sized wooden frame sauna with a small terrace, a porch, and many windows 620260 \/ 16.12 m2 - Timberrest.com - didelis pir\u010di\u0173 ir karkasini\u0173 medini\u0173 nam\u0173 pasirinkimas\" \/>\n<meta property=\"og:description\" content=\"Exterior: Metal roof On the side, in the porch area, one black-framed plastic window sized 180 x 80 cm On the side, in the sauna area, two black-framed toughened glass windows sized 180 x 80 cm At the front, large plastic windows with doors in a black frame Exterior walls made of vertically and horizontally screwed boards The entire structure is &quot;wrapped&quot; with a wind and moisture-resistant membrane Horizontal boards oiled in gray color \/ Vertical boards oiled in black color Four lamps hung on the wall Sauna Area: Black alder panels for walls and ceiling A two-tier bed made of black alder, comfortably accommodating up to 5 people LED lighting installed on the wall, behind the beds LED lighting installed under the beds Electric or wood-burning stove (according to your choice) Walls and ceilings additionally insulated with a heat-resistant membrane Waterproof tarp under the beds Ventilation above the beds Porch Area: Spruce boards for walls, ceiling, and floor Four lamps installed in the ceiling 3 double sockets Electrical panel (wiring led outside, where you can easily connect electricity) Walls and ceiling insulated with additional membrane Terrace: Two lamps installed in the ceiling Sauna Dimensions: External dimensions: length 620 cm width 260 cm height 265 cm (at the highest point) height 215 cm (at the lowest point) total area: 16.12 m2 Internal dimensions: height 220 cm (at the highest point) height 180 cm (at the lowest point) sauna area length 340 cm sauna area width 220 cm rest area length 200 cm rest area width 220 cm terrace width 40 cm\" \/>\n<meta property=\"og:url\" content=\"https:\/\/timberrest.com\/en\/produktas\/xl-sized-wooden-frame-sauna-with-a-small-terrace-a-porch-and-many-windows-620260-16-12-m2\/\" \/>\n<meta property=\"og:site_name\" content=\"Timberrest.com - didelis pir\u010di\u0173 ir karkasini\u0173 medini\u0173 nam\u0173 pasirinkimas\" \/>\n<meta property=\"article:modified_time\" content=\"2024-11-06T10:20:33+00:00\" \/>\n<meta property=\"og:image\" content=\"https:\/\/timberrest.com\/wp-content\/uploads\/2023\/09\/XL-dydzio-pirtis-su-priespirciu-ir-nedidele-terasa-vitrininiai-langai-001.jpg\" \/>\n\t<meta property=\"og:image:width\" content=\"1920\" \/>\n\t<meta property=\"og:image:height\" content=\"1080\" \/>\n\t<meta property=\"og:image:type\" content=\"image\/jpeg\" \/>\n<meta name=\"twitter:card\" content=\"summary_large_image\" \/>\n<meta name=\"twitter:label1\" content=\"Est. reading time\" \/>\n\t<meta name=\"twitter:data1\" content=\"1 minute\" \/>\n<script type=\"application\/ld+json\" class=\"yoast-schema-graph\">{\"@context\":\"https:\/\/schema.org\",\"@graph\":[{\"@type\":\"WebPage\",\"@id\":\"https:\/\/timberrest.com\/en\/produktas\/xl-sized-wooden-frame-sauna-with-a-small-terrace-a-porch-and-many-windows-620260-16-12-m2\/\",\"url\":\"https:\/\/timberrest.com\/en\/produktas\/xl-sized-wooden-frame-sauna-with-a-small-terrace-a-porch-and-many-windows-620260-16-12-m2\/\",\"name\":\"XL-sized wooden frame sauna with a small terrace, a porch, and many windows 620260 \/ 16.12 m2 - Timberrest.com - didelis pir\u010di\u0173 ir karkasini\u0173 medini\u0173 nam\u0173 pasirinkimas\",\"isPartOf\":{\"@id\":\"https:\/\/timberrest.com\/en\/#website\"},\"datePublished\":\"2023-09-13T08:43:00+00:00\",\"dateModified\":\"2024-11-06T10:20:33+00:00\",\"breadcrumb\":{\"@id\":\"https:\/\/timberrest.com\/en\/produktas\/xl-sized-wooden-frame-sauna-with-a-small-terrace-a-porch-and-many-windows-620260-16-12-m2\/#breadcrumb\"},\"inLanguage\":\"en-US\",\"potentialAction\":[{\"@type\":\"ReadAction\",\"target\":[\"https:\/\/timberrest.com\/en\/produktas\/xl-sized-wooden-frame-sauna-with-a-small-terrace-a-porch-and-many-windows-620260-16-12-m2\/\"]}]},{\"@type\":\"BreadcrumbList\",\"@id\":\"https:\/\/timberrest.com\/en\/produktas\/xl-sized-wooden-frame-sauna-with-a-small-terrace-a-porch-and-many-windows-620260-16-12-m2\/#breadcrumb\",\"itemListElement\":[{\"@type\":\"ListItem\",\"position\":1,\"name\":\"Homepage\",\"item\":\"https:\/\/timberrest.com\/en\/\"},{\"@type\":\"ListItem\",\"position\":2,\"name\":\"Catalogue\",\"item\":\"https:\/\/timberrest.com\/en\/shop\/\"},{\"@type\":\"ListItem\",\"position\":3,\"name\":\"Saunas\",\"item\":\"https:\/\/timberrest.com\/en\/produkto-kategorija\/saunas\/\"},{\"@type\":\"ListItem\",\"position\":4,\"name\":\"XL-sized wooden frame sauna with a small terrace, a porch, and many windows 620260 \/ 16.12 m2\"}]},{\"@type\":\"WebSite\",\"@id\":\"https:\/\/timberrest.com\/en\/#website\",\"url\":\"https:\/\/timberrest.com\/en\/\",\"name\":\"Timberrest.com - didelis pir\u010di\u0173 ir karkasini\u0173 medini\u0173 nam\u0173 pasirinkimas\",\"description\":\"We gather a majority of sauna and cabin manufacturers in one place, so you will always find the best price\",\"potentialAction\":[{\"@type\":\"SearchAction\",\"target\":{\"@type\":\"EntryPoint\",\"urlTemplate\":\"https:\/\/timberrest.com\/en\/?s={search_term_string}\"},\"query-input\":\"required name=search_term_string\"}],\"inLanguage\":\"en-US\"}]}<\/script>\n<!-- \/ Yoast SEO plugin. -->","yoast_head_json":{"title":"XL-sized wooden frame sauna with a small terrace, a porch, and many windows 620260 \/ 16.12 m2 - Timberrest.com - didelis pir\u010di\u0173 ir karkasini\u0173 medini\u0173 nam\u0173 pasirinkimas","robots":{"index":"index","follow":"follow","max-snippet":"max-snippet:-1","max-image-preview":"max-image-preview:large","max-video-preview":"max-video-preview:-1"},"canonical":"https:\/\/timberrest.com\/en\/produktas\/xl-sized-wooden-frame-sauna-with-a-small-terrace-a-porch-and-many-windows-620260-16-12-m2\/","og_locale":"en_US","og_type":"article","og_title":"XL-sized wooden frame sauna with a small terrace, a porch, and many windows 620260 \/ 16.12 m2 - Timberrest.com - didelis pir\u010di\u0173 ir karkasini\u0173 medini\u0173 nam\u0173 pasirinkimas","og_description":"Exterior: Metal roof On the side, in the porch area, one black-framed plastic window sized 180 x 80 cm On the side, in the sauna area, two black-framed toughened glass windows sized 180 x 80 cm At the front, large plastic windows with doors in a black frame Exterior walls made of vertically and horizontally screwed boards The entire structure is \"wrapped\" with a wind and moisture-resistant membrane Horizontal boards oiled in gray color \/ Vertical boards oiled in black color Four lamps hung on the wall Sauna Area: Black alder panels for walls and ceiling A two-tier bed made of black alder, comfortably accommodating up to 5 people LED lighting installed on the wall, behind the beds LED lighting installed under the beds Electric or wood-burning stove (according to your choice) Walls and ceilings additionally insulated with a heat-resistant membrane Waterproof tarp under the beds Ventilation above the beds Porch Area: Spruce boards for walls, ceiling, and floor Four lamps installed in the ceiling 3 double sockets Electrical panel (wiring led outside, where you can easily connect electricity) Walls and ceiling insulated with additional membrane Terrace: Two lamps installed in the ceiling Sauna Dimensions: External dimensions: length 620 cm width 260 cm height 265 cm (at the highest point) height 215 cm (at the lowest point) total area: 16.12 m2 Internal dimensions: height 220 cm (at the highest point) height 180 cm (at the lowest point) sauna area length 340 cm sauna area width 220 cm rest area length 200 cm rest area width 220 cm terrace width 40 cm","og_url":"https:\/\/timberrest.com\/en\/produktas\/xl-sized-wooden-frame-sauna-with-a-small-terrace-a-porch-and-many-windows-620260-16-12-m2\/","og_site_name":"Timberrest.com - didelis pir\u010di\u0173 ir karkasini\u0173 medini\u0173 nam\u0173 pasirinkimas","article_modified_time":"2024-11-06T10:20:33+00:00","og_image":[{"width":1920,"height":1080,"url":"https:\/\/timberrest.com\/wp-content\/uploads\/2023\/09\/XL-dydzio-pirtis-su-priespirciu-ir-nedidele-terasa-vitrininiai-langai-001.jpg","type":"image\/jpeg"}],"twitter_card":"summary_large_image","twitter_misc":{"Est. reading time":"1 minute"},"schema":{"@context":"https:\/\/schema.org","@graph":[{"@type":"WebPage","@id":"https:\/\/timberrest.com\/en\/produktas\/xl-sized-wooden-frame-sauna-with-a-small-terrace-a-porch-and-many-windows-620260-16-12-m2\/","url":"https:\/\/timberrest.com\/en\/produktas\/xl-sized-wooden-frame-sauna-with-a-small-terrace-a-porch-and-many-windows-620260-16-12-m2\/","name":"XL-sized wooden frame sauna with a small terrace, a porch, and many windows 620260 \/ 16.12 m2 - Timberrest.com - didelis pir\u010di\u0173 ir karkasini\u0173 medini\u0173 nam\u0173 pasirinkimas","isPartOf":{"@id":"https:\/\/timberrest.com\/en\/#website"},"datePublished":"2023-09-13T08:43:00+00:00","dateModified":"2024-11-06T10:20:33+00:00","breadcrumb":{"@id":"https:\/\/timberrest.com\/en\/produktas\/xl-sized-wooden-frame-sauna-with-a-small-terrace-a-porch-and-many-windows-620260-16-12-m2\/#breadcrumb"},"inLanguage":"en-US","potentialAction":[{"@type":"ReadAction","target":["https:\/\/timberrest.com\/en\/produktas\/xl-sized-wooden-frame-sauna-with-a-small-terrace-a-porch-and-many-windows-620260-16-12-m2\/"]}]},{"@type":"BreadcrumbList","@id":"https:\/\/timberrest.com\/en\/produktas\/xl-sized-wooden-frame-sauna-with-a-small-terrace-a-porch-and-many-windows-620260-16-12-m2\/#breadcrumb","itemListElement":[{"@type":"ListItem","position":1,"name":"Homepage","item":"https:\/\/timberrest.com\/en\/"},{"@type":"ListItem","position":2,"name":"Catalogue","item":"https:\/\/timberrest.com\/en\/shop\/"},{"@type":"ListItem","position":3,"name":"Saunas","item":"https:\/\/timberrest.com\/en\/produkto-kategorija\/saunas\/"},{"@type":"ListItem","position":4,"name":"XL-sized wooden frame sauna with a small terrace, a porch, and many windows 620260 \/ 16.12 m2"}]},{"@type":"WebSite","@id":"https:\/\/timberrest.com\/en\/#website","url":"https:\/\/timberrest.com\/en\/","name":"Timberrest.com - didelis pir\u010di\u0173 ir karkasini\u0173 medini\u0173 nam\u0173 pasirinkimas","description":"We gather a majority of sauna and cabin manufacturers in one place, so you will always find the best price","potentialAction":[{"@type":"SearchAction","target":{"@type":"EntryPoint","urlTemplate":"https:\/\/timberrest.com\/en\/?s={search_term_string}"},"query-input":"required name=search_term_string"}],"inLanguage":"en-US"}]}},"_links":{"self":[{"href":"https:\/\/timberrest.com\/en\/wp-json\/wp\/v2\/product\/5282","targetHints":{"allow":["GET"]}}],"collection":[{"href":"https:\/\/timberrest.com\/en\/wp-json\/wp\/v2\/product"}],"about":[{"href":"https:\/\/timberrest.com\/en\/wp-json\/wp\/v2\/types\/product"}],"wp:featuredmedia":[{"embeddable":true,"href":"https:\/\/timberrest.com\/en\/wp-json\/wp\/v2\/media\/2126"}],"wp:attachment":[{"href":"https:\/\/timberrest.com\/en\/wp-json\/wp\/v2\/media?parent=5282"}],"wp:term":[{"taxonomy":"product_cat","embeddable":true,"href":"https:\/\/timberrest.com\/en\/wp-json\/wp\/v2\/product_cat?post=5282"},{"taxonomy":"product_tag","embeddable":true,"href":"https:\/\/timberrest.com\/en\/wp-json\/wp\/v2\/product_tag?post=5282"}],"curies":[{"name":"wp","href":"https:\/\/api.w.org\/{rel}","templated":true}]}}