{"id":5279,"date":"2023-09-12T11:16:35","date_gmt":"2023-09-12T08:16:35","guid":{"rendered":"https:\/\/timberrest.com\/produktas\/medine-xxl-dydzio-karkasine-pirtis-su-priespirciu-dusu-ir-dideliu-vitrininiu-langu-pirtyje-400600-24-m2\/"},"modified":"2024-11-06T12:24:07","modified_gmt":"2024-11-06T10:24:07","slug":"xxl-sized-wooden-frame-sauna-with-a-anteroom-shower-and-a-large-glass-window-in-the-sauna-area-400600-24-m2","status":"publish","type":"product","link":"https:\/\/timberrest.com\/en\/produktas\/xxl-sized-wooden-frame-sauna-with-a-anteroom-shower-and-a-large-glass-window-in-the-sauna-area-400600-24-m2\/","title":{"rendered":"XXL-sized wooden frame sauna with a anteroom, shower, and a large glass window in the sauna area 400600 \/ 24 m2"},"content":{"rendered":"","protected":false},"excerpt":{"rendered":"<p><strong>Exterior:<\/strong><\/p>\n<p>Sheet metal roof<br \/>\nTempered glass window in the sauna area sized 200 x 200 cm<br \/>\nTempered glass window in the sauna area sized 50 x 50 cm<br \/>\nEntrance door (glass panels) sized 200 x 100 cm<br \/>\nDouble-glazed window with two chambers sized 200 x 100 cm<br \/>\nHorizontal screwed planks used for the construction of external walls<br \/>\nThe entire structure is covered with a weather and moisture-resistant membrane<br \/>\nTwo outdoor lamps mounted on the wall<\/p>\n<p><strong>Sauna area:<\/strong><\/p>\n<p>Black alder planks used for walls and ceilings<br \/>\nTwo-level bed made of black alder, accommodating up to 6 people comfortably<br \/>\nLED lighting under the benches<br \/>\nSauna lamp above the door<br \/>\nElectric or wood-burning stove (according to your preference)<br \/>\nWalls and ceilings additionally insulated with a heat-resistant membrane<br \/>\nWater trap under the beds<br \/>\nVentilation above the beds<\/p>\n<p><strong>Anteroom area:<\/strong><\/p>\n<p>Spygliuo\u010dio wood planks used for walls, ceilings, and floors<br \/>\nA total of 10 lights installed in the ceiling<br \/>\n3 double sockets<br \/>\nElectrical panel (cable led outside for easy connection to electricity)<br \/>\nWalls and ceilings additionally insulated with an additional membrane<\/p>\n<p><strong>Shower area:<\/strong><\/p>\n<p>Spygliuo\u010dio wood planks used for walls and ceilings<br \/>\nWater pipe brought in for water connection<br \/>\nShower cabin base in the floor and drainage to the outside<\/p>\n<p><strong>Sauna dimensions:<\/strong><\/p>\n<p><strong>External dimensions:<\/strong><\/p>\n<p>Length: 600 cm<br \/>\nWidth: 400 cm<br \/>\nHeight: 290 cm (at the highest point)<br \/>\nHeight: 230 cm (at the lowest point)<br \/>\nTotal area: 24 m2<\/p>\n<p><strong>Internal dimensions:<\/strong><\/p>\n<p>Height: 250 cm (at the highest point)<br \/>\nHeight: 195 cm (at the lowest point)<br \/>\nSauna area length: 285 cm<br \/>\nSauna area width: 275 cm<\/p>\n<p>Rest area length: 260 cm<br \/>\nRest area width: 275 cm<\/p>\n<p>Shower area length: 160 cm<br \/>\nShower area width: 75 cm<\/p>\n","protected":false},"featured_media":2121,"template":"","meta":{"_acf_changed":false},"product_cat":[120,124],"product_tag":[],"class_list":{"0":"post-5279","1":"product","2":"type-product","3":"status-publish","4":"has-post-thumbnail","6":"product_cat-saunas","7":"product_cat-frame-saunas","8":"pa_apsiltinimas-floors","9":"pa_apsiltinimas-roof","10":"pa_apsiltinimas-walls","11":"pa_krosnele-electric-stove","12":"pa_krosnele-wood-burning-stove","13":"pa_mediena-coniferous-wood","14":"pa_mediena-larch","15":"pa_mediena-red-cedar","16":"pa_mediena-thermowood","18":"first","19":"instock","20":"sold-individually","21":"shipping-taxable","22":"purchasable","23":"product-type-simple"},"acf":[],"yoast_head":"<!-- This site is optimized with the Yoast SEO plugin v22.0 - https:\/\/yoast.com\/wordpress\/plugins\/seo\/ -->\n<title>XXL-sized wooden frame sauna with a anteroom, shower, and a large glass window in the sauna area 400600 \/ 24 m2 - Timberrest.com - didelis pir\u010di\u0173 ir karkasini\u0173 medini\u0173 nam\u0173 pasirinkimas<\/title>\n<meta name=\"robots\" content=\"index, follow, max-snippet:-1, max-image-preview:large, max-video-preview:-1\" \/>\n<link rel=\"canonical\" href=\"https:\/\/timberrest.com\/en\/produktas\/xxl-sized-wooden-frame-sauna-with-a-anteroom-shower-and-a-large-glass-window-in-the-sauna-area-400600-24-m2\/\" \/>\n<meta property=\"og:locale\" content=\"en_US\" \/>\n<meta property=\"og:type\" content=\"article\" \/>\n<meta property=\"og:title\" content=\"XXL-sized wooden frame sauna with a anteroom, shower, and a large glass window in the sauna area 400600 \/ 24 m2 - Timberrest.com - didelis pir\u010di\u0173 ir karkasini\u0173 medini\u0173 nam\u0173 pasirinkimas\" \/>\n<meta property=\"og:description\" content=\"Exterior: Sheet metal roof Tempered glass window in the sauna area sized 200 x 200 cm Tempered glass window in the sauna area sized 50 x 50 cm Entrance door (glass panels) sized 200 x 100 cm Double-glazed window with two chambers sized 200 x 100 cm Horizontal screwed planks used for the construction of external walls The entire structure is covered with a weather and moisture-resistant membrane Two outdoor lamps mounted on the wall Sauna area: Black alder planks used for walls and ceilings Two-level bed made of black alder, accommodating up to 6 people comfortably LED lighting under the benches Sauna lamp above the door Electric or wood-burning stove (according to your preference) Walls and ceilings additionally insulated with a heat-resistant membrane Water trap under the beds Ventilation above the beds Anteroom area: Spygliuo\u010dio wood planks used for walls, ceilings, and floors A total of 10 lights installed in the ceiling 3 double sockets Electrical panel (cable led outside for easy connection to electricity) Walls and ceilings additionally insulated with an additional membrane Shower area: Spygliuo\u010dio wood planks used for walls and ceilings Water pipe brought in for water connection Shower cabin base in the floor and drainage to the outside Sauna dimensions: External dimensions: Length: 600 cm Width: 400 cm Height: 290 cm (at the highest point) Height: 230 cm (at the lowest point) Total area: 24 m2 Internal dimensions: Height: 250 cm (at the highest point) Height: 195 cm (at the lowest point) Sauna area length: 285 cm Sauna area width: 275 cm Rest area length: 260 cm Rest area width: 275 cm Shower area length: 160 cm Shower area width: 75 cm\" \/>\n<meta property=\"og:url\" content=\"https:\/\/timberrest.com\/en\/produktas\/xxl-sized-wooden-frame-sauna-with-a-anteroom-shower-and-a-large-glass-window-in-the-sauna-area-400600-24-m2\/\" \/>\n<meta property=\"og:site_name\" content=\"Timberrest.com - didelis pir\u010di\u0173 ir karkasini\u0173 medini\u0173 nam\u0173 pasirinkimas\" \/>\n<meta property=\"article:modified_time\" content=\"2024-11-06T10:24:07+00:00\" \/>\n<meta property=\"og:image\" content=\"https:\/\/timberrest.com\/wp-content\/uploads\/2023\/09\/Didele-pirtis-su-priespirciu-ir-dusu-600400-015.jpg\" \/>\n\t<meta property=\"og:image:width\" content=\"1920\" \/>\n\t<meta property=\"og:image:height\" content=\"1080\" \/>\n\t<meta property=\"og:image:type\" content=\"image\/jpeg\" \/>\n<meta name=\"twitter:card\" content=\"summary_large_image\" \/>\n<meta name=\"twitter:label1\" content=\"Est. reading time\" \/>\n\t<meta name=\"twitter:data1\" content=\"1 minute\" \/>\n<script type=\"application\/ld+json\" class=\"yoast-schema-graph\">{\"@context\":\"https:\/\/schema.org\",\"@graph\":[{\"@type\":\"WebPage\",\"@id\":\"https:\/\/timberrest.com\/en\/produktas\/xxl-sized-wooden-frame-sauna-with-a-anteroom-shower-and-a-large-glass-window-in-the-sauna-area-400600-24-m2\/\",\"url\":\"https:\/\/timberrest.com\/en\/produktas\/xxl-sized-wooden-frame-sauna-with-a-anteroom-shower-and-a-large-glass-window-in-the-sauna-area-400600-24-m2\/\",\"name\":\"XXL-sized wooden frame sauna with a anteroom, shower, and a large glass window in the sauna area 400600 \/ 24 m2 - Timberrest.com - didelis pir\u010di\u0173 ir karkasini\u0173 medini\u0173 nam\u0173 pasirinkimas\",\"isPartOf\":{\"@id\":\"https:\/\/timberrest.com\/en\/#website\"},\"datePublished\":\"2023-09-12T08:16:35+00:00\",\"dateModified\":\"2024-11-06T10:24:07+00:00\",\"breadcrumb\":{\"@id\":\"https:\/\/timberrest.com\/en\/produktas\/xxl-sized-wooden-frame-sauna-with-a-anteroom-shower-and-a-large-glass-window-in-the-sauna-area-400600-24-m2\/#breadcrumb\"},\"inLanguage\":\"en-US\",\"potentialAction\":[{\"@type\":\"ReadAction\",\"target\":[\"https:\/\/timberrest.com\/en\/produktas\/xxl-sized-wooden-frame-sauna-with-a-anteroom-shower-and-a-large-glass-window-in-the-sauna-area-400600-24-m2\/\"]}]},{\"@type\":\"BreadcrumbList\",\"@id\":\"https:\/\/timberrest.com\/en\/produktas\/xxl-sized-wooden-frame-sauna-with-a-anteroom-shower-and-a-large-glass-window-in-the-sauna-area-400600-24-m2\/#breadcrumb\",\"itemListElement\":[{\"@type\":\"ListItem\",\"position\":1,\"name\":\"Homepage\",\"item\":\"https:\/\/timberrest.com\/en\/\"},{\"@type\":\"ListItem\",\"position\":2,\"name\":\"Catalogue\",\"item\":\"https:\/\/timberrest.com\/en\/shop\/\"},{\"@type\":\"ListItem\",\"position\":3,\"name\":\"Saunas\",\"item\":\"https:\/\/timberrest.com\/en\/produkto-kategorija\/saunas\/\"},{\"@type\":\"ListItem\",\"position\":4,\"name\":\"XXL-sized wooden frame sauna with a anteroom, shower, and a large glass window in the sauna area 400600 \/ 24 m2\"}]},{\"@type\":\"WebSite\",\"@id\":\"https:\/\/timberrest.com\/en\/#website\",\"url\":\"https:\/\/timberrest.com\/en\/\",\"name\":\"Timberrest.com - didelis pir\u010di\u0173 ir karkasini\u0173 medini\u0173 nam\u0173 pasirinkimas\",\"description\":\"We gather a majority of sauna and cabin manufacturers in one place, so you will always find the best price\",\"potentialAction\":[{\"@type\":\"SearchAction\",\"target\":{\"@type\":\"EntryPoint\",\"urlTemplate\":\"https:\/\/timberrest.com\/en\/?s={search_term_string}\"},\"query-input\":\"required name=search_term_string\"}],\"inLanguage\":\"en-US\"}]}<\/script>\n<!-- \/ Yoast SEO plugin. -->","yoast_head_json":{"title":"XXL-sized wooden frame sauna with a anteroom, shower, and a large glass window in the sauna area 400600 \/ 24 m2 - Timberrest.com - didelis pir\u010di\u0173 ir karkasini\u0173 medini\u0173 nam\u0173 pasirinkimas","robots":{"index":"index","follow":"follow","max-snippet":"max-snippet:-1","max-image-preview":"max-image-preview:large","max-video-preview":"max-video-preview:-1"},"canonical":"https:\/\/timberrest.com\/en\/produktas\/xxl-sized-wooden-frame-sauna-with-a-anteroom-shower-and-a-large-glass-window-in-the-sauna-area-400600-24-m2\/","og_locale":"en_US","og_type":"article","og_title":"XXL-sized wooden frame sauna with a anteroom, shower, and a large glass window in the sauna area 400600 \/ 24 m2 - Timberrest.com - didelis pir\u010di\u0173 ir karkasini\u0173 medini\u0173 nam\u0173 pasirinkimas","og_description":"Exterior: Sheet metal roof Tempered glass window in the sauna area sized 200 x 200 cm Tempered glass window in the sauna area sized 50 x 50 cm Entrance door (glass panels) sized 200 x 100 cm Double-glazed window with two chambers sized 200 x 100 cm Horizontal screwed planks used for the construction of external walls The entire structure is covered with a weather and moisture-resistant membrane Two outdoor lamps mounted on the wall Sauna area: Black alder planks used for walls and ceilings Two-level bed made of black alder, accommodating up to 6 people comfortably LED lighting under the benches Sauna lamp above the door Electric or wood-burning stove (according to your preference) Walls and ceilings additionally insulated with a heat-resistant membrane Water trap under the beds Ventilation above the beds Anteroom area: Spygliuo\u010dio wood planks used for walls, ceilings, and floors A total of 10 lights installed in the ceiling 3 double sockets Electrical panel (cable led outside for easy connection to electricity) Walls and ceilings additionally insulated with an additional membrane Shower area: Spygliuo\u010dio wood planks used for walls and ceilings Water pipe brought in for water connection Shower cabin base in the floor and drainage to the outside Sauna dimensions: External dimensions: Length: 600 cm Width: 400 cm Height: 290 cm (at the highest point) Height: 230 cm (at the lowest point) Total area: 24 m2 Internal dimensions: Height: 250 cm (at the highest point) Height: 195 cm (at the lowest point) Sauna area length: 285 cm Sauna area width: 275 cm Rest area length: 260 cm Rest area width: 275 cm Shower area length: 160 cm Shower area width: 75 cm","og_url":"https:\/\/timberrest.com\/en\/produktas\/xxl-sized-wooden-frame-sauna-with-a-anteroom-shower-and-a-large-glass-window-in-the-sauna-area-400600-24-m2\/","og_site_name":"Timberrest.com - didelis pir\u010di\u0173 ir karkasini\u0173 medini\u0173 nam\u0173 pasirinkimas","article_modified_time":"2024-11-06T10:24:07+00:00","og_image":[{"width":1920,"height":1080,"url":"https:\/\/timberrest.com\/wp-content\/uploads\/2023\/09\/Didele-pirtis-su-priespirciu-ir-dusu-600400-015.jpg","type":"image\/jpeg"}],"twitter_card":"summary_large_image","twitter_misc":{"Est. reading time":"1 minute"},"schema":{"@context":"https:\/\/schema.org","@graph":[{"@type":"WebPage","@id":"https:\/\/timberrest.com\/en\/produktas\/xxl-sized-wooden-frame-sauna-with-a-anteroom-shower-and-a-large-glass-window-in-the-sauna-area-400600-24-m2\/","url":"https:\/\/timberrest.com\/en\/produktas\/xxl-sized-wooden-frame-sauna-with-a-anteroom-shower-and-a-large-glass-window-in-the-sauna-area-400600-24-m2\/","name":"XXL-sized wooden frame sauna with a anteroom, shower, and a large glass window in the sauna area 400600 \/ 24 m2 - Timberrest.com - didelis pir\u010di\u0173 ir karkasini\u0173 medini\u0173 nam\u0173 pasirinkimas","isPartOf":{"@id":"https:\/\/timberrest.com\/en\/#website"},"datePublished":"2023-09-12T08:16:35+00:00","dateModified":"2024-11-06T10:24:07+00:00","breadcrumb":{"@id":"https:\/\/timberrest.com\/en\/produktas\/xxl-sized-wooden-frame-sauna-with-a-anteroom-shower-and-a-large-glass-window-in-the-sauna-area-400600-24-m2\/#breadcrumb"},"inLanguage":"en-US","potentialAction":[{"@type":"ReadAction","target":["https:\/\/timberrest.com\/en\/produktas\/xxl-sized-wooden-frame-sauna-with-a-anteroom-shower-and-a-large-glass-window-in-the-sauna-area-400600-24-m2\/"]}]},{"@type":"BreadcrumbList","@id":"https:\/\/timberrest.com\/en\/produktas\/xxl-sized-wooden-frame-sauna-with-a-anteroom-shower-and-a-large-glass-window-in-the-sauna-area-400600-24-m2\/#breadcrumb","itemListElement":[{"@type":"ListItem","position":1,"name":"Homepage","item":"https:\/\/timberrest.com\/en\/"},{"@type":"ListItem","position":2,"name":"Catalogue","item":"https:\/\/timberrest.com\/en\/shop\/"},{"@type":"ListItem","position":3,"name":"Saunas","item":"https:\/\/timberrest.com\/en\/produkto-kategorija\/saunas\/"},{"@type":"ListItem","position":4,"name":"XXL-sized wooden frame sauna with a anteroom, shower, and a large glass window in the sauna area 400600 \/ 24 m2"}]},{"@type":"WebSite","@id":"https:\/\/timberrest.com\/en\/#website","url":"https:\/\/timberrest.com\/en\/","name":"Timberrest.com - didelis pir\u010di\u0173 ir karkasini\u0173 medini\u0173 nam\u0173 pasirinkimas","description":"We gather a majority of sauna and cabin manufacturers in one place, so you will always find the best price","potentialAction":[{"@type":"SearchAction","target":{"@type":"EntryPoint","urlTemplate":"https:\/\/timberrest.com\/en\/?s={search_term_string}"},"query-input":"required name=search_term_string"}],"inLanguage":"en-US"}]}},"_links":{"self":[{"href":"https:\/\/timberrest.com\/en\/wp-json\/wp\/v2\/product\/5279","targetHints":{"allow":["GET"]}}],"collection":[{"href":"https:\/\/timberrest.com\/en\/wp-json\/wp\/v2\/product"}],"about":[{"href":"https:\/\/timberrest.com\/en\/wp-json\/wp\/v2\/types\/product"}],"wp:featuredmedia":[{"embeddable":true,"href":"https:\/\/timberrest.com\/en\/wp-json\/wp\/v2\/media\/2121"}],"wp:attachment":[{"href":"https:\/\/timberrest.com\/en\/wp-json\/wp\/v2\/media?parent=5279"}],"wp:term":[{"taxonomy":"product_cat","embeddable":true,"href":"https:\/\/timberrest.com\/en\/wp-json\/wp\/v2\/product_cat?post=5279"},{"taxonomy":"product_tag","embeddable":true,"href":"https:\/\/timberrest.com\/en\/wp-json\/wp\/v2\/product_tag?post=5279"}],"curies":[{"name":"wp","href":"https:\/\/api.w.org\/{rel}","templated":true}]}}