{"id":5276,"date":"2023-09-10T13:51:18","date_gmt":"2023-09-10T10:51:18","guid":{"rendered":"https:\/\/timberrest.com\/produktas\/medine-karkasine-pirtis-su-nedidele-terasa-ir-dvieju-aukstu-gultu-apvalintais-kampais-300400-12-m2\/"},"modified":"2024-11-06T12:24:49","modified_gmt":"2024-11-06T10:24:49","slug":"wooden-frame-sauna-with-a-small-terrace-and-a-two-level-bed-with-rounded-corners-300x400-12-m2","status":"publish","type":"product","link":"https:\/\/timberrest.com\/en\/produktas\/wooden-frame-sauna-with-a-small-terrace-and-a-two-level-bed-with-rounded-corners-300x400-12-m2\/","title":{"rendered":"Wooden frame sauna with a small terrace and a two-level bed with rounded corners 300&#215;400 \/ 12 m2."},"content":{"rendered":"","protected":false},"excerpt":{"rendered":"<p><strong>Exterior:<\/strong><\/p>\n<p>Sheet metal roof<br \/>\nSide windows sized 125 x 40 cm (wooden frames, glass panels), tempered glass on the inside<br \/>\nEntrance door (wooden frames, glass panels) sized 190 x 100 cm<br \/>\nPanoramic glass (double-glazed windows with two chambers)<br \/>\nVertical and horizontally screwed planks used for the construction of external walls<br \/>\nThe entire structure is &#8220;wrapped&#8221; with a weather and moisture-resistant membrane<br \/>\nElectrical panel at the back of the sauna (cable led outside for easy connection to electricity)<\/p>\n<p><strong>Terrace:<\/strong><\/p>\n<p>Four small LED lights installed in the ceiling<\/p>\n<p><strong>Sauna area:<\/strong><\/p>\n<p>Black alder planks used for walls and ceilings<br \/>\nTwo-level bed made of black alder, accommodating up to 6 people comfortably<br \/>\nLED lighting installed in the front part of the bed on the second and first floors<br \/>\n8 small LED lights installed in the sauna ceiling<br \/>\nElectric or wood-burning stove (according to your preference)<br \/>\nWalls and ceilings additionally insulated with a heat-resistant membrane<br \/>\nVentilation at the top above the beds<br \/>\nWater trap under the beds<\/p>\n<p><strong>Sauna dimensions:<\/strong><\/p>\n<p><strong>External dimensions:<\/strong><\/p>\n<p>Length: 400 cm<br \/>\nWidth: 300 cm<br \/>\nHeight: 270 cm (at the highest point)<br \/>\nHeight: 230 cm (at the lowest point)<br \/>\nTotal area: 12 m2<\/p>\n<p><strong>Internal dimensions:<\/strong><\/p>\n<p>Height: 200 cm<\/p>\n<p>Sauna area length: 325 cm<br \/>\nSauna area width: 260 cm<\/p>\n<p>Terrace width: 50 cm<\/p>\n","protected":false},"featured_media":2093,"template":"","meta":{"_acf_changed":false},"product_cat":[120,124],"product_tag":[],"class_list":{"0":"post-5276","1":"product","2":"type-product","3":"status-publish","4":"has-post-thumbnail","6":"product_cat-saunas","7":"product_cat-frame-saunas","8":"pa_apsiltinimas-floors","9":"pa_apsiltinimas-roof","10":"pa_apsiltinimas-walls","11":"pa_krosnele-electric-stove","12":"pa_krosnele-wood-burning-stove","13":"pa_mediena-coniferous-wood","14":"pa_mediena-larch","15":"pa_mediena-red-cedar","16":"pa_mediena-thermowood","18":"first","19":"instock","20":"sold-individually","21":"shipping-taxable","22":"purchasable","23":"product-type-simple"},"acf":[],"yoast_head":"<!-- This site is optimized with the Yoast SEO plugin v22.0 - https:\/\/yoast.com\/wordpress\/plugins\/seo\/ -->\n<title>Wooden frame sauna with a small terrace and a two-level bed with rounded corners 300x400 \/ 12 m2. - Timberrest.com - didelis pir\u010di\u0173 ir karkasini\u0173 medini\u0173 nam\u0173 pasirinkimas<\/title>\n<meta name=\"robots\" content=\"index, follow, max-snippet:-1, max-image-preview:large, max-video-preview:-1\" \/>\n<link rel=\"canonical\" href=\"https:\/\/timberrest.com\/en\/produktas\/wooden-frame-sauna-with-a-small-terrace-and-a-two-level-bed-with-rounded-corners-300x400-12-m2\/\" \/>\n<meta property=\"og:locale\" content=\"en_US\" \/>\n<meta property=\"og:type\" content=\"article\" \/>\n<meta property=\"og:title\" content=\"Wooden frame sauna with a small terrace and a two-level bed with rounded corners 300x400 \/ 12 m2. - Timberrest.com - didelis pir\u010di\u0173 ir karkasini\u0173 medini\u0173 nam\u0173 pasirinkimas\" \/>\n<meta property=\"og:description\" content=\"Exterior: Sheet metal roof Side windows sized 125 x 40 cm (wooden frames, glass panels), tempered glass on the inside Entrance door (wooden frames, glass panels) sized 190 x 100 cm Panoramic glass (double-glazed windows with two chambers) Vertical and horizontally screwed planks used for the construction of external walls The entire structure is &quot;wrapped&quot; with a weather and moisture-resistant membrane Electrical panel at the back of the sauna (cable led outside for easy connection to electricity) Terrace: Four small LED lights installed in the ceiling Sauna area: Black alder planks used for walls and ceilings Two-level bed made of black alder, accommodating up to 6 people comfortably LED lighting installed in the front part of the bed on the second and first floors 8 small LED lights installed in the sauna ceiling Electric or wood-burning stove (according to your preference) Walls and ceilings additionally insulated with a heat-resistant membrane Ventilation at the top above the beds Water trap under the beds Sauna dimensions: External dimensions: Length: 400 cm Width: 300 cm Height: 270 cm (at the highest point) Height: 230 cm (at the lowest point) Total area: 12 m2 Internal dimensions: Height: 200 cm Sauna area length: 325 cm Sauna area width: 260 cm Terrace width: 50 cm\" \/>\n<meta property=\"og:url\" content=\"https:\/\/timberrest.com\/en\/produktas\/wooden-frame-sauna-with-a-small-terrace-and-a-two-level-bed-with-rounded-corners-300x400-12-m2\/\" \/>\n<meta property=\"og:site_name\" content=\"Timberrest.com - didelis pir\u010di\u0173 ir karkasini\u0173 medini\u0173 nam\u0173 pasirinkimas\" \/>\n<meta property=\"article:modified_time\" content=\"2024-11-06T10:24:49+00:00\" \/>\n<meta property=\"og:image\" content=\"https:\/\/timberrest.com\/wp-content\/uploads\/2023\/09\/Karkasine-medine-pirtis-su-dvieju-aukstu-gultu-apvalintais-kampais-300400-002.jpg\" \/>\n\t<meta property=\"og:image:width\" content=\"1920\" \/>\n\t<meta property=\"og:image:height\" content=\"1080\" \/>\n\t<meta property=\"og:image:type\" content=\"image\/jpeg\" \/>\n<meta name=\"twitter:card\" content=\"summary_large_image\" \/>\n<meta name=\"twitter:label1\" content=\"Est. reading time\" \/>\n\t<meta name=\"twitter:data1\" content=\"1 minute\" \/>\n<script type=\"application\/ld+json\" class=\"yoast-schema-graph\">{\"@context\":\"https:\/\/schema.org\",\"@graph\":[{\"@type\":\"WebPage\",\"@id\":\"https:\/\/timberrest.com\/en\/produktas\/wooden-frame-sauna-with-a-small-terrace-and-a-two-level-bed-with-rounded-corners-300x400-12-m2\/\",\"url\":\"https:\/\/timberrest.com\/en\/produktas\/wooden-frame-sauna-with-a-small-terrace-and-a-two-level-bed-with-rounded-corners-300x400-12-m2\/\",\"name\":\"Wooden frame sauna with a small terrace and a two-level bed with rounded corners 300x400 \/ 12 m2. - Timberrest.com - didelis pir\u010di\u0173 ir karkasini\u0173 medini\u0173 nam\u0173 pasirinkimas\",\"isPartOf\":{\"@id\":\"https:\/\/timberrest.com\/en\/#website\"},\"datePublished\":\"2023-09-10T10:51:18+00:00\",\"dateModified\":\"2024-11-06T10:24:49+00:00\",\"breadcrumb\":{\"@id\":\"https:\/\/timberrest.com\/en\/produktas\/wooden-frame-sauna-with-a-small-terrace-and-a-two-level-bed-with-rounded-corners-300x400-12-m2\/#breadcrumb\"},\"inLanguage\":\"en-US\",\"potentialAction\":[{\"@type\":\"ReadAction\",\"target\":[\"https:\/\/timberrest.com\/en\/produktas\/wooden-frame-sauna-with-a-small-terrace-and-a-two-level-bed-with-rounded-corners-300x400-12-m2\/\"]}]},{\"@type\":\"BreadcrumbList\",\"@id\":\"https:\/\/timberrest.com\/en\/produktas\/wooden-frame-sauna-with-a-small-terrace-and-a-two-level-bed-with-rounded-corners-300x400-12-m2\/#breadcrumb\",\"itemListElement\":[{\"@type\":\"ListItem\",\"position\":1,\"name\":\"Homepage\",\"item\":\"https:\/\/timberrest.com\/en\/\"},{\"@type\":\"ListItem\",\"position\":2,\"name\":\"Catalogue\",\"item\":\"https:\/\/timberrest.com\/en\/shop\/\"},{\"@type\":\"ListItem\",\"position\":3,\"name\":\"Saunas\",\"item\":\"https:\/\/timberrest.com\/en\/produkto-kategorija\/saunas\/\"},{\"@type\":\"ListItem\",\"position\":4,\"name\":\"Wooden frame sauna with a small terrace and a two-level bed with rounded corners 300&#215;400 \/ 12 m2.\"}]},{\"@type\":\"WebSite\",\"@id\":\"https:\/\/timberrest.com\/en\/#website\",\"url\":\"https:\/\/timberrest.com\/en\/\",\"name\":\"Timberrest.com - didelis pir\u010di\u0173 ir karkasini\u0173 medini\u0173 nam\u0173 pasirinkimas\",\"description\":\"We gather a majority of sauna and cabin manufacturers in one place, so you will always find the best price\",\"potentialAction\":[{\"@type\":\"SearchAction\",\"target\":{\"@type\":\"EntryPoint\",\"urlTemplate\":\"https:\/\/timberrest.com\/en\/?s={search_term_string}\"},\"query-input\":\"required name=search_term_string\"}],\"inLanguage\":\"en-US\"}]}<\/script>\n<!-- \/ Yoast SEO plugin. -->","yoast_head_json":{"title":"Wooden frame sauna with a small terrace and a two-level bed with rounded corners 300x400 \/ 12 m2. - Timberrest.com - didelis pir\u010di\u0173 ir karkasini\u0173 medini\u0173 nam\u0173 pasirinkimas","robots":{"index":"index","follow":"follow","max-snippet":"max-snippet:-1","max-image-preview":"max-image-preview:large","max-video-preview":"max-video-preview:-1"},"canonical":"https:\/\/timberrest.com\/en\/produktas\/wooden-frame-sauna-with-a-small-terrace-and-a-two-level-bed-with-rounded-corners-300x400-12-m2\/","og_locale":"en_US","og_type":"article","og_title":"Wooden frame sauna with a small terrace and a two-level bed with rounded corners 300x400 \/ 12 m2. - Timberrest.com - didelis pir\u010di\u0173 ir karkasini\u0173 medini\u0173 nam\u0173 pasirinkimas","og_description":"Exterior: Sheet metal roof Side windows sized 125 x 40 cm (wooden frames, glass panels), tempered glass on the inside Entrance door (wooden frames, glass panels) sized 190 x 100 cm Panoramic glass (double-glazed windows with two chambers) Vertical and horizontally screwed planks used for the construction of external walls The entire structure is \"wrapped\" with a weather and moisture-resistant membrane Electrical panel at the back of the sauna (cable led outside for easy connection to electricity) Terrace: Four small LED lights installed in the ceiling Sauna area: Black alder planks used for walls and ceilings Two-level bed made of black alder, accommodating up to 6 people comfortably LED lighting installed in the front part of the bed on the second and first floors 8 small LED lights installed in the sauna ceiling Electric or wood-burning stove (according to your preference) Walls and ceilings additionally insulated with a heat-resistant membrane Ventilation at the top above the beds Water trap under the beds Sauna dimensions: External dimensions: Length: 400 cm Width: 300 cm Height: 270 cm (at the highest point) Height: 230 cm (at the lowest point) Total area: 12 m2 Internal dimensions: Height: 200 cm Sauna area length: 325 cm Sauna area width: 260 cm Terrace width: 50 cm","og_url":"https:\/\/timberrest.com\/en\/produktas\/wooden-frame-sauna-with-a-small-terrace-and-a-two-level-bed-with-rounded-corners-300x400-12-m2\/","og_site_name":"Timberrest.com - didelis pir\u010di\u0173 ir karkasini\u0173 medini\u0173 nam\u0173 pasirinkimas","article_modified_time":"2024-11-06T10:24:49+00:00","og_image":[{"width":1920,"height":1080,"url":"https:\/\/timberrest.com\/wp-content\/uploads\/2023\/09\/Karkasine-medine-pirtis-su-dvieju-aukstu-gultu-apvalintais-kampais-300400-002.jpg","type":"image\/jpeg"}],"twitter_card":"summary_large_image","twitter_misc":{"Est. reading time":"1 minute"},"schema":{"@context":"https:\/\/schema.org","@graph":[{"@type":"WebPage","@id":"https:\/\/timberrest.com\/en\/produktas\/wooden-frame-sauna-with-a-small-terrace-and-a-two-level-bed-with-rounded-corners-300x400-12-m2\/","url":"https:\/\/timberrest.com\/en\/produktas\/wooden-frame-sauna-with-a-small-terrace-and-a-two-level-bed-with-rounded-corners-300x400-12-m2\/","name":"Wooden frame sauna with a small terrace and a two-level bed with rounded corners 300x400 \/ 12 m2. - Timberrest.com - didelis pir\u010di\u0173 ir karkasini\u0173 medini\u0173 nam\u0173 pasirinkimas","isPartOf":{"@id":"https:\/\/timberrest.com\/en\/#website"},"datePublished":"2023-09-10T10:51:18+00:00","dateModified":"2024-11-06T10:24:49+00:00","breadcrumb":{"@id":"https:\/\/timberrest.com\/en\/produktas\/wooden-frame-sauna-with-a-small-terrace-and-a-two-level-bed-with-rounded-corners-300x400-12-m2\/#breadcrumb"},"inLanguage":"en-US","potentialAction":[{"@type":"ReadAction","target":["https:\/\/timberrest.com\/en\/produktas\/wooden-frame-sauna-with-a-small-terrace-and-a-two-level-bed-with-rounded-corners-300x400-12-m2\/"]}]},{"@type":"BreadcrumbList","@id":"https:\/\/timberrest.com\/en\/produktas\/wooden-frame-sauna-with-a-small-terrace-and-a-two-level-bed-with-rounded-corners-300x400-12-m2\/#breadcrumb","itemListElement":[{"@type":"ListItem","position":1,"name":"Homepage","item":"https:\/\/timberrest.com\/en\/"},{"@type":"ListItem","position":2,"name":"Catalogue","item":"https:\/\/timberrest.com\/en\/shop\/"},{"@type":"ListItem","position":3,"name":"Saunas","item":"https:\/\/timberrest.com\/en\/produkto-kategorija\/saunas\/"},{"@type":"ListItem","position":4,"name":"Wooden frame sauna with a small terrace and a two-level bed with rounded corners 300&#215;400 \/ 12 m2."}]},{"@type":"WebSite","@id":"https:\/\/timberrest.com\/en\/#website","url":"https:\/\/timberrest.com\/en\/","name":"Timberrest.com - didelis pir\u010di\u0173 ir karkasini\u0173 medini\u0173 nam\u0173 pasirinkimas","description":"We gather a majority of sauna and cabin manufacturers in one place, so you will always find the best price","potentialAction":[{"@type":"SearchAction","target":{"@type":"EntryPoint","urlTemplate":"https:\/\/timberrest.com\/en\/?s={search_term_string}"},"query-input":"required name=search_term_string"}],"inLanguage":"en-US"}]}},"_links":{"self":[{"href":"https:\/\/timberrest.com\/en\/wp-json\/wp\/v2\/product\/5276","targetHints":{"allow":["GET"]}}],"collection":[{"href":"https:\/\/timberrest.com\/en\/wp-json\/wp\/v2\/product"}],"about":[{"href":"https:\/\/timberrest.com\/en\/wp-json\/wp\/v2\/types\/product"}],"wp:featuredmedia":[{"embeddable":true,"href":"https:\/\/timberrest.com\/en\/wp-json\/wp\/v2\/media\/2093"}],"wp:attachment":[{"href":"https:\/\/timberrest.com\/en\/wp-json\/wp\/v2\/media?parent=5276"}],"wp:term":[{"taxonomy":"product_cat","embeddable":true,"href":"https:\/\/timberrest.com\/en\/wp-json\/wp\/v2\/product_cat?post=5276"},{"taxonomy":"product_tag","embeddable":true,"href":"https:\/\/timberrest.com\/en\/wp-json\/wp\/v2\/product_tag?post=5276"}],"curies":[{"name":"wp","href":"https:\/\/api.w.org\/{rel}","templated":true}]}}