{"id":5272,"date":"2023-09-05T14:03:51","date_gmt":"2023-09-05T11:03:51","guid":{"rendered":"https:\/\/timberrest.com\/produktas\/mobili-iglu-formos-medine-pirtis-su-priespirciu-ir-langu-galineje-dalyje-200400\/"},"modified":"2024-11-06T12:25:36","modified_gmt":"2024-11-06T10:25:36","slug":"mobile-wooden-sauna-in-the-shape-of-an-igloo-with-a-pre-sauna-and-a-window-in-the-rear-part-200400","status":"publish","type":"product","link":"https:\/\/timberrest.com\/en\/produktas\/mobile-wooden-sauna-in-the-shape-of-an-igloo-with-a-pre-sauna-and-a-window-in-the-rear-part-200400\/","title":{"rendered":"Mobile wooden sauna in the shape of an igloo with a pre-sauna and a window in the rear part 200400"},"content":{"rendered":"","protected":false},"excerpt":{"rendered":"<p><strong>Exterior:<\/strong><\/p>\n<p>Bitumen shingle roof<br \/>\nWooden doors, sized 190 x 80 cm, with a window<br \/>\nWindow sized 45 x 90 cm in the rear part of the sauna<br \/>\nSpruce wood used for the walls<br \/>\nElectrical connection in the rear part of the sauna<\/p>\n<p><strong>Sauna area:<\/strong><\/p>\n<p>Spruce-made bed accommodating up to 6 people comfortably<br \/>\nSpruce walls and floors<br \/>\nElectric or wood-burning stove (according to your preference) with heating from the exterior sauna side<br \/>\nLED lighting in the ceiling<br \/>\nGlass sauna doors sized 190 x 70 cm<\/p>\n<p><strong>Pre-sauna area:<\/strong><\/p>\n<p>Two hooks for hanging clothes<br \/>\nSpruce walls and floors<br \/>\nVentilation<br \/>\nWater trap for drainage<\/p>\n<p><strong>Sauna dimensions:<\/strong><\/p>\n<p><strong>External dimensions:<\/strong><\/p>\n<p>Length: 400 cm<br \/>\nWidth: 200 cm<br \/>\nHeight: 240 cm (without the porch)<\/p>\n<p><strong>Internal dimensions:<\/strong><\/p>\n<p>Height: 220 cm (at the highest point)<br \/>\nSauna length: 270 cm<br \/>\nPre-sauna length: 105 cm<\/p>\n","protected":false},"featured_media":2080,"template":"","meta":{"_acf_changed":false},"product_cat":[120,126],"product_tag":[],"class_list":{"0":"post-5272","1":"product","2":"type-product","3":"status-publish","4":"has-post-thumbnail","6":"product_cat-saunas","7":"product_cat-mobile","8":"pa_krosnele-electric-stove","9":"pa_krosnele-wood-burning-stove","10":"pa_priekaba-with-brakes","11":"pa_priekaba-without-brakes","13":"first","14":"instock","15":"sold-individually","16":"shipping-taxable","17":"purchasable","18":"product-type-simple"},"acf":[],"yoast_head":"<!-- This site is optimized with the Yoast SEO plugin v22.0 - https:\/\/yoast.com\/wordpress\/plugins\/seo\/ -->\n<title>Mobile wooden sauna in the shape of an igloo with a pre-sauna and a window in the rear part 200400 - Timberrest.com - didelis pir\u010di\u0173 ir karkasini\u0173 medini\u0173 nam\u0173 pasirinkimas<\/title>\n<meta name=\"robots\" content=\"index, follow, max-snippet:-1, max-image-preview:large, max-video-preview:-1\" \/>\n<link rel=\"canonical\" href=\"https:\/\/timberrest.com\/en\/produktas\/mobile-wooden-sauna-in-the-shape-of-an-igloo-with-a-pre-sauna-and-a-window-in-the-rear-part-200400\/\" \/>\n<meta property=\"og:locale\" content=\"en_US\" \/>\n<meta property=\"og:type\" content=\"article\" \/>\n<meta property=\"og:title\" content=\"Mobile wooden sauna in the shape of an igloo with a pre-sauna and a window in the rear part 200400 - Timberrest.com - didelis pir\u010di\u0173 ir karkasini\u0173 medini\u0173 nam\u0173 pasirinkimas\" \/>\n<meta property=\"og:description\" content=\"Exterior: Bitumen shingle roof Wooden doors, sized 190 x 80 cm, with a window Window sized 45 x 90 cm in the rear part of the sauna Spruce wood used for the walls Electrical connection in the rear part of the sauna Sauna area: Spruce-made bed accommodating up to 6 people comfortably Spruce walls and floors Electric or wood-burning stove (according to your preference) with heating from the exterior sauna side LED lighting in the ceiling Glass sauna doors sized 190 x 70 cm Pre-sauna area: Two hooks for hanging clothes Spruce walls and floors Ventilation Water trap for drainage Sauna dimensions: External dimensions: Length: 400 cm Width: 200 cm Height: 240 cm (without the porch) Internal dimensions: Height: 220 cm (at the highest point) Sauna length: 270 cm Pre-sauna length: 105 cm\" \/>\n<meta property=\"og:url\" content=\"https:\/\/timberrest.com\/en\/produktas\/mobile-wooden-sauna-in-the-shape-of-an-igloo-with-a-pre-sauna-and-a-window-in-the-rear-part-200400\/\" \/>\n<meta property=\"og:site_name\" content=\"Timberrest.com - didelis pir\u010di\u0173 ir karkasini\u0173 medini\u0173 nam\u0173 pasirinkimas\" \/>\n<meta property=\"article:modified_time\" content=\"2024-11-06T10:25:36+00:00\" \/>\n<meta property=\"og:image\" content=\"https:\/\/timberrest.com\/wp-content\/uploads\/2023\/09\/Mobili-Iglu-pirtis-ant-priekabos-su-pertvara-200400-005.jpg\" \/>\n\t<meta property=\"og:image:width\" content=\"1920\" \/>\n\t<meta property=\"og:image:height\" content=\"1080\" \/>\n\t<meta property=\"og:image:type\" content=\"image\/jpeg\" \/>\n<meta name=\"twitter:card\" content=\"summary_large_image\" \/>\n<meta name=\"twitter:label1\" content=\"Est. reading time\" \/>\n\t<meta name=\"twitter:data1\" content=\"1 minute\" \/>\n<script type=\"application\/ld+json\" class=\"yoast-schema-graph\">{\"@context\":\"https:\/\/schema.org\",\"@graph\":[{\"@type\":\"WebPage\",\"@id\":\"https:\/\/timberrest.com\/en\/produktas\/mobile-wooden-sauna-in-the-shape-of-an-igloo-with-a-pre-sauna-and-a-window-in-the-rear-part-200400\/\",\"url\":\"https:\/\/timberrest.com\/en\/produktas\/mobile-wooden-sauna-in-the-shape-of-an-igloo-with-a-pre-sauna-and-a-window-in-the-rear-part-200400\/\",\"name\":\"Mobile wooden sauna in the shape of an igloo with a pre-sauna and a window in the rear part 200400 - Timberrest.com - didelis pir\u010di\u0173 ir karkasini\u0173 medini\u0173 nam\u0173 pasirinkimas\",\"isPartOf\":{\"@id\":\"https:\/\/timberrest.com\/en\/#website\"},\"datePublished\":\"2023-09-05T11:03:51+00:00\",\"dateModified\":\"2024-11-06T10:25:36+00:00\",\"breadcrumb\":{\"@id\":\"https:\/\/timberrest.com\/en\/produktas\/mobile-wooden-sauna-in-the-shape-of-an-igloo-with-a-pre-sauna-and-a-window-in-the-rear-part-200400\/#breadcrumb\"},\"inLanguage\":\"en-US\",\"potentialAction\":[{\"@type\":\"ReadAction\",\"target\":[\"https:\/\/timberrest.com\/en\/produktas\/mobile-wooden-sauna-in-the-shape-of-an-igloo-with-a-pre-sauna-and-a-window-in-the-rear-part-200400\/\"]}]},{\"@type\":\"BreadcrumbList\",\"@id\":\"https:\/\/timberrest.com\/en\/produktas\/mobile-wooden-sauna-in-the-shape-of-an-igloo-with-a-pre-sauna-and-a-window-in-the-rear-part-200400\/#breadcrumb\",\"itemListElement\":[{\"@type\":\"ListItem\",\"position\":1,\"name\":\"Homepage\",\"item\":\"https:\/\/timberrest.com\/en\/\"},{\"@type\":\"ListItem\",\"position\":2,\"name\":\"Catalogue\",\"item\":\"https:\/\/timberrest.com\/en\/shop\/\"},{\"@type\":\"ListItem\",\"position\":3,\"name\":\"Saunas\",\"item\":\"https:\/\/timberrest.com\/en\/produkto-kategorija\/saunas\/\"},{\"@type\":\"ListItem\",\"position\":4,\"name\":\"Mobile wooden sauna in the shape of an igloo with a pre-sauna and a window in the rear part 200400\"}]},{\"@type\":\"WebSite\",\"@id\":\"https:\/\/timberrest.com\/en\/#website\",\"url\":\"https:\/\/timberrest.com\/en\/\",\"name\":\"Timberrest.com - didelis pir\u010di\u0173 ir karkasini\u0173 medini\u0173 nam\u0173 pasirinkimas\",\"description\":\"We gather a majority of sauna and cabin manufacturers in one place, so you will always find the best price\",\"potentialAction\":[{\"@type\":\"SearchAction\",\"target\":{\"@type\":\"EntryPoint\",\"urlTemplate\":\"https:\/\/timberrest.com\/en\/?s={search_term_string}\"},\"query-input\":\"required name=search_term_string\"}],\"inLanguage\":\"en-US\"}]}<\/script>\n<!-- \/ Yoast SEO plugin. -->","yoast_head_json":{"title":"Mobile wooden sauna in the shape of an igloo with a pre-sauna and a window in the rear part 200400 - Timberrest.com - didelis pir\u010di\u0173 ir karkasini\u0173 medini\u0173 nam\u0173 pasirinkimas","robots":{"index":"index","follow":"follow","max-snippet":"max-snippet:-1","max-image-preview":"max-image-preview:large","max-video-preview":"max-video-preview:-1"},"canonical":"https:\/\/timberrest.com\/en\/produktas\/mobile-wooden-sauna-in-the-shape-of-an-igloo-with-a-pre-sauna-and-a-window-in-the-rear-part-200400\/","og_locale":"en_US","og_type":"article","og_title":"Mobile wooden sauna in the shape of an igloo with a pre-sauna and a window in the rear part 200400 - Timberrest.com - didelis pir\u010di\u0173 ir karkasini\u0173 medini\u0173 nam\u0173 pasirinkimas","og_description":"Exterior: Bitumen shingle roof Wooden doors, sized 190 x 80 cm, with a window Window sized 45 x 90 cm in the rear part of the sauna Spruce wood used for the walls Electrical connection in the rear part of the sauna Sauna area: Spruce-made bed accommodating up to 6 people comfortably Spruce walls and floors Electric or wood-burning stove (according to your preference) with heating from the exterior sauna side LED lighting in the ceiling Glass sauna doors sized 190 x 70 cm Pre-sauna area: Two hooks for hanging clothes Spruce walls and floors Ventilation Water trap for drainage Sauna dimensions: External dimensions: Length: 400 cm Width: 200 cm Height: 240 cm (without the porch) Internal dimensions: Height: 220 cm (at the highest point) Sauna length: 270 cm Pre-sauna length: 105 cm","og_url":"https:\/\/timberrest.com\/en\/produktas\/mobile-wooden-sauna-in-the-shape-of-an-igloo-with-a-pre-sauna-and-a-window-in-the-rear-part-200400\/","og_site_name":"Timberrest.com - didelis pir\u010di\u0173 ir karkasini\u0173 medini\u0173 nam\u0173 pasirinkimas","article_modified_time":"2024-11-06T10:25:36+00:00","og_image":[{"width":1920,"height":1080,"url":"https:\/\/timberrest.com\/wp-content\/uploads\/2023\/09\/Mobili-Iglu-pirtis-ant-priekabos-su-pertvara-200400-005.jpg","type":"image\/jpeg"}],"twitter_card":"summary_large_image","twitter_misc":{"Est. reading time":"1 minute"},"schema":{"@context":"https:\/\/schema.org","@graph":[{"@type":"WebPage","@id":"https:\/\/timberrest.com\/en\/produktas\/mobile-wooden-sauna-in-the-shape-of-an-igloo-with-a-pre-sauna-and-a-window-in-the-rear-part-200400\/","url":"https:\/\/timberrest.com\/en\/produktas\/mobile-wooden-sauna-in-the-shape-of-an-igloo-with-a-pre-sauna-and-a-window-in-the-rear-part-200400\/","name":"Mobile wooden sauna in the shape of an igloo with a pre-sauna and a window in the rear part 200400 - Timberrest.com - didelis pir\u010di\u0173 ir karkasini\u0173 medini\u0173 nam\u0173 pasirinkimas","isPartOf":{"@id":"https:\/\/timberrest.com\/en\/#website"},"datePublished":"2023-09-05T11:03:51+00:00","dateModified":"2024-11-06T10:25:36+00:00","breadcrumb":{"@id":"https:\/\/timberrest.com\/en\/produktas\/mobile-wooden-sauna-in-the-shape-of-an-igloo-with-a-pre-sauna-and-a-window-in-the-rear-part-200400\/#breadcrumb"},"inLanguage":"en-US","potentialAction":[{"@type":"ReadAction","target":["https:\/\/timberrest.com\/en\/produktas\/mobile-wooden-sauna-in-the-shape-of-an-igloo-with-a-pre-sauna-and-a-window-in-the-rear-part-200400\/"]}]},{"@type":"BreadcrumbList","@id":"https:\/\/timberrest.com\/en\/produktas\/mobile-wooden-sauna-in-the-shape-of-an-igloo-with-a-pre-sauna-and-a-window-in-the-rear-part-200400\/#breadcrumb","itemListElement":[{"@type":"ListItem","position":1,"name":"Homepage","item":"https:\/\/timberrest.com\/en\/"},{"@type":"ListItem","position":2,"name":"Catalogue","item":"https:\/\/timberrest.com\/en\/shop\/"},{"@type":"ListItem","position":3,"name":"Saunas","item":"https:\/\/timberrest.com\/en\/produkto-kategorija\/saunas\/"},{"@type":"ListItem","position":4,"name":"Mobile wooden sauna in the shape of an igloo with a pre-sauna and a window in the rear part 200400"}]},{"@type":"WebSite","@id":"https:\/\/timberrest.com\/en\/#website","url":"https:\/\/timberrest.com\/en\/","name":"Timberrest.com - didelis pir\u010di\u0173 ir karkasini\u0173 medini\u0173 nam\u0173 pasirinkimas","description":"We gather a majority of sauna and cabin manufacturers in one place, so you will always find the best price","potentialAction":[{"@type":"SearchAction","target":{"@type":"EntryPoint","urlTemplate":"https:\/\/timberrest.com\/en\/?s={search_term_string}"},"query-input":"required name=search_term_string"}],"inLanguage":"en-US"}]}},"_links":{"self":[{"href":"https:\/\/timberrest.com\/en\/wp-json\/wp\/v2\/product\/5272","targetHints":{"allow":["GET"]}}],"collection":[{"href":"https:\/\/timberrest.com\/en\/wp-json\/wp\/v2\/product"}],"about":[{"href":"https:\/\/timberrest.com\/en\/wp-json\/wp\/v2\/types\/product"}],"wp:featuredmedia":[{"embeddable":true,"href":"https:\/\/timberrest.com\/en\/wp-json\/wp\/v2\/media\/2080"}],"wp:attachment":[{"href":"https:\/\/timberrest.com\/en\/wp-json\/wp\/v2\/media?parent=5272"}],"wp:term":[{"taxonomy":"product_cat","embeddable":true,"href":"https:\/\/timberrest.com\/en\/wp-json\/wp\/v2\/product_cat?post=5272"},{"taxonomy":"product_tag","embeddable":true,"href":"https:\/\/timberrest.com\/en\/wp-json\/wp\/v2\/product_tag?post=5272"}],"curies":[{"name":"wp","href":"https:\/\/api.w.org\/{rel}","templated":true}]}}