{"id":5269,"date":"2023-08-27T23:42:34","date_gmt":"2023-08-27T20:42:34","guid":{"rendered":"https:\/\/timberrest.com\/produktas\/medine-xl-dydzio-karkasine-pirtis-su-dideliu-langu-priespirciu-ir-dusu-615250-1538-m2\/"},"modified":"2024-11-06T12:26:18","modified_gmt":"2024-11-06T10:26:18","slug":"xl-sized-wooden-frame-sauna-with-a-large-window-pre-sauna-and-shower-615250-15-38-m2","status":"publish","type":"product","link":"https:\/\/timberrest.com\/en\/produktas\/xl-sized-wooden-frame-sauna-with-a-large-window-pre-sauna-and-shower-615250-15-38-m2\/","title":{"rendered":"XL-sized wooden frame sauna with a large window, pre-sauna, and shower 615250 \/ 15.38 m2"},"content":{"rendered":"","protected":false},"excerpt":{"rendered":"<p><strong>Exterior:<\/strong><\/p>\n<p>Sheet metal roof<br \/>\nTempered glass window sized 80 x 200 cm in the sauna area<br \/>\nDouble-opening doors 90 x 200 cm (total width 180 cm)<br \/>\nTempered glass window sized 50 x 50 cm in the shower area<br \/>\nVertical screwed planks used for the construction of external walls<br \/>\nThe entire structure is &#8220;wrapped&#8221; with a weather and moisture-resistant membrane<br \/>\nTwo outdoor lamps on the wall<br \/>\nRain gutters installed on both sides of the sauna<\/p>\n<p><strong>Sauna area:<\/strong><\/p>\n<p>Black alder planks used for walls and ceilings<br \/>\nTwo-level bed made of black alder, accommodating up to 5 people comfortably<br \/>\nLED lighting installed in the ceiling<br \/>\nLED lighting under the benches<br \/>\nTwo lamps installed in the corners of the walls<br \/>\nElectric or wood-burning stove (according to your preference)<br \/>\nWalls and ceilings additionally insulated with a heat-resistant membrane<br \/>\nWater trap for drainage under the beds<br \/>\nVentilation at the top above the beds<\/p>\n<p><strong>Pre-sauna area:<\/strong><\/p>\n<p>Spruce planks used for walls, ceilings, and floors<br \/>\nLED lighting installed in the ceiling<br \/>\nBench<br \/>\n2 double sockets<br \/>\nElectrical panel (cable led outside for easy connection to electricity)<br \/>\nWalls and ceilings additionally insulated with an additional membrane<\/p>\n<p><strong>Shower area:<\/strong><\/p>\n<p>Spruce planks used for walls and ceilings<br \/>\nPipes installed for connecting and activating the shower equipment and sink<br \/>\nShower cabin base and outlet to the outside in the floor<br \/>\nLED lighting installed in the ceiling<\/p>\n<p><strong>Sauna dimensions:<\/strong><\/p>\n<p><strong>External dimensions:<\/strong><\/p>\n<p>Length: 615 cm<br \/>\nWidth: 250 cm<br \/>\nHeight: 295 cm (at the highest point)<br \/>\nHeight: 240 cm (at the lowest point)<br \/>\nTotal area: 15.4 m2<\/p>\n<p><strong>Internal dimensions:<\/strong><\/p>\n<p>Height: 260 cm (at the highest point)<br \/>\nHeight: 215 cm (at the lowest point)<\/p>\n<p>Sauna area length: 200 cm<br \/>\nSauna area width: 210 cm<\/p>\n<p>Rest area length: 200 cm<br \/>\nRest area width: 210 cm<\/p>\n<p>Shower area length: 145 cm<br \/>\nShower area width: 210 cm<\/p>\n","protected":false},"featured_media":2056,"template":"","meta":{"_acf_changed":false},"product_cat":[120,124],"product_tag":[],"class_list":{"0":"post-5269","1":"product","2":"type-product","3":"status-publish","4":"has-post-thumbnail","6":"product_cat-saunas","7":"product_cat-frame-saunas","8":"pa_apsiltinimas-floors","9":"pa_apsiltinimas-roof","10":"pa_apsiltinimas-walls","11":"pa_krosnele-electric-stove","12":"pa_krosnele-wood-burning-stove","13":"pa_mediena-coniferous-wood","14":"pa_mediena-larch","15":"pa_mediena-red-cedar","16":"pa_mediena-thermowood","18":"first","19":"instock","20":"sold-individually","21":"shipping-taxable","22":"purchasable","23":"product-type-simple"},"acf":[],"yoast_head":"<!-- This site is optimized with the Yoast SEO plugin v22.0 - https:\/\/yoast.com\/wordpress\/plugins\/seo\/ -->\n<title>XL-sized wooden frame sauna with a large window, pre-sauna, and shower 615250 \/ 15.38 m2 - Timberrest.com - didelis pir\u010di\u0173 ir karkasini\u0173 medini\u0173 nam\u0173 pasirinkimas<\/title>\n<meta name=\"robots\" content=\"index, follow, max-snippet:-1, max-image-preview:large, max-video-preview:-1\" \/>\n<link rel=\"canonical\" href=\"https:\/\/timberrest.com\/en\/produktas\/xl-sized-wooden-frame-sauna-with-a-large-window-pre-sauna-and-shower-615250-15-38-m2\/\" \/>\n<meta property=\"og:locale\" content=\"en_US\" \/>\n<meta property=\"og:type\" content=\"article\" \/>\n<meta property=\"og:title\" content=\"XL-sized wooden frame sauna with a large window, pre-sauna, and shower 615250 \/ 15.38 m2 - Timberrest.com - didelis pir\u010di\u0173 ir karkasini\u0173 medini\u0173 nam\u0173 pasirinkimas\" \/>\n<meta property=\"og:description\" content=\"Exterior: Sheet metal roof Tempered glass window sized 80 x 200 cm in the sauna area Double-opening doors 90 x 200 cm (total width 180 cm) Tempered glass window sized 50 x 50 cm in the shower area Vertical screwed planks used for the construction of external walls The entire structure is &quot;wrapped&quot; with a weather and moisture-resistant membrane Two outdoor lamps on the wall Rain gutters installed on both sides of the sauna Sauna area: Black alder planks used for walls and ceilings Two-level bed made of black alder, accommodating up to 5 people comfortably LED lighting installed in the ceiling LED lighting under the benches Two lamps installed in the corners of the walls Electric or wood-burning stove (according to your preference) Walls and ceilings additionally insulated with a heat-resistant membrane Water trap for drainage under the beds Ventilation at the top above the beds Pre-sauna area: Spruce planks used for walls, ceilings, and floors LED lighting installed in the ceiling Bench 2 double sockets Electrical panel (cable led outside for easy connection to electricity) Walls and ceilings additionally insulated with an additional membrane Shower area: Spruce planks used for walls and ceilings Pipes installed for connecting and activating the shower equipment and sink Shower cabin base and outlet to the outside in the floor LED lighting installed in the ceiling Sauna dimensions: External dimensions: Length: 615 cm Width: 250 cm Height: 295 cm (at the highest point) Height: 240 cm (at the lowest point) Total area: 15.4 m2 Internal dimensions: Height: 260 cm (at the highest point) Height: 215 cm (at the lowest point) Sauna area length: 200 cm Sauna area width: 210 cm Rest area length: 200 cm Rest area width: 210 cm Shower area length: 145 cm Shower area width: 210 cm\" \/>\n<meta property=\"og:url\" content=\"https:\/\/timberrest.com\/en\/produktas\/xl-sized-wooden-frame-sauna-with-a-large-window-pre-sauna-and-shower-615250-15-38-m2\/\" \/>\n<meta property=\"og:site_name\" content=\"Timberrest.com - didelis pir\u010di\u0173 ir karkasini\u0173 medini\u0173 nam\u0173 pasirinkimas\" \/>\n<meta property=\"article:modified_time\" content=\"2024-11-06T10:26:18+00:00\" \/>\n<meta property=\"og:image\" content=\"https:\/\/timberrest.com\/wp-content\/uploads\/2023\/08\/Medine-didele-pirtis-su-dvislaisciu-stogu-vitrininiu-langu-priespirciu-ir-tualetu-002.jpg\" \/>\n\t<meta property=\"og:image:width\" content=\"1920\" \/>\n\t<meta property=\"og:image:height\" content=\"1080\" \/>\n\t<meta property=\"og:image:type\" content=\"image\/jpeg\" \/>\n<meta name=\"twitter:card\" content=\"summary_large_image\" \/>\n<meta name=\"twitter:label1\" content=\"Est. reading time\" \/>\n\t<meta name=\"twitter:data1\" content=\"1 minute\" \/>\n<script type=\"application\/ld+json\" class=\"yoast-schema-graph\">{\"@context\":\"https:\/\/schema.org\",\"@graph\":[{\"@type\":\"WebPage\",\"@id\":\"https:\/\/timberrest.com\/en\/produktas\/xl-sized-wooden-frame-sauna-with-a-large-window-pre-sauna-and-shower-615250-15-38-m2\/\",\"url\":\"https:\/\/timberrest.com\/en\/produktas\/xl-sized-wooden-frame-sauna-with-a-large-window-pre-sauna-and-shower-615250-15-38-m2\/\",\"name\":\"XL-sized wooden frame sauna with a large window, pre-sauna, and shower 615250 \/ 15.38 m2 - Timberrest.com - didelis pir\u010di\u0173 ir karkasini\u0173 medini\u0173 nam\u0173 pasirinkimas\",\"isPartOf\":{\"@id\":\"https:\/\/timberrest.com\/en\/#website\"},\"datePublished\":\"2023-08-27T20:42:34+00:00\",\"dateModified\":\"2024-11-06T10:26:18+00:00\",\"breadcrumb\":{\"@id\":\"https:\/\/timberrest.com\/en\/produktas\/xl-sized-wooden-frame-sauna-with-a-large-window-pre-sauna-and-shower-615250-15-38-m2\/#breadcrumb\"},\"inLanguage\":\"en-US\",\"potentialAction\":[{\"@type\":\"ReadAction\",\"target\":[\"https:\/\/timberrest.com\/en\/produktas\/xl-sized-wooden-frame-sauna-with-a-large-window-pre-sauna-and-shower-615250-15-38-m2\/\"]}]},{\"@type\":\"BreadcrumbList\",\"@id\":\"https:\/\/timberrest.com\/en\/produktas\/xl-sized-wooden-frame-sauna-with-a-large-window-pre-sauna-and-shower-615250-15-38-m2\/#breadcrumb\",\"itemListElement\":[{\"@type\":\"ListItem\",\"position\":1,\"name\":\"Homepage\",\"item\":\"https:\/\/timberrest.com\/en\/\"},{\"@type\":\"ListItem\",\"position\":2,\"name\":\"Catalogue\",\"item\":\"https:\/\/timberrest.com\/en\/shop\/\"},{\"@type\":\"ListItem\",\"position\":3,\"name\":\"Saunas\",\"item\":\"https:\/\/timberrest.com\/en\/produkto-kategorija\/saunas\/\"},{\"@type\":\"ListItem\",\"position\":4,\"name\":\"XL-sized wooden frame sauna with a large window, pre-sauna, and shower 615250 \/ 15.38 m2\"}]},{\"@type\":\"WebSite\",\"@id\":\"https:\/\/timberrest.com\/en\/#website\",\"url\":\"https:\/\/timberrest.com\/en\/\",\"name\":\"Timberrest.com - didelis pir\u010di\u0173 ir karkasini\u0173 medini\u0173 nam\u0173 pasirinkimas\",\"description\":\"We gather a majority of sauna and cabin manufacturers in one place, so you will always find the best price\",\"potentialAction\":[{\"@type\":\"SearchAction\",\"target\":{\"@type\":\"EntryPoint\",\"urlTemplate\":\"https:\/\/timberrest.com\/en\/?s={search_term_string}\"},\"query-input\":\"required name=search_term_string\"}],\"inLanguage\":\"en-US\"}]}<\/script>\n<!-- \/ Yoast SEO plugin. -->","yoast_head_json":{"title":"XL-sized wooden frame sauna with a large window, pre-sauna, and shower 615250 \/ 15.38 m2 - Timberrest.com - didelis pir\u010di\u0173 ir karkasini\u0173 medini\u0173 nam\u0173 pasirinkimas","robots":{"index":"index","follow":"follow","max-snippet":"max-snippet:-1","max-image-preview":"max-image-preview:large","max-video-preview":"max-video-preview:-1"},"canonical":"https:\/\/timberrest.com\/en\/produktas\/xl-sized-wooden-frame-sauna-with-a-large-window-pre-sauna-and-shower-615250-15-38-m2\/","og_locale":"en_US","og_type":"article","og_title":"XL-sized wooden frame sauna with a large window, pre-sauna, and shower 615250 \/ 15.38 m2 - Timberrest.com - didelis pir\u010di\u0173 ir karkasini\u0173 medini\u0173 nam\u0173 pasirinkimas","og_description":"Exterior: Sheet metal roof Tempered glass window sized 80 x 200 cm in the sauna area Double-opening doors 90 x 200 cm (total width 180 cm) Tempered glass window sized 50 x 50 cm in the shower area Vertical screwed planks used for the construction of external walls The entire structure is \"wrapped\" with a weather and moisture-resistant membrane Two outdoor lamps on the wall Rain gutters installed on both sides of the sauna Sauna area: Black alder planks used for walls and ceilings Two-level bed made of black alder, accommodating up to 5 people comfortably LED lighting installed in the ceiling LED lighting under the benches Two lamps installed in the corners of the walls Electric or wood-burning stove (according to your preference) Walls and ceilings additionally insulated with a heat-resistant membrane Water trap for drainage under the beds Ventilation at the top above the beds Pre-sauna area: Spruce planks used for walls, ceilings, and floors LED lighting installed in the ceiling Bench 2 double sockets Electrical panel (cable led outside for easy connection to electricity) Walls and ceilings additionally insulated with an additional membrane Shower area: Spruce planks used for walls and ceilings Pipes installed for connecting and activating the shower equipment and sink Shower cabin base and outlet to the outside in the floor LED lighting installed in the ceiling Sauna dimensions: External dimensions: Length: 615 cm Width: 250 cm Height: 295 cm (at the highest point) Height: 240 cm (at the lowest point) Total area: 15.4 m2 Internal dimensions: Height: 260 cm (at the highest point) Height: 215 cm (at the lowest point) Sauna area length: 200 cm Sauna area width: 210 cm Rest area length: 200 cm Rest area width: 210 cm Shower area length: 145 cm Shower area width: 210 cm","og_url":"https:\/\/timberrest.com\/en\/produktas\/xl-sized-wooden-frame-sauna-with-a-large-window-pre-sauna-and-shower-615250-15-38-m2\/","og_site_name":"Timberrest.com - didelis pir\u010di\u0173 ir karkasini\u0173 medini\u0173 nam\u0173 pasirinkimas","article_modified_time":"2024-11-06T10:26:18+00:00","og_image":[{"width":1920,"height":1080,"url":"https:\/\/timberrest.com\/wp-content\/uploads\/2023\/08\/Medine-didele-pirtis-su-dvislaisciu-stogu-vitrininiu-langu-priespirciu-ir-tualetu-002.jpg","type":"image\/jpeg"}],"twitter_card":"summary_large_image","twitter_misc":{"Est. reading time":"1 minute"},"schema":{"@context":"https:\/\/schema.org","@graph":[{"@type":"WebPage","@id":"https:\/\/timberrest.com\/en\/produktas\/xl-sized-wooden-frame-sauna-with-a-large-window-pre-sauna-and-shower-615250-15-38-m2\/","url":"https:\/\/timberrest.com\/en\/produktas\/xl-sized-wooden-frame-sauna-with-a-large-window-pre-sauna-and-shower-615250-15-38-m2\/","name":"XL-sized wooden frame sauna with a large window, pre-sauna, and shower 615250 \/ 15.38 m2 - Timberrest.com - didelis pir\u010di\u0173 ir karkasini\u0173 medini\u0173 nam\u0173 pasirinkimas","isPartOf":{"@id":"https:\/\/timberrest.com\/en\/#website"},"datePublished":"2023-08-27T20:42:34+00:00","dateModified":"2024-11-06T10:26:18+00:00","breadcrumb":{"@id":"https:\/\/timberrest.com\/en\/produktas\/xl-sized-wooden-frame-sauna-with-a-large-window-pre-sauna-and-shower-615250-15-38-m2\/#breadcrumb"},"inLanguage":"en-US","potentialAction":[{"@type":"ReadAction","target":["https:\/\/timberrest.com\/en\/produktas\/xl-sized-wooden-frame-sauna-with-a-large-window-pre-sauna-and-shower-615250-15-38-m2\/"]}]},{"@type":"BreadcrumbList","@id":"https:\/\/timberrest.com\/en\/produktas\/xl-sized-wooden-frame-sauna-with-a-large-window-pre-sauna-and-shower-615250-15-38-m2\/#breadcrumb","itemListElement":[{"@type":"ListItem","position":1,"name":"Homepage","item":"https:\/\/timberrest.com\/en\/"},{"@type":"ListItem","position":2,"name":"Catalogue","item":"https:\/\/timberrest.com\/en\/shop\/"},{"@type":"ListItem","position":3,"name":"Saunas","item":"https:\/\/timberrest.com\/en\/produkto-kategorija\/saunas\/"},{"@type":"ListItem","position":4,"name":"XL-sized wooden frame sauna with a large window, pre-sauna, and shower 615250 \/ 15.38 m2"}]},{"@type":"WebSite","@id":"https:\/\/timberrest.com\/en\/#website","url":"https:\/\/timberrest.com\/en\/","name":"Timberrest.com - didelis pir\u010di\u0173 ir karkasini\u0173 medini\u0173 nam\u0173 pasirinkimas","description":"We gather a majority of sauna and cabin manufacturers in one place, so you will always find the best price","potentialAction":[{"@type":"SearchAction","target":{"@type":"EntryPoint","urlTemplate":"https:\/\/timberrest.com\/en\/?s={search_term_string}"},"query-input":"required name=search_term_string"}],"inLanguage":"en-US"}]}},"_links":{"self":[{"href":"https:\/\/timberrest.com\/en\/wp-json\/wp\/v2\/product\/5269","targetHints":{"allow":["GET"]}}],"collection":[{"href":"https:\/\/timberrest.com\/en\/wp-json\/wp\/v2\/product"}],"about":[{"href":"https:\/\/timberrest.com\/en\/wp-json\/wp\/v2\/types\/product"}],"wp:featuredmedia":[{"embeddable":true,"href":"https:\/\/timberrest.com\/en\/wp-json\/wp\/v2\/media\/2056"}],"wp:attachment":[{"href":"https:\/\/timberrest.com\/en\/wp-json\/wp\/v2\/media?parent=5269"}],"wp:term":[{"taxonomy":"product_cat","embeddable":true,"href":"https:\/\/timberrest.com\/en\/wp-json\/wp\/v2\/product_cat?post=5269"},{"taxonomy":"product_tag","embeddable":true,"href":"https:\/\/timberrest.com\/en\/wp-json\/wp\/v2\/product_tag?post=5269"}],"curies":[{"name":"wp","href":"https:\/\/api.w.org\/{rel}","templated":true}]}}