{"id":5266,"date":"2023-08-26T23:24:32","date_gmt":"2023-08-26T20:24:32","guid":{"rendered":"https:\/\/timberrest.com\/produktas\/vertikali-nedidele-medine-pirtis-su-dviem-langais-205240\/"},"modified":"2024-11-06T12:27:04","modified_gmt":"2024-11-06T10:27:04","slug":"vertical-small-wooden-sauna-with-two-windows-205240","status":"publish","type":"product","link":"https:\/\/timberrest.com\/en\/produktas\/vertical-small-wooden-sauna-with-two-windows-205240\/","title":{"rendered":"Vertical small wooden sauna with two windows 205240"},"content":{"rendered":"","protected":false},"excerpt":{"rendered":"<p><strong>Exterior:<\/strong><\/p>\n<p>Bitumen shingle roof<br \/>\nTwo windows sized 60 x 60 cm<br \/>\nWooden doors, sized 190 x 70 cm, with a window<br \/>\nSpruce wood used for the walls<br \/>\nElectrical connection<\/p>\n<p><strong>Sauna area:<\/strong><\/p>\n<p>One single-level bed and another two-level bed made of black alder, accommodating up to 3 people comfortably<br \/>\nElectric or wood-burning stove (according to your preference)<br \/>\nVentilation<br \/>\nWater trap for drainage<\/p>\n<p><strong>Sauna dimensions:<\/strong><\/p>\n<p><strong>External dimensions:<\/strong><\/p>\n<p>Diameter: 205 cm<br \/>\nHeight: 240 cm (at the highest point)<\/p>\n<p><strong>Internal dimensions:<\/strong><\/p>\n<p>Height: 215 cm<br \/>\nDiameter: 195 cm<\/p>\n","protected":false},"featured_media":2043,"template":"","meta":{"_acf_changed":false},"product_cat":[120,127],"product_tag":[],"class_list":{"0":"post-5266","1":"product","2":"type-product","3":"status-publish","4":"has-post-thumbnail","6":"product_cat-saunas","7":"product_cat-vertical","8":"pa_krosnele-electric-stove","9":"pa_krosnele-wood-burning-stove","10":"pa_mediena-coniferous-wood","11":"pa_mediena-larch","12":"pa_mediena-thermowood","14":"first","15":"instock","16":"sold-individually","17":"shipping-taxable","18":"purchasable","19":"product-type-simple"},"acf":[],"yoast_head":"<!-- This site is optimized with the Yoast SEO plugin v22.0 - https:\/\/yoast.com\/wordpress\/plugins\/seo\/ -->\n<title>Vertical small wooden sauna with two windows 205240 - Timberrest.com - didelis pir\u010di\u0173 ir karkasini\u0173 medini\u0173 nam\u0173 pasirinkimas<\/title>\n<meta name=\"robots\" content=\"index, follow, max-snippet:-1, max-image-preview:large, max-video-preview:-1\" \/>\n<link rel=\"canonical\" href=\"https:\/\/timberrest.com\/en\/produktas\/vertical-small-wooden-sauna-with-two-windows-205240\/\" \/>\n<meta property=\"og:locale\" content=\"en_US\" \/>\n<meta property=\"og:type\" content=\"article\" \/>\n<meta property=\"og:title\" content=\"Vertical small wooden sauna with two windows 205240 - Timberrest.com - didelis pir\u010di\u0173 ir karkasini\u0173 medini\u0173 nam\u0173 pasirinkimas\" \/>\n<meta property=\"og:description\" content=\"Exterior: Bitumen shingle roof Two windows sized 60 x 60 cm Wooden doors, sized 190 x 70 cm, with a window Spruce wood used for the walls Electrical connection Sauna area: One single-level bed and another two-level bed made of black alder, accommodating up to 3 people comfortably Electric or wood-burning stove (according to your preference) Ventilation Water trap for drainage Sauna dimensions: External dimensions: Diameter: 205 cm Height: 240 cm (at the highest point) Internal dimensions: Height: 215 cm Diameter: 195 cm\" \/>\n<meta property=\"og:url\" content=\"https:\/\/timberrest.com\/en\/produktas\/vertical-small-wooden-sauna-with-two-windows-205240\/\" \/>\n<meta property=\"og:site_name\" content=\"Timberrest.com - didelis pir\u010di\u0173 ir karkasini\u0173 medini\u0173 nam\u0173 pasirinkimas\" \/>\n<meta property=\"article:modified_time\" content=\"2024-11-06T10:27:04+00:00\" \/>\n<meta property=\"og:image\" content=\"https:\/\/timberrest.com\/wp-content\/uploads\/2023\/08\/Vertikali-pirtis-su-dviem-langais-205240-001.jpg\" \/>\n\t<meta property=\"og:image:width\" content=\"1920\" \/>\n\t<meta property=\"og:image:height\" content=\"1080\" \/>\n\t<meta property=\"og:image:type\" content=\"image\/jpeg\" \/>\n<meta name=\"twitter:card\" content=\"summary_large_image\" \/>\n<meta name=\"twitter:label1\" content=\"Est. reading time\" \/>\n\t<meta name=\"twitter:data1\" content=\"1 minute\" \/>\n<script type=\"application\/ld+json\" class=\"yoast-schema-graph\">{\"@context\":\"https:\/\/schema.org\",\"@graph\":[{\"@type\":\"WebPage\",\"@id\":\"https:\/\/timberrest.com\/en\/produktas\/vertical-small-wooden-sauna-with-two-windows-205240\/\",\"url\":\"https:\/\/timberrest.com\/en\/produktas\/vertical-small-wooden-sauna-with-two-windows-205240\/\",\"name\":\"Vertical small wooden sauna with two windows 205240 - Timberrest.com - didelis pir\u010di\u0173 ir karkasini\u0173 medini\u0173 nam\u0173 pasirinkimas\",\"isPartOf\":{\"@id\":\"https:\/\/timberrest.com\/en\/#website\"},\"datePublished\":\"2023-08-26T20:24:32+00:00\",\"dateModified\":\"2024-11-06T10:27:04+00:00\",\"breadcrumb\":{\"@id\":\"https:\/\/timberrest.com\/en\/produktas\/vertical-small-wooden-sauna-with-two-windows-205240\/#breadcrumb\"},\"inLanguage\":\"en-US\",\"potentialAction\":[{\"@type\":\"ReadAction\",\"target\":[\"https:\/\/timberrest.com\/en\/produktas\/vertical-small-wooden-sauna-with-two-windows-205240\/\"]}]},{\"@type\":\"BreadcrumbList\",\"@id\":\"https:\/\/timberrest.com\/en\/produktas\/vertical-small-wooden-sauna-with-two-windows-205240\/#breadcrumb\",\"itemListElement\":[{\"@type\":\"ListItem\",\"position\":1,\"name\":\"Homepage\",\"item\":\"https:\/\/timberrest.com\/en\/\"},{\"@type\":\"ListItem\",\"position\":2,\"name\":\"Catalogue\",\"item\":\"https:\/\/timberrest.com\/en\/shop\/\"},{\"@type\":\"ListItem\",\"position\":3,\"name\":\"Saunas\",\"item\":\"https:\/\/timberrest.com\/en\/produkto-kategorija\/saunas\/\"},{\"@type\":\"ListItem\",\"position\":4,\"name\":\"Vertical small wooden sauna with two windows 205240\"}]},{\"@type\":\"WebSite\",\"@id\":\"https:\/\/timberrest.com\/en\/#website\",\"url\":\"https:\/\/timberrest.com\/en\/\",\"name\":\"Timberrest.com - didelis pir\u010di\u0173 ir karkasini\u0173 medini\u0173 nam\u0173 pasirinkimas\",\"description\":\"We gather a majority of sauna and cabin manufacturers in one place, so you will always find the best price\",\"potentialAction\":[{\"@type\":\"SearchAction\",\"target\":{\"@type\":\"EntryPoint\",\"urlTemplate\":\"https:\/\/timberrest.com\/en\/?s={search_term_string}\"},\"query-input\":\"required name=search_term_string\"}],\"inLanguage\":\"en-US\"}]}<\/script>\n<!-- \/ Yoast SEO plugin. -->","yoast_head_json":{"title":"Vertical small wooden sauna with two windows 205240 - Timberrest.com - didelis pir\u010di\u0173 ir karkasini\u0173 medini\u0173 nam\u0173 pasirinkimas","robots":{"index":"index","follow":"follow","max-snippet":"max-snippet:-1","max-image-preview":"max-image-preview:large","max-video-preview":"max-video-preview:-1"},"canonical":"https:\/\/timberrest.com\/en\/produktas\/vertical-small-wooden-sauna-with-two-windows-205240\/","og_locale":"en_US","og_type":"article","og_title":"Vertical small wooden sauna with two windows 205240 - Timberrest.com - didelis pir\u010di\u0173 ir karkasini\u0173 medini\u0173 nam\u0173 pasirinkimas","og_description":"Exterior: Bitumen shingle roof Two windows sized 60 x 60 cm Wooden doors, sized 190 x 70 cm, with a window Spruce wood used for the walls Electrical connection Sauna area: One single-level bed and another two-level bed made of black alder, accommodating up to 3 people comfortably Electric or wood-burning stove (according to your preference) Ventilation Water trap for drainage Sauna dimensions: External dimensions: Diameter: 205 cm Height: 240 cm (at the highest point) Internal dimensions: Height: 215 cm Diameter: 195 cm","og_url":"https:\/\/timberrest.com\/en\/produktas\/vertical-small-wooden-sauna-with-two-windows-205240\/","og_site_name":"Timberrest.com - didelis pir\u010di\u0173 ir karkasini\u0173 medini\u0173 nam\u0173 pasirinkimas","article_modified_time":"2024-11-06T10:27:04+00:00","og_image":[{"width":1920,"height":1080,"url":"https:\/\/timberrest.com\/wp-content\/uploads\/2023\/08\/Vertikali-pirtis-su-dviem-langais-205240-001.jpg","type":"image\/jpeg"}],"twitter_card":"summary_large_image","twitter_misc":{"Est. reading time":"1 minute"},"schema":{"@context":"https:\/\/schema.org","@graph":[{"@type":"WebPage","@id":"https:\/\/timberrest.com\/en\/produktas\/vertical-small-wooden-sauna-with-two-windows-205240\/","url":"https:\/\/timberrest.com\/en\/produktas\/vertical-small-wooden-sauna-with-two-windows-205240\/","name":"Vertical small wooden sauna with two windows 205240 - Timberrest.com - didelis pir\u010di\u0173 ir karkasini\u0173 medini\u0173 nam\u0173 pasirinkimas","isPartOf":{"@id":"https:\/\/timberrest.com\/en\/#website"},"datePublished":"2023-08-26T20:24:32+00:00","dateModified":"2024-11-06T10:27:04+00:00","breadcrumb":{"@id":"https:\/\/timberrest.com\/en\/produktas\/vertical-small-wooden-sauna-with-two-windows-205240\/#breadcrumb"},"inLanguage":"en-US","potentialAction":[{"@type":"ReadAction","target":["https:\/\/timberrest.com\/en\/produktas\/vertical-small-wooden-sauna-with-two-windows-205240\/"]}]},{"@type":"BreadcrumbList","@id":"https:\/\/timberrest.com\/en\/produktas\/vertical-small-wooden-sauna-with-two-windows-205240\/#breadcrumb","itemListElement":[{"@type":"ListItem","position":1,"name":"Homepage","item":"https:\/\/timberrest.com\/en\/"},{"@type":"ListItem","position":2,"name":"Catalogue","item":"https:\/\/timberrest.com\/en\/shop\/"},{"@type":"ListItem","position":3,"name":"Saunas","item":"https:\/\/timberrest.com\/en\/produkto-kategorija\/saunas\/"},{"@type":"ListItem","position":4,"name":"Vertical small wooden sauna with two windows 205240"}]},{"@type":"WebSite","@id":"https:\/\/timberrest.com\/en\/#website","url":"https:\/\/timberrest.com\/en\/","name":"Timberrest.com - didelis pir\u010di\u0173 ir karkasini\u0173 medini\u0173 nam\u0173 pasirinkimas","description":"We gather a majority of sauna and cabin manufacturers in one place, so you will always find the best price","potentialAction":[{"@type":"SearchAction","target":{"@type":"EntryPoint","urlTemplate":"https:\/\/timberrest.com\/en\/?s={search_term_string}"},"query-input":"required name=search_term_string"}],"inLanguage":"en-US"}]}},"_links":{"self":[{"href":"https:\/\/timberrest.com\/en\/wp-json\/wp\/v2\/product\/5266","targetHints":{"allow":["GET"]}}],"collection":[{"href":"https:\/\/timberrest.com\/en\/wp-json\/wp\/v2\/product"}],"about":[{"href":"https:\/\/timberrest.com\/en\/wp-json\/wp\/v2\/types\/product"}],"wp:featuredmedia":[{"embeddable":true,"href":"https:\/\/timberrest.com\/en\/wp-json\/wp\/v2\/media\/2043"}],"wp:attachment":[{"href":"https:\/\/timberrest.com\/en\/wp-json\/wp\/v2\/media?parent=5266"}],"wp:term":[{"taxonomy":"product_cat","embeddable":true,"href":"https:\/\/timberrest.com\/en\/wp-json\/wp\/v2\/product_cat?post=5266"},{"taxonomy":"product_tag","embeddable":true,"href":"https:\/\/timberrest.com\/en\/wp-json\/wp\/v2\/product_tag?post=5266"}],"curies":[{"name":"wp","href":"https:\/\/api.w.org\/{rel}","templated":true}]}}