{"id":5263,"date":"2023-08-20T15:30:58","date_gmt":"2023-08-20T12:30:58","guid":{"rendered":"https:\/\/timberrest.com\/produktas\/elipses-formos-medine-pirtis-su-terasa-priespirciu-apvaliu-langu-kedem-bei-stalais-240450\/"},"modified":"2024-11-06T12:27:48","modified_gmt":"2024-11-06T10:27:48","slug":"wooden-sauna-in-the-shape-of-an-ellipse-with-a-terrace-pre-sauna-circular-window-benches-and-table-240450","status":"publish","type":"product","link":"https:\/\/timberrest.com\/en\/produktas\/wooden-sauna-in-the-shape-of-an-ellipse-with-a-terrace-pre-sauna-circular-window-benches-and-table-240450\/","title":{"rendered":"Wooden sauna in the shape of an ellipse with a terrace, pre-sauna, circular window, benches, and table 240450"},"content":{"rendered":"","protected":false},"excerpt":{"rendered":"<p><strong>Exterior:<\/strong><\/p>\n<p>Bitumen shingle roof<br \/>\nCircular window into the sauna, sized 100 cm<br \/>\nWooden doors, sized 200 x 80 cm, with two windows<br \/>\nSpruce wood used for the walls<br \/>\nElectrical connection in the lateral sauna part<br \/>\nTwo chairs on the terrace<br \/>\nTable attached to the wall<br \/>\nOne lamp above the door<\/p>\n<p><strong>Sauna area:<\/strong><\/p>\n<p>Spruce-made bed accommodating up to 7 people comfortably<br \/>\nElectric or wood-burning stove (according to your preference) with heating from the exterior sauna side<br \/>\nLED lighting under the bed<br \/>\nGlass sauna doors<br \/>\nVentilation above the beds<br \/>\nWater trap for drainage<\/p>\n<p><strong>Pre-sauna area:<\/strong><\/p>\n<p>Folding bench made of spruce<br \/>\nTable attached to the wall<br \/>\n5-hook hanger for clothes<\/p>\n<p><strong>Sauna dimensions:<\/strong><\/p>\n<p><strong>External dimensions:<\/strong><\/p>\n<p>Length: 450 cm<br \/>\nWidth: 240 cm<br \/>\nHeight: 260 cm<\/p>\n<p><strong>Internal dimensions:<\/strong><\/p>\n<p>Height: 250 cm (at the highest point)<br \/>\nSauna length: 220 cm<br \/>\nPre-sauna length: 215 cm<\/p>\n","protected":false},"featured_media":2031,"template":"","meta":{"_acf_changed":false},"product_cat":[120,122],"product_tag":[],"class_list":{"0":"post-5263","1":"product","2":"type-product","3":"status-publish","4":"has-post-thumbnail","6":"product_cat-saunas","7":"product_cat-elliptical","8":"pa_krosnele-electric-stove","9":"pa_krosnele-wood-burning-stove","10":"pa_mediena-coniferous-wood","11":"pa_mediena-larch","12":"pa_mediena-red-cedar","13":"pa_mediena-thermowood","15":"first","16":"instock","17":"sold-individually","18":"shipping-taxable","19":"purchasable","20":"product-type-simple"},"acf":[],"yoast_head":"<!-- This site is optimized with the Yoast SEO plugin v22.0 - https:\/\/yoast.com\/wordpress\/plugins\/seo\/ -->\n<title>Wooden sauna in the shape of an ellipse with a terrace, pre-sauna, circular window, benches, and table 240450 - Timberrest.com - didelis pir\u010di\u0173 ir karkasini\u0173 medini\u0173 nam\u0173 pasirinkimas<\/title>\n<meta name=\"robots\" content=\"index, follow, max-snippet:-1, max-image-preview:large, max-video-preview:-1\" \/>\n<link rel=\"canonical\" href=\"https:\/\/timberrest.com\/en\/produktas\/wooden-sauna-in-the-shape-of-an-ellipse-with-a-terrace-pre-sauna-circular-window-benches-and-table-240450\/\" \/>\n<meta property=\"og:locale\" content=\"en_US\" \/>\n<meta property=\"og:type\" content=\"article\" \/>\n<meta property=\"og:title\" content=\"Wooden sauna in the shape of an ellipse with a terrace, pre-sauna, circular window, benches, and table 240450 - Timberrest.com - didelis pir\u010di\u0173 ir karkasini\u0173 medini\u0173 nam\u0173 pasirinkimas\" \/>\n<meta property=\"og:description\" content=\"Exterior: Bitumen shingle roof Circular window into the sauna, sized 100 cm Wooden doors, sized 200 x 80 cm, with two windows Spruce wood used for the walls Electrical connection in the lateral sauna part Two chairs on the terrace Table attached to the wall One lamp above the door Sauna area: Spruce-made bed accommodating up to 7 people comfortably Electric or wood-burning stove (according to your preference) with heating from the exterior sauna side LED lighting under the bed Glass sauna doors Ventilation above the beds Water trap for drainage Pre-sauna area: Folding bench made of spruce Table attached to the wall 5-hook hanger for clothes Sauna dimensions: External dimensions: Length: 450 cm Width: 240 cm Height: 260 cm Internal dimensions: Height: 250 cm (at the highest point) Sauna length: 220 cm Pre-sauna length: 215 cm\" \/>\n<meta property=\"og:url\" content=\"https:\/\/timberrest.com\/en\/produktas\/wooden-sauna-in-the-shape-of-an-ellipse-with-a-terrace-pre-sauna-circular-window-benches-and-table-240450\/\" \/>\n<meta property=\"og:site_name\" content=\"Timberrest.com - didelis pir\u010di\u0173 ir karkasini\u0173 medini\u0173 nam\u0173 pasirinkimas\" \/>\n<meta property=\"article:modified_time\" content=\"2024-11-06T10:27:48+00:00\" \/>\n<meta property=\"og:image\" content=\"https:\/\/timberrest.com\/wp-content\/uploads\/2023\/08\/Elipses-formos-pirtis-su-apvaliu-langu-priespirciu-stalu-450240-003.jpg\" \/>\n\t<meta property=\"og:image:width\" content=\"1920\" \/>\n\t<meta property=\"og:image:height\" content=\"1080\" \/>\n\t<meta property=\"og:image:type\" content=\"image\/jpeg\" \/>\n<meta name=\"twitter:card\" content=\"summary_large_image\" \/>\n<meta name=\"twitter:label1\" content=\"Est. reading time\" \/>\n\t<meta name=\"twitter:data1\" content=\"1 minute\" \/>\n<script type=\"application\/ld+json\" class=\"yoast-schema-graph\">{\"@context\":\"https:\/\/schema.org\",\"@graph\":[{\"@type\":\"WebPage\",\"@id\":\"https:\/\/timberrest.com\/en\/produktas\/wooden-sauna-in-the-shape-of-an-ellipse-with-a-terrace-pre-sauna-circular-window-benches-and-table-240450\/\",\"url\":\"https:\/\/timberrest.com\/en\/produktas\/wooden-sauna-in-the-shape-of-an-ellipse-with-a-terrace-pre-sauna-circular-window-benches-and-table-240450\/\",\"name\":\"Wooden sauna in the shape of an ellipse with a terrace, pre-sauna, circular window, benches, and table 240450 - Timberrest.com - didelis pir\u010di\u0173 ir karkasini\u0173 medini\u0173 nam\u0173 pasirinkimas\",\"isPartOf\":{\"@id\":\"https:\/\/timberrest.com\/en\/#website\"},\"datePublished\":\"2023-08-20T12:30:58+00:00\",\"dateModified\":\"2024-11-06T10:27:48+00:00\",\"breadcrumb\":{\"@id\":\"https:\/\/timberrest.com\/en\/produktas\/wooden-sauna-in-the-shape-of-an-ellipse-with-a-terrace-pre-sauna-circular-window-benches-and-table-240450\/#breadcrumb\"},\"inLanguage\":\"en-US\",\"potentialAction\":[{\"@type\":\"ReadAction\",\"target\":[\"https:\/\/timberrest.com\/en\/produktas\/wooden-sauna-in-the-shape-of-an-ellipse-with-a-terrace-pre-sauna-circular-window-benches-and-table-240450\/\"]}]},{\"@type\":\"BreadcrumbList\",\"@id\":\"https:\/\/timberrest.com\/en\/produktas\/wooden-sauna-in-the-shape-of-an-ellipse-with-a-terrace-pre-sauna-circular-window-benches-and-table-240450\/#breadcrumb\",\"itemListElement\":[{\"@type\":\"ListItem\",\"position\":1,\"name\":\"Homepage\",\"item\":\"https:\/\/timberrest.com\/en\/\"},{\"@type\":\"ListItem\",\"position\":2,\"name\":\"Catalogue\",\"item\":\"https:\/\/timberrest.com\/en\/shop\/\"},{\"@type\":\"ListItem\",\"position\":3,\"name\":\"Saunas\",\"item\":\"https:\/\/timberrest.com\/en\/produkto-kategorija\/saunas\/\"},{\"@type\":\"ListItem\",\"position\":4,\"name\":\"Wooden sauna in the shape of an ellipse with a terrace, pre-sauna, circular window, benches, and table 240450\"}]},{\"@type\":\"WebSite\",\"@id\":\"https:\/\/timberrest.com\/en\/#website\",\"url\":\"https:\/\/timberrest.com\/en\/\",\"name\":\"Timberrest.com - didelis pir\u010di\u0173 ir karkasini\u0173 medini\u0173 nam\u0173 pasirinkimas\",\"description\":\"We gather a majority of sauna and cabin manufacturers in one place, so you will always find the best price\",\"potentialAction\":[{\"@type\":\"SearchAction\",\"target\":{\"@type\":\"EntryPoint\",\"urlTemplate\":\"https:\/\/timberrest.com\/en\/?s={search_term_string}\"},\"query-input\":\"required name=search_term_string\"}],\"inLanguage\":\"en-US\"}]}<\/script>\n<!-- \/ Yoast SEO plugin. -->","yoast_head_json":{"title":"Wooden sauna in the shape of an ellipse with a terrace, pre-sauna, circular window, benches, and table 240450 - Timberrest.com - didelis pir\u010di\u0173 ir karkasini\u0173 medini\u0173 nam\u0173 pasirinkimas","robots":{"index":"index","follow":"follow","max-snippet":"max-snippet:-1","max-image-preview":"max-image-preview:large","max-video-preview":"max-video-preview:-1"},"canonical":"https:\/\/timberrest.com\/en\/produktas\/wooden-sauna-in-the-shape-of-an-ellipse-with-a-terrace-pre-sauna-circular-window-benches-and-table-240450\/","og_locale":"en_US","og_type":"article","og_title":"Wooden sauna in the shape of an ellipse with a terrace, pre-sauna, circular window, benches, and table 240450 - Timberrest.com - didelis pir\u010di\u0173 ir karkasini\u0173 medini\u0173 nam\u0173 pasirinkimas","og_description":"Exterior: Bitumen shingle roof Circular window into the sauna, sized 100 cm Wooden doors, sized 200 x 80 cm, with two windows Spruce wood used for the walls Electrical connection in the lateral sauna part Two chairs on the terrace Table attached to the wall One lamp above the door Sauna area: Spruce-made bed accommodating up to 7 people comfortably Electric or wood-burning stove (according to your preference) with heating from the exterior sauna side LED lighting under the bed Glass sauna doors Ventilation above the beds Water trap for drainage Pre-sauna area: Folding bench made of spruce Table attached to the wall 5-hook hanger for clothes Sauna dimensions: External dimensions: Length: 450 cm Width: 240 cm Height: 260 cm Internal dimensions: Height: 250 cm (at the highest point) Sauna length: 220 cm Pre-sauna length: 215 cm","og_url":"https:\/\/timberrest.com\/en\/produktas\/wooden-sauna-in-the-shape-of-an-ellipse-with-a-terrace-pre-sauna-circular-window-benches-and-table-240450\/","og_site_name":"Timberrest.com - didelis pir\u010di\u0173 ir karkasini\u0173 medini\u0173 nam\u0173 pasirinkimas","article_modified_time":"2024-11-06T10:27:48+00:00","og_image":[{"width":1920,"height":1080,"url":"https:\/\/timberrest.com\/wp-content\/uploads\/2023\/08\/Elipses-formos-pirtis-su-apvaliu-langu-priespirciu-stalu-450240-003.jpg","type":"image\/jpeg"}],"twitter_card":"summary_large_image","twitter_misc":{"Est. reading time":"1 minute"},"schema":{"@context":"https:\/\/schema.org","@graph":[{"@type":"WebPage","@id":"https:\/\/timberrest.com\/en\/produktas\/wooden-sauna-in-the-shape-of-an-ellipse-with-a-terrace-pre-sauna-circular-window-benches-and-table-240450\/","url":"https:\/\/timberrest.com\/en\/produktas\/wooden-sauna-in-the-shape-of-an-ellipse-with-a-terrace-pre-sauna-circular-window-benches-and-table-240450\/","name":"Wooden sauna in the shape of an ellipse with a terrace, pre-sauna, circular window, benches, and table 240450 - Timberrest.com - didelis pir\u010di\u0173 ir karkasini\u0173 medini\u0173 nam\u0173 pasirinkimas","isPartOf":{"@id":"https:\/\/timberrest.com\/en\/#website"},"datePublished":"2023-08-20T12:30:58+00:00","dateModified":"2024-11-06T10:27:48+00:00","breadcrumb":{"@id":"https:\/\/timberrest.com\/en\/produktas\/wooden-sauna-in-the-shape-of-an-ellipse-with-a-terrace-pre-sauna-circular-window-benches-and-table-240450\/#breadcrumb"},"inLanguage":"en-US","potentialAction":[{"@type":"ReadAction","target":["https:\/\/timberrest.com\/en\/produktas\/wooden-sauna-in-the-shape-of-an-ellipse-with-a-terrace-pre-sauna-circular-window-benches-and-table-240450\/"]}]},{"@type":"BreadcrumbList","@id":"https:\/\/timberrest.com\/en\/produktas\/wooden-sauna-in-the-shape-of-an-ellipse-with-a-terrace-pre-sauna-circular-window-benches-and-table-240450\/#breadcrumb","itemListElement":[{"@type":"ListItem","position":1,"name":"Homepage","item":"https:\/\/timberrest.com\/en\/"},{"@type":"ListItem","position":2,"name":"Catalogue","item":"https:\/\/timberrest.com\/en\/shop\/"},{"@type":"ListItem","position":3,"name":"Saunas","item":"https:\/\/timberrest.com\/en\/produkto-kategorija\/saunas\/"},{"@type":"ListItem","position":4,"name":"Wooden sauna in the shape of an ellipse with a terrace, pre-sauna, circular window, benches, and table 240450"}]},{"@type":"WebSite","@id":"https:\/\/timberrest.com\/en\/#website","url":"https:\/\/timberrest.com\/en\/","name":"Timberrest.com - didelis pir\u010di\u0173 ir karkasini\u0173 medini\u0173 nam\u0173 pasirinkimas","description":"We gather a majority of sauna and cabin manufacturers in one place, so you will always find the best price","potentialAction":[{"@type":"SearchAction","target":{"@type":"EntryPoint","urlTemplate":"https:\/\/timberrest.com\/en\/?s={search_term_string}"},"query-input":"required name=search_term_string"}],"inLanguage":"en-US"}]}},"_links":{"self":[{"href":"https:\/\/timberrest.com\/en\/wp-json\/wp\/v2\/product\/5263","targetHints":{"allow":["GET"]}}],"collection":[{"href":"https:\/\/timberrest.com\/en\/wp-json\/wp\/v2\/product"}],"about":[{"href":"https:\/\/timberrest.com\/en\/wp-json\/wp\/v2\/types\/product"}],"wp:featuredmedia":[{"embeddable":true,"href":"https:\/\/timberrest.com\/en\/wp-json\/wp\/v2\/media\/2031"}],"wp:attachment":[{"href":"https:\/\/timberrest.com\/en\/wp-json\/wp\/v2\/media?parent=5263"}],"wp:term":[{"taxonomy":"product_cat","embeddable":true,"href":"https:\/\/timberrest.com\/en\/wp-json\/wp\/v2\/product_cat?post=5263"},{"taxonomy":"product_tag","embeddable":true,"href":"https:\/\/timberrest.com\/en\/wp-json\/wp\/v2\/product_tag?post=5263"}],"curies":[{"name":"wp","href":"https:\/\/api.w.org\/{rel}","templated":true}]}}