{"id":5254,"date":"2023-08-15T18:27:43","date_gmt":"2023-08-15T15:27:43","guid":{"rendered":"https:\/\/timberrest.com\/produktas\/kvadratine-pirtis-su-priespirciu-ir-dideliu-vitrininiu-langu-400240\/"},"modified":"2024-11-06T12:39:24","modified_gmt":"2024-11-06T10:39:24","slug":"square-sauna-with-a-pre-sauna-area-and-a-large-glass-window-400240","status":"publish","type":"product","link":"https:\/\/timberrest.com\/en\/produktas\/square-sauna-with-a-pre-sauna-area-and-a-large-glass-window-400240\/","title":{"rendered":"Square sauna with a pre-sauna area and a large glass window 400240"},"content":{"rendered":"","protected":false},"excerpt":{"rendered":"<p><strong>Exterior:<\/strong><\/p>\n<p>Bitumen shingle roof<br \/>\nWindow with a height of 230 cm in the rear part of the sauna<br \/>\nWooden doors, sized 200 x 90 cm, with a window<br \/>\nSpruce wood used for the walls<br \/>\nElectrical connection in the lateral sauna part<\/p>\n<p><strong>Sauna area:<\/strong><\/p>\n<p>Spruce-made bed accommodating up to 6 people comfortably<br \/>\nElectric or wood-burning stove (according to your preference) with heating from the exterior sauna side<br \/>\nLED lighting in the ceiling<br \/>\nGlass sauna doors<\/p>\n<p><strong>Pre-sauna area:<\/strong><\/p>\n<p>Two benches made of spruce<br \/>\nLED lighting in the ceiling<br \/>\n5-hook hanger for clothes<\/p>\n<p><strong>Sauna dimensions:<\/strong><\/p>\n<p><strong>External dimensions:<\/strong><\/p>\n<p>Length: 400 cm<br \/>\nWidth: 240 cm<br \/>\nHeight: 255 cm (with the base)<\/p>\n<p><strong>Internal dimensions:<\/strong><\/p>\n<p>Height: 220 cm (at the highest point)<br \/>\nSauna length: 235 cm<br \/>\nPre-sauna length: 130 cm<\/p>\n","protected":false},"featured_media":1992,"template":"","meta":{"_acf_changed":false},"product_cat":[120,125],"product_tag":[],"class_list":{"0":"post-5254","1":"product","2":"type-product","3":"status-publish","4":"has-post-thumbnail","6":"product_cat-saunas","7":"product_cat-square","8":"pa_krosnele-electric-stove","9":"pa_krosnele-wood-burning-stove","11":"first","12":"instock","13":"sold-individually","14":"shipping-taxable","15":"purchasable","16":"product-type-simple"},"acf":[],"yoast_head":"<!-- This site is optimized with the Yoast SEO plugin v22.0 - https:\/\/yoast.com\/wordpress\/plugins\/seo\/ -->\n<title>Square sauna with a pre-sauna area and a large glass window 400240 - Timberrest.com - didelis pir\u010di\u0173 ir karkasini\u0173 medini\u0173 nam\u0173 pasirinkimas<\/title>\n<meta name=\"robots\" content=\"index, follow, max-snippet:-1, max-image-preview:large, max-video-preview:-1\" \/>\n<link rel=\"canonical\" href=\"https:\/\/timberrest.com\/en\/produktas\/square-sauna-with-a-pre-sauna-area-and-a-large-glass-window-400240\/\" \/>\n<meta property=\"og:locale\" content=\"en_US\" \/>\n<meta property=\"og:type\" content=\"article\" \/>\n<meta property=\"og:title\" content=\"Square sauna with a pre-sauna area and a large glass window 400240 - Timberrest.com - didelis pir\u010di\u0173 ir karkasini\u0173 medini\u0173 nam\u0173 pasirinkimas\" \/>\n<meta property=\"og:description\" content=\"Exterior: Bitumen shingle roof Window with a height of 230 cm in the rear part of the sauna Wooden doors, sized 200 x 90 cm, with a window Spruce wood used for the walls Electrical connection in the lateral sauna part Sauna area: Spruce-made bed accommodating up to 6 people comfortably Electric or wood-burning stove (according to your preference) with heating from the exterior sauna side LED lighting in the ceiling Glass sauna doors Pre-sauna area: Two benches made of spruce LED lighting in the ceiling 5-hook hanger for clothes Sauna dimensions: External dimensions: Length: 400 cm Width: 240 cm Height: 255 cm (with the base) Internal dimensions: Height: 220 cm (at the highest point) Sauna length: 235 cm Pre-sauna length: 130 cm\" \/>\n<meta property=\"og:url\" content=\"https:\/\/timberrest.com\/en\/produktas\/square-sauna-with-a-pre-sauna-area-and-a-large-glass-window-400240\/\" \/>\n<meta property=\"og:site_name\" content=\"Timberrest.com - didelis pir\u010di\u0173 ir karkasini\u0173 medini\u0173 nam\u0173 pasirinkimas\" \/>\n<meta property=\"article:modified_time\" content=\"2024-11-06T10:39:24+00:00\" \/>\n<meta property=\"og:image\" content=\"https:\/\/timberrest.com\/wp-content\/uploads\/2023\/08\/Kvadratine-pirtis-su-dideliu-vitrininiu-langu-400240-002.jpg\" \/>\n\t<meta property=\"og:image:width\" content=\"1920\" \/>\n\t<meta property=\"og:image:height\" content=\"1080\" \/>\n\t<meta property=\"og:image:type\" content=\"image\/jpeg\" \/>\n<meta name=\"twitter:card\" content=\"summary_large_image\" \/>\n<meta name=\"twitter:label1\" content=\"Est. reading time\" \/>\n\t<meta name=\"twitter:data1\" content=\"1 minute\" \/>\n<script type=\"application\/ld+json\" class=\"yoast-schema-graph\">{\"@context\":\"https:\/\/schema.org\",\"@graph\":[{\"@type\":\"WebPage\",\"@id\":\"https:\/\/timberrest.com\/en\/produktas\/square-sauna-with-a-pre-sauna-area-and-a-large-glass-window-400240\/\",\"url\":\"https:\/\/timberrest.com\/en\/produktas\/square-sauna-with-a-pre-sauna-area-and-a-large-glass-window-400240\/\",\"name\":\"Square sauna with a pre-sauna area and a large glass window 400240 - Timberrest.com - didelis pir\u010di\u0173 ir karkasini\u0173 medini\u0173 nam\u0173 pasirinkimas\",\"isPartOf\":{\"@id\":\"https:\/\/timberrest.com\/en\/#website\"},\"datePublished\":\"2023-08-15T15:27:43+00:00\",\"dateModified\":\"2024-11-06T10:39:24+00:00\",\"breadcrumb\":{\"@id\":\"https:\/\/timberrest.com\/en\/produktas\/square-sauna-with-a-pre-sauna-area-and-a-large-glass-window-400240\/#breadcrumb\"},\"inLanguage\":\"en-US\",\"potentialAction\":[{\"@type\":\"ReadAction\",\"target\":[\"https:\/\/timberrest.com\/en\/produktas\/square-sauna-with-a-pre-sauna-area-and-a-large-glass-window-400240\/\"]}]},{\"@type\":\"BreadcrumbList\",\"@id\":\"https:\/\/timberrest.com\/en\/produktas\/square-sauna-with-a-pre-sauna-area-and-a-large-glass-window-400240\/#breadcrumb\",\"itemListElement\":[{\"@type\":\"ListItem\",\"position\":1,\"name\":\"Homepage\",\"item\":\"https:\/\/timberrest.com\/en\/\"},{\"@type\":\"ListItem\",\"position\":2,\"name\":\"Catalogue\",\"item\":\"https:\/\/timberrest.com\/en\/shop\/\"},{\"@type\":\"ListItem\",\"position\":3,\"name\":\"Saunas\",\"item\":\"https:\/\/timberrest.com\/en\/produkto-kategorija\/saunas\/\"},{\"@type\":\"ListItem\",\"position\":4,\"name\":\"Square sauna with a pre-sauna area and a large glass window 400240\"}]},{\"@type\":\"WebSite\",\"@id\":\"https:\/\/timberrest.com\/en\/#website\",\"url\":\"https:\/\/timberrest.com\/en\/\",\"name\":\"Timberrest.com - didelis pir\u010di\u0173 ir karkasini\u0173 medini\u0173 nam\u0173 pasirinkimas\",\"description\":\"We gather a majority of sauna and cabin manufacturers in one place, so you will always find the best price\",\"potentialAction\":[{\"@type\":\"SearchAction\",\"target\":{\"@type\":\"EntryPoint\",\"urlTemplate\":\"https:\/\/timberrest.com\/en\/?s={search_term_string}\"},\"query-input\":\"required name=search_term_string\"}],\"inLanguage\":\"en-US\"}]}<\/script>\n<!-- \/ Yoast SEO plugin. -->","yoast_head_json":{"title":"Square sauna with a pre-sauna area and a large glass window 400240 - Timberrest.com - didelis pir\u010di\u0173 ir karkasini\u0173 medini\u0173 nam\u0173 pasirinkimas","robots":{"index":"index","follow":"follow","max-snippet":"max-snippet:-1","max-image-preview":"max-image-preview:large","max-video-preview":"max-video-preview:-1"},"canonical":"https:\/\/timberrest.com\/en\/produktas\/square-sauna-with-a-pre-sauna-area-and-a-large-glass-window-400240\/","og_locale":"en_US","og_type":"article","og_title":"Square sauna with a pre-sauna area and a large glass window 400240 - Timberrest.com - didelis pir\u010di\u0173 ir karkasini\u0173 medini\u0173 nam\u0173 pasirinkimas","og_description":"Exterior: Bitumen shingle roof Window with a height of 230 cm in the rear part of the sauna Wooden doors, sized 200 x 90 cm, with a window Spruce wood used for the walls Electrical connection in the lateral sauna part Sauna area: Spruce-made bed accommodating up to 6 people comfortably Electric or wood-burning stove (according to your preference) with heating from the exterior sauna side LED lighting in the ceiling Glass sauna doors Pre-sauna area: Two benches made of spruce LED lighting in the ceiling 5-hook hanger for clothes Sauna dimensions: External dimensions: Length: 400 cm Width: 240 cm Height: 255 cm (with the base) Internal dimensions: Height: 220 cm (at the highest point) Sauna length: 235 cm Pre-sauna length: 130 cm","og_url":"https:\/\/timberrest.com\/en\/produktas\/square-sauna-with-a-pre-sauna-area-and-a-large-glass-window-400240\/","og_site_name":"Timberrest.com - didelis pir\u010di\u0173 ir karkasini\u0173 medini\u0173 nam\u0173 pasirinkimas","article_modified_time":"2024-11-06T10:39:24+00:00","og_image":[{"width":1920,"height":1080,"url":"https:\/\/timberrest.com\/wp-content\/uploads\/2023\/08\/Kvadratine-pirtis-su-dideliu-vitrininiu-langu-400240-002.jpg","type":"image\/jpeg"}],"twitter_card":"summary_large_image","twitter_misc":{"Est. reading time":"1 minute"},"schema":{"@context":"https:\/\/schema.org","@graph":[{"@type":"WebPage","@id":"https:\/\/timberrest.com\/en\/produktas\/square-sauna-with-a-pre-sauna-area-and-a-large-glass-window-400240\/","url":"https:\/\/timberrest.com\/en\/produktas\/square-sauna-with-a-pre-sauna-area-and-a-large-glass-window-400240\/","name":"Square sauna with a pre-sauna area and a large glass window 400240 - Timberrest.com - didelis pir\u010di\u0173 ir karkasini\u0173 medini\u0173 nam\u0173 pasirinkimas","isPartOf":{"@id":"https:\/\/timberrest.com\/en\/#website"},"datePublished":"2023-08-15T15:27:43+00:00","dateModified":"2024-11-06T10:39:24+00:00","breadcrumb":{"@id":"https:\/\/timberrest.com\/en\/produktas\/square-sauna-with-a-pre-sauna-area-and-a-large-glass-window-400240\/#breadcrumb"},"inLanguage":"en-US","potentialAction":[{"@type":"ReadAction","target":["https:\/\/timberrest.com\/en\/produktas\/square-sauna-with-a-pre-sauna-area-and-a-large-glass-window-400240\/"]}]},{"@type":"BreadcrumbList","@id":"https:\/\/timberrest.com\/en\/produktas\/square-sauna-with-a-pre-sauna-area-and-a-large-glass-window-400240\/#breadcrumb","itemListElement":[{"@type":"ListItem","position":1,"name":"Homepage","item":"https:\/\/timberrest.com\/en\/"},{"@type":"ListItem","position":2,"name":"Catalogue","item":"https:\/\/timberrest.com\/en\/shop\/"},{"@type":"ListItem","position":3,"name":"Saunas","item":"https:\/\/timberrest.com\/en\/produkto-kategorija\/saunas\/"},{"@type":"ListItem","position":4,"name":"Square sauna with a pre-sauna area and a large glass window 400240"}]},{"@type":"WebSite","@id":"https:\/\/timberrest.com\/en\/#website","url":"https:\/\/timberrest.com\/en\/","name":"Timberrest.com - didelis pir\u010di\u0173 ir karkasini\u0173 medini\u0173 nam\u0173 pasirinkimas","description":"We gather a majority of sauna and cabin manufacturers in one place, so you will always find the best price","potentialAction":[{"@type":"SearchAction","target":{"@type":"EntryPoint","urlTemplate":"https:\/\/timberrest.com\/en\/?s={search_term_string}"},"query-input":"required name=search_term_string"}],"inLanguage":"en-US"}]}},"_links":{"self":[{"href":"https:\/\/timberrest.com\/en\/wp-json\/wp\/v2\/product\/5254","targetHints":{"allow":["GET"]}}],"collection":[{"href":"https:\/\/timberrest.com\/en\/wp-json\/wp\/v2\/product"}],"about":[{"href":"https:\/\/timberrest.com\/en\/wp-json\/wp\/v2\/types\/product"}],"wp:featuredmedia":[{"embeddable":true,"href":"https:\/\/timberrest.com\/en\/wp-json\/wp\/v2\/media\/1992"}],"wp:attachment":[{"href":"https:\/\/timberrest.com\/en\/wp-json\/wp\/v2\/media?parent=5254"}],"wp:term":[{"taxonomy":"product_cat","embeddable":true,"href":"https:\/\/timberrest.com\/en\/wp-json\/wp\/v2\/product_cat?post=5254"},{"taxonomy":"product_tag","embeddable":true,"href":"https:\/\/timberrest.com\/en\/wp-json\/wp\/v2\/product_tag?post=5254"}],"curies":[{"name":"wp","href":"https:\/\/api.w.org\/{rel}","templated":true}]}}