{"id":5250,"date":"2023-08-14T14:05:47","date_gmt":"2023-08-14T11:05:47","guid":{"rendered":"https:\/\/timberrest.com\/produktas\/apvali-medine-pirtis-su-pusiniu-langu-galineje-dalyje-235300\/"},"modified":"2024-11-06T12:38:44","modified_gmt":"2024-11-06T10:38:44","slug":"a-round-wooden-sauna-with-a-half-window-in-the-rear-part-235300","status":"publish","type":"product","link":"https:\/\/timberrest.com\/en\/produktas\/a-round-wooden-sauna-with-a-half-window-in-the-rear-part-235300\/","title":{"rendered":"A round wooden sauna with a half-window in the rear part 235300"},"content":{"rendered":"","protected":false},"excerpt":{"rendered":"<p><strong>Exterior:<\/strong><\/p>\n<p>Bitumen shingle roof<br \/>\n110 cm high window in the rear part of the sauna<br \/>\nWooden door, measuring 190 x 90 cm, with a window<br \/>\nWalls made of spruce wood<br \/>\nElectrical outlet on the side of the sauna<\/p>\n<p><strong>Sauna area:<\/strong><\/p>\n<p>Double bed made of alder wood, suitable for up to 6 people<br \/>\nElectric or wood-burning stove (according to your preference)<br \/>\nLED lighting under the bed<br \/>\nVentilation<br \/>\nDrainage trap for water runoff<\/p>\n<p><strong>Sauna dimensions:<\/strong><\/p>\n<p><strong>External dimensions:<\/strong><\/p>\n<p>Length: 300 cm<br \/>\nWidth: 235 cm<br \/>\nHeight: 250 cm<\/p>\n<p><strong>Internal dimensions:<\/strong><\/p>\n<p>Height: 210 cm (at the highest point)<br \/>\nLength of the sauna area: 275 cm<\/p>\n","protected":false},"featured_media":1980,"template":"","meta":{"_acf_changed":false},"product_cat":[120,121],"product_tag":[],"class_list":{"0":"post-5250","1":"product","2":"type-product","3":"status-publish","4":"has-post-thumbnail","6":"product_cat-saunas","7":"product_cat-round","8":"pa_krosnele-electric-stove","9":"pa_krosnele-wood-burning-stove","11":"first","12":"instock","13":"sold-individually","14":"shipping-taxable","15":"purchasable","16":"product-type-simple"},"acf":[],"yoast_head":"<!-- This site is optimized with the Yoast SEO plugin v22.0 - https:\/\/yoast.com\/wordpress\/plugins\/seo\/ -->\n<title>A round wooden sauna with a half-window in the rear part 235300 - Timberrest.com - didelis pir\u010di\u0173 ir karkasini\u0173 medini\u0173 nam\u0173 pasirinkimas<\/title>\n<meta name=\"robots\" content=\"index, follow, max-snippet:-1, max-image-preview:large, max-video-preview:-1\" \/>\n<link rel=\"canonical\" href=\"https:\/\/timberrest.com\/en\/produktas\/a-round-wooden-sauna-with-a-half-window-in-the-rear-part-235300\/\" \/>\n<meta property=\"og:locale\" content=\"en_US\" \/>\n<meta property=\"og:type\" content=\"article\" \/>\n<meta property=\"og:title\" content=\"A round wooden sauna with a half-window in the rear part 235300 - Timberrest.com - didelis pir\u010di\u0173 ir karkasini\u0173 medini\u0173 nam\u0173 pasirinkimas\" \/>\n<meta property=\"og:description\" content=\"Exterior: Bitumen shingle roof 110 cm high window in the rear part of the sauna Wooden door, measuring 190 x 90 cm, with a window Walls made of spruce wood Electrical outlet on the side of the sauna Sauna area: Double bed made of alder wood, suitable for up to 6 people Electric or wood-burning stove (according to your preference) LED lighting under the bed Ventilation Drainage trap for water runoff Sauna dimensions: External dimensions: Length: 300 cm Width: 235 cm Height: 250 cm Internal dimensions: Height: 210 cm (at the highest point) Length of the sauna area: 275 cm\" \/>\n<meta property=\"og:url\" content=\"https:\/\/timberrest.com\/en\/produktas\/a-round-wooden-sauna-with-a-half-window-in-the-rear-part-235300\/\" \/>\n<meta property=\"og:site_name\" content=\"Timberrest.com - didelis pir\u010di\u0173 ir karkasini\u0173 medini\u0173 nam\u0173 pasirinkimas\" \/>\n<meta property=\"article:modified_time\" content=\"2024-11-06T10:38:44+00:00\" \/>\n<meta property=\"og:image\" content=\"https:\/\/timberrest.com\/wp-content\/uploads\/2023\/08\/Apvali-pirtis-su-puse-dydzio-vitrininiu-langu-235300-001.jpg\" \/>\n\t<meta property=\"og:image:width\" content=\"1920\" \/>\n\t<meta property=\"og:image:height\" content=\"1080\" \/>\n\t<meta property=\"og:image:type\" content=\"image\/jpeg\" \/>\n<meta name=\"twitter:card\" content=\"summary_large_image\" \/>\n<meta name=\"twitter:label1\" content=\"Est. reading time\" \/>\n\t<meta name=\"twitter:data1\" content=\"1 minute\" \/>\n<script type=\"application\/ld+json\" class=\"yoast-schema-graph\">{\"@context\":\"https:\/\/schema.org\",\"@graph\":[{\"@type\":\"WebPage\",\"@id\":\"https:\/\/timberrest.com\/en\/produktas\/a-round-wooden-sauna-with-a-half-window-in-the-rear-part-235300\/\",\"url\":\"https:\/\/timberrest.com\/en\/produktas\/a-round-wooden-sauna-with-a-half-window-in-the-rear-part-235300\/\",\"name\":\"A round wooden sauna with a half-window in the rear part 235300 - Timberrest.com - didelis pir\u010di\u0173 ir karkasini\u0173 medini\u0173 nam\u0173 pasirinkimas\",\"isPartOf\":{\"@id\":\"https:\/\/timberrest.com\/en\/#website\"},\"datePublished\":\"2023-08-14T11:05:47+00:00\",\"dateModified\":\"2024-11-06T10:38:44+00:00\",\"breadcrumb\":{\"@id\":\"https:\/\/timberrest.com\/en\/produktas\/a-round-wooden-sauna-with-a-half-window-in-the-rear-part-235300\/#breadcrumb\"},\"inLanguage\":\"en-US\",\"potentialAction\":[{\"@type\":\"ReadAction\",\"target\":[\"https:\/\/timberrest.com\/en\/produktas\/a-round-wooden-sauna-with-a-half-window-in-the-rear-part-235300\/\"]}]},{\"@type\":\"BreadcrumbList\",\"@id\":\"https:\/\/timberrest.com\/en\/produktas\/a-round-wooden-sauna-with-a-half-window-in-the-rear-part-235300\/#breadcrumb\",\"itemListElement\":[{\"@type\":\"ListItem\",\"position\":1,\"name\":\"Homepage\",\"item\":\"https:\/\/timberrest.com\/en\/\"},{\"@type\":\"ListItem\",\"position\":2,\"name\":\"Catalogue\",\"item\":\"https:\/\/timberrest.com\/en\/shop\/\"},{\"@type\":\"ListItem\",\"position\":3,\"name\":\"Saunas\",\"item\":\"https:\/\/timberrest.com\/en\/produkto-kategorija\/saunas\/\"},{\"@type\":\"ListItem\",\"position\":4,\"name\":\"A round wooden sauna with a half-window in the rear part 235300\"}]},{\"@type\":\"WebSite\",\"@id\":\"https:\/\/timberrest.com\/en\/#website\",\"url\":\"https:\/\/timberrest.com\/en\/\",\"name\":\"Timberrest.com - didelis pir\u010di\u0173 ir karkasini\u0173 medini\u0173 nam\u0173 pasirinkimas\",\"description\":\"We gather a majority of sauna and cabin manufacturers in one place, so you will always find the best price\",\"potentialAction\":[{\"@type\":\"SearchAction\",\"target\":{\"@type\":\"EntryPoint\",\"urlTemplate\":\"https:\/\/timberrest.com\/en\/?s={search_term_string}\"},\"query-input\":\"required name=search_term_string\"}],\"inLanguage\":\"en-US\"}]}<\/script>\n<!-- \/ Yoast SEO plugin. -->","yoast_head_json":{"title":"A round wooden sauna with a half-window in the rear part 235300 - Timberrest.com - didelis pir\u010di\u0173 ir karkasini\u0173 medini\u0173 nam\u0173 pasirinkimas","robots":{"index":"index","follow":"follow","max-snippet":"max-snippet:-1","max-image-preview":"max-image-preview:large","max-video-preview":"max-video-preview:-1"},"canonical":"https:\/\/timberrest.com\/en\/produktas\/a-round-wooden-sauna-with-a-half-window-in-the-rear-part-235300\/","og_locale":"en_US","og_type":"article","og_title":"A round wooden sauna with a half-window in the rear part 235300 - Timberrest.com - didelis pir\u010di\u0173 ir karkasini\u0173 medini\u0173 nam\u0173 pasirinkimas","og_description":"Exterior: Bitumen shingle roof 110 cm high window in the rear part of the sauna Wooden door, measuring 190 x 90 cm, with a window Walls made of spruce wood Electrical outlet on the side of the sauna Sauna area: Double bed made of alder wood, suitable for up to 6 people Electric or wood-burning stove (according to your preference) LED lighting under the bed Ventilation Drainage trap for water runoff Sauna dimensions: External dimensions: Length: 300 cm Width: 235 cm Height: 250 cm Internal dimensions: Height: 210 cm (at the highest point) Length of the sauna area: 275 cm","og_url":"https:\/\/timberrest.com\/en\/produktas\/a-round-wooden-sauna-with-a-half-window-in-the-rear-part-235300\/","og_site_name":"Timberrest.com - didelis pir\u010di\u0173 ir karkasini\u0173 medini\u0173 nam\u0173 pasirinkimas","article_modified_time":"2024-11-06T10:38:44+00:00","og_image":[{"width":1920,"height":1080,"url":"https:\/\/timberrest.com\/wp-content\/uploads\/2023\/08\/Apvali-pirtis-su-puse-dydzio-vitrininiu-langu-235300-001.jpg","type":"image\/jpeg"}],"twitter_card":"summary_large_image","twitter_misc":{"Est. reading time":"1 minute"},"schema":{"@context":"https:\/\/schema.org","@graph":[{"@type":"WebPage","@id":"https:\/\/timberrest.com\/en\/produktas\/a-round-wooden-sauna-with-a-half-window-in-the-rear-part-235300\/","url":"https:\/\/timberrest.com\/en\/produktas\/a-round-wooden-sauna-with-a-half-window-in-the-rear-part-235300\/","name":"A round wooden sauna with a half-window in the rear part 235300 - Timberrest.com - didelis pir\u010di\u0173 ir karkasini\u0173 medini\u0173 nam\u0173 pasirinkimas","isPartOf":{"@id":"https:\/\/timberrest.com\/en\/#website"},"datePublished":"2023-08-14T11:05:47+00:00","dateModified":"2024-11-06T10:38:44+00:00","breadcrumb":{"@id":"https:\/\/timberrest.com\/en\/produktas\/a-round-wooden-sauna-with-a-half-window-in-the-rear-part-235300\/#breadcrumb"},"inLanguage":"en-US","potentialAction":[{"@type":"ReadAction","target":["https:\/\/timberrest.com\/en\/produktas\/a-round-wooden-sauna-with-a-half-window-in-the-rear-part-235300\/"]}]},{"@type":"BreadcrumbList","@id":"https:\/\/timberrest.com\/en\/produktas\/a-round-wooden-sauna-with-a-half-window-in-the-rear-part-235300\/#breadcrumb","itemListElement":[{"@type":"ListItem","position":1,"name":"Homepage","item":"https:\/\/timberrest.com\/en\/"},{"@type":"ListItem","position":2,"name":"Catalogue","item":"https:\/\/timberrest.com\/en\/shop\/"},{"@type":"ListItem","position":3,"name":"Saunas","item":"https:\/\/timberrest.com\/en\/produkto-kategorija\/saunas\/"},{"@type":"ListItem","position":4,"name":"A round wooden sauna with a half-window in the rear part 235300"}]},{"@type":"WebSite","@id":"https:\/\/timberrest.com\/en\/#website","url":"https:\/\/timberrest.com\/en\/","name":"Timberrest.com - didelis pir\u010di\u0173 ir karkasini\u0173 medini\u0173 nam\u0173 pasirinkimas","description":"We gather a majority of sauna and cabin manufacturers in one place, so you will always find the best price","potentialAction":[{"@type":"SearchAction","target":{"@type":"EntryPoint","urlTemplate":"https:\/\/timberrest.com\/en\/?s={search_term_string}"},"query-input":"required name=search_term_string"}],"inLanguage":"en-US"}]}},"_links":{"self":[{"href":"https:\/\/timberrest.com\/en\/wp-json\/wp\/v2\/product\/5250","targetHints":{"allow":["GET"]}}],"collection":[{"href":"https:\/\/timberrest.com\/en\/wp-json\/wp\/v2\/product"}],"about":[{"href":"https:\/\/timberrest.com\/en\/wp-json\/wp\/v2\/types\/product"}],"wp:featuredmedia":[{"embeddable":true,"href":"https:\/\/timberrest.com\/en\/wp-json\/wp\/v2\/media\/1980"}],"wp:attachment":[{"href":"https:\/\/timberrest.com\/en\/wp-json\/wp\/v2\/media?parent=5250"}],"wp:term":[{"taxonomy":"product_cat","embeddable":true,"href":"https:\/\/timberrest.com\/en\/wp-json\/wp\/v2\/product_cat?post=5250"},{"taxonomy":"product_tag","embeddable":true,"href":"https:\/\/timberrest.com\/en\/wp-json\/wp\/v2\/product_tag?post=5250"}],"curies":[{"name":"wp","href":"https:\/\/api.w.org\/{rel}","templated":true}]}}