{"id":5247,"date":"2023-08-11T13:22:44","date_gmt":"2023-08-11T10:22:44","guid":{"rendered":"https:\/\/timberrest.com\/produktas\/medine-karkasine-pirtis-su-juodomis-detalemis-vitrininiu-langu-priespirciu-ir-nedidele-terasa-350240-84-m2\/"},"modified":"2024-11-06T12:38:07","modified_gmt":"2024-11-06T10:38:07","slug":"wooden-frame-sauna-with-black-details-a-glass-display-window-anteroom-and-a-small-terrace-350240-cm-8-4-m2","status":"publish","type":"product","link":"https:\/\/timberrest.com\/en\/produktas\/wooden-frame-sauna-with-black-details-a-glass-display-window-anteroom-and-a-small-terrace-350240-cm-8-4-m2\/","title":{"rendered":"Wooden frame sauna with black details, a glass display window, anteroom, and a small terrace 350240 cm \/ 8.4 m2."},"content":{"rendered":"","protected":false},"excerpt":{"rendered":"<p><strong>Exterior:<\/strong><\/p>\n<p>Sheet metal roof<br \/>\nBlack-framed, tempered glass window measuring 1.7 x 2 m. into the sauna area<br \/>\nVertical and horizontal screwed planks used for external wall construction<br \/>\nDouble oil-treated black-colored planks<br \/>\nEntire structure covered with a membrane to resist wind and moisture<\/p>\n<p><strong>Relaxation Area:<\/strong><\/p>\n<p>Pine board walls, ceiling, and floor<br \/>\nTwo lamps installed in the ceiling<br \/>\nOne double socket<br \/>\nElectrical panel (wiring extended to the exterior, where you can easily connect electricity)<br \/>\nWalls and ceiling additionally insulated with a membrane<\/p>\n<p><strong>Sauna Area:<\/strong><\/p>\n<p>Black alder plank walls and ceiling<br \/>\nTwo-story bunk bed made of black alder, accommodating up to 5 people<br \/>\nLED lighting installed above the bed and in the front part of the second floor<br \/>\nElectric or wood-burning stove (according to your preference)<br \/>\nWalls and ceiling additionally insulated to retain heat<br \/>\nVentilation system located above the bunk bed<br \/>\nWater drain trap beneath the bed<\/p>\n<p><strong>Sauna Dimensions:<\/strong><\/p>\n<p><strong>Exterior Dimensions:<\/strong><\/p>\n<p>Length: 350 cm<br \/>\nWidth: 240 cm<br \/>\nHeight: 270 cm (highest point)<br \/>\nHeight: 250 cm (lowest point)<br \/>\nTotal area: 8.4 m2<\/p>\n<p><strong>Interior Dimensions:<\/strong><\/p>\n<p>Height: 230 cm (highest point)<br \/>\nHeight: 215 cm (lowest point)<\/p>\n<p><strong>Sauna Area Dimensions:<\/strong><\/p>\n<p>Length: 200 cm<br \/>\nWidth: 175 cm<\/p>\n<p><strong>Relaxation Area Dimensions:<\/strong><\/p>\n<p>Length: 90 cm<br \/>\nWidth: 175 cm<\/p>\n<p><strong>Terrace Dimensions:<\/strong><\/p>\n<p>Length: 310 cm<br \/>\nWidth: 25 cm<\/p>\n","protected":false},"featured_media":1966,"template":"","meta":{"_acf_changed":false},"product_cat":[120,124],"product_tag":[],"class_list":{"0":"post-5247","1":"product","2":"type-product","3":"status-publish","4":"has-post-thumbnail","6":"product_cat-saunas","7":"product_cat-frame-saunas","8":"pa_apsiltinimas-floors","9":"pa_apsiltinimas-roof","10":"pa_apsiltinimas-walls","11":"pa_krosnele-electric-stove","12":"pa_krosnele-wood-burning-stove","13":"pa_mediena-coniferous-wood","14":"pa_mediena-larch","16":"first","17":"instock","18":"sold-individually","19":"shipping-taxable","20":"purchasable","21":"product-type-simple"},"acf":[],"yoast_head":"<!-- This site is optimized with the Yoast SEO plugin v22.0 - https:\/\/yoast.com\/wordpress\/plugins\/seo\/ -->\n<title>Wooden frame sauna with black details, a glass display window, anteroom, and a small terrace 350240 cm \/ 8.4 m2. - Timberrest.com - didelis pir\u010di\u0173 ir karkasini\u0173 medini\u0173 nam\u0173 pasirinkimas<\/title>\n<meta name=\"robots\" content=\"index, follow, max-snippet:-1, max-image-preview:large, max-video-preview:-1\" \/>\n<link rel=\"canonical\" href=\"https:\/\/timberrest.com\/en\/produktas\/wooden-frame-sauna-with-black-details-a-glass-display-window-anteroom-and-a-small-terrace-350240-cm-8-4-m2\/\" \/>\n<meta property=\"og:locale\" content=\"en_US\" \/>\n<meta property=\"og:type\" content=\"article\" \/>\n<meta property=\"og:title\" content=\"Wooden frame sauna with black details, a glass display window, anteroom, and a small terrace 350240 cm \/ 8.4 m2. - Timberrest.com - didelis pir\u010di\u0173 ir karkasini\u0173 medini\u0173 nam\u0173 pasirinkimas\" \/>\n<meta property=\"og:description\" content=\"Exterior: Sheet metal roof Black-framed, tempered glass window measuring 1.7 x 2 m. into the sauna area Vertical and horizontal screwed planks used for external wall construction Double oil-treated black-colored planks Entire structure covered with a membrane to resist wind and moisture Relaxation Area: Pine board walls, ceiling, and floor Two lamps installed in the ceiling One double socket Electrical panel (wiring extended to the exterior, where you can easily connect electricity) Walls and ceiling additionally insulated with a membrane Sauna Area: Black alder plank walls and ceiling Two-story bunk bed made of black alder, accommodating up to 5 people LED lighting installed above the bed and in the front part of the second floor Electric or wood-burning stove (according to your preference) Walls and ceiling additionally insulated to retain heat Ventilation system located above the bunk bed Water drain trap beneath the bed Sauna Dimensions: Exterior Dimensions: Length: 350 cm Width: 240 cm Height: 270 cm (highest point) Height: 250 cm (lowest point) Total area: 8.4 m2 Interior Dimensions: Height: 230 cm (highest point) Height: 215 cm (lowest point) Sauna Area Dimensions: Length: 200 cm Width: 175 cm Relaxation Area Dimensions: Length: 90 cm Width: 175 cm Terrace Dimensions: Length: 310 cm Width: 25 cm\" \/>\n<meta property=\"og:url\" content=\"https:\/\/timberrest.com\/en\/produktas\/wooden-frame-sauna-with-black-details-a-glass-display-window-anteroom-and-a-small-terrace-350240-cm-8-4-m2\/\" \/>\n<meta property=\"og:site_name\" content=\"Timberrest.com - didelis pir\u010di\u0173 ir karkasini\u0173 medini\u0173 nam\u0173 pasirinkimas\" \/>\n<meta property=\"article:modified_time\" content=\"2024-11-06T10:38:07+00:00\" \/>\n<meta property=\"og:image\" content=\"https:\/\/timberrest.com\/wp-content\/uploads\/2023\/08\/Pirtis-vidutinio-dydzio-su-priespirciu-ir-nedidele-terasa-240350-0001.jpg\" \/>\n\t<meta property=\"og:image:width\" content=\"1920\" \/>\n\t<meta property=\"og:image:height\" content=\"1080\" \/>\n\t<meta property=\"og:image:type\" content=\"image\/jpeg\" \/>\n<meta name=\"twitter:card\" content=\"summary_large_image\" \/>\n<meta name=\"twitter:label1\" content=\"Est. reading time\" \/>\n\t<meta name=\"twitter:data1\" content=\"1 minute\" \/>\n<script type=\"application\/ld+json\" class=\"yoast-schema-graph\">{\"@context\":\"https:\/\/schema.org\",\"@graph\":[{\"@type\":\"WebPage\",\"@id\":\"https:\/\/timberrest.com\/en\/produktas\/wooden-frame-sauna-with-black-details-a-glass-display-window-anteroom-and-a-small-terrace-350240-cm-8-4-m2\/\",\"url\":\"https:\/\/timberrest.com\/en\/produktas\/wooden-frame-sauna-with-black-details-a-glass-display-window-anteroom-and-a-small-terrace-350240-cm-8-4-m2\/\",\"name\":\"Wooden frame sauna with black details, a glass display window, anteroom, and a small terrace 350240 cm \/ 8.4 m2. - Timberrest.com - didelis pir\u010di\u0173 ir karkasini\u0173 medini\u0173 nam\u0173 pasirinkimas\",\"isPartOf\":{\"@id\":\"https:\/\/timberrest.com\/en\/#website\"},\"datePublished\":\"2023-08-11T10:22:44+00:00\",\"dateModified\":\"2024-11-06T10:38:07+00:00\",\"breadcrumb\":{\"@id\":\"https:\/\/timberrest.com\/en\/produktas\/wooden-frame-sauna-with-black-details-a-glass-display-window-anteroom-and-a-small-terrace-350240-cm-8-4-m2\/#breadcrumb\"},\"inLanguage\":\"en-US\",\"potentialAction\":[{\"@type\":\"ReadAction\",\"target\":[\"https:\/\/timberrest.com\/en\/produktas\/wooden-frame-sauna-with-black-details-a-glass-display-window-anteroom-and-a-small-terrace-350240-cm-8-4-m2\/\"]}]},{\"@type\":\"BreadcrumbList\",\"@id\":\"https:\/\/timberrest.com\/en\/produktas\/wooden-frame-sauna-with-black-details-a-glass-display-window-anteroom-and-a-small-terrace-350240-cm-8-4-m2\/#breadcrumb\",\"itemListElement\":[{\"@type\":\"ListItem\",\"position\":1,\"name\":\"Homepage\",\"item\":\"https:\/\/timberrest.com\/en\/\"},{\"@type\":\"ListItem\",\"position\":2,\"name\":\"Catalogue\",\"item\":\"https:\/\/timberrest.com\/en\/shop\/\"},{\"@type\":\"ListItem\",\"position\":3,\"name\":\"Saunas\",\"item\":\"https:\/\/timberrest.com\/en\/produkto-kategorija\/saunas\/\"},{\"@type\":\"ListItem\",\"position\":4,\"name\":\"Wooden frame sauna with black details, a glass display window, anteroom, and a small terrace 350240 cm \/ 8.4 m2.\"}]},{\"@type\":\"WebSite\",\"@id\":\"https:\/\/timberrest.com\/en\/#website\",\"url\":\"https:\/\/timberrest.com\/en\/\",\"name\":\"Timberrest.com - didelis pir\u010di\u0173 ir karkasini\u0173 medini\u0173 nam\u0173 pasirinkimas\",\"description\":\"We gather a majority of sauna and cabin manufacturers in one place, so you will always find the best price\",\"potentialAction\":[{\"@type\":\"SearchAction\",\"target\":{\"@type\":\"EntryPoint\",\"urlTemplate\":\"https:\/\/timberrest.com\/en\/?s={search_term_string}\"},\"query-input\":\"required name=search_term_string\"}],\"inLanguage\":\"en-US\"}]}<\/script>\n<!-- \/ Yoast SEO plugin. -->","yoast_head_json":{"title":"Wooden frame sauna with black details, a glass display window, anteroom, and a small terrace 350240 cm \/ 8.4 m2. - Timberrest.com - didelis pir\u010di\u0173 ir karkasini\u0173 medini\u0173 nam\u0173 pasirinkimas","robots":{"index":"index","follow":"follow","max-snippet":"max-snippet:-1","max-image-preview":"max-image-preview:large","max-video-preview":"max-video-preview:-1"},"canonical":"https:\/\/timberrest.com\/en\/produktas\/wooden-frame-sauna-with-black-details-a-glass-display-window-anteroom-and-a-small-terrace-350240-cm-8-4-m2\/","og_locale":"en_US","og_type":"article","og_title":"Wooden frame sauna with black details, a glass display window, anteroom, and a small terrace 350240 cm \/ 8.4 m2. - Timberrest.com - didelis pir\u010di\u0173 ir karkasini\u0173 medini\u0173 nam\u0173 pasirinkimas","og_description":"Exterior: Sheet metal roof Black-framed, tempered glass window measuring 1.7 x 2 m. into the sauna area Vertical and horizontal screwed planks used for external wall construction Double oil-treated black-colored planks Entire structure covered with a membrane to resist wind and moisture Relaxation Area: Pine board walls, ceiling, and floor Two lamps installed in the ceiling One double socket Electrical panel (wiring extended to the exterior, where you can easily connect electricity) Walls and ceiling additionally insulated with a membrane Sauna Area: Black alder plank walls and ceiling Two-story bunk bed made of black alder, accommodating up to 5 people LED lighting installed above the bed and in the front part of the second floor Electric or wood-burning stove (according to your preference) Walls and ceiling additionally insulated to retain heat Ventilation system located above the bunk bed Water drain trap beneath the bed Sauna Dimensions: Exterior Dimensions: Length: 350 cm Width: 240 cm Height: 270 cm (highest point) Height: 250 cm (lowest point) Total area: 8.4 m2 Interior Dimensions: Height: 230 cm (highest point) Height: 215 cm (lowest point) Sauna Area Dimensions: Length: 200 cm Width: 175 cm Relaxation Area Dimensions: Length: 90 cm Width: 175 cm Terrace Dimensions: Length: 310 cm Width: 25 cm","og_url":"https:\/\/timberrest.com\/en\/produktas\/wooden-frame-sauna-with-black-details-a-glass-display-window-anteroom-and-a-small-terrace-350240-cm-8-4-m2\/","og_site_name":"Timberrest.com - didelis pir\u010di\u0173 ir karkasini\u0173 medini\u0173 nam\u0173 pasirinkimas","article_modified_time":"2024-11-06T10:38:07+00:00","og_image":[{"width":1920,"height":1080,"url":"https:\/\/timberrest.com\/wp-content\/uploads\/2023\/08\/Pirtis-vidutinio-dydzio-su-priespirciu-ir-nedidele-terasa-240350-0001.jpg","type":"image\/jpeg"}],"twitter_card":"summary_large_image","twitter_misc":{"Est. reading time":"1 minute"},"schema":{"@context":"https:\/\/schema.org","@graph":[{"@type":"WebPage","@id":"https:\/\/timberrest.com\/en\/produktas\/wooden-frame-sauna-with-black-details-a-glass-display-window-anteroom-and-a-small-terrace-350240-cm-8-4-m2\/","url":"https:\/\/timberrest.com\/en\/produktas\/wooden-frame-sauna-with-black-details-a-glass-display-window-anteroom-and-a-small-terrace-350240-cm-8-4-m2\/","name":"Wooden frame sauna with black details, a glass display window, anteroom, and a small terrace 350240 cm \/ 8.4 m2. - Timberrest.com - didelis pir\u010di\u0173 ir karkasini\u0173 medini\u0173 nam\u0173 pasirinkimas","isPartOf":{"@id":"https:\/\/timberrest.com\/en\/#website"},"datePublished":"2023-08-11T10:22:44+00:00","dateModified":"2024-11-06T10:38:07+00:00","breadcrumb":{"@id":"https:\/\/timberrest.com\/en\/produktas\/wooden-frame-sauna-with-black-details-a-glass-display-window-anteroom-and-a-small-terrace-350240-cm-8-4-m2\/#breadcrumb"},"inLanguage":"en-US","potentialAction":[{"@type":"ReadAction","target":["https:\/\/timberrest.com\/en\/produktas\/wooden-frame-sauna-with-black-details-a-glass-display-window-anteroom-and-a-small-terrace-350240-cm-8-4-m2\/"]}]},{"@type":"BreadcrumbList","@id":"https:\/\/timberrest.com\/en\/produktas\/wooden-frame-sauna-with-black-details-a-glass-display-window-anteroom-and-a-small-terrace-350240-cm-8-4-m2\/#breadcrumb","itemListElement":[{"@type":"ListItem","position":1,"name":"Homepage","item":"https:\/\/timberrest.com\/en\/"},{"@type":"ListItem","position":2,"name":"Catalogue","item":"https:\/\/timberrest.com\/en\/shop\/"},{"@type":"ListItem","position":3,"name":"Saunas","item":"https:\/\/timberrest.com\/en\/produkto-kategorija\/saunas\/"},{"@type":"ListItem","position":4,"name":"Wooden frame sauna with black details, a glass display window, anteroom, and a small terrace 350240 cm \/ 8.4 m2."}]},{"@type":"WebSite","@id":"https:\/\/timberrest.com\/en\/#website","url":"https:\/\/timberrest.com\/en\/","name":"Timberrest.com - didelis pir\u010di\u0173 ir karkasini\u0173 medini\u0173 nam\u0173 pasirinkimas","description":"We gather a majority of sauna and cabin manufacturers in one place, so you will always find the best price","potentialAction":[{"@type":"SearchAction","target":{"@type":"EntryPoint","urlTemplate":"https:\/\/timberrest.com\/en\/?s={search_term_string}"},"query-input":"required name=search_term_string"}],"inLanguage":"en-US"}]}},"_links":{"self":[{"href":"https:\/\/timberrest.com\/en\/wp-json\/wp\/v2\/product\/5247","targetHints":{"allow":["GET"]}}],"collection":[{"href":"https:\/\/timberrest.com\/en\/wp-json\/wp\/v2\/product"}],"about":[{"href":"https:\/\/timberrest.com\/en\/wp-json\/wp\/v2\/types\/product"}],"wp:featuredmedia":[{"embeddable":true,"href":"https:\/\/timberrest.com\/en\/wp-json\/wp\/v2\/media\/1966"}],"wp:attachment":[{"href":"https:\/\/timberrest.com\/en\/wp-json\/wp\/v2\/media?parent=5247"}],"wp:term":[{"taxonomy":"product_cat","embeddable":true,"href":"https:\/\/timberrest.com\/en\/wp-json\/wp\/v2\/product_cat?post=5247"},{"taxonomy":"product_tag","embeddable":true,"href":"https:\/\/timberrest.com\/en\/wp-json\/wp\/v2\/product_tag?post=5247"}],"curies":[{"name":"wp","href":"https:\/\/api.w.org\/{rel}","templated":true}]}}