{"id":5241,"date":"2023-08-05T14:36:16","date_gmt":"2023-08-05T11:36:16","guid":{"rendered":"https:\/\/timberrest.com\/produktas\/sesiakampe-futuristinio-dizaino-karkasine-pirtis-su-stoglangiais-ir-led-pasvietimais-300400-12m2\/"},"modified":"2024-11-06T12:36:53","modified_gmt":"2024-11-06T10:36:53","slug":"hexagonal-futuristic-design-frame-sauna-with-skylights-and-led-lighting-300400-12-m2","status":"publish","type":"product","link":"https:\/\/timberrest.com\/en\/produktas\/hexagonal-futuristic-design-frame-sauna-with-skylights-and-led-lighting-300400-12-m2\/","title":{"rendered":"Hexagonal futuristic design frame sauna with skylights and LED lighting 300400 \/ 12 m2."},"content":{"rendered":"","protected":false},"excerpt":{"rendered":"<p><strong>Exterior:<\/strong><\/p>\n<p>Sheet metal roof<br \/>\nIn the front sauna area, 2 black-framed tempered glass triangular windows measuring 1.24 x 0.72 x 0.72<br \/>\nOn the roof, 3 black-framed tempered glass windows measuring 0.6 x 1 m<br \/>\nExterior walls made of vertically screwed planks<br \/>\nThe entire product is &#8220;wrapped&#8221; with a wind and moisture impermeable membrane<br \/>\nElectrical panel (cable led outside, where you can easily connect electricity)<\/p>\n<p><strong>Sauna Area:<\/strong><\/p>\n<p>Vertically screwed black alder panels for walls and ceiling<br \/>\nLED lighting along the panels &#8211; a total of three rings in the sauna (in the ceiling and walls)<br \/>\nDouble-tiered bed made of black alder, comfortably accommodating up to 5 people<br \/>\nElectric or wood-burning stove (depending on your preference)<br \/>\nWalls and ceiling additionally insulated with a heat-impermeable membrane<br \/>\nTwo drains for water under the beds<br \/>\nVentilation<\/p>\n<p><strong>Terrace:<\/strong><\/p>\n<p>Softwood (or your chosen material) planks for walls, ceiling, and floor<br \/>\nLED lighting along the panels &#8211; one ring in the anteroom (in the ceiling and walls)<\/p>\n<p><strong>Sauna Dimensions:<\/strong><\/p>\n<p><strong>External dimensions:<\/strong><\/p>\n<p>Length: 400 cm<br \/>\nWidth: 300 cm<br \/>\nHeight: 265 cm<br \/>\nTotal area: 12 m2<\/p>\n<p><strong>Internal dimensions:<\/strong><\/p>\n<p>Height: 225 cm<\/p>\n<p>Sauna area length: 310 cm<br \/>\nSauna area width (floor): 130 cm<br \/>\nSauna area width (widest part): 225 cm<\/p>\n<p>Terrace width: 50 cm<\/p>\n","protected":false},"featured_media":1916,"template":"","meta":{"_acf_changed":false},"product_cat":[120,124],"product_tag":[],"class_list":{"0":"post-5241","1":"product","2":"type-product","3":"status-publish","4":"has-post-thumbnail","6":"product_cat-saunas","7":"product_cat-frame-saunas","8":"pa_apsiltinimas-floors","9":"pa_apsiltinimas-roof","10":"pa_apsiltinimas-walls","11":"pa_krosnele-electric-stove","12":"pa_krosnele-wood-burning-stove","13":"pa_mediena-coniferous-wood","14":"pa_mediena-larch","16":"first","17":"instock","18":"sold-individually","19":"shipping-taxable","20":"purchasable","21":"product-type-simple"},"acf":[],"yoast_head":"<!-- This site is optimized with the Yoast SEO plugin v22.0 - https:\/\/yoast.com\/wordpress\/plugins\/seo\/ -->\n<title>Hexagonal futuristic design frame sauna with skylights and LED lighting 300400 \/ 12 m2. - Timberrest.com - didelis pir\u010di\u0173 ir karkasini\u0173 medini\u0173 nam\u0173 pasirinkimas<\/title>\n<meta name=\"robots\" content=\"index, follow, max-snippet:-1, max-image-preview:large, max-video-preview:-1\" \/>\n<link rel=\"canonical\" href=\"https:\/\/timberrest.com\/en\/produktas\/hexagonal-futuristic-design-frame-sauna-with-skylights-and-led-lighting-300400-12-m2\/\" \/>\n<meta property=\"og:locale\" content=\"en_US\" \/>\n<meta property=\"og:type\" content=\"article\" \/>\n<meta property=\"og:title\" content=\"Hexagonal futuristic design frame sauna with skylights and LED lighting 300400 \/ 12 m2. - Timberrest.com - didelis pir\u010di\u0173 ir karkasini\u0173 medini\u0173 nam\u0173 pasirinkimas\" \/>\n<meta property=\"og:description\" content=\"Exterior: Sheet metal roof In the front sauna area, 2 black-framed tempered glass triangular windows measuring 1.24 x 0.72 x 0.72 On the roof, 3 black-framed tempered glass windows measuring 0.6 x 1 m Exterior walls made of vertically screwed planks The entire product is &quot;wrapped&quot; with a wind and moisture impermeable membrane Electrical panel (cable led outside, where you can easily connect electricity) Sauna Area: Vertically screwed black alder panels for walls and ceiling LED lighting along the panels - a total of three rings in the sauna (in the ceiling and walls) Double-tiered bed made of black alder, comfortably accommodating up to 5 people Electric or wood-burning stove (depending on your preference) Walls and ceiling additionally insulated with a heat-impermeable membrane Two drains for water under the beds Ventilation Terrace: Softwood (or your chosen material) planks for walls, ceiling, and floor LED lighting along the panels - one ring in the anteroom (in the ceiling and walls) Sauna Dimensions: External dimensions: Length: 400 cm Width: 300 cm Height: 265 cm Total area: 12 m2 Internal dimensions: Height: 225 cm Sauna area length: 310 cm Sauna area width (floor): 130 cm Sauna area width (widest part): 225 cm Terrace width: 50 cm\" \/>\n<meta property=\"og:url\" content=\"https:\/\/timberrest.com\/en\/produktas\/hexagonal-futuristic-design-frame-sauna-with-skylights-and-led-lighting-300400-12-m2\/\" \/>\n<meta property=\"og:site_name\" content=\"Timberrest.com - didelis pir\u010di\u0173 ir karkasini\u0173 medini\u0173 nam\u0173 pasirinkimas\" \/>\n<meta property=\"article:modified_time\" content=\"2024-11-06T10:36:53+00:00\" \/>\n<meta property=\"og:image\" content=\"https:\/\/timberrest.com\/wp-content\/uploads\/2023\/08\/Penkiakampe-pirtis-4-x-3-dydzio-su-stogo-langais-001.jpg\" \/>\n\t<meta property=\"og:image:width\" content=\"1920\" \/>\n\t<meta property=\"og:image:height\" content=\"1080\" \/>\n\t<meta property=\"og:image:type\" content=\"image\/jpeg\" \/>\n<meta name=\"twitter:card\" content=\"summary_large_image\" \/>\n<meta name=\"twitter:label1\" content=\"Est. reading time\" \/>\n\t<meta name=\"twitter:data1\" content=\"1 minute\" \/>\n<script type=\"application\/ld+json\" class=\"yoast-schema-graph\">{\"@context\":\"https:\/\/schema.org\",\"@graph\":[{\"@type\":\"WebPage\",\"@id\":\"https:\/\/timberrest.com\/en\/produktas\/hexagonal-futuristic-design-frame-sauna-with-skylights-and-led-lighting-300400-12-m2\/\",\"url\":\"https:\/\/timberrest.com\/en\/produktas\/hexagonal-futuristic-design-frame-sauna-with-skylights-and-led-lighting-300400-12-m2\/\",\"name\":\"Hexagonal futuristic design frame sauna with skylights and LED lighting 300400 \/ 12 m2. - Timberrest.com - didelis pir\u010di\u0173 ir karkasini\u0173 medini\u0173 nam\u0173 pasirinkimas\",\"isPartOf\":{\"@id\":\"https:\/\/timberrest.com\/en\/#website\"},\"datePublished\":\"2023-08-05T11:36:16+00:00\",\"dateModified\":\"2024-11-06T10:36:53+00:00\",\"breadcrumb\":{\"@id\":\"https:\/\/timberrest.com\/en\/produktas\/hexagonal-futuristic-design-frame-sauna-with-skylights-and-led-lighting-300400-12-m2\/#breadcrumb\"},\"inLanguage\":\"en-US\",\"potentialAction\":[{\"@type\":\"ReadAction\",\"target\":[\"https:\/\/timberrest.com\/en\/produktas\/hexagonal-futuristic-design-frame-sauna-with-skylights-and-led-lighting-300400-12-m2\/\"]}]},{\"@type\":\"BreadcrumbList\",\"@id\":\"https:\/\/timberrest.com\/en\/produktas\/hexagonal-futuristic-design-frame-sauna-with-skylights-and-led-lighting-300400-12-m2\/#breadcrumb\",\"itemListElement\":[{\"@type\":\"ListItem\",\"position\":1,\"name\":\"Homepage\",\"item\":\"https:\/\/timberrest.com\/en\/\"},{\"@type\":\"ListItem\",\"position\":2,\"name\":\"Catalogue\",\"item\":\"https:\/\/timberrest.com\/en\/shop\/\"},{\"@type\":\"ListItem\",\"position\":3,\"name\":\"Saunas\",\"item\":\"https:\/\/timberrest.com\/en\/produkto-kategorija\/saunas\/\"},{\"@type\":\"ListItem\",\"position\":4,\"name\":\"Hexagonal futuristic design frame sauna with skylights and LED lighting 300400 \/ 12 m2.\"}]},{\"@type\":\"WebSite\",\"@id\":\"https:\/\/timberrest.com\/en\/#website\",\"url\":\"https:\/\/timberrest.com\/en\/\",\"name\":\"Timberrest.com - didelis pir\u010di\u0173 ir karkasini\u0173 medini\u0173 nam\u0173 pasirinkimas\",\"description\":\"We gather a majority of sauna and cabin manufacturers in one place, so you will always find the best price\",\"potentialAction\":[{\"@type\":\"SearchAction\",\"target\":{\"@type\":\"EntryPoint\",\"urlTemplate\":\"https:\/\/timberrest.com\/en\/?s={search_term_string}\"},\"query-input\":\"required name=search_term_string\"}],\"inLanguage\":\"en-US\"}]}<\/script>\n<!-- \/ Yoast SEO plugin. -->","yoast_head_json":{"title":"Hexagonal futuristic design frame sauna with skylights and LED lighting 300400 \/ 12 m2. - Timberrest.com - didelis pir\u010di\u0173 ir karkasini\u0173 medini\u0173 nam\u0173 pasirinkimas","robots":{"index":"index","follow":"follow","max-snippet":"max-snippet:-1","max-image-preview":"max-image-preview:large","max-video-preview":"max-video-preview:-1"},"canonical":"https:\/\/timberrest.com\/en\/produktas\/hexagonal-futuristic-design-frame-sauna-with-skylights-and-led-lighting-300400-12-m2\/","og_locale":"en_US","og_type":"article","og_title":"Hexagonal futuristic design frame sauna with skylights and LED lighting 300400 \/ 12 m2. - Timberrest.com - didelis pir\u010di\u0173 ir karkasini\u0173 medini\u0173 nam\u0173 pasirinkimas","og_description":"Exterior: Sheet metal roof In the front sauna area, 2 black-framed tempered glass triangular windows measuring 1.24 x 0.72 x 0.72 On the roof, 3 black-framed tempered glass windows measuring 0.6 x 1 m Exterior walls made of vertically screwed planks The entire product is \"wrapped\" with a wind and moisture impermeable membrane Electrical panel (cable led outside, where you can easily connect electricity) Sauna Area: Vertically screwed black alder panels for walls and ceiling LED lighting along the panels - a total of three rings in the sauna (in the ceiling and walls) Double-tiered bed made of black alder, comfortably accommodating up to 5 people Electric or wood-burning stove (depending on your preference) Walls and ceiling additionally insulated with a heat-impermeable membrane Two drains for water under the beds Ventilation Terrace: Softwood (or your chosen material) planks for walls, ceiling, and floor LED lighting along the panels - one ring in the anteroom (in the ceiling and walls) Sauna Dimensions: External dimensions: Length: 400 cm Width: 300 cm Height: 265 cm Total area: 12 m2 Internal dimensions: Height: 225 cm Sauna area length: 310 cm Sauna area width (floor): 130 cm Sauna area width (widest part): 225 cm Terrace width: 50 cm","og_url":"https:\/\/timberrest.com\/en\/produktas\/hexagonal-futuristic-design-frame-sauna-with-skylights-and-led-lighting-300400-12-m2\/","og_site_name":"Timberrest.com - didelis pir\u010di\u0173 ir karkasini\u0173 medini\u0173 nam\u0173 pasirinkimas","article_modified_time":"2024-11-06T10:36:53+00:00","og_image":[{"width":1920,"height":1080,"url":"https:\/\/timberrest.com\/wp-content\/uploads\/2023\/08\/Penkiakampe-pirtis-4-x-3-dydzio-su-stogo-langais-001.jpg","type":"image\/jpeg"}],"twitter_card":"summary_large_image","twitter_misc":{"Est. reading time":"1 minute"},"schema":{"@context":"https:\/\/schema.org","@graph":[{"@type":"WebPage","@id":"https:\/\/timberrest.com\/en\/produktas\/hexagonal-futuristic-design-frame-sauna-with-skylights-and-led-lighting-300400-12-m2\/","url":"https:\/\/timberrest.com\/en\/produktas\/hexagonal-futuristic-design-frame-sauna-with-skylights-and-led-lighting-300400-12-m2\/","name":"Hexagonal futuristic design frame sauna with skylights and LED lighting 300400 \/ 12 m2. - Timberrest.com - didelis pir\u010di\u0173 ir karkasini\u0173 medini\u0173 nam\u0173 pasirinkimas","isPartOf":{"@id":"https:\/\/timberrest.com\/en\/#website"},"datePublished":"2023-08-05T11:36:16+00:00","dateModified":"2024-11-06T10:36:53+00:00","breadcrumb":{"@id":"https:\/\/timberrest.com\/en\/produktas\/hexagonal-futuristic-design-frame-sauna-with-skylights-and-led-lighting-300400-12-m2\/#breadcrumb"},"inLanguage":"en-US","potentialAction":[{"@type":"ReadAction","target":["https:\/\/timberrest.com\/en\/produktas\/hexagonal-futuristic-design-frame-sauna-with-skylights-and-led-lighting-300400-12-m2\/"]}]},{"@type":"BreadcrumbList","@id":"https:\/\/timberrest.com\/en\/produktas\/hexagonal-futuristic-design-frame-sauna-with-skylights-and-led-lighting-300400-12-m2\/#breadcrumb","itemListElement":[{"@type":"ListItem","position":1,"name":"Homepage","item":"https:\/\/timberrest.com\/en\/"},{"@type":"ListItem","position":2,"name":"Catalogue","item":"https:\/\/timberrest.com\/en\/shop\/"},{"@type":"ListItem","position":3,"name":"Saunas","item":"https:\/\/timberrest.com\/en\/produkto-kategorija\/saunas\/"},{"@type":"ListItem","position":4,"name":"Hexagonal futuristic design frame sauna with skylights and LED lighting 300400 \/ 12 m2."}]},{"@type":"WebSite","@id":"https:\/\/timberrest.com\/en\/#website","url":"https:\/\/timberrest.com\/en\/","name":"Timberrest.com - didelis pir\u010di\u0173 ir karkasini\u0173 medini\u0173 nam\u0173 pasirinkimas","description":"We gather a majority of sauna and cabin manufacturers in one place, so you will always find the best price","potentialAction":[{"@type":"SearchAction","target":{"@type":"EntryPoint","urlTemplate":"https:\/\/timberrest.com\/en\/?s={search_term_string}"},"query-input":"required name=search_term_string"}],"inLanguage":"en-US"}]}},"_links":{"self":[{"href":"https:\/\/timberrest.com\/en\/wp-json\/wp\/v2\/product\/5241","targetHints":{"allow":["GET"]}}],"collection":[{"href":"https:\/\/timberrest.com\/en\/wp-json\/wp\/v2\/product"}],"about":[{"href":"https:\/\/timberrest.com\/en\/wp-json\/wp\/v2\/types\/product"}],"wp:featuredmedia":[{"embeddable":true,"href":"https:\/\/timberrest.com\/en\/wp-json\/wp\/v2\/media\/1916"}],"wp:attachment":[{"href":"https:\/\/timberrest.com\/en\/wp-json\/wp\/v2\/media?parent=5241"}],"wp:term":[{"taxonomy":"product_cat","embeddable":true,"href":"https:\/\/timberrest.com\/en\/wp-json\/wp\/v2\/product_cat?post=5241"},{"taxonomy":"product_tag","embeddable":true,"href":"https:\/\/timberrest.com\/en\/wp-json\/wp\/v2\/product_tag?post=5241"}],"curies":[{"name":"wp","href":"https:\/\/api.w.org\/{rel}","templated":true}]}}