{"id":5238,"date":"2023-08-03T23:01:53","date_gmt":"2023-08-03T20:01:53","guid":{"rendered":"https:\/\/timberrest.com\/produktas\/medine-xl-dydzio-karkasine-pirtis-su-daug-langu-ir-stoglangiais-245600-147-m2\/"},"modified":"2024-11-06T12:36:11","modified_gmt":"2024-11-06T10:36:11","slug":"wooden-xl-sized-frame-sauna-with-many-windows-and-skylights-245-x-600-14-7-m2","status":"publish","type":"product","link":"https:\/\/timberrest.com\/en\/produktas\/wooden-xl-sized-frame-sauna-with-many-windows-and-skylights-245-x-600-14-7-m2\/","title":{"rendered":"Wooden XL-sized frame sauna with many windows and skylights 245 x 600 \/ 14.7 m2."},"content":{"rendered":"","protected":false},"excerpt":{"rendered":"<p><strong>Exterior:<\/strong><\/p>\n<p>Sheet metal roof<br \/>\nOn the side, in the anteroom area, 4 black-framed plastic windows measuring 0.6 x 2.2 m that can be opened<br \/>\nOn the side, in the sauna area, 2 black-framed tempered glass windows measuring 0.6 x 2.2 m<br \/>\nLarge black-framed plastic windows with doors in the front<br \/>\nOn the roof, 2 black-framed plastic windows measuring 0.6 x 2.2 m that can be opened<br \/>\nExterior walls made of vertically screwed planks<br \/>\nThe entire product is &#8220;wrapped&#8221; with a wind and moisture impermeable membrane<\/p>\n<p><strong>Sauna Area:<\/strong><\/p>\n<p>Black alder panels for walls and ceiling<br \/>\nDouble-tiered bed made of black alder, comfortably accommodating up to 4 people<br \/>\nLED lighting installed against the wall, behind the beds<br \/>\nLED lighting in the front part of the bed, on the second and first floors<br \/>\nElectric or wood-burning stove (depending on your preference)<br \/>\nWalls and ceiling additionally insulated with a heat-impermeable membrane<br \/>\nDrain for water under the beds<br \/>\nVentilation above the beds<\/p>\n<p><strong>Anteroom Area:<\/strong><\/p>\n<p>Softwood planks for walls, ceiling, and floor<br \/>\n6 lamps installed in the ceiling<br \/>\n3 double sockets<br \/>\nElectrical panel (cable led outside, where you can easily connect electricity)<br \/>\nWalls and ceiling additionally insulated with an additional membrane<\/p>\n<p><strong>Sauna Dimensions:<\/strong><\/p>\n<p><strong>External dimensions:<\/strong><\/p>\n<p>Length: 600 cm<br \/>\nWidth: 240 cm<br \/>\nHeight: 270 cm (highest point)<br \/>\nHeight: 250 cm (lowest point)<br \/>\nTotal area: 14.7 m2<\/p>\n<p><strong>Internal dimensions:<\/strong><\/p>\n<p>Height: 240 cm (highest point)<br \/>\nHeight: 220 cm (lowest point)<\/p>\n<p>Sauna area length: 210 cm<br \/>\nSauna area width: 205 cm<\/p>\n<p>Rest area length: 350 cm<br \/>\nRest area width: 205 cm<\/p>\n","protected":false},"featured_media":1897,"template":"","meta":{"_acf_changed":false},"product_cat":[120,124],"product_tag":[],"class_list":{"0":"post-5238","1":"product","2":"type-product","3":"status-publish","4":"has-post-thumbnail","6":"product_cat-saunas","7":"product_cat-frame-saunas","8":"pa_apsiltinimas-floors","9":"pa_apsiltinimas-roof","10":"pa_apsiltinimas-walls","11":"pa_krosnele-electric-stove","12":"pa_krosnele-wood-burning-stove","13":"pa_mediena-coniferous-wood","14":"pa_mediena-larch","16":"first","17":"instock","18":"sold-individually","19":"shipping-taxable","20":"purchasable","21":"product-type-simple"},"acf":[],"yoast_head":"<!-- This site is optimized with the Yoast SEO plugin v22.0 - https:\/\/yoast.com\/wordpress\/plugins\/seo\/ -->\n<title>Wooden XL-sized frame sauna with many windows and skylights 245 x 600 \/ 14.7 m2. - Timberrest.com - didelis pir\u010di\u0173 ir karkasini\u0173 medini\u0173 nam\u0173 pasirinkimas<\/title>\n<meta name=\"robots\" content=\"index, follow, max-snippet:-1, max-image-preview:large, max-video-preview:-1\" \/>\n<link rel=\"canonical\" href=\"https:\/\/timberrest.com\/en\/produktas\/wooden-xl-sized-frame-sauna-with-many-windows-and-skylights-245-x-600-14-7-m2\/\" \/>\n<meta property=\"og:locale\" content=\"en_US\" \/>\n<meta property=\"og:type\" content=\"article\" \/>\n<meta property=\"og:title\" content=\"Wooden XL-sized frame sauna with many windows and skylights 245 x 600 \/ 14.7 m2. - Timberrest.com - didelis pir\u010di\u0173 ir karkasini\u0173 medini\u0173 nam\u0173 pasirinkimas\" \/>\n<meta property=\"og:description\" content=\"Exterior: Sheet metal roof On the side, in the anteroom area, 4 black-framed plastic windows measuring 0.6 x 2.2 m that can be opened On the side, in the sauna area, 2 black-framed tempered glass windows measuring 0.6 x 2.2 m Large black-framed plastic windows with doors in the front On the roof, 2 black-framed plastic windows measuring 0.6 x 2.2 m that can be opened Exterior walls made of vertically screwed planks The entire product is &quot;wrapped&quot; with a wind and moisture impermeable membrane Sauna Area: Black alder panels for walls and ceiling Double-tiered bed made of black alder, comfortably accommodating up to 4 people LED lighting installed against the wall, behind the beds LED lighting in the front part of the bed, on the second and first floors Electric or wood-burning stove (depending on your preference) Walls and ceiling additionally insulated with a heat-impermeable membrane Drain for water under the beds Ventilation above the beds Anteroom Area: Softwood planks for walls, ceiling, and floor 6 lamps installed in the ceiling 3 double sockets Electrical panel (cable led outside, where you can easily connect electricity) Walls and ceiling additionally insulated with an additional membrane Sauna Dimensions: External dimensions: Length: 600 cm Width: 240 cm Height: 270 cm (highest point) Height: 250 cm (lowest point) Total area: 14.7 m2 Internal dimensions: Height: 240 cm (highest point) Height: 220 cm (lowest point) Sauna area length: 210 cm Sauna area width: 205 cm Rest area length: 350 cm Rest area width: 205 cm\" \/>\n<meta property=\"og:url\" content=\"https:\/\/timberrest.com\/en\/produktas\/wooden-xl-sized-frame-sauna-with-many-windows-and-skylights-245-x-600-14-7-m2\/\" \/>\n<meta property=\"og:site_name\" content=\"Timberrest.com - didelis pir\u010di\u0173 ir karkasini\u0173 medini\u0173 nam\u0173 pasirinkimas\" \/>\n<meta property=\"article:modified_time\" content=\"2024-11-06T10:36:11+00:00\" \/>\n<meta property=\"og:image\" content=\"https:\/\/timberrest.com\/wp-content\/uploads\/2023\/08\/Didele-pirtis-su-daug-langu-ir-stoglangiais-001.jpg\" \/>\n\t<meta property=\"og:image:width\" content=\"1920\" \/>\n\t<meta property=\"og:image:height\" content=\"1080\" \/>\n\t<meta property=\"og:image:type\" content=\"image\/jpeg\" \/>\n<meta name=\"twitter:card\" content=\"summary_large_image\" \/>\n<meta name=\"twitter:label1\" content=\"Est. reading time\" \/>\n\t<meta name=\"twitter:data1\" content=\"1 minute\" \/>\n<script type=\"application\/ld+json\" class=\"yoast-schema-graph\">{\"@context\":\"https:\/\/schema.org\",\"@graph\":[{\"@type\":\"WebPage\",\"@id\":\"https:\/\/timberrest.com\/en\/produktas\/wooden-xl-sized-frame-sauna-with-many-windows-and-skylights-245-x-600-14-7-m2\/\",\"url\":\"https:\/\/timberrest.com\/en\/produktas\/wooden-xl-sized-frame-sauna-with-many-windows-and-skylights-245-x-600-14-7-m2\/\",\"name\":\"Wooden XL-sized frame sauna with many windows and skylights 245 x 600 \/ 14.7 m2. - Timberrest.com - didelis pir\u010di\u0173 ir karkasini\u0173 medini\u0173 nam\u0173 pasirinkimas\",\"isPartOf\":{\"@id\":\"https:\/\/timberrest.com\/en\/#website\"},\"datePublished\":\"2023-08-03T20:01:53+00:00\",\"dateModified\":\"2024-11-06T10:36:11+00:00\",\"breadcrumb\":{\"@id\":\"https:\/\/timberrest.com\/en\/produktas\/wooden-xl-sized-frame-sauna-with-many-windows-and-skylights-245-x-600-14-7-m2\/#breadcrumb\"},\"inLanguage\":\"en-US\",\"potentialAction\":[{\"@type\":\"ReadAction\",\"target\":[\"https:\/\/timberrest.com\/en\/produktas\/wooden-xl-sized-frame-sauna-with-many-windows-and-skylights-245-x-600-14-7-m2\/\"]}]},{\"@type\":\"BreadcrumbList\",\"@id\":\"https:\/\/timberrest.com\/en\/produktas\/wooden-xl-sized-frame-sauna-with-many-windows-and-skylights-245-x-600-14-7-m2\/#breadcrumb\",\"itemListElement\":[{\"@type\":\"ListItem\",\"position\":1,\"name\":\"Homepage\",\"item\":\"https:\/\/timberrest.com\/en\/\"},{\"@type\":\"ListItem\",\"position\":2,\"name\":\"Catalogue\",\"item\":\"https:\/\/timberrest.com\/en\/shop\/\"},{\"@type\":\"ListItem\",\"position\":3,\"name\":\"Saunas\",\"item\":\"https:\/\/timberrest.com\/en\/produkto-kategorija\/saunas\/\"},{\"@type\":\"ListItem\",\"position\":4,\"name\":\"Wooden XL-sized frame sauna with many windows and skylights 245 x 600 \/ 14.7 m2.\"}]},{\"@type\":\"WebSite\",\"@id\":\"https:\/\/timberrest.com\/en\/#website\",\"url\":\"https:\/\/timberrest.com\/en\/\",\"name\":\"Timberrest.com - didelis pir\u010di\u0173 ir karkasini\u0173 medini\u0173 nam\u0173 pasirinkimas\",\"description\":\"We gather a majority of sauna and cabin manufacturers in one place, so you will always find the best price\",\"potentialAction\":[{\"@type\":\"SearchAction\",\"target\":{\"@type\":\"EntryPoint\",\"urlTemplate\":\"https:\/\/timberrest.com\/en\/?s={search_term_string}\"},\"query-input\":\"required name=search_term_string\"}],\"inLanguage\":\"en-US\"}]}<\/script>\n<!-- \/ Yoast SEO plugin. -->","yoast_head_json":{"title":"Wooden XL-sized frame sauna with many windows and skylights 245 x 600 \/ 14.7 m2. - Timberrest.com - didelis pir\u010di\u0173 ir karkasini\u0173 medini\u0173 nam\u0173 pasirinkimas","robots":{"index":"index","follow":"follow","max-snippet":"max-snippet:-1","max-image-preview":"max-image-preview:large","max-video-preview":"max-video-preview:-1"},"canonical":"https:\/\/timberrest.com\/en\/produktas\/wooden-xl-sized-frame-sauna-with-many-windows-and-skylights-245-x-600-14-7-m2\/","og_locale":"en_US","og_type":"article","og_title":"Wooden XL-sized frame sauna with many windows and skylights 245 x 600 \/ 14.7 m2. - Timberrest.com - didelis pir\u010di\u0173 ir karkasini\u0173 medini\u0173 nam\u0173 pasirinkimas","og_description":"Exterior: Sheet metal roof On the side, in the anteroom area, 4 black-framed plastic windows measuring 0.6 x 2.2 m that can be opened On the side, in the sauna area, 2 black-framed tempered glass windows measuring 0.6 x 2.2 m Large black-framed plastic windows with doors in the front On the roof, 2 black-framed plastic windows measuring 0.6 x 2.2 m that can be opened Exterior walls made of vertically screwed planks The entire product is \"wrapped\" with a wind and moisture impermeable membrane Sauna Area: Black alder panels for walls and ceiling Double-tiered bed made of black alder, comfortably accommodating up to 4 people LED lighting installed against the wall, behind the beds LED lighting in the front part of the bed, on the second and first floors Electric or wood-burning stove (depending on your preference) Walls and ceiling additionally insulated with a heat-impermeable membrane Drain for water under the beds Ventilation above the beds Anteroom Area: Softwood planks for walls, ceiling, and floor 6 lamps installed in the ceiling 3 double sockets Electrical panel (cable led outside, where you can easily connect electricity) Walls and ceiling additionally insulated with an additional membrane Sauna Dimensions: External dimensions: Length: 600 cm Width: 240 cm Height: 270 cm (highest point) Height: 250 cm (lowest point) Total area: 14.7 m2 Internal dimensions: Height: 240 cm (highest point) Height: 220 cm (lowest point) Sauna area length: 210 cm Sauna area width: 205 cm Rest area length: 350 cm Rest area width: 205 cm","og_url":"https:\/\/timberrest.com\/en\/produktas\/wooden-xl-sized-frame-sauna-with-many-windows-and-skylights-245-x-600-14-7-m2\/","og_site_name":"Timberrest.com - didelis pir\u010di\u0173 ir karkasini\u0173 medini\u0173 nam\u0173 pasirinkimas","article_modified_time":"2024-11-06T10:36:11+00:00","og_image":[{"width":1920,"height":1080,"url":"https:\/\/timberrest.com\/wp-content\/uploads\/2023\/08\/Didele-pirtis-su-daug-langu-ir-stoglangiais-001.jpg","type":"image\/jpeg"}],"twitter_card":"summary_large_image","twitter_misc":{"Est. reading time":"1 minute"},"schema":{"@context":"https:\/\/schema.org","@graph":[{"@type":"WebPage","@id":"https:\/\/timberrest.com\/en\/produktas\/wooden-xl-sized-frame-sauna-with-many-windows-and-skylights-245-x-600-14-7-m2\/","url":"https:\/\/timberrest.com\/en\/produktas\/wooden-xl-sized-frame-sauna-with-many-windows-and-skylights-245-x-600-14-7-m2\/","name":"Wooden XL-sized frame sauna with many windows and skylights 245 x 600 \/ 14.7 m2. - Timberrest.com - didelis pir\u010di\u0173 ir karkasini\u0173 medini\u0173 nam\u0173 pasirinkimas","isPartOf":{"@id":"https:\/\/timberrest.com\/en\/#website"},"datePublished":"2023-08-03T20:01:53+00:00","dateModified":"2024-11-06T10:36:11+00:00","breadcrumb":{"@id":"https:\/\/timberrest.com\/en\/produktas\/wooden-xl-sized-frame-sauna-with-many-windows-and-skylights-245-x-600-14-7-m2\/#breadcrumb"},"inLanguage":"en-US","potentialAction":[{"@type":"ReadAction","target":["https:\/\/timberrest.com\/en\/produktas\/wooden-xl-sized-frame-sauna-with-many-windows-and-skylights-245-x-600-14-7-m2\/"]}]},{"@type":"BreadcrumbList","@id":"https:\/\/timberrest.com\/en\/produktas\/wooden-xl-sized-frame-sauna-with-many-windows-and-skylights-245-x-600-14-7-m2\/#breadcrumb","itemListElement":[{"@type":"ListItem","position":1,"name":"Homepage","item":"https:\/\/timberrest.com\/en\/"},{"@type":"ListItem","position":2,"name":"Catalogue","item":"https:\/\/timberrest.com\/en\/shop\/"},{"@type":"ListItem","position":3,"name":"Saunas","item":"https:\/\/timberrest.com\/en\/produkto-kategorija\/saunas\/"},{"@type":"ListItem","position":4,"name":"Wooden XL-sized frame sauna with many windows and skylights 245 x 600 \/ 14.7 m2."}]},{"@type":"WebSite","@id":"https:\/\/timberrest.com\/en\/#website","url":"https:\/\/timberrest.com\/en\/","name":"Timberrest.com - didelis pir\u010di\u0173 ir karkasini\u0173 medini\u0173 nam\u0173 pasirinkimas","description":"We gather a majority of sauna and cabin manufacturers in one place, so you will always find the best price","potentialAction":[{"@type":"SearchAction","target":{"@type":"EntryPoint","urlTemplate":"https:\/\/timberrest.com\/en\/?s={search_term_string}"},"query-input":"required name=search_term_string"}],"inLanguage":"en-US"}]}},"_links":{"self":[{"href":"https:\/\/timberrest.com\/en\/wp-json\/wp\/v2\/product\/5238","targetHints":{"allow":["GET"]}}],"collection":[{"href":"https:\/\/timberrest.com\/en\/wp-json\/wp\/v2\/product"}],"about":[{"href":"https:\/\/timberrest.com\/en\/wp-json\/wp\/v2\/types\/product"}],"wp:featuredmedia":[{"embeddable":true,"href":"https:\/\/timberrest.com\/en\/wp-json\/wp\/v2\/media\/1897"}],"wp:attachment":[{"href":"https:\/\/timberrest.com\/en\/wp-json\/wp\/v2\/media?parent=5238"}],"wp:term":[{"taxonomy":"product_cat","embeddable":true,"href":"https:\/\/timberrest.com\/en\/wp-json\/wp\/v2\/product_cat?post=5238"},{"taxonomy":"product_tag","embeddable":true,"href":"https:\/\/timberrest.com\/en\/wp-json\/wp\/v2\/product_tag?post=5238"}],"curies":[{"name":"wp","href":"https:\/\/api.w.org\/{rel}","templated":true}]}}