{"id":5235,"date":"2023-08-02T14:06:47","date_gmt":"2023-08-02T11:06:47","guid":{"rendered":"https:\/\/timberrest.com\/produktas\/medine-xl-dydzio-karkasine-pirtis-su-priespirciu-ir-dusu-300600-18-m2\/"},"modified":"2024-11-06T12:35:23","modified_gmt":"2024-11-06T10:35:23","slug":"wooden-xl-sized-frame-sauna-with-an-anteroom-and-a-shower-300600-18-m2","status":"publish","type":"product","link":"https:\/\/timberrest.com\/en\/produktas\/wooden-xl-sized-frame-sauna-with-an-anteroom-and-a-shower-300600-18-m2\/","title":{"rendered":"Wooden XL-sized frame sauna with an anteroom and a shower  300600 \/ 18 m2."},"content":{"rendered":"","protected":false},"excerpt":{"rendered":"<p><strong>Exterior:<\/strong><\/p>\n<p>Sheet metal roof<br \/>\n2 x black-framed, tempered glass windows measuring 1.5 x 1.2 m<br \/>\nBlack-framed, plastic and openable window measuring 0.5 x 1.2 m at the back<br \/>\nExterior walls made of vertically screwed planks<br \/>\nThe entire product is &#8220;wrapped&#8221; with a wind and moisture impermeable membrane<\/p>\n<p><strong>Sauna Area:<\/strong><\/p>\n<p>Black alder panels for walls and ceiling<br \/>\nDouble-tiered bed made of black alder, comfortably accommodating up to 5 people<br \/>\nLED lighting installed against the wall, behind the beds<br \/>\nLED lighting in the front part of the bed, on the second floor<br \/>\nElectric or wood-burning stove (depending on your preference)<br \/>\nWalls and ceiling additionally insulated with a heat-impermeable membrane<br \/>\nDrain for water under the beds<br \/>\nVentilation above the beds<\/p>\n<p><strong>Anteroom Area:<\/strong><\/p>\n<p>Softwood planks for walls, ceiling, and floor<br \/>\n9 lamps installed in the ceiling<br \/>\nTowel rack<br \/>\n3 double sockets<br \/>\nElectrical panel (cable led outside, where you can easily connect electricity)<br \/>\nWalls and ceiling additionally insulated with an additional membrane<\/p>\n<p><strong>Shower Area:<\/strong><\/p>\n<p>Softwood planks for walls and ceiling<br \/>\nPlumbing brought in to connect and operate shower equipment<br \/>\nShower cabin base and drainage to the outside in the floor<\/p>\n<p><strong>Sauna Dimensions:<\/strong><\/p>\n<p><strong>External dimensions:<\/strong><\/p>\n<p>Length: 600 cm<br \/>\nWidth: 300 cm<br \/>\nHeight: 260 cm (highest point)<br \/>\nHeight: 240 cm (lowest point)<br \/>\nTotal area: 18 m2<\/p>\n<p><strong>Internal dimensions:<\/strong><\/p>\n<p>Height: 225 cm (highest point)<br \/>\nHeight: 205 cm (lowest point)<\/p>\n<p>Sauna area length: 200 cm<br \/>\nSauna area width: 260 cm<\/p>\n<p>Rest area length: 225 cm (narrower part)<br \/>\nRest area length: 340 cm (wider part)<br \/>\nRest area width: 260 cm<\/p>\n<p>Shower area width: 100 cm<\/p>\n","protected":false},"featured_media":1881,"template":"","meta":{"_acf_changed":false},"product_cat":[120,124],"product_tag":[],"class_list":{"0":"post-5235","1":"product","2":"type-product","3":"status-publish","4":"has-post-thumbnail","6":"product_cat-saunas","7":"product_cat-frame-saunas","8":"pa_apsiltinimas-floors","9":"pa_apsiltinimas-roof","10":"pa_apsiltinimas-walls","11":"pa_krosnele-electric-stove","12":"pa_krosnele-wood-burning-stove","13":"pa_mediena-coniferous-wood","14":"pa_mediena-larch","16":"first","17":"instock","18":"sold-individually","19":"shipping-taxable","20":"purchasable","21":"product-type-simple"},"acf":[],"yoast_head":"<!-- This site is optimized with the Yoast SEO plugin v22.0 - https:\/\/yoast.com\/wordpress\/plugins\/seo\/ -->\n<title>Wooden XL-sized frame sauna with an anteroom and a shower 300600 \/ 18 m2. - Timberrest.com - didelis pir\u010di\u0173 ir karkasini\u0173 medini\u0173 nam\u0173 pasirinkimas<\/title>\n<meta name=\"robots\" content=\"index, follow, max-snippet:-1, max-image-preview:large, max-video-preview:-1\" \/>\n<link rel=\"canonical\" href=\"https:\/\/timberrest.com\/en\/produktas\/wooden-xl-sized-frame-sauna-with-an-anteroom-and-a-shower-300600-18-m2\/\" \/>\n<meta property=\"og:locale\" content=\"en_US\" \/>\n<meta property=\"og:type\" content=\"article\" \/>\n<meta property=\"og:title\" content=\"Wooden XL-sized frame sauna with an anteroom and a shower 300600 \/ 18 m2. - Timberrest.com - didelis pir\u010di\u0173 ir karkasini\u0173 medini\u0173 nam\u0173 pasirinkimas\" \/>\n<meta property=\"og:description\" content=\"Exterior: Sheet metal roof 2 x black-framed, tempered glass windows measuring 1.5 x 1.2 m Black-framed, plastic and openable window measuring 0.5 x 1.2 m at the back Exterior walls made of vertically screwed planks The entire product is &quot;wrapped&quot; with a wind and moisture impermeable membrane Sauna Area: Black alder panels for walls and ceiling Double-tiered bed made of black alder, comfortably accommodating up to 5 people LED lighting installed against the wall, behind the beds LED lighting in the front part of the bed, on the second floor Electric or wood-burning stove (depending on your preference) Walls and ceiling additionally insulated with a heat-impermeable membrane Drain for water under the beds Ventilation above the beds Anteroom Area: Softwood planks for walls, ceiling, and floor 9 lamps installed in the ceiling Towel rack 3 double sockets Electrical panel (cable led outside, where you can easily connect electricity) Walls and ceiling additionally insulated with an additional membrane Shower Area: Softwood planks for walls and ceiling Plumbing brought in to connect and operate shower equipment Shower cabin base and drainage to the outside in the floor Sauna Dimensions: External dimensions: Length: 600 cm Width: 300 cm Height: 260 cm (highest point) Height: 240 cm (lowest point) Total area: 18 m2 Internal dimensions: Height: 225 cm (highest point) Height: 205 cm (lowest point) Sauna area length: 200 cm Sauna area width: 260 cm Rest area length: 225 cm (narrower part) Rest area length: 340 cm (wider part) Rest area width: 260 cm Shower area width: 100 cm\" \/>\n<meta property=\"og:url\" content=\"https:\/\/timberrest.com\/en\/produktas\/wooden-xl-sized-frame-sauna-with-an-anteroom-and-a-shower-300600-18-m2\/\" \/>\n<meta property=\"og:site_name\" content=\"Timberrest.com - didelis pir\u010di\u0173 ir karkasini\u0173 medini\u0173 nam\u0173 pasirinkimas\" \/>\n<meta property=\"article:modified_time\" content=\"2024-11-06T10:35:23+00:00\" \/>\n<meta property=\"og:image\" content=\"https:\/\/timberrest.com\/wp-content\/uploads\/2023\/08\/3x6-didele-pirtis-su-dusu-ir-priespirciu-0001.jpg\" \/>\n\t<meta property=\"og:image:width\" content=\"1920\" \/>\n\t<meta property=\"og:image:height\" content=\"1080\" \/>\n\t<meta property=\"og:image:type\" content=\"image\/jpeg\" \/>\n<meta name=\"twitter:card\" content=\"summary_large_image\" \/>\n<meta name=\"twitter:label1\" content=\"Est. reading time\" \/>\n\t<meta name=\"twitter:data1\" content=\"1 minute\" \/>\n<script type=\"application\/ld+json\" class=\"yoast-schema-graph\">{\"@context\":\"https:\/\/schema.org\",\"@graph\":[{\"@type\":\"WebPage\",\"@id\":\"https:\/\/timberrest.com\/en\/produktas\/wooden-xl-sized-frame-sauna-with-an-anteroom-and-a-shower-300600-18-m2\/\",\"url\":\"https:\/\/timberrest.com\/en\/produktas\/wooden-xl-sized-frame-sauna-with-an-anteroom-and-a-shower-300600-18-m2\/\",\"name\":\"Wooden XL-sized frame sauna with an anteroom and a shower 300600 \/ 18 m2. - Timberrest.com - didelis pir\u010di\u0173 ir karkasini\u0173 medini\u0173 nam\u0173 pasirinkimas\",\"isPartOf\":{\"@id\":\"https:\/\/timberrest.com\/en\/#website\"},\"datePublished\":\"2023-08-02T11:06:47+00:00\",\"dateModified\":\"2024-11-06T10:35:23+00:00\",\"breadcrumb\":{\"@id\":\"https:\/\/timberrest.com\/en\/produktas\/wooden-xl-sized-frame-sauna-with-an-anteroom-and-a-shower-300600-18-m2\/#breadcrumb\"},\"inLanguage\":\"en-US\",\"potentialAction\":[{\"@type\":\"ReadAction\",\"target\":[\"https:\/\/timberrest.com\/en\/produktas\/wooden-xl-sized-frame-sauna-with-an-anteroom-and-a-shower-300600-18-m2\/\"]}]},{\"@type\":\"BreadcrumbList\",\"@id\":\"https:\/\/timberrest.com\/en\/produktas\/wooden-xl-sized-frame-sauna-with-an-anteroom-and-a-shower-300600-18-m2\/#breadcrumb\",\"itemListElement\":[{\"@type\":\"ListItem\",\"position\":1,\"name\":\"Homepage\",\"item\":\"https:\/\/timberrest.com\/en\/\"},{\"@type\":\"ListItem\",\"position\":2,\"name\":\"Catalogue\",\"item\":\"https:\/\/timberrest.com\/en\/shop\/\"},{\"@type\":\"ListItem\",\"position\":3,\"name\":\"Saunas\",\"item\":\"https:\/\/timberrest.com\/en\/produkto-kategorija\/saunas\/\"},{\"@type\":\"ListItem\",\"position\":4,\"name\":\"Wooden XL-sized frame sauna with an anteroom and a shower 300600 \/ 18 m2.\"}]},{\"@type\":\"WebSite\",\"@id\":\"https:\/\/timberrest.com\/en\/#website\",\"url\":\"https:\/\/timberrest.com\/en\/\",\"name\":\"Timberrest.com - didelis pir\u010di\u0173 ir karkasini\u0173 medini\u0173 nam\u0173 pasirinkimas\",\"description\":\"We gather a majority of sauna and cabin manufacturers in one place, so you will always find the best price\",\"potentialAction\":[{\"@type\":\"SearchAction\",\"target\":{\"@type\":\"EntryPoint\",\"urlTemplate\":\"https:\/\/timberrest.com\/en\/?s={search_term_string}\"},\"query-input\":\"required name=search_term_string\"}],\"inLanguage\":\"en-US\"}]}<\/script>\n<!-- \/ Yoast SEO plugin. -->","yoast_head_json":{"title":"Wooden XL-sized frame sauna with an anteroom and a shower 300600 \/ 18 m2. - Timberrest.com - didelis pir\u010di\u0173 ir karkasini\u0173 medini\u0173 nam\u0173 pasirinkimas","robots":{"index":"index","follow":"follow","max-snippet":"max-snippet:-1","max-image-preview":"max-image-preview:large","max-video-preview":"max-video-preview:-1"},"canonical":"https:\/\/timberrest.com\/en\/produktas\/wooden-xl-sized-frame-sauna-with-an-anteroom-and-a-shower-300600-18-m2\/","og_locale":"en_US","og_type":"article","og_title":"Wooden XL-sized frame sauna with an anteroom and a shower 300600 \/ 18 m2. - Timberrest.com - didelis pir\u010di\u0173 ir karkasini\u0173 medini\u0173 nam\u0173 pasirinkimas","og_description":"Exterior: Sheet metal roof 2 x black-framed, tempered glass windows measuring 1.5 x 1.2 m Black-framed, plastic and openable window measuring 0.5 x 1.2 m at the back Exterior walls made of vertically screwed planks The entire product is \"wrapped\" with a wind and moisture impermeable membrane Sauna Area: Black alder panels for walls and ceiling Double-tiered bed made of black alder, comfortably accommodating up to 5 people LED lighting installed against the wall, behind the beds LED lighting in the front part of the bed, on the second floor Electric or wood-burning stove (depending on your preference) Walls and ceiling additionally insulated with a heat-impermeable membrane Drain for water under the beds Ventilation above the beds Anteroom Area: Softwood planks for walls, ceiling, and floor 9 lamps installed in the ceiling Towel rack 3 double sockets Electrical panel (cable led outside, where you can easily connect electricity) Walls and ceiling additionally insulated with an additional membrane Shower Area: Softwood planks for walls and ceiling Plumbing brought in to connect and operate shower equipment Shower cabin base and drainage to the outside in the floor Sauna Dimensions: External dimensions: Length: 600 cm Width: 300 cm Height: 260 cm (highest point) Height: 240 cm (lowest point) Total area: 18 m2 Internal dimensions: Height: 225 cm (highest point) Height: 205 cm (lowest point) Sauna area length: 200 cm Sauna area width: 260 cm Rest area length: 225 cm (narrower part) Rest area length: 340 cm (wider part) Rest area width: 260 cm Shower area width: 100 cm","og_url":"https:\/\/timberrest.com\/en\/produktas\/wooden-xl-sized-frame-sauna-with-an-anteroom-and-a-shower-300600-18-m2\/","og_site_name":"Timberrest.com - didelis pir\u010di\u0173 ir karkasini\u0173 medini\u0173 nam\u0173 pasirinkimas","article_modified_time":"2024-11-06T10:35:23+00:00","og_image":[{"width":1920,"height":1080,"url":"https:\/\/timberrest.com\/wp-content\/uploads\/2023\/08\/3x6-didele-pirtis-su-dusu-ir-priespirciu-0001.jpg","type":"image\/jpeg"}],"twitter_card":"summary_large_image","twitter_misc":{"Est. reading time":"1 minute"},"schema":{"@context":"https:\/\/schema.org","@graph":[{"@type":"WebPage","@id":"https:\/\/timberrest.com\/en\/produktas\/wooden-xl-sized-frame-sauna-with-an-anteroom-and-a-shower-300600-18-m2\/","url":"https:\/\/timberrest.com\/en\/produktas\/wooden-xl-sized-frame-sauna-with-an-anteroom-and-a-shower-300600-18-m2\/","name":"Wooden XL-sized frame sauna with an anteroom and a shower 300600 \/ 18 m2. - Timberrest.com - didelis pir\u010di\u0173 ir karkasini\u0173 medini\u0173 nam\u0173 pasirinkimas","isPartOf":{"@id":"https:\/\/timberrest.com\/en\/#website"},"datePublished":"2023-08-02T11:06:47+00:00","dateModified":"2024-11-06T10:35:23+00:00","breadcrumb":{"@id":"https:\/\/timberrest.com\/en\/produktas\/wooden-xl-sized-frame-sauna-with-an-anteroom-and-a-shower-300600-18-m2\/#breadcrumb"},"inLanguage":"en-US","potentialAction":[{"@type":"ReadAction","target":["https:\/\/timberrest.com\/en\/produktas\/wooden-xl-sized-frame-sauna-with-an-anteroom-and-a-shower-300600-18-m2\/"]}]},{"@type":"BreadcrumbList","@id":"https:\/\/timberrest.com\/en\/produktas\/wooden-xl-sized-frame-sauna-with-an-anteroom-and-a-shower-300600-18-m2\/#breadcrumb","itemListElement":[{"@type":"ListItem","position":1,"name":"Homepage","item":"https:\/\/timberrest.com\/en\/"},{"@type":"ListItem","position":2,"name":"Catalogue","item":"https:\/\/timberrest.com\/en\/shop\/"},{"@type":"ListItem","position":3,"name":"Saunas","item":"https:\/\/timberrest.com\/en\/produkto-kategorija\/saunas\/"},{"@type":"ListItem","position":4,"name":"Wooden XL-sized frame sauna with an anteroom and a shower 300600 \/ 18 m2."}]},{"@type":"WebSite","@id":"https:\/\/timberrest.com\/en\/#website","url":"https:\/\/timberrest.com\/en\/","name":"Timberrest.com - didelis pir\u010di\u0173 ir karkasini\u0173 medini\u0173 nam\u0173 pasirinkimas","description":"We gather a majority of sauna and cabin manufacturers in one place, so you will always find the best price","potentialAction":[{"@type":"SearchAction","target":{"@type":"EntryPoint","urlTemplate":"https:\/\/timberrest.com\/en\/?s={search_term_string}"},"query-input":"required name=search_term_string"}],"inLanguage":"en-US"}]}},"_links":{"self":[{"href":"https:\/\/timberrest.com\/en\/wp-json\/wp\/v2\/product\/5235","targetHints":{"allow":["GET"]}}],"collection":[{"href":"https:\/\/timberrest.com\/en\/wp-json\/wp\/v2\/product"}],"about":[{"href":"https:\/\/timberrest.com\/en\/wp-json\/wp\/v2\/types\/product"}],"wp:featuredmedia":[{"embeddable":true,"href":"https:\/\/timberrest.com\/en\/wp-json\/wp\/v2\/media\/1881"}],"wp:attachment":[{"href":"https:\/\/timberrest.com\/en\/wp-json\/wp\/v2\/media?parent=5235"}],"wp:term":[{"taxonomy":"product_cat","embeddable":true,"href":"https:\/\/timberrest.com\/en\/wp-json\/wp\/v2\/product_cat?post=5235"},{"taxonomy":"product_tag","embeddable":true,"href":"https:\/\/timberrest.com\/en\/wp-json\/wp\/v2\/product_tag?post=5235"}],"curies":[{"name":"wp","href":"https:\/\/api.w.org\/{rel}","templated":true}]}}