{"id":5217,"date":"2023-07-13T22:24:55","date_gmt":"2023-07-13T19:24:55","guid":{"rendered":"https:\/\/timberrest.com\/produktas\/apvali-pirtis-medzio-spalvos-su-dviem-langais-250-cm-ilgio\/"},"modified":"2024-11-06T12:43:13","modified_gmt":"2024-11-06T10:43:13","slug":"round-sauna-in-a-wood-color-with-two-windows-250-cm-length","status":"publish","type":"product","link":"https:\/\/timberrest.com\/en\/produktas\/round-sauna-in-a-wood-color-with-two-windows-250-cm-length\/","title":{"rendered":"Round sauna in a wood color with two windows, 250 cm length."},"content":{"rendered":"","protected":false},"excerpt":{"rendered":"<p><strong>Exterior:<\/strong><\/p>\n<p>Bitumen shingle roof<br \/>\nTwo windows, each 0.5 x 0.6 m, at the rear<br \/>\nWooden door measuring 1.9 x 0.7 m<br \/>\nSoftwood used for the walls<\/p>\n<p><strong>Anteroom Area (Terrace):<\/strong><\/p>\n<p>Two benches on both sides of the door. Width 0.5 m x Height 0.37 m x Depth 0.53 m<\/p>\n<p><strong>Sauna Area:<\/strong><\/p>\n<p>Softwood-made bed, comfortably accommodating up to 4 people<br \/>\nElectric or wood-burning stove (depending on your preference)<\/p>\n<p><strong>Sauna Dimensions:<\/strong><\/p>\n<p><strong>External dimensions:<\/strong><\/p>\n<p>Length: 250 cm<br \/>\nWidth: 230 cm<br \/>\nHeight: 230 cm<\/p>\n<p><strong>Internal dimensions:<\/strong><\/p>\n<p>Height: 208 cm (highest point)<br \/>\nSauna area length: 195 cm<br \/>\nTerrace length: 50 cm<\/p>\n","protected":false},"featured_media":1780,"template":"","meta":{"_acf_changed":false},"product_cat":[120,121],"product_tag":[],"class_list":{"0":"post-5217","1":"product","2":"type-product","3":"status-publish","4":"has-post-thumbnail","6":"product_cat-saunas","7":"product_cat-round","8":"pa_krosnele-electric-stove","9":"pa_krosnele-wood-burning-stove","11":"first","12":"instock","13":"sold-individually","14":"shipping-taxable","15":"purchasable","16":"product-type-simple"},"acf":[],"yoast_head":"<!-- This site is optimized with the Yoast SEO plugin v22.0 - https:\/\/yoast.com\/wordpress\/plugins\/seo\/ -->\n<title>Round sauna in a wood color with two windows, 250 cm length. - Timberrest.com - didelis pir\u010di\u0173 ir karkasini\u0173 medini\u0173 nam\u0173 pasirinkimas<\/title>\n<meta name=\"robots\" content=\"index, follow, max-snippet:-1, max-image-preview:large, max-video-preview:-1\" \/>\n<link rel=\"canonical\" href=\"https:\/\/timberrest.com\/en\/produktas\/round-sauna-in-a-wood-color-with-two-windows-250-cm-length\/\" \/>\n<meta property=\"og:locale\" content=\"en_US\" \/>\n<meta property=\"og:type\" content=\"article\" \/>\n<meta property=\"og:title\" content=\"Round sauna in a wood color with two windows, 250 cm length. - Timberrest.com - didelis pir\u010di\u0173 ir karkasini\u0173 medini\u0173 nam\u0173 pasirinkimas\" \/>\n<meta property=\"og:description\" content=\"Exterior: Bitumen shingle roof Two windows, each 0.5 x 0.6 m, at the rear Wooden door measuring 1.9 x 0.7 m Softwood used for the walls Anteroom Area (Terrace): Two benches on both sides of the door. Width 0.5 m x Height 0.37 m x Depth 0.53 m Sauna Area: Softwood-made bed, comfortably accommodating up to 4 people Electric or wood-burning stove (depending on your preference) Sauna Dimensions: External dimensions: Length: 250 cm Width: 230 cm Height: 230 cm Internal dimensions: Height: 208 cm (highest point) Sauna area length: 195 cm Terrace length: 50 cm\" \/>\n<meta property=\"og:url\" content=\"https:\/\/timberrest.com\/en\/produktas\/round-sauna-in-a-wood-color-with-two-windows-250-cm-length\/\" \/>\n<meta property=\"og:site_name\" content=\"Timberrest.com - didelis pir\u010di\u0173 ir karkasini\u0173 medini\u0173 nam\u0173 pasirinkimas\" \/>\n<meta property=\"article:modified_time\" content=\"2024-11-06T10:43:13+00:00\" \/>\n<meta property=\"og:image\" content=\"https:\/\/timberrest.com\/wp-content\/uploads\/2023\/07\/Apvali-pirtis-nedidele-ruda-hyid-001.jpg\" \/>\n\t<meta property=\"og:image:width\" content=\"1920\" \/>\n\t<meta property=\"og:image:height\" content=\"1080\" \/>\n\t<meta property=\"og:image:type\" content=\"image\/jpeg\" \/>\n<meta name=\"twitter:card\" content=\"summary_large_image\" \/>\n<meta name=\"twitter:label1\" content=\"Est. reading time\" \/>\n\t<meta name=\"twitter:data1\" content=\"1 minute\" \/>\n<script type=\"application\/ld+json\" class=\"yoast-schema-graph\">{\"@context\":\"https:\/\/schema.org\",\"@graph\":[{\"@type\":\"WebPage\",\"@id\":\"https:\/\/timberrest.com\/en\/produktas\/round-sauna-in-a-wood-color-with-two-windows-250-cm-length\/\",\"url\":\"https:\/\/timberrest.com\/en\/produktas\/round-sauna-in-a-wood-color-with-two-windows-250-cm-length\/\",\"name\":\"Round sauna in a wood color with two windows, 250 cm length. - Timberrest.com - didelis pir\u010di\u0173 ir karkasini\u0173 medini\u0173 nam\u0173 pasirinkimas\",\"isPartOf\":{\"@id\":\"https:\/\/timberrest.com\/en\/#website\"},\"datePublished\":\"2023-07-13T19:24:55+00:00\",\"dateModified\":\"2024-11-06T10:43:13+00:00\",\"breadcrumb\":{\"@id\":\"https:\/\/timberrest.com\/en\/produktas\/round-sauna-in-a-wood-color-with-two-windows-250-cm-length\/#breadcrumb\"},\"inLanguage\":\"en-US\",\"potentialAction\":[{\"@type\":\"ReadAction\",\"target\":[\"https:\/\/timberrest.com\/en\/produktas\/round-sauna-in-a-wood-color-with-two-windows-250-cm-length\/\"]}]},{\"@type\":\"BreadcrumbList\",\"@id\":\"https:\/\/timberrest.com\/en\/produktas\/round-sauna-in-a-wood-color-with-two-windows-250-cm-length\/#breadcrumb\",\"itemListElement\":[{\"@type\":\"ListItem\",\"position\":1,\"name\":\"Homepage\",\"item\":\"https:\/\/timberrest.com\/en\/\"},{\"@type\":\"ListItem\",\"position\":2,\"name\":\"Catalogue\",\"item\":\"https:\/\/timberrest.com\/en\/shop\/\"},{\"@type\":\"ListItem\",\"position\":3,\"name\":\"Saunas\",\"item\":\"https:\/\/timberrest.com\/en\/produkto-kategorija\/saunas\/\"},{\"@type\":\"ListItem\",\"position\":4,\"name\":\"Round sauna in a wood color with two windows, 250 cm length.\"}]},{\"@type\":\"WebSite\",\"@id\":\"https:\/\/timberrest.com\/en\/#website\",\"url\":\"https:\/\/timberrest.com\/en\/\",\"name\":\"Timberrest.com - didelis pir\u010di\u0173 ir karkasini\u0173 medini\u0173 nam\u0173 pasirinkimas\",\"description\":\"We gather a majority of sauna and cabin manufacturers in one place, so you will always find the best price\",\"potentialAction\":[{\"@type\":\"SearchAction\",\"target\":{\"@type\":\"EntryPoint\",\"urlTemplate\":\"https:\/\/timberrest.com\/en\/?s={search_term_string}\"},\"query-input\":\"required name=search_term_string\"}],\"inLanguage\":\"en-US\"}]}<\/script>\n<!-- \/ Yoast SEO plugin. -->","yoast_head_json":{"title":"Round sauna in a wood color with two windows, 250 cm length. - Timberrest.com - didelis pir\u010di\u0173 ir karkasini\u0173 medini\u0173 nam\u0173 pasirinkimas","robots":{"index":"index","follow":"follow","max-snippet":"max-snippet:-1","max-image-preview":"max-image-preview:large","max-video-preview":"max-video-preview:-1"},"canonical":"https:\/\/timberrest.com\/en\/produktas\/round-sauna-in-a-wood-color-with-two-windows-250-cm-length\/","og_locale":"en_US","og_type":"article","og_title":"Round sauna in a wood color with two windows, 250 cm length. - Timberrest.com - didelis pir\u010di\u0173 ir karkasini\u0173 medini\u0173 nam\u0173 pasirinkimas","og_description":"Exterior: Bitumen shingle roof Two windows, each 0.5 x 0.6 m, at the rear Wooden door measuring 1.9 x 0.7 m Softwood used for the walls Anteroom Area (Terrace): Two benches on both sides of the door. Width 0.5 m x Height 0.37 m x Depth 0.53 m Sauna Area: Softwood-made bed, comfortably accommodating up to 4 people Electric or wood-burning stove (depending on your preference) Sauna Dimensions: External dimensions: Length: 250 cm Width: 230 cm Height: 230 cm Internal dimensions: Height: 208 cm (highest point) Sauna area length: 195 cm Terrace length: 50 cm","og_url":"https:\/\/timberrest.com\/en\/produktas\/round-sauna-in-a-wood-color-with-two-windows-250-cm-length\/","og_site_name":"Timberrest.com - didelis pir\u010di\u0173 ir karkasini\u0173 medini\u0173 nam\u0173 pasirinkimas","article_modified_time":"2024-11-06T10:43:13+00:00","og_image":[{"width":1920,"height":1080,"url":"https:\/\/timberrest.com\/wp-content\/uploads\/2023\/07\/Apvali-pirtis-nedidele-ruda-hyid-001.jpg","type":"image\/jpeg"}],"twitter_card":"summary_large_image","twitter_misc":{"Est. reading time":"1 minute"},"schema":{"@context":"https:\/\/schema.org","@graph":[{"@type":"WebPage","@id":"https:\/\/timberrest.com\/en\/produktas\/round-sauna-in-a-wood-color-with-two-windows-250-cm-length\/","url":"https:\/\/timberrest.com\/en\/produktas\/round-sauna-in-a-wood-color-with-two-windows-250-cm-length\/","name":"Round sauna in a wood color with two windows, 250 cm length. - Timberrest.com - didelis pir\u010di\u0173 ir karkasini\u0173 medini\u0173 nam\u0173 pasirinkimas","isPartOf":{"@id":"https:\/\/timberrest.com\/en\/#website"},"datePublished":"2023-07-13T19:24:55+00:00","dateModified":"2024-11-06T10:43:13+00:00","breadcrumb":{"@id":"https:\/\/timberrest.com\/en\/produktas\/round-sauna-in-a-wood-color-with-two-windows-250-cm-length\/#breadcrumb"},"inLanguage":"en-US","potentialAction":[{"@type":"ReadAction","target":["https:\/\/timberrest.com\/en\/produktas\/round-sauna-in-a-wood-color-with-two-windows-250-cm-length\/"]}]},{"@type":"BreadcrumbList","@id":"https:\/\/timberrest.com\/en\/produktas\/round-sauna-in-a-wood-color-with-two-windows-250-cm-length\/#breadcrumb","itemListElement":[{"@type":"ListItem","position":1,"name":"Homepage","item":"https:\/\/timberrest.com\/en\/"},{"@type":"ListItem","position":2,"name":"Catalogue","item":"https:\/\/timberrest.com\/en\/shop\/"},{"@type":"ListItem","position":3,"name":"Saunas","item":"https:\/\/timberrest.com\/en\/produkto-kategorija\/saunas\/"},{"@type":"ListItem","position":4,"name":"Round sauna in a wood color with two windows, 250 cm length."}]},{"@type":"WebSite","@id":"https:\/\/timberrest.com\/en\/#website","url":"https:\/\/timberrest.com\/en\/","name":"Timberrest.com - didelis pir\u010di\u0173 ir karkasini\u0173 medini\u0173 nam\u0173 pasirinkimas","description":"We gather a majority of sauna and cabin manufacturers in one place, so you will always find the best price","potentialAction":[{"@type":"SearchAction","target":{"@type":"EntryPoint","urlTemplate":"https:\/\/timberrest.com\/en\/?s={search_term_string}"},"query-input":"required name=search_term_string"}],"inLanguage":"en-US"}]}},"_links":{"self":[{"href":"https:\/\/timberrest.com\/en\/wp-json\/wp\/v2\/product\/5217","targetHints":{"allow":["GET"]}}],"collection":[{"href":"https:\/\/timberrest.com\/en\/wp-json\/wp\/v2\/product"}],"about":[{"href":"https:\/\/timberrest.com\/en\/wp-json\/wp\/v2\/types\/product"}],"wp:featuredmedia":[{"embeddable":true,"href":"https:\/\/timberrest.com\/en\/wp-json\/wp\/v2\/media\/1780"}],"wp:attachment":[{"href":"https:\/\/timberrest.com\/en\/wp-json\/wp\/v2\/media?parent=5217"}],"wp:term":[{"taxonomy":"product_cat","embeddable":true,"href":"https:\/\/timberrest.com\/en\/wp-json\/wp\/v2\/product_cat?post=5217"},{"taxonomy":"product_tag","embeddable":true,"href":"https:\/\/timberrest.com\/en\/wp-json\/wp\/v2\/product_tag?post=5217"}],"curies":[{"name":"wp","href":"https:\/\/api.w.org\/{rel}","templated":true}]}}