{"id":5214,"date":"2023-05-01T23:58:46","date_gmt":"2023-05-01T20:58:46","guid":{"rendered":"https:\/\/timberrest.com\/produktas\/juoda-vidutinio-dydzio-karkasine-pirtis-su-kampiniu-langu-450260-11-7-m2\/"},"modified":"2024-11-06T12:43:54","modified_gmt":"2024-11-06T10:43:54","slug":"a-black-medium-sized-frame-sauna-with-a-corner-window-450260-11-7-m2","status":"publish","type":"product","link":"https:\/\/timberrest.com\/en\/produktas\/a-black-medium-sized-frame-sauna-with-a-corner-window-450260-11-7-m2\/","title":{"rendered":"A black medium-sized frame sauna with a corner window 450260 \/ 11.7 m2."},"content":{"rendered":"","protected":false},"excerpt":{"rendered":"<p><strong>Exterior:<\/strong><\/p>\n<p>Metal roof<br \/>\nWhite-framed, tempered glass 1 x 0.5 m window in the anteroom<br \/>\nWhite-framed, tempered glass 2.05 x 0.5 m window in the sauna<br \/>\nWhite-framed, tempered glass 1.55 x 0.5 m window in the sauna<br \/>\nExterior walls made of vertically screwed planks, double-oiled in black<br \/>\nFive black lamps attached to the exterior wall<br \/>\nThe entire product is &#8220;wrapped&#8221; with a wind and moisture impermeable membrane.<\/p>\n<p><strong>Anteroom Area:<\/strong><\/p>\n<p>Softwood planks for walls, ceiling, and floor<br \/>\nTwo built-in lights in the ceiling<br \/>\nOne double socket<br \/>\nElectrical panel (cable led outside for easy connection of electricity)<br \/>\nAdditional membrane insulation for walls and ceiling<br \/>\nTwo benches<\/p>\n<p><strong>Sauna Area:<\/strong><\/p>\n<p>Black alder panels for walls and ceiling<br \/>\nDouble-tiered bed made of black alder, comfortably accommodating up to 5 people<br \/>\nThe lower bed in front of the stove can be pushed under the upper beds or pulled out<br \/>\nLED lighting installed behind the beds against the wall<br \/>\nElectric or wood-burning stove (depending on your preference)<br \/>\nWalls and ceiling additionally insulated with a heat-impermeable membrane<br \/>\nVentilation above the beds<br \/>\nDrainage for water runoff<\/p>\n<p><strong>Sauna Dimensions:<\/strong><\/p>\n<p><strong>External dimensions:<\/strong><\/p>\n<p>Length: 450 cm<br \/>\nWidth: 260 cm<br \/>\nHeight: 275 cm (highest point)<br \/>\nHeight: 245 cm (lowest point)<br \/>\nRoof overhang above the door: 30 cm, and 15 cm on the other sides<br \/>\nTotal area: 11.7 m2<\/p>\n<p><strong>Internal dimensions:<\/strong><\/p>\n<p>Height: 230 cm (highest point)<br \/>\nHeight: 205 cm (lowest point)<\/p>\n<p>Sauna area length: 275 cm<br \/>\nSauna area width: 225 cm<\/p>\n<p>Relaxation area length: 120 cm<br \/>\nRelaxation area width: 225 cm<\/p>\n","protected":false},"featured_media":1769,"template":"","meta":{"_acf_changed":false},"product_cat":[120,124],"product_tag":[],"class_list":{"0":"post-5214","1":"product","2":"type-product","3":"status-publish","4":"has-post-thumbnail","6":"product_cat-saunas","7":"product_cat-frame-saunas","8":"pa_apsiltinimas-floors","9":"pa_apsiltinimas-roof","10":"pa_apsiltinimas-walls","11":"pa_krosnele-electric-stove","12":"pa_krosnele-wood-burning-stove","13":"pa_mediena-coniferous-wood","14":"pa_mediena-larch","15":"pa_mediena-red-cedar","16":"pa_mediena-thermowood","18":"first","19":"instock","20":"sold-individually","21":"shipping-taxable","22":"purchasable","23":"product-type-simple"},"acf":[],"yoast_head":"<!-- This site is optimized with the Yoast SEO plugin v22.0 - https:\/\/yoast.com\/wordpress\/plugins\/seo\/ -->\n<title>A black medium-sized frame sauna with a corner window 450260 \/ 11.7 m2. - Timberrest.com - didelis pir\u010di\u0173 ir karkasini\u0173 medini\u0173 nam\u0173 pasirinkimas<\/title>\n<meta name=\"robots\" content=\"index, follow, max-snippet:-1, max-image-preview:large, max-video-preview:-1\" \/>\n<link rel=\"canonical\" href=\"https:\/\/timberrest.com\/en\/produktas\/a-black-medium-sized-frame-sauna-with-a-corner-window-450260-11-7-m2\/\" \/>\n<meta property=\"og:locale\" content=\"en_US\" \/>\n<meta property=\"og:type\" content=\"article\" \/>\n<meta property=\"og:title\" content=\"A black medium-sized frame sauna with a corner window 450260 \/ 11.7 m2. - Timberrest.com - didelis pir\u010di\u0173 ir karkasini\u0173 medini\u0173 nam\u0173 pasirinkimas\" \/>\n<meta property=\"og:description\" content=\"Exterior: Metal roof White-framed, tempered glass 1 x 0.5 m window in the anteroom White-framed, tempered glass 2.05 x 0.5 m window in the sauna White-framed, tempered glass 1.55 x 0.5 m window in the sauna Exterior walls made of vertically screwed planks, double-oiled in black Five black lamps attached to the exterior wall The entire product is &quot;wrapped&quot; with a wind and moisture impermeable membrane. Anteroom Area: Softwood planks for walls, ceiling, and floor Two built-in lights in the ceiling One double socket Electrical panel (cable led outside for easy connection of electricity) Additional membrane insulation for walls and ceiling Two benches Sauna Area: Black alder panels for walls and ceiling Double-tiered bed made of black alder, comfortably accommodating up to 5 people The lower bed in front of the stove can be pushed under the upper beds or pulled out LED lighting installed behind the beds against the wall Electric or wood-burning stove (depending on your preference) Walls and ceiling additionally insulated with a heat-impermeable membrane Ventilation above the beds Drainage for water runoff Sauna Dimensions: External dimensions: Length: 450 cm Width: 260 cm Height: 275 cm (highest point) Height: 245 cm (lowest point) Roof overhang above the door: 30 cm, and 15 cm on the other sides Total area: 11.7 m2 Internal dimensions: Height: 230 cm (highest point) Height: 205 cm (lowest point) Sauna area length: 275 cm Sauna area width: 225 cm Relaxation area length: 120 cm Relaxation area width: 225 cm\" \/>\n<meta property=\"og:url\" content=\"https:\/\/timberrest.com\/en\/produktas\/a-black-medium-sized-frame-sauna-with-a-corner-window-450260-11-7-m2\/\" \/>\n<meta property=\"og:site_name\" content=\"Timberrest.com - didelis pir\u010di\u0173 ir karkasini\u0173 medini\u0173 nam\u0173 pasirinkimas\" \/>\n<meta property=\"article:modified_time\" content=\"2024-11-06T10:43:54+00:00\" \/>\n<meta property=\"og:image\" content=\"https:\/\/timberrest.com\/wp-content\/uploads\/2023\/05\/03.jpg\" \/>\n\t<meta property=\"og:image:width\" content=\"1920\" \/>\n\t<meta property=\"og:image:height\" content=\"1080\" \/>\n\t<meta property=\"og:image:type\" content=\"image\/jpeg\" \/>\n<meta name=\"twitter:card\" content=\"summary_large_image\" \/>\n<meta name=\"twitter:label1\" content=\"Est. reading time\" \/>\n\t<meta name=\"twitter:data1\" content=\"1 minute\" \/>\n<script type=\"application\/ld+json\" class=\"yoast-schema-graph\">{\"@context\":\"https:\/\/schema.org\",\"@graph\":[{\"@type\":\"WebPage\",\"@id\":\"https:\/\/timberrest.com\/en\/produktas\/a-black-medium-sized-frame-sauna-with-a-corner-window-450260-11-7-m2\/\",\"url\":\"https:\/\/timberrest.com\/en\/produktas\/a-black-medium-sized-frame-sauna-with-a-corner-window-450260-11-7-m2\/\",\"name\":\"A black medium-sized frame sauna with a corner window 450260 \/ 11.7 m2. - Timberrest.com - didelis pir\u010di\u0173 ir karkasini\u0173 medini\u0173 nam\u0173 pasirinkimas\",\"isPartOf\":{\"@id\":\"https:\/\/timberrest.com\/en\/#website\"},\"datePublished\":\"2023-05-01T20:58:46+00:00\",\"dateModified\":\"2024-11-06T10:43:54+00:00\",\"breadcrumb\":{\"@id\":\"https:\/\/timberrest.com\/en\/produktas\/a-black-medium-sized-frame-sauna-with-a-corner-window-450260-11-7-m2\/#breadcrumb\"},\"inLanguage\":\"en-US\",\"potentialAction\":[{\"@type\":\"ReadAction\",\"target\":[\"https:\/\/timberrest.com\/en\/produktas\/a-black-medium-sized-frame-sauna-with-a-corner-window-450260-11-7-m2\/\"]}]},{\"@type\":\"BreadcrumbList\",\"@id\":\"https:\/\/timberrest.com\/en\/produktas\/a-black-medium-sized-frame-sauna-with-a-corner-window-450260-11-7-m2\/#breadcrumb\",\"itemListElement\":[{\"@type\":\"ListItem\",\"position\":1,\"name\":\"Homepage\",\"item\":\"https:\/\/timberrest.com\/en\/\"},{\"@type\":\"ListItem\",\"position\":2,\"name\":\"Catalogue\",\"item\":\"https:\/\/timberrest.com\/en\/shop\/\"},{\"@type\":\"ListItem\",\"position\":3,\"name\":\"Saunas\",\"item\":\"https:\/\/timberrest.com\/en\/produkto-kategorija\/saunas\/\"},{\"@type\":\"ListItem\",\"position\":4,\"name\":\"A black medium-sized frame sauna with a corner window 450260 \/ 11.7 m2.\"}]},{\"@type\":\"WebSite\",\"@id\":\"https:\/\/timberrest.com\/en\/#website\",\"url\":\"https:\/\/timberrest.com\/en\/\",\"name\":\"Timberrest.com - didelis pir\u010di\u0173 ir karkasini\u0173 medini\u0173 nam\u0173 pasirinkimas\",\"description\":\"We gather a majority of sauna and cabin manufacturers in one place, so you will always find the best price\",\"potentialAction\":[{\"@type\":\"SearchAction\",\"target\":{\"@type\":\"EntryPoint\",\"urlTemplate\":\"https:\/\/timberrest.com\/en\/?s={search_term_string}\"},\"query-input\":\"required name=search_term_string\"}],\"inLanguage\":\"en-US\"}]}<\/script>\n<!-- \/ Yoast SEO plugin. -->","yoast_head_json":{"title":"A black medium-sized frame sauna with a corner window 450260 \/ 11.7 m2. - Timberrest.com - didelis pir\u010di\u0173 ir karkasini\u0173 medini\u0173 nam\u0173 pasirinkimas","robots":{"index":"index","follow":"follow","max-snippet":"max-snippet:-1","max-image-preview":"max-image-preview:large","max-video-preview":"max-video-preview:-1"},"canonical":"https:\/\/timberrest.com\/en\/produktas\/a-black-medium-sized-frame-sauna-with-a-corner-window-450260-11-7-m2\/","og_locale":"en_US","og_type":"article","og_title":"A black medium-sized frame sauna with a corner window 450260 \/ 11.7 m2. - Timberrest.com - didelis pir\u010di\u0173 ir karkasini\u0173 medini\u0173 nam\u0173 pasirinkimas","og_description":"Exterior: Metal roof White-framed, tempered glass 1 x 0.5 m window in the anteroom White-framed, tempered glass 2.05 x 0.5 m window in the sauna White-framed, tempered glass 1.55 x 0.5 m window in the sauna Exterior walls made of vertically screwed planks, double-oiled in black Five black lamps attached to the exterior wall The entire product is \"wrapped\" with a wind and moisture impermeable membrane. Anteroom Area: Softwood planks for walls, ceiling, and floor Two built-in lights in the ceiling One double socket Electrical panel (cable led outside for easy connection of electricity) Additional membrane insulation for walls and ceiling Two benches Sauna Area: Black alder panels for walls and ceiling Double-tiered bed made of black alder, comfortably accommodating up to 5 people The lower bed in front of the stove can be pushed under the upper beds or pulled out LED lighting installed behind the beds against the wall Electric or wood-burning stove (depending on your preference) Walls and ceiling additionally insulated with a heat-impermeable membrane Ventilation above the beds Drainage for water runoff Sauna Dimensions: External dimensions: Length: 450 cm Width: 260 cm Height: 275 cm (highest point) Height: 245 cm (lowest point) Roof overhang above the door: 30 cm, and 15 cm on the other sides Total area: 11.7 m2 Internal dimensions: Height: 230 cm (highest point) Height: 205 cm (lowest point) Sauna area length: 275 cm Sauna area width: 225 cm Relaxation area length: 120 cm Relaxation area width: 225 cm","og_url":"https:\/\/timberrest.com\/en\/produktas\/a-black-medium-sized-frame-sauna-with-a-corner-window-450260-11-7-m2\/","og_site_name":"Timberrest.com - didelis pir\u010di\u0173 ir karkasini\u0173 medini\u0173 nam\u0173 pasirinkimas","article_modified_time":"2024-11-06T10:43:54+00:00","og_image":[{"width":1920,"height":1080,"url":"https:\/\/timberrest.com\/wp-content\/uploads\/2023\/05\/03.jpg","type":"image\/jpeg"}],"twitter_card":"summary_large_image","twitter_misc":{"Est. reading time":"1 minute"},"schema":{"@context":"https:\/\/schema.org","@graph":[{"@type":"WebPage","@id":"https:\/\/timberrest.com\/en\/produktas\/a-black-medium-sized-frame-sauna-with-a-corner-window-450260-11-7-m2\/","url":"https:\/\/timberrest.com\/en\/produktas\/a-black-medium-sized-frame-sauna-with-a-corner-window-450260-11-7-m2\/","name":"A black medium-sized frame sauna with a corner window 450260 \/ 11.7 m2. - Timberrest.com - didelis pir\u010di\u0173 ir karkasini\u0173 medini\u0173 nam\u0173 pasirinkimas","isPartOf":{"@id":"https:\/\/timberrest.com\/en\/#website"},"datePublished":"2023-05-01T20:58:46+00:00","dateModified":"2024-11-06T10:43:54+00:00","breadcrumb":{"@id":"https:\/\/timberrest.com\/en\/produktas\/a-black-medium-sized-frame-sauna-with-a-corner-window-450260-11-7-m2\/#breadcrumb"},"inLanguage":"en-US","potentialAction":[{"@type":"ReadAction","target":["https:\/\/timberrest.com\/en\/produktas\/a-black-medium-sized-frame-sauna-with-a-corner-window-450260-11-7-m2\/"]}]},{"@type":"BreadcrumbList","@id":"https:\/\/timberrest.com\/en\/produktas\/a-black-medium-sized-frame-sauna-with-a-corner-window-450260-11-7-m2\/#breadcrumb","itemListElement":[{"@type":"ListItem","position":1,"name":"Homepage","item":"https:\/\/timberrest.com\/en\/"},{"@type":"ListItem","position":2,"name":"Catalogue","item":"https:\/\/timberrest.com\/en\/shop\/"},{"@type":"ListItem","position":3,"name":"Saunas","item":"https:\/\/timberrest.com\/en\/produkto-kategorija\/saunas\/"},{"@type":"ListItem","position":4,"name":"A black medium-sized frame sauna with a corner window 450260 \/ 11.7 m2."}]},{"@type":"WebSite","@id":"https:\/\/timberrest.com\/en\/#website","url":"https:\/\/timberrest.com\/en\/","name":"Timberrest.com - didelis pir\u010di\u0173 ir karkasini\u0173 medini\u0173 nam\u0173 pasirinkimas","description":"We gather a majority of sauna and cabin manufacturers in one place, so you will always find the best price","potentialAction":[{"@type":"SearchAction","target":{"@type":"EntryPoint","urlTemplate":"https:\/\/timberrest.com\/en\/?s={search_term_string}"},"query-input":"required name=search_term_string"}],"inLanguage":"en-US"}]}},"_links":{"self":[{"href":"https:\/\/timberrest.com\/en\/wp-json\/wp\/v2\/product\/5214","targetHints":{"allow":["GET"]}}],"collection":[{"href":"https:\/\/timberrest.com\/en\/wp-json\/wp\/v2\/product"}],"about":[{"href":"https:\/\/timberrest.com\/en\/wp-json\/wp\/v2\/types\/product"}],"wp:featuredmedia":[{"embeddable":true,"href":"https:\/\/timberrest.com\/en\/wp-json\/wp\/v2\/media\/1769"}],"wp:attachment":[{"href":"https:\/\/timberrest.com\/en\/wp-json\/wp\/v2\/media?parent=5214"}],"wp:term":[{"taxonomy":"product_cat","embeddable":true,"href":"https:\/\/timberrest.com\/en\/wp-json\/wp\/v2\/product_cat?post=5214"},{"taxonomy":"product_tag","embeddable":true,"href":"https:\/\/timberrest.com\/en\/wp-json\/wp\/v2\/product_tag?post=5214"}],"curies":[{"name":"wp","href":"https:\/\/api.w.org\/{rel}","templated":true}]}}