{"id":5183,"date":"2022-11-01T17:31:29","date_gmt":"2022-11-01T15:31:29","guid":{"rendered":"https:\/\/timberrest.com\/produktas\/skandinavisko-dizaino-karkasine-pirtis-juodais-remais-450245-11-m2\/"},"modified":"2024-11-06T12:50:09","modified_gmt":"2024-11-06T10:50:09","slug":"scandinavian-design-frame-sauna-with-black-window-frames-450245-11-m2","status":"publish","type":"product","link":"https:\/\/timberrest.com\/en\/produktas\/scandinavian-design-frame-sauna-with-black-window-frames-450245-11-m2\/","title":{"rendered":"Scandinavian design frame sauna with black window frames 450245 \/ 11 m2"},"content":{"rendered":"","protected":false},"excerpt":{"rendered":"<p><strong>Exterior:<\/strong><\/p>\n<p>Sheet metal roof<br \/>\nBlack-framed plastic windows and doors at the front<br \/>\nVertical screw-on boards, oil-treated twice with black color, used for external wall production<br \/>\nThe entire product is &#8220;wrapped&#8221; with a membrane that is impermeable to wind and moisture<\/p>\n<p><strong>Recreation Zone:<\/strong><\/p>\n<p>Softwood boards used for walls, ceilings, and floors<br \/>\nFour built-in lamps in the ceiling<br \/>\nTwo double sockets<br \/>\nElectrical panel (cable led outside for easy connection of electricity)<br \/>\nWalls and ceilings insulated with an additional membrane<\/p>\n<p><strong>Sauna Zone:<\/strong><\/p>\n<p>Black alder boards used for walls and ceilings<br \/>\nA double-deck bed made of black alder, where up to 4 people can comfortably settle<br \/>\nLED lighting installed on the wall behind the bed<br \/>\nElectric or wood-burning stove (according to your choice)<br \/>\nWalls and ceilings additionally insulated with a heat-impermeable membrane<br \/>\nVentilation above the bed<br \/>\nDrainage trap for water runoff<\/p>\n<p><strong>Sauna Dimensions:<\/strong><\/p>\n<p><strong>External Dimensions:<\/strong><\/p>\n<p>Length 450 cm<br \/>\nWidth 245 cm<br \/>\nHeight 265 cm (at the highest point)<br \/>\nHeight 205 cm (at the lowest point)<br \/>\nTotal area: 11.025 m2<\/p>\n<p><strong>Internal Dimensions:<\/strong><\/p>\n<p>Length 425 cm<br \/>\nWidth 205 cm<br \/>\nHeight 220 cm (at the highest point)<br \/>\nHeight 170 cm (at the lowest point)<\/p>\n<p>Sauna zone length 200 cm<br \/>\nSauna zone width 205 cm<\/p>\n<p>Recreation zone length 210 cm<br \/>\nRecreation zone width 205 cm<\/p>\n","protected":false},"featured_media":1440,"template":"","meta":{"_acf_changed":false},"product_cat":[120,124],"product_tag":[],"class_list":{"0":"post-5183","1":"product","2":"type-product","3":"status-publish","4":"has-post-thumbnail","6":"product_cat-saunas","7":"product_cat-frame-saunas","8":"pa_apsiltinimas-floors","9":"pa_apsiltinimas-roof","10":"pa_apsiltinimas-walls","11":"pa_krosnele-electric-stove","12":"pa_krosnele-wood-burning-stove","13":"pa_mediena-coniferous-wood","14":"pa_mediena-larch","15":"pa_mediena-red-cedar","16":"pa_mediena-thermowood","18":"first","19":"instock","20":"sold-individually","21":"shipping-taxable","22":"purchasable","23":"product-type-simple"},"acf":[],"yoast_head":"<!-- This site is optimized with the Yoast SEO plugin v22.0 - https:\/\/yoast.com\/wordpress\/plugins\/seo\/ -->\n<title>Scandinavian design frame sauna with black window frames 450245 \/ 11 m2 - Timberrest.com - didelis pir\u010di\u0173 ir karkasini\u0173 medini\u0173 nam\u0173 pasirinkimas<\/title>\n<meta name=\"description\" content=\"\u012esigykite \u0161i\u0105 skandinavi\u0161ko dizaino karkasin\u0119 pirt\u012f. Galite i\u0161sirinkti tarp \u012fvairi\u0173 pardav\u0117j\u0173 pagal skirting\u0105 kain\u0105 ir pagaminimo termin\u0105.\" \/>\n<meta name=\"robots\" content=\"index, follow, max-snippet:-1, max-image-preview:large, max-video-preview:-1\" \/>\n<link rel=\"canonical\" href=\"https:\/\/timberrest.com\/en\/produktas\/scandinavian-design-frame-sauna-with-black-window-frames-450245-11-m2\/\" \/>\n<meta property=\"og:locale\" content=\"en_US\" \/>\n<meta property=\"og:type\" content=\"article\" \/>\n<meta property=\"og:title\" content=\"Scandinavian design frame sauna with black window frames 450245 \/ 11 m2 - Timberrest.com - didelis pir\u010di\u0173 ir karkasini\u0173 medini\u0173 nam\u0173 pasirinkimas\" \/>\n<meta property=\"og:description\" content=\"\u012esigykite \u0161i\u0105 skandinavi\u0161ko dizaino karkasin\u0119 pirt\u012f. Galite i\u0161sirinkti tarp \u012fvairi\u0173 pardav\u0117j\u0173 pagal skirting\u0105 kain\u0105 ir pagaminimo termin\u0105.\" \/>\n<meta property=\"og:url\" content=\"https:\/\/timberrest.com\/en\/produktas\/scandinavian-design-frame-sauna-with-black-window-frames-450245-11-m2\/\" \/>\n<meta property=\"og:site_name\" content=\"Timberrest.com - didelis pir\u010di\u0173 ir karkasini\u0173 medini\u0173 nam\u0173 pasirinkimas\" \/>\n<meta property=\"article:modified_time\" content=\"2024-11-06T10:50:09+00:00\" \/>\n<meta property=\"og:image\" content=\"https:\/\/timberrest.com\/wp-content\/uploads\/2022\/11\/hihyuuygguji-01.jpg\" \/>\n\t<meta property=\"og:image:width\" content=\"1920\" \/>\n\t<meta property=\"og:image:height\" content=\"1080\" \/>\n\t<meta property=\"og:image:type\" content=\"image\/jpeg\" \/>\n<meta name=\"twitter:card\" content=\"summary_large_image\" \/>\n<meta name=\"twitter:label1\" content=\"Est. reading time\" \/>\n\t<meta name=\"twitter:data1\" content=\"1 minute\" \/>\n<script type=\"application\/ld+json\" class=\"yoast-schema-graph\">{\"@context\":\"https:\/\/schema.org\",\"@graph\":[{\"@type\":\"WebPage\",\"@id\":\"https:\/\/timberrest.com\/en\/produktas\/scandinavian-design-frame-sauna-with-black-window-frames-450245-11-m2\/\",\"url\":\"https:\/\/timberrest.com\/en\/produktas\/scandinavian-design-frame-sauna-with-black-window-frames-450245-11-m2\/\",\"name\":\"Scandinavian design frame sauna with black window frames 450245 \/ 11 m2 - Timberrest.com - didelis pir\u010di\u0173 ir karkasini\u0173 medini\u0173 nam\u0173 pasirinkimas\",\"isPartOf\":{\"@id\":\"https:\/\/timberrest.com\/en\/#website\"},\"datePublished\":\"2022-11-01T15:31:29+00:00\",\"dateModified\":\"2024-11-06T10:50:09+00:00\",\"description\":\"\u012esigykite \u0161i\u0105 skandinavi\u0161ko dizaino karkasin\u0119 pirt\u012f. Galite i\u0161sirinkti tarp \u012fvairi\u0173 pardav\u0117j\u0173 pagal skirting\u0105 kain\u0105 ir pagaminimo termin\u0105.\",\"breadcrumb\":{\"@id\":\"https:\/\/timberrest.com\/en\/produktas\/scandinavian-design-frame-sauna-with-black-window-frames-450245-11-m2\/#breadcrumb\"},\"inLanguage\":\"en-US\",\"potentialAction\":[{\"@type\":\"ReadAction\",\"target\":[\"https:\/\/timberrest.com\/en\/produktas\/scandinavian-design-frame-sauna-with-black-window-frames-450245-11-m2\/\"]}]},{\"@type\":\"BreadcrumbList\",\"@id\":\"https:\/\/timberrest.com\/en\/produktas\/scandinavian-design-frame-sauna-with-black-window-frames-450245-11-m2\/#breadcrumb\",\"itemListElement\":[{\"@type\":\"ListItem\",\"position\":1,\"name\":\"Homepage\",\"item\":\"https:\/\/timberrest.com\/en\/\"},{\"@type\":\"ListItem\",\"position\":2,\"name\":\"Catalogue\",\"item\":\"https:\/\/timberrest.com\/en\/shop\/\"},{\"@type\":\"ListItem\",\"position\":3,\"name\":\"Saunas\",\"item\":\"https:\/\/timberrest.com\/en\/produkto-kategorija\/saunas\/\"},{\"@type\":\"ListItem\",\"position\":4,\"name\":\"Scandinavian design frame sauna with black window frames 450245 \/ 11 m2\"}]},{\"@type\":\"WebSite\",\"@id\":\"https:\/\/timberrest.com\/en\/#website\",\"url\":\"https:\/\/timberrest.com\/en\/\",\"name\":\"Timberrest.com - didelis pir\u010di\u0173 ir karkasini\u0173 medini\u0173 nam\u0173 pasirinkimas\",\"description\":\"We gather a majority of sauna and cabin manufacturers in one place, so you will always find the best price\",\"potentialAction\":[{\"@type\":\"SearchAction\",\"target\":{\"@type\":\"EntryPoint\",\"urlTemplate\":\"https:\/\/timberrest.com\/en\/?s={search_term_string}\"},\"query-input\":\"required name=search_term_string\"}],\"inLanguage\":\"en-US\"}]}<\/script>\n<!-- \/ Yoast SEO plugin. -->","yoast_head_json":{"title":"Scandinavian design frame sauna with black window frames 450245 \/ 11 m2 - Timberrest.com - didelis pir\u010di\u0173 ir karkasini\u0173 medini\u0173 nam\u0173 pasirinkimas","description":"\u012esigykite \u0161i\u0105 skandinavi\u0161ko dizaino karkasin\u0119 pirt\u012f. Galite i\u0161sirinkti tarp \u012fvairi\u0173 pardav\u0117j\u0173 pagal skirting\u0105 kain\u0105 ir pagaminimo termin\u0105.","robots":{"index":"index","follow":"follow","max-snippet":"max-snippet:-1","max-image-preview":"max-image-preview:large","max-video-preview":"max-video-preview:-1"},"canonical":"https:\/\/timberrest.com\/en\/produktas\/scandinavian-design-frame-sauna-with-black-window-frames-450245-11-m2\/","og_locale":"en_US","og_type":"article","og_title":"Scandinavian design frame sauna with black window frames 450245 \/ 11 m2 - Timberrest.com - didelis pir\u010di\u0173 ir karkasini\u0173 medini\u0173 nam\u0173 pasirinkimas","og_description":"\u012esigykite \u0161i\u0105 skandinavi\u0161ko dizaino karkasin\u0119 pirt\u012f. Galite i\u0161sirinkti tarp \u012fvairi\u0173 pardav\u0117j\u0173 pagal skirting\u0105 kain\u0105 ir pagaminimo termin\u0105.","og_url":"https:\/\/timberrest.com\/en\/produktas\/scandinavian-design-frame-sauna-with-black-window-frames-450245-11-m2\/","og_site_name":"Timberrest.com - didelis pir\u010di\u0173 ir karkasini\u0173 medini\u0173 nam\u0173 pasirinkimas","article_modified_time":"2024-11-06T10:50:09+00:00","og_image":[{"width":1920,"height":1080,"url":"https:\/\/timberrest.com\/wp-content\/uploads\/2022\/11\/hihyuuygguji-01.jpg","type":"image\/jpeg"}],"twitter_card":"summary_large_image","twitter_misc":{"Est. reading time":"1 minute"},"schema":{"@context":"https:\/\/schema.org","@graph":[{"@type":"WebPage","@id":"https:\/\/timberrest.com\/en\/produktas\/scandinavian-design-frame-sauna-with-black-window-frames-450245-11-m2\/","url":"https:\/\/timberrest.com\/en\/produktas\/scandinavian-design-frame-sauna-with-black-window-frames-450245-11-m2\/","name":"Scandinavian design frame sauna with black window frames 450245 \/ 11 m2 - Timberrest.com - didelis pir\u010di\u0173 ir karkasini\u0173 medini\u0173 nam\u0173 pasirinkimas","isPartOf":{"@id":"https:\/\/timberrest.com\/en\/#website"},"datePublished":"2022-11-01T15:31:29+00:00","dateModified":"2024-11-06T10:50:09+00:00","description":"\u012esigykite \u0161i\u0105 skandinavi\u0161ko dizaino karkasin\u0119 pirt\u012f. Galite i\u0161sirinkti tarp \u012fvairi\u0173 pardav\u0117j\u0173 pagal skirting\u0105 kain\u0105 ir pagaminimo termin\u0105.","breadcrumb":{"@id":"https:\/\/timberrest.com\/en\/produktas\/scandinavian-design-frame-sauna-with-black-window-frames-450245-11-m2\/#breadcrumb"},"inLanguage":"en-US","potentialAction":[{"@type":"ReadAction","target":["https:\/\/timberrest.com\/en\/produktas\/scandinavian-design-frame-sauna-with-black-window-frames-450245-11-m2\/"]}]},{"@type":"BreadcrumbList","@id":"https:\/\/timberrest.com\/en\/produktas\/scandinavian-design-frame-sauna-with-black-window-frames-450245-11-m2\/#breadcrumb","itemListElement":[{"@type":"ListItem","position":1,"name":"Homepage","item":"https:\/\/timberrest.com\/en\/"},{"@type":"ListItem","position":2,"name":"Catalogue","item":"https:\/\/timberrest.com\/en\/shop\/"},{"@type":"ListItem","position":3,"name":"Saunas","item":"https:\/\/timberrest.com\/en\/produkto-kategorija\/saunas\/"},{"@type":"ListItem","position":4,"name":"Scandinavian design frame sauna with black window frames 450245 \/ 11 m2"}]},{"@type":"WebSite","@id":"https:\/\/timberrest.com\/en\/#website","url":"https:\/\/timberrest.com\/en\/","name":"Timberrest.com - didelis pir\u010di\u0173 ir karkasini\u0173 medini\u0173 nam\u0173 pasirinkimas","description":"We gather a majority of sauna and cabin manufacturers in one place, so you will always find the best price","potentialAction":[{"@type":"SearchAction","target":{"@type":"EntryPoint","urlTemplate":"https:\/\/timberrest.com\/en\/?s={search_term_string}"},"query-input":"required name=search_term_string"}],"inLanguage":"en-US"}]}},"_links":{"self":[{"href":"https:\/\/timberrest.com\/en\/wp-json\/wp\/v2\/product\/5183","targetHints":{"allow":["GET"]}}],"collection":[{"href":"https:\/\/timberrest.com\/en\/wp-json\/wp\/v2\/product"}],"about":[{"href":"https:\/\/timberrest.com\/en\/wp-json\/wp\/v2\/types\/product"}],"wp:featuredmedia":[{"embeddable":true,"href":"https:\/\/timberrest.com\/en\/wp-json\/wp\/v2\/media\/1440"}],"wp:attachment":[{"href":"https:\/\/timberrest.com\/en\/wp-json\/wp\/v2\/media?parent=5183"}],"wp:term":[{"taxonomy":"product_cat","embeddable":true,"href":"https:\/\/timberrest.com\/en\/wp-json\/wp\/v2\/product_cat?post=5183"},{"taxonomy":"product_tag","embeddable":true,"href":"https:\/\/timberrest.com\/en\/wp-json\/wp\/v2\/product_tag?post=5183"}],"curies":[{"name":"wp","href":"https:\/\/api.w.org\/{rel}","templated":true}]}}