{"id":5148,"date":"2023-10-23T14:26:32","date_gmt":"2023-10-23T11:26:32","guid":{"rendered":"https:\/\/timberrest.com\/produktas\/medine-karkasine-pirtis-su-nedidele-kampine-terasa-pasleptu-nuozulniu-stogu-ir-priespirciu-300600-18-m2\/"},"modified":"2024-11-06T12:04:32","modified_gmt":"2024-11-06T10:04:32","slug":"wooden-frame-sauna-with-a-small-corner-terrace-hidden-under-a-sloping-roof-and-a-porch-300x600-18-m2","status":"publish","type":"product","link":"https:\/\/timberrest.com\/en\/produktas\/wooden-frame-sauna-with-a-small-corner-terrace-hidden-under-a-sloping-roof-and-a-porch-300x600-18-m2\/","title":{"rendered":"Wooden frame sauna with a small corner terrace, hidden under a sloping roof and a porch 300&#215;600 \/ 18 m2."},"content":{"rendered":"","protected":false},"excerpt":{"rendered":"<p><strong>Exterior:<\/strong><\/p>\n<p>Metal roof<br \/>\nGray frame plastic windows with doors<br \/>\nTwo wooden windows, each 40 x 195 cm, with glass panes (one in the porch and one in the sauna area)<br \/>\nOne wooden window, 50 x 100 cm, with glass pane into the sauna area<br \/>\nVertical screw-fastened spruce boards used for external wall construction<br \/>\nGray boards oil-treated twice in gray color<br \/>\nThe entire product is &#8220;wrapped&#8221; with a wind- and moisture-resistant membrane<br \/>\nLED lighting outside<\/p>\n<p><strong>Porch area:<\/strong><\/p>\n<p>Spruce boards for walls, ceilings, and floors<br \/>\nSix built-in lights in the ceiling<br \/>\nTwo double sockets<br \/>\nElectrical panel (cable led out to the exterior for easy connection to electricity)<br \/>\nWalls and ceilings insulated with additional membrane<\/p>\n<p><strong>Sauna area:<\/strong><\/p>\n<p>Black alder boards for walls and ceilings<br \/>\nDouble bed made of black alder, comfortable for up to 5 people<br \/>\nElectric or wood-burning stove (according to your choice)<br \/>\nWalls and ceilings additionally insulated with heat-resistant membrane<br \/>\nVentilation above the bed<br \/>\nWater trap under the bed<\/p>\n<p><strong>Terrace area:<\/strong><\/p>\n<p>LED lighting built into the ceiling and walls<\/p>\n<p><strong>Sauna dimensions:<\/strong><\/p>\n<p><strong>External dimensions:<\/strong><\/p>\n<p>Length 600 cm<br \/>\nWidth 300 cm<br \/>\nHeight 270 cm<br \/>\nTotal area: 18 m2<\/p>\n<p><strong>Internal dimensions:<\/strong><\/p>\n<p>Height 250 cm (at the highest point)<br \/>\nHeight 200 cm (at the lowest point)<\/p>\n<p>Sauna area length 200 cm<br \/>\nSauna area width 225 cm<\/p>\n<p>Rest area length 315 cm<br \/>\nRest area width 225 cm<\/p>\n<p>Terrace width 40 cm<\/p>\n","protected":false},"featured_media":5010,"template":"","meta":{"_acf_changed":false},"product_cat":[120,124],"product_tag":[],"class_list":{"0":"post-5148","1":"product","2":"type-product","3":"status-publish","4":"has-post-thumbnail","6":"product_cat-saunas","7":"product_cat-frame-saunas","8":"pa_apsiltinimas-floors","9":"pa_apsiltinimas-roof","10":"pa_apsiltinimas-walls","11":"pa_krosnele-electric-stove","12":"pa_krosnele-wood-burning-stove","13":"pa_mediena-coniferous-wood","14":"pa_mediena-larch","15":"pa_mediena-red-cedar","16":"pa_mediena-thermowood","18":"first","19":"instock","20":"sold-individually","21":"shipping-taxable","22":"purchasable","23":"product-type-simple"},"acf":[],"yoast_head":"<!-- This site is optimized with the Yoast SEO plugin v22.0 - https:\/\/yoast.com\/wordpress\/plugins\/seo\/ -->\n<title>Wooden frame sauna with a small corner terrace, hidden under a sloping roof and a porch 300x600 \/ 18 m2. - Timberrest.com - didelis pir\u010di\u0173 ir karkasini\u0173 medini\u0173 nam\u0173 pasirinkimas<\/title>\n<meta name=\"robots\" content=\"index, follow, max-snippet:-1, max-image-preview:large, max-video-preview:-1\" \/>\n<link rel=\"canonical\" href=\"https:\/\/timberrest.com\/en\/produktas\/wooden-frame-sauna-with-a-small-corner-terrace-hidden-under-a-sloping-roof-and-a-porch-300x600-18-m2\/\" \/>\n<meta property=\"og:locale\" content=\"en_US\" \/>\n<meta property=\"og:type\" content=\"article\" \/>\n<meta property=\"og:title\" content=\"Wooden frame sauna with a small corner terrace, hidden under a sloping roof and a porch 300x600 \/ 18 m2. - Timberrest.com - didelis pir\u010di\u0173 ir karkasini\u0173 medini\u0173 nam\u0173 pasirinkimas\" \/>\n<meta property=\"og:description\" content=\"Exterior: Metal roof Gray frame plastic windows with doors Two wooden windows, each 40 x 195 cm, with glass panes (one in the porch and one in the sauna area) One wooden window, 50 x 100 cm, with glass pane into the sauna area Vertical screw-fastened spruce boards used for external wall construction Gray boards oil-treated twice in gray color The entire product is &quot;wrapped&quot; with a wind- and moisture-resistant membrane LED lighting outside Porch area: Spruce boards for walls, ceilings, and floors Six built-in lights in the ceiling Two double sockets Electrical panel (cable led out to the exterior for easy connection to electricity) Walls and ceilings insulated with additional membrane Sauna area: Black alder boards for walls and ceilings Double bed made of black alder, comfortable for up to 5 people Electric or wood-burning stove (according to your choice) Walls and ceilings additionally insulated with heat-resistant membrane Ventilation above the bed Water trap under the bed Terrace area: LED lighting built into the ceiling and walls Sauna dimensions: External dimensions: Length 600 cm Width 300 cm Height 270 cm Total area: 18 m2 Internal dimensions: Height 250 cm (at the highest point) Height 200 cm (at the lowest point) Sauna area length 200 cm Sauna area width 225 cm Rest area length 315 cm Rest area width 225 cm Terrace width 40 cm\" \/>\n<meta property=\"og:url\" content=\"https:\/\/timberrest.com\/en\/produktas\/wooden-frame-sauna-with-a-small-corner-terrace-hidden-under-a-sloping-roof-and-a-porch-300x600-18-m2\/\" \/>\n<meta property=\"og:site_name\" content=\"Timberrest.com - didelis pir\u010di\u0173 ir karkasini\u0173 medini\u0173 nam\u0173 pasirinkimas\" \/>\n<meta property=\"article:modified_time\" content=\"2024-11-06T10:04:32+00:00\" \/>\n<meta property=\"og:image\" content=\"https:\/\/timberrest.com\/wp-content\/uploads\/2023\/10\/Kvadratine-medine-pirtis-su-nedidele-kampine-terasa-008.jpg\" \/>\n\t<meta property=\"og:image:width\" content=\"1920\" \/>\n\t<meta property=\"og:image:height\" content=\"1080\" \/>\n\t<meta property=\"og:image:type\" content=\"image\/jpeg\" \/>\n<meta name=\"twitter:card\" content=\"summary_large_image\" \/>\n<meta name=\"twitter:label1\" content=\"Est. reading time\" \/>\n\t<meta name=\"twitter:data1\" content=\"1 minute\" \/>\n<script type=\"application\/ld+json\" class=\"yoast-schema-graph\">{\"@context\":\"https:\/\/schema.org\",\"@graph\":[{\"@type\":\"WebPage\",\"@id\":\"https:\/\/timberrest.com\/en\/produktas\/wooden-frame-sauna-with-a-small-corner-terrace-hidden-under-a-sloping-roof-and-a-porch-300x600-18-m2\/\",\"url\":\"https:\/\/timberrest.com\/en\/produktas\/wooden-frame-sauna-with-a-small-corner-terrace-hidden-under-a-sloping-roof-and-a-porch-300x600-18-m2\/\",\"name\":\"Wooden frame sauna with a small corner terrace, hidden under a sloping roof and a porch 300x600 \/ 18 m2. - Timberrest.com - didelis pir\u010di\u0173 ir karkasini\u0173 medini\u0173 nam\u0173 pasirinkimas\",\"isPartOf\":{\"@id\":\"https:\/\/timberrest.com\/en\/#website\"},\"datePublished\":\"2023-10-23T11:26:32+00:00\",\"dateModified\":\"2024-11-06T10:04:32+00:00\",\"breadcrumb\":{\"@id\":\"https:\/\/timberrest.com\/en\/produktas\/wooden-frame-sauna-with-a-small-corner-terrace-hidden-under-a-sloping-roof-and-a-porch-300x600-18-m2\/#breadcrumb\"},\"inLanguage\":\"en-US\",\"potentialAction\":[{\"@type\":\"ReadAction\",\"target\":[\"https:\/\/timberrest.com\/en\/produktas\/wooden-frame-sauna-with-a-small-corner-terrace-hidden-under-a-sloping-roof-and-a-porch-300x600-18-m2\/\"]}]},{\"@type\":\"BreadcrumbList\",\"@id\":\"https:\/\/timberrest.com\/en\/produktas\/wooden-frame-sauna-with-a-small-corner-terrace-hidden-under-a-sloping-roof-and-a-porch-300x600-18-m2\/#breadcrumb\",\"itemListElement\":[{\"@type\":\"ListItem\",\"position\":1,\"name\":\"Homepage\",\"item\":\"https:\/\/timberrest.com\/en\/\"},{\"@type\":\"ListItem\",\"position\":2,\"name\":\"Catalogue\",\"item\":\"https:\/\/timberrest.com\/en\/shop\/\"},{\"@type\":\"ListItem\",\"position\":3,\"name\":\"Saunas\",\"item\":\"https:\/\/timberrest.com\/en\/produkto-kategorija\/saunas\/\"},{\"@type\":\"ListItem\",\"position\":4,\"name\":\"Wooden frame sauna with a small corner terrace, hidden under a sloping roof and a porch 300&#215;600 \/ 18 m2.\"}]},{\"@type\":\"WebSite\",\"@id\":\"https:\/\/timberrest.com\/en\/#website\",\"url\":\"https:\/\/timberrest.com\/en\/\",\"name\":\"Timberrest.com - didelis pir\u010di\u0173 ir karkasini\u0173 medini\u0173 nam\u0173 pasirinkimas\",\"description\":\"We gather a majority of sauna and cabin manufacturers in one place, so you will always find the best price\",\"potentialAction\":[{\"@type\":\"SearchAction\",\"target\":{\"@type\":\"EntryPoint\",\"urlTemplate\":\"https:\/\/timberrest.com\/en\/?s={search_term_string}\"},\"query-input\":\"required name=search_term_string\"}],\"inLanguage\":\"en-US\"}]}<\/script>\n<!-- \/ Yoast SEO plugin. -->","yoast_head_json":{"title":"Wooden frame sauna with a small corner terrace, hidden under a sloping roof and a porch 300x600 \/ 18 m2. - Timberrest.com - didelis pir\u010di\u0173 ir karkasini\u0173 medini\u0173 nam\u0173 pasirinkimas","robots":{"index":"index","follow":"follow","max-snippet":"max-snippet:-1","max-image-preview":"max-image-preview:large","max-video-preview":"max-video-preview:-1"},"canonical":"https:\/\/timberrest.com\/en\/produktas\/wooden-frame-sauna-with-a-small-corner-terrace-hidden-under-a-sloping-roof-and-a-porch-300x600-18-m2\/","og_locale":"en_US","og_type":"article","og_title":"Wooden frame sauna with a small corner terrace, hidden under a sloping roof and a porch 300x600 \/ 18 m2. - Timberrest.com - didelis pir\u010di\u0173 ir karkasini\u0173 medini\u0173 nam\u0173 pasirinkimas","og_description":"Exterior: Metal roof Gray frame plastic windows with doors Two wooden windows, each 40 x 195 cm, with glass panes (one in the porch and one in the sauna area) One wooden window, 50 x 100 cm, with glass pane into the sauna area Vertical screw-fastened spruce boards used for external wall construction Gray boards oil-treated twice in gray color The entire product is \"wrapped\" with a wind- and moisture-resistant membrane LED lighting outside Porch area: Spruce boards for walls, ceilings, and floors Six built-in lights in the ceiling Two double sockets Electrical panel (cable led out to the exterior for easy connection to electricity) Walls and ceilings insulated with additional membrane Sauna area: Black alder boards for walls and ceilings Double bed made of black alder, comfortable for up to 5 people Electric or wood-burning stove (according to your choice) Walls and ceilings additionally insulated with heat-resistant membrane Ventilation above the bed Water trap under the bed Terrace area: LED lighting built into the ceiling and walls Sauna dimensions: External dimensions: Length 600 cm Width 300 cm Height 270 cm Total area: 18 m2 Internal dimensions: Height 250 cm (at the highest point) Height 200 cm (at the lowest point) Sauna area length 200 cm Sauna area width 225 cm Rest area length 315 cm Rest area width 225 cm Terrace width 40 cm","og_url":"https:\/\/timberrest.com\/en\/produktas\/wooden-frame-sauna-with-a-small-corner-terrace-hidden-under-a-sloping-roof-and-a-porch-300x600-18-m2\/","og_site_name":"Timberrest.com - didelis pir\u010di\u0173 ir karkasini\u0173 medini\u0173 nam\u0173 pasirinkimas","article_modified_time":"2024-11-06T10:04:32+00:00","og_image":[{"width":1920,"height":1080,"url":"https:\/\/timberrest.com\/wp-content\/uploads\/2023\/10\/Kvadratine-medine-pirtis-su-nedidele-kampine-terasa-008.jpg","type":"image\/jpeg"}],"twitter_card":"summary_large_image","twitter_misc":{"Est. reading time":"1 minute"},"schema":{"@context":"https:\/\/schema.org","@graph":[{"@type":"WebPage","@id":"https:\/\/timberrest.com\/en\/produktas\/wooden-frame-sauna-with-a-small-corner-terrace-hidden-under-a-sloping-roof-and-a-porch-300x600-18-m2\/","url":"https:\/\/timberrest.com\/en\/produktas\/wooden-frame-sauna-with-a-small-corner-terrace-hidden-under-a-sloping-roof-and-a-porch-300x600-18-m2\/","name":"Wooden frame sauna with a small corner terrace, hidden under a sloping roof and a porch 300x600 \/ 18 m2. - Timberrest.com - didelis pir\u010di\u0173 ir karkasini\u0173 medini\u0173 nam\u0173 pasirinkimas","isPartOf":{"@id":"https:\/\/timberrest.com\/en\/#website"},"datePublished":"2023-10-23T11:26:32+00:00","dateModified":"2024-11-06T10:04:32+00:00","breadcrumb":{"@id":"https:\/\/timberrest.com\/en\/produktas\/wooden-frame-sauna-with-a-small-corner-terrace-hidden-under-a-sloping-roof-and-a-porch-300x600-18-m2\/#breadcrumb"},"inLanguage":"en-US","potentialAction":[{"@type":"ReadAction","target":["https:\/\/timberrest.com\/en\/produktas\/wooden-frame-sauna-with-a-small-corner-terrace-hidden-under-a-sloping-roof-and-a-porch-300x600-18-m2\/"]}]},{"@type":"BreadcrumbList","@id":"https:\/\/timberrest.com\/en\/produktas\/wooden-frame-sauna-with-a-small-corner-terrace-hidden-under-a-sloping-roof-and-a-porch-300x600-18-m2\/#breadcrumb","itemListElement":[{"@type":"ListItem","position":1,"name":"Homepage","item":"https:\/\/timberrest.com\/en\/"},{"@type":"ListItem","position":2,"name":"Catalogue","item":"https:\/\/timberrest.com\/en\/shop\/"},{"@type":"ListItem","position":3,"name":"Saunas","item":"https:\/\/timberrest.com\/en\/produkto-kategorija\/saunas\/"},{"@type":"ListItem","position":4,"name":"Wooden frame sauna with a small corner terrace, hidden under a sloping roof and a porch 300&#215;600 \/ 18 m2."}]},{"@type":"WebSite","@id":"https:\/\/timberrest.com\/en\/#website","url":"https:\/\/timberrest.com\/en\/","name":"Timberrest.com - didelis pir\u010di\u0173 ir karkasini\u0173 medini\u0173 nam\u0173 pasirinkimas","description":"We gather a majority of sauna and cabin manufacturers in one place, so you will always find the best price","potentialAction":[{"@type":"SearchAction","target":{"@type":"EntryPoint","urlTemplate":"https:\/\/timberrest.com\/en\/?s={search_term_string}"},"query-input":"required name=search_term_string"}],"inLanguage":"en-US"}]}},"_links":{"self":[{"href":"https:\/\/timberrest.com\/en\/wp-json\/wp\/v2\/product\/5148","targetHints":{"allow":["GET"]}}],"collection":[{"href":"https:\/\/timberrest.com\/en\/wp-json\/wp\/v2\/product"}],"about":[{"href":"https:\/\/timberrest.com\/en\/wp-json\/wp\/v2\/types\/product"}],"wp:featuredmedia":[{"embeddable":true,"href":"https:\/\/timberrest.com\/en\/wp-json\/wp\/v2\/media\/5010"}],"wp:attachment":[{"href":"https:\/\/timberrest.com\/en\/wp-json\/wp\/v2\/media?parent=5148"}],"wp:term":[{"taxonomy":"product_cat","embeddable":true,"href":"https:\/\/timberrest.com\/en\/wp-json\/wp\/v2\/product_cat?post=5148"},{"taxonomy":"product_tag","embeddable":true,"href":"https:\/\/timberrest.com\/en\/wp-json\/wp\/v2\/product_tag?post=5148"}],"curies":[{"name":"wp","href":"https:\/\/api.w.org\/{rel}","templated":true}]}}