{"id":5086,"date":"2022-06-27T14:33:14","date_gmt":"2022-06-27T11:33:14","guid":{"rendered":"https:\/\/timberrest.com\/returns-and-warranty\/"},"modified":"2024-11-04T15:13:35","modified_gmt":"2024-11-04T13:13:35","slug":"returns-and-warranty","status":"publish","type":"page","link":"https:\/\/timberrest.com\/en\/returns-and-warranty\/","title":{"rendered":"Returns and Warranty"},"content":{"rendered":"\r\n<p>The vast majority of products are started only after receiving a customer order based on the specifications provided on the website <a href=\"http:\/\/www.timberrest.com\" target=\"_new\" rel=\"noopener\">www.timberrest.com<\/a>. All products are made according to the specifications discussed with the customer, and any questions that arise are resolved collaboratively.<\/p>\r\n","protected":false},"excerpt":{"rendered":"<p>The vast majority of products are started only after receiving a customer order based on the specifications provided on the website www.timberrest.com. All products are made according to the specifications discussed with the customer, and any questions that arise are resolved collaboratively.<\/p>\n","protected":false},"author":1,"featured_media":0,"parent":0,"menu_order":0,"comment_status":"closed","ping_status":"closed","template":"page-templates\/info.php","meta":{"_acf_changed":false,"footnotes":""},"class_list":["post-5086","page","type-page","status-publish","hentry"],"acf":[],"yoast_head":"<!-- This site is optimized with the Yoast SEO plugin v22.0 - https:\/\/yoast.com\/wordpress\/plugins\/seo\/ -->\n<title>Returns and Warranty - Timberrest.com - didelis pir\u010di\u0173 ir karkasini\u0173 medini\u0173 nam\u0173 pasirinkimas<\/title>\n<meta name=\"robots\" content=\"index, follow, max-snippet:-1, max-image-preview:large, max-video-preview:-1\" \/>\n<link rel=\"canonical\" href=\"https:\/\/timberrest.com\/en\/returns-and-warranty\/\" \/>\n<meta property=\"og:locale\" content=\"en_US\" \/>\n<meta property=\"og:type\" content=\"article\" \/>\n<meta property=\"og:title\" content=\"Returns and Warranty - Timberrest.com - didelis pir\u010di\u0173 ir karkasini\u0173 medini\u0173 nam\u0173 pasirinkimas\" \/>\n<meta property=\"og:description\" content=\"The vast majority of products are started only after receiving a customer order based on the specifications provided on the website www.timberrest.com. All products are made according to the specifications discussed with the customer, and any questions that arise are resolved collaboratively.\" \/>\n<meta property=\"og:url\" content=\"https:\/\/timberrest.com\/en\/returns-and-warranty\/\" \/>\n<meta property=\"og:site_name\" content=\"Timberrest.com - didelis pir\u010di\u0173 ir karkasini\u0173 medini\u0173 nam\u0173 pasirinkimas\" \/>\n<meta property=\"article:modified_time\" content=\"2024-11-04T13:13:35+00:00\" \/>\n<meta name=\"twitter:card\" content=\"summary_large_image\" \/>\n<meta name=\"twitter:label1\" content=\"Est. reading time\" \/>\n\t<meta name=\"twitter:data1\" content=\"1 minute\" \/>\n<script type=\"application\/ld+json\" class=\"yoast-schema-graph\">{\"@context\":\"https:\/\/schema.org\",\"@graph\":[{\"@type\":\"WebPage\",\"@id\":\"https:\/\/timberrest.com\/en\/returns-and-warranty\/\",\"url\":\"https:\/\/timberrest.com\/en\/returns-and-warranty\/\",\"name\":\"Returns and Warranty - Timberrest.com - didelis pir\u010di\u0173 ir karkasini\u0173 medini\u0173 nam\u0173 pasirinkimas\",\"isPartOf\":{\"@id\":\"https:\/\/timberrest.com\/en\/#website\"},\"datePublished\":\"2022-06-27T11:33:14+00:00\",\"dateModified\":\"2024-11-04T13:13:35+00:00\",\"breadcrumb\":{\"@id\":\"https:\/\/timberrest.com\/en\/returns-and-warranty\/#breadcrumb\"},\"inLanguage\":\"en-US\",\"potentialAction\":[{\"@type\":\"ReadAction\",\"target\":[\"https:\/\/timberrest.com\/en\/returns-and-warranty\/\"]}]},{\"@type\":\"BreadcrumbList\",\"@id\":\"https:\/\/timberrest.com\/en\/returns-and-warranty\/#breadcrumb\",\"itemListElement\":[{\"@type\":\"ListItem\",\"position\":1,\"name\":\"Homepage\",\"item\":\"https:\/\/timberrest.com\/en\/\"},{\"@type\":\"ListItem\",\"position\":2,\"name\":\"Returns and Warranty\"}]},{\"@type\":\"WebSite\",\"@id\":\"https:\/\/timberrest.com\/en\/#website\",\"url\":\"https:\/\/timberrest.com\/en\/\",\"name\":\"Timberrest.com - didelis pir\u010di\u0173 ir karkasini\u0173 medini\u0173 nam\u0173 pasirinkimas\",\"description\":\"We gather a majority of sauna and cabin manufacturers in one place, so you will always find the best price\",\"potentialAction\":[{\"@type\":\"SearchAction\",\"target\":{\"@type\":\"EntryPoint\",\"urlTemplate\":\"https:\/\/timberrest.com\/en\/?s={search_term_string}\"},\"query-input\":\"required name=search_term_string\"}],\"inLanguage\":\"en-US\"}]}<\/script>\n<!-- \/ Yoast SEO plugin. -->","yoast_head_json":{"title":"Returns and Warranty - Timberrest.com - didelis pir\u010di\u0173 ir karkasini\u0173 medini\u0173 nam\u0173 pasirinkimas","robots":{"index":"index","follow":"follow","max-snippet":"max-snippet:-1","max-image-preview":"max-image-preview:large","max-video-preview":"max-video-preview:-1"},"canonical":"https:\/\/timberrest.com\/en\/returns-and-warranty\/","og_locale":"en_US","og_type":"article","og_title":"Returns and Warranty - Timberrest.com - didelis pir\u010di\u0173 ir karkasini\u0173 medini\u0173 nam\u0173 pasirinkimas","og_description":"The vast majority of products are started only after receiving a customer order based on the specifications provided on the website www.timberrest.com. All products are made according to the specifications discussed with the customer, and any questions that arise are resolved collaboratively.","og_url":"https:\/\/timberrest.com\/en\/returns-and-warranty\/","og_site_name":"Timberrest.com - didelis pir\u010di\u0173 ir karkasini\u0173 medini\u0173 nam\u0173 pasirinkimas","article_modified_time":"2024-11-04T13:13:35+00:00","twitter_card":"summary_large_image","twitter_misc":{"Est. reading time":"1 minute"},"schema":{"@context":"https:\/\/schema.org","@graph":[{"@type":"WebPage","@id":"https:\/\/timberrest.com\/en\/returns-and-warranty\/","url":"https:\/\/timberrest.com\/en\/returns-and-warranty\/","name":"Returns and Warranty - Timberrest.com - didelis pir\u010di\u0173 ir karkasini\u0173 medini\u0173 nam\u0173 pasirinkimas","isPartOf":{"@id":"https:\/\/timberrest.com\/en\/#website"},"datePublished":"2022-06-27T11:33:14+00:00","dateModified":"2024-11-04T13:13:35+00:00","breadcrumb":{"@id":"https:\/\/timberrest.com\/en\/returns-and-warranty\/#breadcrumb"},"inLanguage":"en-US","potentialAction":[{"@type":"ReadAction","target":["https:\/\/timberrest.com\/en\/returns-and-warranty\/"]}]},{"@type":"BreadcrumbList","@id":"https:\/\/timberrest.com\/en\/returns-and-warranty\/#breadcrumb","itemListElement":[{"@type":"ListItem","position":1,"name":"Homepage","item":"https:\/\/timberrest.com\/en\/"},{"@type":"ListItem","position":2,"name":"Returns and Warranty"}]},{"@type":"WebSite","@id":"https:\/\/timberrest.com\/en\/#website","url":"https:\/\/timberrest.com\/en\/","name":"Timberrest.com - didelis pir\u010di\u0173 ir karkasini\u0173 medini\u0173 nam\u0173 pasirinkimas","description":"We gather a majority of sauna and cabin manufacturers in one place, so you will always find the best price","potentialAction":[{"@type":"SearchAction","target":{"@type":"EntryPoint","urlTemplate":"https:\/\/timberrest.com\/en\/?s={search_term_string}"},"query-input":"required name=search_term_string"}],"inLanguage":"en-US"}]}},"_links":{"self":[{"href":"https:\/\/timberrest.com\/en\/wp-json\/wp\/v2\/pages\/5086","targetHints":{"allow":["GET"]}}],"collection":[{"href":"https:\/\/timberrest.com\/en\/wp-json\/wp\/v2\/pages"}],"about":[{"href":"https:\/\/timberrest.com\/en\/wp-json\/wp\/v2\/types\/page"}],"author":[{"embeddable":true,"href":"https:\/\/timberrest.com\/en\/wp-json\/wp\/v2\/users\/1"}],"replies":[{"embeddable":true,"href":"https:\/\/timberrest.com\/en\/wp-json\/wp\/v2\/comments?post=5086"}],"version-history":[{"count":2,"href":"https:\/\/timberrest.com\/en\/wp-json\/wp\/v2\/pages\/5086\/revisions"}],"predecessor-version":[{"id":5585,"href":"https:\/\/timberrest.com\/en\/wp-json\/wp\/v2\/pages\/5086\/revisions\/5585"}],"wp:attachment":[{"href":"https:\/\/timberrest.com\/en\/wp-json\/wp\/v2\/media?parent=5086"}],"curies":[{"name":"wp","href":"https:\/\/api.w.org\/{rel}","templated":true}]}}