{"id":5083,"date":"2022-06-27T15:25:45","date_gmt":"2022-06-27T12:25:45","guid":{"rendered":"https:\/\/timberrest.com\/about-us\/"},"modified":"2024-11-04T15:09:17","modified_gmt":"2024-11-04T13:09:17","slug":"about-us","status":"publish","type":"page","link":"https:\/\/timberrest.com\/en\/about-us\/","title":{"rendered":"About us"},"content":{"rendered":"<p><strong>Timberrest<\/strong> offers a variety of timber-frame saunas and wooden cabins. All saunas are custom-made, allowing us to be flexible and adjust each project to your specific requirements. You\u2019ll find prices listed for all products, making it easy to choose the option that best suits you.<\/p>\n<p>If the price or proposed delivery time for a product isn\u2019t suitable for you, you have the option to propose your own price and delivery date for each product. We will assess your offer, and if acceptable, we\u2019ll produce a product that meets your needs.<\/p>\n<p>And if you don\u2019t find the product you\u2019re looking for, contact us at <strong><a rel=\"noopener\">info@timberrest.com<\/a><\/strong>, and we will create a free visualization and provide a price quote for you.<\/p>\n","protected":false},"excerpt":{"rendered":"<p>Timberrest offers a variety of timber-frame saunas and wooden cabins. All saunas are custom-made, allowing us to be flexible and adjust each project to your specific requirements. You\u2019ll find prices listed for all products, making it easy to choose the option that best suits you. If the price or proposed delivery time for a product isn\u2019t suitable for you, you have the option to propose your own price and delivery date for each product. We will assess your offer, and&#8230;<\/p>\n","protected":false},"author":1,"featured_media":0,"parent":0,"menu_order":0,"comment_status":"closed","ping_status":"closed","template":"page-templates\/about.php","meta":{"_acf_changed":false,"footnotes":""},"class_list":["post-5083","page","type-page","status-publish","hentry"],"acf":[],"yoast_head":"<!-- This site is optimized with the Yoast SEO plugin v22.0 - https:\/\/yoast.com\/wordpress\/plugins\/seo\/ -->\n<title>About us - Timberrest.com - didelis pir\u010di\u0173 ir karkasini\u0173 medini\u0173 nam\u0173 pasirinkimas<\/title>\n<meta name=\"robots\" content=\"index, follow, max-snippet:-1, max-image-preview:large, max-video-preview:-1\" \/>\n<link rel=\"canonical\" href=\"https:\/\/timberrest.com\/en\/about-us\/\" \/>\n<meta property=\"og:locale\" content=\"en_US\" \/>\n<meta property=\"og:type\" content=\"article\" \/>\n<meta property=\"og:title\" content=\"About us - Timberrest.com - didelis pir\u010di\u0173 ir karkasini\u0173 medini\u0173 nam\u0173 pasirinkimas\" \/>\n<meta property=\"og:description\" content=\"Timberrest offers a variety of timber-frame saunas and wooden cabins. All saunas are custom-made, allowing us to be flexible and adjust each project to your specific requirements. You\u2019ll find prices listed for all products, making it easy to choose the option that best suits you. If the price or proposed delivery time for a product isn\u2019t suitable for you, you have the option to propose your own price and delivery date for each product. We will assess your offer, and...\" \/>\n<meta property=\"og:url\" content=\"https:\/\/timberrest.com\/en\/about-us\/\" \/>\n<meta property=\"og:site_name\" content=\"Timberrest.com - didelis pir\u010di\u0173 ir karkasini\u0173 medini\u0173 nam\u0173 pasirinkimas\" \/>\n<meta property=\"article:modified_time\" content=\"2024-11-04T13:09:17+00:00\" \/>\n<meta name=\"twitter:card\" content=\"summary_large_image\" \/>\n<meta name=\"twitter:label1\" content=\"Est. reading time\" \/>\n\t<meta name=\"twitter:data1\" content=\"1 minute\" \/>\n<script type=\"application\/ld+json\" class=\"yoast-schema-graph\">{\"@context\":\"https:\/\/schema.org\",\"@graph\":[{\"@type\":\"WebPage\",\"@id\":\"https:\/\/timberrest.com\/en\/about-us\/\",\"url\":\"https:\/\/timberrest.com\/en\/about-us\/\",\"name\":\"About us - Timberrest.com - didelis pir\u010di\u0173 ir karkasini\u0173 medini\u0173 nam\u0173 pasirinkimas\",\"isPartOf\":{\"@id\":\"https:\/\/timberrest.com\/en\/#website\"},\"datePublished\":\"2022-06-27T12:25:45+00:00\",\"dateModified\":\"2024-11-04T13:09:17+00:00\",\"breadcrumb\":{\"@id\":\"https:\/\/timberrest.com\/en\/about-us\/#breadcrumb\"},\"inLanguage\":\"en-US\",\"potentialAction\":[{\"@type\":\"ReadAction\",\"target\":[\"https:\/\/timberrest.com\/en\/about-us\/\"]}]},{\"@type\":\"BreadcrumbList\",\"@id\":\"https:\/\/timberrest.com\/en\/about-us\/#breadcrumb\",\"itemListElement\":[{\"@type\":\"ListItem\",\"position\":1,\"name\":\"Homepage\",\"item\":\"https:\/\/timberrest.com\/en\/\"},{\"@type\":\"ListItem\",\"position\":2,\"name\":\"About us\"}]},{\"@type\":\"WebSite\",\"@id\":\"https:\/\/timberrest.com\/en\/#website\",\"url\":\"https:\/\/timberrest.com\/en\/\",\"name\":\"Timberrest.com - didelis pir\u010di\u0173 ir karkasini\u0173 medini\u0173 nam\u0173 pasirinkimas\",\"description\":\"We gather a majority of sauna and cabin manufacturers in one place, so you will always find the best price\",\"potentialAction\":[{\"@type\":\"SearchAction\",\"target\":{\"@type\":\"EntryPoint\",\"urlTemplate\":\"https:\/\/timberrest.com\/en\/?s={search_term_string}\"},\"query-input\":\"required name=search_term_string\"}],\"inLanguage\":\"en-US\"}]}<\/script>\n<!-- \/ Yoast SEO plugin. -->","yoast_head_json":{"title":"About us - Timberrest.com - didelis pir\u010di\u0173 ir karkasini\u0173 medini\u0173 nam\u0173 pasirinkimas","robots":{"index":"index","follow":"follow","max-snippet":"max-snippet:-1","max-image-preview":"max-image-preview:large","max-video-preview":"max-video-preview:-1"},"canonical":"https:\/\/timberrest.com\/en\/about-us\/","og_locale":"en_US","og_type":"article","og_title":"About us - Timberrest.com - didelis pir\u010di\u0173 ir karkasini\u0173 medini\u0173 nam\u0173 pasirinkimas","og_description":"Timberrest offers a variety of timber-frame saunas and wooden cabins. All saunas are custom-made, allowing us to be flexible and adjust each project to your specific requirements. You\u2019ll find prices listed for all products, making it easy to choose the option that best suits you. If the price or proposed delivery time for a product isn\u2019t suitable for you, you have the option to propose your own price and delivery date for each product. We will assess your offer, and...","og_url":"https:\/\/timberrest.com\/en\/about-us\/","og_site_name":"Timberrest.com - didelis pir\u010di\u0173 ir karkasini\u0173 medini\u0173 nam\u0173 pasirinkimas","article_modified_time":"2024-11-04T13:09:17+00:00","twitter_card":"summary_large_image","twitter_misc":{"Est. reading time":"1 minute"},"schema":{"@context":"https:\/\/schema.org","@graph":[{"@type":"WebPage","@id":"https:\/\/timberrest.com\/en\/about-us\/","url":"https:\/\/timberrest.com\/en\/about-us\/","name":"About us - Timberrest.com - didelis pir\u010di\u0173 ir karkasini\u0173 medini\u0173 nam\u0173 pasirinkimas","isPartOf":{"@id":"https:\/\/timberrest.com\/en\/#website"},"datePublished":"2022-06-27T12:25:45+00:00","dateModified":"2024-11-04T13:09:17+00:00","breadcrumb":{"@id":"https:\/\/timberrest.com\/en\/about-us\/#breadcrumb"},"inLanguage":"en-US","potentialAction":[{"@type":"ReadAction","target":["https:\/\/timberrest.com\/en\/about-us\/"]}]},{"@type":"BreadcrumbList","@id":"https:\/\/timberrest.com\/en\/about-us\/#breadcrumb","itemListElement":[{"@type":"ListItem","position":1,"name":"Homepage","item":"https:\/\/timberrest.com\/en\/"},{"@type":"ListItem","position":2,"name":"About us"}]},{"@type":"WebSite","@id":"https:\/\/timberrest.com\/en\/#website","url":"https:\/\/timberrest.com\/en\/","name":"Timberrest.com - didelis pir\u010di\u0173 ir karkasini\u0173 medini\u0173 nam\u0173 pasirinkimas","description":"We gather a majority of sauna and cabin manufacturers in one place, so you will always find the best price","potentialAction":[{"@type":"SearchAction","target":{"@type":"EntryPoint","urlTemplate":"https:\/\/timberrest.com\/en\/?s={search_term_string}"},"query-input":"required name=search_term_string"}],"inLanguage":"en-US"}]}},"_links":{"self":[{"href":"https:\/\/timberrest.com\/en\/wp-json\/wp\/v2\/pages\/5083","targetHints":{"allow":["GET"]}}],"collection":[{"href":"https:\/\/timberrest.com\/en\/wp-json\/wp\/v2\/pages"}],"about":[{"href":"https:\/\/timberrest.com\/en\/wp-json\/wp\/v2\/types\/page"}],"author":[{"embeddable":true,"href":"https:\/\/timberrest.com\/en\/wp-json\/wp\/v2\/users\/1"}],"replies":[{"embeddable":true,"href":"https:\/\/timberrest.com\/en\/wp-json\/wp\/v2\/comments?post=5083"}],"version-history":[{"count":3,"href":"https:\/\/timberrest.com\/en\/wp-json\/wp\/v2\/pages\/5083\/revisions"}],"predecessor-version":[{"id":5582,"href":"https:\/\/timberrest.com\/en\/wp-json\/wp\/v2\/pages\/5083\/revisions\/5582"}],"wp:attachment":[{"href":"https:\/\/timberrest.com\/en\/wp-json\/wp\/v2\/media?parent=5083"}],"curies":[{"name":"wp","href":"https:\/\/api.w.org\/{rel}","templated":true}]}}